{"id":4227,"date":"2017-12-09T20:18:59","date_gmt":"2017-12-09T20:18:59","guid":{"rendered":"https:\/\/rowvenice.org\/it\/?page_id=4227"},"modified":"2025-04-11T13:34:49","modified_gmt":"2025-04-11T12:34:49","slug":"venetian-rowing-lesson","status":"publish","type":"page","link":"https:\/\/rowvenice.org\/it\/venetian-rowing-lesson\/","title":{"rendered":"Lezione di voga veneta"},"content":{"rendered":"<p>[et_pb_section fb_built=&#8221;1&#8243; _builder_version=&#8221;4.16&#8243; global_colors_info=&#8221;&#8221;][et_pb_row _builder_version=&#8221;4.16&#8243; background_size=&#8221;initial&#8221; background_position=&#8221;top_left&#8221; background_repeat=&#8221;repeat&#8221; collapsed=&#8221;off&#8221; global_colors_info=&#8221;&#8221;][et_pb_column type=&#8221;4_4&#8243; _builder_version=&#8221;4.16&#8243; custom_padding=&#8221;|||&#8221; global_colors_info=&#8221;&#8221; custom_padding__hover=&#8221;|||&#8221;][et_pb_post_title meta=&#8221;off&#8221; featured_placement=&#8221;background&#8221; text_color=&#8221;light&#8221; admin_label=&#8221;RV Post Title&#8221; _builder_version=&#8221;4.16&#8243; title_font=&#8221;|700|||||||&#8221; title_text_align=&#8221;center&#8221; title_font_size=&#8221;38px&#8221; background_color=&#8221;rgba(68,68,68,0.21)&#8221; background_position=&#8221;center_left&#8221; background_blend=&#8221;darken&#8221; custom_margin=&#8221;|||&#8221; custom_padding=&#8221;|||&#8221; custom_padding_tablet=&#8221;&#8221; custom_padding_phone=&#8221;&#8221; custom_padding_last_edited=&#8221;on|&#8221; title_text_shadow_style=&#8221;preset5&#8243; title_text_shadow_color=&#8221;rgba(0,0,0,0.73)&#8221; saved_tabs=&#8221;all&#8221; global_colors_info=&#8221;&#8221;][\/et_pb_post_title][et_pb_text admin_label=&#8221;ST w borders&#8221; _builder_version=&#8221;4.16&#8243; max_width=&#8221;85%&#8221; module_alignment=&#8221;center&#8221; border_width_top=&#8221;0.5&#8243; border_color_top=&#8221;#aaaaaa&#8221; border_width_bottom=&#8221;0.5&#8243; border_color_bottom=&#8221;#aaaaaa&#8221; saved_tabs=&#8221;all&#8221; global_colors_info=&#8221;&#8221;]<\/p>\n<h4 style=\"text-align: center;\">Prima della vostra lezione vi spiegheremo brevemente la storia delle nostre barche \u00a0le tradizionali \u201cBatele a coa de gambero\u201d. In passato erano molto utilizzate ma ora sono rare, si prestano in modo perfetto per un primo approccio a questa attivit\u00e0, sono infatti molto spaziose e stabili.<\/h4>\n<p>[\/et_pb_text][et_pb_text _builder_version=&#8221;4.16&#8243; max_width=&#8221;90%&#8221; module_alignment=&#8221;center&#8221; global_colors_info=&#8221;&#8221;]<span style=\"font-weight: 400;\">Durante la lezione ci concentreremo <\/span><i><span style=\"font-weight: 400;\">in primis<\/span><\/i><span style=\"font-weight: 400;\"> sullo stile di vogata a prova, nella parte anteriore dell\u2019imbarcazione, mentre la barca \u00e8 ancora ferma. Successivamente scioglieremo gli ormeggi ed ogni vogatore avr\u00e0 modo di provare a turno nei piccoli e calmi canali, fintantoch\u00e8 non raggiungeremo la pi\u00f9 ampia laguna<\/span>. <span style=\"font-weight: 400;\">L\u00ec avrete la possibilit\u00e0 di provare a vogare sopra la poppa della barca, manovrando dall\u2019alto con le stesse tecniche usate dai gondolieri. Torneremo infine indietro percorrendo altri piccoli e tranquilli canali fino a raggiungere il <\/span><i><span style=\"font-weight: 400;\">meeting point.<\/span><\/i><br \/>\n[\/et_pb_text][et_pb_text admin_label=&#8221;Header Text&#8221; _builder_version=&#8221;4.16&#8243; header_4_text_align=&#8221;center&#8221; max_width=&#8221;70%&#8221; module_alignment=&#8221;center&#8221; border_width_all=&#8221;2px&#8221; border_color_all=&#8221;#187795&#8243; saved_tabs=&#8221;all&#8221; global_colors_info=&#8221;&#8221;]<\/p>\n<h4><a title=\"Our Boats: Belle Batele\" href=\"..\/..\/boats-belle-batele\/\">Scopri di pi\u00f9 riguardo le tradizionali barche che ci distinguono, le rare Batelle a coda di gambero QUI<\/a><\/h4>\n<p>[\/et_pb_text][\/et_pb_column][\/et_pb_row][et_pb_row column_structure=&#8221;1_3,1_3,1_3&#8243; _builder_version=&#8221;4.16&#8243; background_size=&#8221;initial&#8221; background_position=&#8221;top_left&#8221; background_repeat=&#8221;repeat&#8221; collapsed=&#8221;off&#8221; global_colors_info=&#8221;&#8221;][et_pb_column type=&#8221;1_3&#8243; _builder_version=&#8221;4.16&#8243; custom_padding=&#8221;|||&#8221; global_colors_info=&#8221;&#8221; custom_padding__hover=&#8221;|||&#8221;][et_pb_image src=&#8221;https:\/\/rowvenice.org\/wp-content\/uploads\/2017\/12\/Venetian-Rowing-Lesson.jpg&#8221; show_in_lightbox=&#8221;on&#8221; align_tablet=&#8221;center&#8221; align_phone=&#8221;center&#8221; align_last_edited=&#8221;on|desktop&#8221; _builder_version=&#8221;4.16&#8243; global_colors_info=&#8221;&#8221;][\/et_pb_image][\/et_pb_column][et_pb_column type=&#8221;1_3&#8243; _builder_version=&#8221;4.16&#8243; custom_padding=&#8221;|||&#8221; global_colors_info=&#8221;&#8221; custom_padding__hover=&#8221;|||&#8221;][et_pb_image src=&#8221;https:\/\/rowvenice.org\/wp-content\/uploads\/2017\/12\/Venetian-Rowing-Lesson-4.jpg&#8221; show_in_lightbox=&#8221;on&#8221; align_tablet=&#8221;center&#8221; align_phone=&#8221;center&#8221; align_last_edited=&#8221;on|desktop&#8221; _builder_version=&#8221;4.16&#8243; global_colors_info=&#8221;&#8221;][\/et_pb_image][\/et_pb_column][et_pb_column type=&#8221;1_3&#8243; _builder_version=&#8221;4.16&#8243; custom_padding=&#8221;|||&#8221; global_colors_info=&#8221;&#8221; custom_padding__hover=&#8221;|||&#8221;][et_pb_image src=&#8221;https:\/\/rowvenice.org\/wp-content\/uploads\/2017\/12\/Lesson-in-the-lagoon-1.jpg&#8221; show_in_lightbox=&#8221;on&#8221; align_tablet=&#8221;center&#8221; align_phone=&#8221;center&#8221; align_last_edited=&#8221;on|desktop&#8221; _builder_version=&#8221;4.16&#8243; global_colors_info=&#8221;&#8221;][\/et_pb_image][\/et_pb_column][\/et_pb_row][et_pb_row _builder_version=&#8221;4.16&#8243; background_size=&#8221;initial&#8221; background_position=&#8221;top_left&#8221; background_repeat=&#8221;repeat&#8221; max_width=&#8221;80%&#8221; use_custom_width=&#8221;on&#8221; width_unit=&#8221;off&#8221; collapsed=&#8221;off&#8221; global_colors_info=&#8221;&#8221;][et_pb_column type=&#8221;4_4&#8243; _builder_version=&#8221;4.16&#8243; custom_padding=&#8221;|||&#8221; global_colors_info=&#8221;&#8221; custom_padding__hover=&#8221;|||&#8221;][et_pb_text _builder_version=&#8221;4.23.3&#8243; global_colors_info=&#8221;&#8221;]<\/p>\n<h3>Hai un gruppo?<\/h3>\n<p><span style=\"font-weight: 400;\">Se siete in fino 9 persone, dovrete prenotare contemporaneamente 2 imbarcazioni tramite il nostro sistema di booking online<\/span>. Se vedete una sola barca libera, scrivici per chiedere se \u00e8 possibile aggiungere un&#8217;altra. <span style=\"font-weight: 400;\">Gruppi ancora pi\u00f9 numerosi possono essere distribuiti in pi\u00f9 barche o in pi\u00f9 turni, con il massimo di 17 persone per volta; gruppi ancora pi\u00f9 grandi possono fare due turni. Scrivici la vostra richiesta e dopo sistemiamo la vostra prenotazione<\/span>.<\/p>\n<p>[\/et_pb_text][\/et_pb_column][\/et_pb_row][et_pb_row column_structure=&#8221;1_3,1_3,1_3&#8243; _builder_version=&#8221;4.16&#8243; background_size=&#8221;initial&#8221; background_position=&#8221;top_left&#8221; background_repeat=&#8221;repeat&#8221; collapsed=&#8221;off&#8221; global_colors_info=&#8221;&#8221;][et_pb_column type=&#8221;1_3&#8243; _builder_version=&#8221;4.16&#8243; custom_padding=&#8221;|||&#8221; global_colors_info=&#8221;&#8221; custom_padding__hover=&#8221;|||&#8221;][et_pb_image src=&#8221;https:\/\/rowvenice.org\/wp-content\/uploads\/2017\/12\/Rowing-in-side-canals.jpg&#8221; show_in_lightbox=&#8221;on&#8221; align_tablet=&#8221;center&#8221; align_phone=&#8221;center&#8221; align_last_edited=&#8221;on|desktop&#8221; _builder_version=&#8221;4.16&#8243; global_colors_info=&#8221;&#8221;][\/et_pb_image][\/et_pb_column][et_pb_column type=&#8221;1_3&#8243; _builder_version=&#8221;4.16&#8243; custom_padding=&#8221;|||&#8221; global_colors_info=&#8221;&#8221; custom_padding__hover=&#8221;|||&#8221;][et_pb_image src=&#8221;https:\/\/rowvenice.org\/wp-content\/uploads\/2017\/12\/Kids-Row-Venice.jpg&#8221; show_in_lightbox=&#8221;on&#8221; align_tablet=&#8221;center&#8221; align_phone=&#8221;center&#8221; align_last_edited=&#8221;on|desktop&#8221; _builder_version=&#8221;4.16&#8243; global_colors_info=&#8221;&#8221;][\/et_pb_image][\/et_pb_column][et_pb_column type=&#8221;1_3&#8243; _builder_version=&#8221;4.16&#8243; custom_padding=&#8221;|||&#8221; global_colors_info=&#8221;&#8221; custom_padding__hover=&#8221;|||&#8221;][et_pb_image src=&#8221;https:\/\/rowvenice.org\/wp-content\/uploads\/2017\/12\/Family-Rowing-Lesson.jpg&#8221; align_tablet=&#8221;center&#8221; align_phone=&#8221;center&#8221; align_last_edited=&#8221;on|desktop&#8221; _builder_version=&#8221;4.16&#8243; global_colors_info=&#8221;&#8221;][\/et_pb_image][\/et_pb_column][\/et_pb_row][et_pb_row _builder_version=&#8221;4.16&#8243; background_size=&#8221;initial&#8221; background_position=&#8221;top_left&#8221; background_repeat=&#8221;repeat&#8221; collapsed=&#8221;off&#8221; global_colors_info=&#8221;&#8221;][et_pb_column type=&#8221;4_4&#8243; _builder_version=&#8221;4.16&#8243; custom_padding=&#8221;|||&#8221; global_colors_info=&#8221;&#8221; custom_padding__hover=&#8221;|||&#8221;][et_pb_text _builder_version=&#8221;4.16&#8243; max_width=&#8221;80%&#8221; module_alignment=&#8221;center&#8221; global_colors_info=&#8221;&#8221;]<\/p>\n<h3>Dettagli, Lezione di Voga<\/h3>\n<p>[\/et_pb_text][et_pb_blurb title=&#8221;tutte le lezioni sono private&#8221; use_icon=&#8221;on&#8221; font_icon=&#8221;&#xe08b;||divi||400&#8243; icon_color=&#8221;#799975&#8243; image_icon_background_color=&#8221;#ffffff&#8221; icon_placement=&#8221;left&#8221; image_icon_width=&#8221;18px&#8221; _builder_version=&#8221;4.16&#8243; header_font=&#8221;||||||||&#8221; header_text_color=&#8221;#444444&#8243; header_font_size=&#8221;20px&#8221; image_icon_custom_padding=&#8221;8px|8px|8px|8px|false|false&#8221; custom_margin=&#8221;|||&#8221; custom_padding=&#8221;|||&#8221; border_radii_image=&#8221;on|100%|100%|100%|100%&#8221; border_width_all_image=&#8221;2px&#8221; border_color_all_image=&#8221;#799975&#8243; icon_font_size=&#8221;18px&#8221; use_circle=&#8221;on&#8221; use_circle_border=&#8221;on&#8221; circle_border_color=&#8221;#799975&#8243; circle_color=&#8221;#ffffff&#8221; global_colors_info=&#8221;&#8221; image_icon_background_color__sticky_enabled=&#8221;#ffff99&#8243; image_icon_background_color__sticky=&#8221;#ffff99&#8243;][\/et_pb_blurb][et_pb_blurb title=&#8221;le lezioni durano 80 minuti&#8221; use_icon=&#8221;on&#8221; font_icon=&#8221;&#xe0e1;||divi||400&#8243; icon_color=&#8221;#799975&#8243; image_icon_background_color=&#8221;#ffffff&#8221; icon_placement=&#8221;left&#8221; image_icon_width=&#8221;18px&#8221; _builder_version=&#8221;4.23.3&#8243; header_font=&#8221;||||||||&#8221; header_text_color=&#8221;#444444&#8243; header_font_size=&#8221;20px&#8221; image_icon_custom_padding=&#8221;8px|8px|8px|8px|false|false&#8221; custom_padding=&#8221;|||&#8221; border_radii_image=&#8221;on|100%|100%|100%|100%&#8221; border_width_all_image=&#8221;2px&#8221; border_color_all_image=&#8221;#799975&#8243; icon_font_size=&#8221;18px&#8221; use_circle=&#8221;on&#8221; use_circle_border=&#8221;on&#8221; circle_border_color=&#8221;#799975&#8243; circle_color=&#8221;#ffffff&#8221; global_colors_info=&#8221;&#8221; image_icon_background_color__sticky_enabled=&#8221;#ffff99&#8243; image_icon_background_color__sticky=&#8221;#ffff99&#8243;][\/et_pb_blurb][et_pb_blurb title=&#8221;Il costo totale per barca \u00e8 di 100\u20ac per 1 o 2 persone, 130\u20ac per 3 e 150\u20ac per 4. (Il costo \u00e8 calcolato in base al numero di persone a bordo, sia vogando che sedute.)&#8221; use_icon=&#8221;on&#8221; font_icon=&#8221;&#xe0dd;||divi||400&#8243; icon_color=&#8221;#799975&#8243; image_icon_background_color=&#8221;#ffffff&#8221; icon_placement=&#8221;left&#8221; image_icon_width=&#8221;18px&#8221; admin_label=&#8221;Costo&#8221; _builder_version=&#8221;4.23.3&#8243; header_text_color=&#8221;#444444&#8243; header_font_size=&#8221;20px&#8221; image_icon_custom_padding=&#8221;8px|8px|8px|8px|false|false&#8221; custom_padding=&#8221;|||&#8221; z_index_tablet=&#8221;500&#8243; border_radii_image=&#8221;on|100%|100%|100%|100%&#8221; border_width_all_image=&#8221;2px&#8221; border_color_all_image=&#8221;#799975&#8243; icon_font_size=&#8221;18px&#8221; use_circle=&#8221;on&#8221; use_circle_border=&#8221;on&#8221; circle_border_color=&#8221;#799975&#8243; circle_color=&#8221;#ffffff&#8221; global_colors_info=&#8221;&#8221; image_icon_background_color__sticky_enabled=&#8221;#ffff99&#8243; image_icon_background_color__sticky=&#8221;#ffff99&#8243;][\/et_pb_blurb][et_pb_blurb title=&#8221;Un gruppo di 5 persone pu\u00f2 prenotare due barche, oppure abbiamo una batela pi\u00f9 ampia a disposizione solamente per gruppi di 5; il costo \u00e8 di \u20ac 220.&#8221; use_icon=&#8221;on&#8221; font_icon=&#8221;&#xe03c;||divi||400&#8243; icon_color=&#8221;#799975&#8243; image_icon_background_color=&#8221;#ffffff&#8221; icon_placement=&#8221;left&#8221; image_icon_width=&#8221;18px&#8221; admin_label=&#8221;Costo 5 pax&#8221; _builder_version=&#8221;4.23.3&#8243; header_text_color=&#8221;#444444&#8243; header_font_size=&#8221;20px&#8221; image_icon_custom_padding=&#8221;8px|8px|8px|8px|false|false&#8221; custom_padding=&#8221;|||&#8221; z_index_tablet=&#8221;500&#8243; border_radii_image=&#8221;on|100%|100%|100%|100%&#8221; border_width_all_image=&#8221;2px&#8221; border_color_all_image=&#8221;#799975&#8243; icon_font_size=&#8221;18px&#8221; use_circle=&#8221;on&#8221; use_circle_border=&#8221;on&#8221; circle_border_color=&#8221;#799975&#8243; circle_color=&#8221;#ffffff&#8221; global_colors_info=&#8221;&#8221; image_icon_background_color__sticky_enabled=&#8221;#ffff99&#8243; image_icon_background_color__sticky=&#8221;#ffff99&#8243;][\/et_pb_blurb][et_pb_blurb title=&#8221;garantiamo lezioni in italiano ed in inglese, ma sono disponibili anche lezioni in lingua francese, tedesca, spagnola, in base alle disponibilit\u00e0 delle istruttrici.&#8221; use_icon=&#8221;on&#8221; font_icon=&#8221;&#xe069;||divi||400&#8243; icon_color=&#8221;#799975&#8243; image_icon_background_color=&#8221;#ffffff&#8221; icon_placement=&#8221;left&#8221; image_icon_width=&#8221;18px&#8221; _builder_version=&#8221;4.16&#8243; header_font=&#8221;||||||||&#8221; header_text_color=&#8221;#444444&#8243; header_font_size=&#8221;20px&#8221; image_icon_custom_padding=&#8221;8px|8px|8px|8px|false|false&#8221; border_radii_image=&#8221;on|100%|100%|100%|100%&#8221; border_width_all_image=&#8221;2px&#8221; border_color_all_image=&#8221;#799975&#8243; icon_font_size=&#8221;18px&#8221; use_circle=&#8221;on&#8221; use_circle_border=&#8221;on&#8221; circle_border_color=&#8221;#799975&#8243; circle_color=&#8221;#ffffff&#8221; global_colors_info=&#8221;&#8221; image_icon_background_color__sticky_enabled=&#8221;#ffff99&#8243; image_icon_background_color__sticky=&#8221;#ffff99&#8243;][\/et_pb_blurb][et_pb_blurb title=&#8221;raccomandiamo un abbigliamento consono: scarpe comode possibilmente da ginnastica, vestiti sportivi. Portate con voi acqua e un cappello in caso di giornate particolarmente calde&#8221; use_icon=&#8221;on&#8221; font_icon=&#8221;&#xe072;||divi||400&#8243; icon_color=&#8221;#799975&#8243; image_icon_background_color=&#8221;#ffffff&#8221; icon_placement=&#8221;left&#8221; image_icon_width=&#8221;18px&#8221; _builder_version=&#8221;4.16&#8243; header_font=&#8221;||||||||&#8221; header_text_color=&#8221;#444444&#8243; header_font_size=&#8221;20px&#8221; image_icon_custom_padding=&#8221;8px|8px|8px|8px|false|false&#8221; border_radii_image=&#8221;on|100%|100%|100%|100%&#8221; border_width_all_image=&#8221;2px&#8221; border_color_all_image=&#8221;#799975&#8243; icon_font_size=&#8221;18px&#8221; use_circle=&#8221;on&#8221; use_circle_border=&#8221;on&#8221; circle_border_color=&#8221;#799975&#8243; circle_color=&#8221;#ffffff&#8221; global_colors_info=&#8221;&#8221; image_icon_background_color__sticky_enabled=&#8221;#ffff99&#8243; image_icon_background_color__sticky=&#8221;#ffff99&#8243;][\/et_pb_blurb][et_pb_text admin_label=&#8221;Header Text&#8221; _builder_version=&#8221;4.16&#8243; header_4_text_align=&#8221;center&#8221; max_width=&#8221;70%&#8221; module_alignment=&#8221;center&#8221; custom_padding=&#8221;|||&#8221; custom_padding_tablet=&#8221;&#8221; custom_padding_phone=&#8221;&#8221; custom_padding_last_edited=&#8221;on|phone&#8221; border_width_all=&#8221;2px&#8221; border_color_all=&#8221;#187795&#8243; saved_tabs=&#8221;all&#8221; global_colors_info=&#8221;&#8221;]<\/p>\n<h4><a title=\"Have more questions?\" href=\"..\/..\/faq\/\">Hai altre domande? Guarda le nostre FAQ.<\/a><\/h4>\n<p>[\/et_pb_text][\/et_pb_column][\/et_pb_row][et_pb_row _builder_version=&#8221;4.16&#8243; background_size=&#8221;initial&#8221; background_position=&#8221;top_left&#8221; background_repeat=&#8221;repeat&#8221; global_colors_info=&#8221;&#8221;][et_pb_column type=&#8221;4_4&#8243; _builder_version=&#8221;4.16&#8243; custom_padding=&#8221;|||&#8221; global_colors_info=&#8221;&#8221; custom_padding__hover=&#8221;|||&#8221;][et_pb_cta button_url=&#8221;https:\/\/rowvenice.org\/it\/book-now\/&#8221; button_text=&#8221;Prenota subito&#8221; disabled_on=&#8221;off||&#8221; admin_label=&#8221;Prenota subito&#8221; _builder_version=&#8221;4.26.0&#8243; header_level=&#8221;h4&#8243; header_font_size=&#8221;16px&#8221; use_background_color=&#8221;off&#8221; custom_button=&#8221;on&#8221; button_bg_color=&#8221;#75124f&#8221; button_border_width=&#8221;2px&#8221; button_border_color=&#8221;#ffffff&#8221; button_font=&#8221;|700|||||||&#8221; button_use_icon=&#8221;off&#8221; button_alignment=&#8221;center&#8221; custom_margin=&#8221;-30px||20px|&#8221; custom_margin_last_edited=&#8221;off|desktop&#8221; z_index_tablet=&#8221;500&#8243; header_text_shadow_horizontal_length_tablet=&#8221;0px&#8221; header_text_shadow_vertical_length_tablet=&#8221;0px&#8221; header_text_shadow_blur_strength_tablet=&#8221;1px&#8221; body_text_shadow_horizontal_length_tablet=&#8221;0px&#8221; body_text_shadow_vertical_length_tablet=&#8221;0px&#8221; body_text_shadow_blur_strength_tablet=&#8221;1px&#8221; body_link_text_shadow_horizontal_length_tablet=&#8221;0px&#8221; body_link_text_shadow_vertical_length_tablet=&#8221;0px&#8221; body_link_text_shadow_blur_strength_tablet=&#8221;1px&#8221; body_ul_text_shadow_horizontal_length_tablet=&#8221;0px&#8221; body_ul_text_shadow_vertical_length_tablet=&#8221;0px&#8221; body_ul_text_shadow_blur_strength_tablet=&#8221;1px&#8221; body_ol_text_shadow_horizontal_length_tablet=&#8221;0px&#8221; body_ol_text_shadow_vertical_length_tablet=&#8221;0px&#8221; body_ol_text_shadow_blur_strength_tablet=&#8221;1px&#8221; body_quote_text_shadow_horizontal_length_tablet=&#8221;0px&#8221; body_quote_text_shadow_vertical_length_tablet=&#8221;0px&#8221; body_quote_text_shadow_blur_strength_tablet=&#8221;1px&#8221; button_text_shadow_horizontal_length_tablet=&#8221;0px&#8221; button_text_shadow_vertical_length_tablet=&#8221;0px&#8221; button_text_shadow_blur_strength_tablet=&#8221;1px&#8221; box_shadow_horizontal_tablet=&#8221;0px&#8221; box_shadow_vertical_tablet=&#8221;0px&#8221; box_shadow_blur_tablet=&#8221;40px&#8221; box_shadow_spread_tablet=&#8221;0px&#8221; box_shadow_style_button=&#8221;preset1&#8243; text_shadow_horizontal_length_tablet=&#8221;0px&#8221; text_shadow_vertical_length_tablet=&#8221;0px&#8221; text_shadow_blur_strength_tablet=&#8221;1px&#8221; button_text_color_hover=&#8221;#57124f&#8221; button_border_color_hover=&#8221;#75124f&#8221; global_module=&#8221;4522&#8243; saved_tabs=&#8221;all&#8221; global_colors_info=&#8221;&#8221; button_text_size__hover_enabled=&#8221;off&#8221; button_text_size__hover=&#8221;null&#8221; button_one_text_size__hover_enabled=&#8221;off&#8221; button_one_text_size__hover=&#8221;null&#8221; button_two_text_size__hover_enabled=&#8221;off&#8221; button_two_text_size__hover=&#8221;null&#8221; button_text_color__hover_enabled=&#8221;on&#8221; button_text_color__hover=&#8221;#ffffff&#8221; button_one_text_color__hover_enabled=&#8221;off&#8221; button_one_text_color__hover=&#8221;null&#8221; button_two_text_color__hover_enabled=&#8221;off&#8221; button_two_text_color__hover=&#8221;null&#8221; button_border_width__hover_enabled=&#8221;off&#8221; button_border_width__hover=&#8221;null&#8221; button_one_border_width__hover_enabled=&#8221;off&#8221; button_one_border_width__hover=&#8221;null&#8221; button_two_border_width__hover_enabled=&#8221;off&#8221; button_two_border_width__hover=&#8221;null&#8221; button_border_color__hover_enabled=&#8221;on&#8221; button_border_color__hover=&#8221;#75124f&#8221; button_one_border_color__hover_enabled=&#8221;off&#8221; button_one_border_color__hover=&#8221;null&#8221; button_two_border_color__hover_enabled=&#8221;off&#8221; button_two_border_color__hover=&#8221;null&#8221; button_border_radius__hover_enabled=&#8221;off&#8221; button_border_radius__hover=&#8221;null&#8221; button_one_border_radius__hover_enabled=&#8221;off&#8221; button_one_border_radius__hover=&#8221;null&#8221; button_two_border_radius__hover_enabled=&#8221;off&#8221; button_two_border_radius__hover=&#8221;null&#8221; button_letter_spacing__hover_enabled=&#8221;off&#8221; button_letter_spacing__hover=&#8221;null&#8221; button_one_letter_spacing__hover_enabled=&#8221;off&#8221; button_one_letter_spacing__hover=&#8221;null&#8221; button_two_letter_spacing__hover_enabled=&#8221;off&#8221; button_two_letter_spacing__hover=&#8221;null&#8221; button_bg_color__hover_enabled=&#8221;off&#8221; button_bg_color__hover=&#8221;null&#8221; button_one_bg_color__hover_enabled=&#8221;off&#8221; button_one_bg_color__hover=&#8221;null&#8221; button_two_bg_color__hover_enabled=&#8221;off&#8221; button_two_bg_color__hover=&#8221;null&#8221;][\/et_pb_cta][\/et_pb_column][\/et_pb_row][\/et_pb_section]<\/p>\n","protected":false},"excerpt":{"rendered":"<p>Prima della vostra lezione vi spiegheremo brevemente la storia delle nostre barche \u00a0le tradizionali \u201cBatele a coa de gambero\u201d. In passato erano molto utilizzate ma ora sono rare, si prestano in modo perfetto per un primo approccio a questa attivit\u00e0, sono infatti molto spaziose e stabili. Durante la lezione ci concentreremo in primis sullo stile [&hellip;]<\/p>\n","protected":false},"author":2,"featured_media":211346,"parent":0,"menu_order":0,"comment_status":"closed","ping_status":"closed","template":"","meta":{"_et_pb_use_builder":"on","_et_pb_old_content":"To start your lesson, we'll introduce you to our traditional <em>batelina<\/em>, once one of the most prolific craft in the city. Now extremely rare, they make an exceptional first-time rowing boat: stable and comfortable.\r\n\r\nWe'll then concentrate on the basic stroke for rowing <em>a prua<\/em> (at the prow), giving a demonstration and then letting each person try it themselves, with the boat still moored. We'll then depart, with each rower taking turns and getting acclimated to the stoke as we glide along a wide, quiet canal. We'll then cross then into the expansive,\u00a0open lagoon, where you'll be encouraged to try rowing\u00a0<em>a poppa<\/em>\u00a0\u2014 steering the boat yourself at the stern, just like a gondolier. (If it's too windy, you can still try the steering position in the canals.) We'll then return\u00a0back through the evocative side canals back to the drop-off point.\r\n\r\nLearn more about our distinctive, traditional boats, the rare\u00a0<a title=\"Our Boats: Belle Batele\" href=\"https:\/\/rowvenice.org\/boats-belle-batele\/\"><em>belle<\/em>\u00a0<em>bateline<\/em>\u00a0HERE<\/a>.\r\n\r\n<a href=\"https:\/\/rowvenice.org\/wp-content\/uploads\/rv-lesson-1-1.jpg\"><img class=\"aligncenter size-full wp-image-3897\" src=\"https:\/\/rowvenice.org\/wp-content\/uploads\/rv-lesson-1-1.jpg\" alt=\"rv lesson - 1\" width=\"1280\" height=\"853\" \/><\/a>\r\n<h3>Larger Groups<\/h3>\r\nIf you have from 5-8\u00a0people in your group, don't worry, you can book two boats yourself at any hour\u00a0they are free using our online booking system (if you only see one boat free, do check with us to see if we can add another).\r\n\r\nFor larger groups of more than\u00a08 people, we can arrange for multiple lessons, and\/or multiple boats. Please\u00a0<a href=\"mailto:info@rowvenice.org\">write us<\/a>\u00a0with your requirements and we'll arrange your booking.\r\n\r\nVenetian Rowing Lesson\u00a0details:\r\n<ul>\r\n \t<li>All lessons are\u00a0private.<\/li>\r\n \t<li>Lessons are\u00a090 minutes<\/li>\r\n \t<li>Total cost (whether rowing or riding) is\u00a0<strong>\u20ac85\u00a0<\/strong>for<strong> 1 or 2\u00a0people<\/strong><strong>; \u20ac120 <\/strong>for<strong> 3;\u00a0<strong>\u20ac140 <\/strong><\/strong>for<strong><strong> 4<\/strong><\/strong><strong><strong>.<\/strong><\/strong><\/li>\r\n \t<li>We can guarantee lessons in English and Italian, but we also offer lessons in\u00a0French, German and Spanish, depending on instructor availability. Make sure to note your non-English language preference in the booking comments.<\/li>\r\n \t<li>We recommend wearing comfortable, loose-fitting clothing and flexible sports shoes; bring water & head cover on a hot day.<\/li>\r\n<\/ul>\r\n<a title=\"Have more questions?\" href=\"https:\/\/rowvenice.org\/faq\/\">Have more questions?<\/a>\u00a0please see <a title=\"FAQs\" href=\"https:\/\/rowvenice.org\/faq\/\">our FAQs<\/a>\r\n<h3 style=\"text-align: center;\"><a title=\"Booking & Availability\" href=\"https:\/\/rowvenice.org\/book-now\/\">~~ Book Your Lesson Now ~~<\/a><\/h3>\r\n<p style=\"text-align: center;\"><span style=\"color: #e48e0d;\"><a style=\"color: #ff6600;\" href=\"https:\/\/rowvenice.org\/last-minute\/\">Last Minute? Click here instead<\/a>!<\/span><\/p>","_et_gb_content_width":"","footnotes":""},"class_list":["post-4227","page","type-page","status-publish","has-post-thumbnail","hentry"],"_links":{"self":[{"href":"https:\/\/rowvenice.org\/it\/wp-json\/wp\/v2\/pages\/4227","targetHints":{"allow":["GET"]}}],"collection":[{"href":"https:\/\/rowvenice.org\/it\/wp-json\/wp\/v2\/pages"}],"about":[{"href":"https:\/\/rowvenice.org\/it\/wp-json\/wp\/v2\/types\/page"}],"author":[{"embeddable":true,"href":"https:\/\/rowvenice.org\/it\/wp-json\/wp\/v2\/users\/2"}],"replies":[{"embeddable":true,"href":"https:\/\/rowvenice.org\/it\/wp-json\/wp\/v2\/comments?post=4227"}],"version-history":[{"count":29,"href":"https:\/\/rowvenice.org\/it\/wp-json\/wp\/v2\/pages\/4227\/revisions"}],"predecessor-version":[{"id":213150,"href":"https:\/\/rowvenice.org\/it\/wp-json\/wp\/v2\/pages\/4227\/revisions\/213150"}],"wp:featuredmedia":[{"embeddable":true,"href":"https:\/\/rowvenice.org\/it\/wp-json\/wp\/v2\/media\/211346"}],"wp:attachment":[{"href":"https:\/\/rowvenice.org\/it\/wp-json\/wp\/v2\/media?parent=4227"}],"curies":[{"name":"wp","href":"https:\/\/api.w.org\/{rel}","templated":true}]}}