{"id":2985,"date":"2015-01-06T02:10:10","date_gmt":"2015-01-06T01:10:10","guid":{"rendered":"http:\/\/rowvenice.net\/?page_id=2985"},"modified":"2023-03-23T19:18:11","modified_gmt":"2023-03-23T18:18:11","slug":"book-your-lesson","status":"publish","type":"page","link":"https:\/\/rowvenice.org\/it\/book-your-lesson\/","title":{"rendered":"Penota una lezione"},"content":{"rendered":"<p>[et_pb_section fb_built=&#8221;1&#8243; admin_label=&#8221;section&#8221; _builder_version=&#8221;4.16&#8243; global_colors_info=&#8221;&#8221;][et_pb_row column_structure=&#8221;1_4,1_4,1_4,1_4&#8243; use_custom_gutter=&#8221;on&#8221; gutter_width=&#8221;2&#8243; make_equal=&#8221;on&#8221; _builder_version=&#8221;4.16&#8243; background_color=&#8221;rgba(226,226,226,0.31)&#8221; background_size=&#8221;initial&#8221; background_position=&#8221;top_left&#8221; background_repeat=&#8221;repeat&#8221; width=&#8221;95%&#8221; max_width=&#8221;95%&#8221; module_alignment=&#8221;center&#8221; custom_padding=&#8221;|1em||1em&#8221; custom_css_main_element=&#8221;min-width: 95%&#8221; use_custom_width=&#8221;on&#8221; width_unit=&#8221;off&#8221; custom_width_percent=&#8221;95%&#8221; global_colors_info=&#8221;&#8221;][et_pb_column type=&#8221;1_4&#8243; _builder_version=&#8221;4.16&#8243; custom_padding=&#8221;|||&#8221; global_colors_info=&#8221;&#8221; custom_padding__hover=&#8221;|||&#8221;][et_pb_blurb title=&#8221;PRENOTA SUBITO&#8221; url=&#8221;https:\/\/rowvenice.org\/it\/book-now&#8221; use_icon=&#8221;on&#8221; font_icon=&#8221;&#xe023;||divi||400&#8243; icon_color=&#8221;#75124f&#8221; image_icon_width=&#8221;50px&#8221; admin_label=&#8221;Book now&#8221; _builder_version=&#8221;4.16&#8243; header_font=&#8221;|600|||||||&#8221; header_text_align=&#8221;center&#8221; header_text_color=&#8221;#187795&#8243; header_font_size=&#8221;20&#8243; body_text_align=&#8221;center&#8221; custom_margin=&#8221;|||&#8221; custom_padding=&#8221;|||&#8221; icon_font_size=&#8221;50px&#8221; global_colors_info=&#8221;&#8221;]<\/p>\n<p><a title=\"Booking form\" href=\"https:\/\/rowvenice.org\/it\/book-now\">Per prenotare <strong>pi\u00f9 di un giorno in anticipo<\/strong>, completare questo modulo<\/a>.<\/p>\n<p>[\/et_pb_blurb][\/et_pb_column][et_pb_column type=&#8221;1_4&#8243; _builder_version=&#8221;4.16&#8243; custom_padding=&#8221;|||&#8221; global_colors_info=&#8221;&#8221; custom_padding__hover=&#8221;|||&#8221;][et_pb_blurb title=&#8221;All&#8217;ULTIMO MINUTO?&#8221; url=&#8221;https:\/\/rowvenice.org\/it\/last-minute\/&#8221; use_icon=&#8221;on&#8221; font_icon=&#8221;&#xe60d;||divi||400&#8243; icon_color=&#8221;#75124f&#8221; image_icon_width=&#8221;50px&#8221; admin_label=&#8221;LM&#8221; _builder_version=&#8221;4.16&#8243; header_font=&#8221;|600|||||||&#8221; header_text_align=&#8221;center&#8221; header_text_color=&#8221;#187795&#8243; header_font_size=&#8221;20&#8243; body_text_align=&#8221;center&#8221; icon_font_size=&#8221;50px&#8221; global_colors_info=&#8221;&#8221;]<\/p>\n<p><span style=\"font-weight: 400;\">Scrivici qua per prenotare una lezione\u00a0<\/span><a href=\"..\/last-minute\/\">con meno di 24 ore<\/a>\u00a0di anticipo.<\/p>\n<p>[\/et_pb_blurb][\/et_pb_column][et_pb_column type=&#8221;1_4&#8243; _builder_version=&#8221;4.16&#8243; custom_padding=&#8221;|||&#8221; global_colors_info=&#8221;&#8221; custom_padding__hover=&#8221;|||&#8221;][et_pb_blurb title=&#8221;REGISTRATI&#8221; url=&#8221;https:\/\/rowvenice.org\/it\/rv-signup&#8221; use_icon=&#8221;on&#8221; font_icon=&#8221;&#xe108;||divi||400&#8243; icon_color=&#8221;#75124f&#8221; image_icon_width=&#8221;50px&#8221; admin_label=&#8221;Sign up&#8221; _builder_version=&#8221;4.16&#8243; header_font=&#8221;|600|||||||&#8221; header_text_align=&#8221;center&#8221; header_text_color=&#8221;#187795&#8243; header_font_size=&#8221;20&#8243; body_text_align=&#8221;center&#8221; icon_font_size=&#8221;50px&#8221; global_colors_info=&#8221;&#8221;]<\/p>\n<p>Se hai un gruppo grande<strong>,<\/strong>\u00a0se vuoi fare un voucher di regalo, o se non sei ancora pronto a prenotare,\u00a0<a href=\"https:\/\/rowvenice.org\/it\/rv-signup\">fai una registrazione<\/a>\u00a0per cominciare.<\/p>\n<p>[\/et_pb_blurb][\/et_pb_column][et_pb_column type=&#8221;1_4&#8243; _builder_version=&#8221;4.16&#8243; custom_padding=&#8221;|||&#8221; global_colors_info=&#8221;&#8221; custom_padding__hover=&#8221;|||&#8221;][et_pb_blurb title=&#8221;ACCEDI&#8221; url=&#8221;https:\/\/rowvenice.org\/it\/rv-signin&#8221; use_icon=&#8221;on&#8221; font_icon=&#8221;&#x6c;||divi||400&#8243; icon_color=&#8221;#75124f&#8221; image_icon_width=&#8221;50px&#8221; admin_label=&#8221;Sign in&#8221; _builder_version=&#8221;4.20.2&#8243; header_font=&#8221;|600|||||||&#8221; header_text_align=&#8221;center&#8221; header_text_color=&#8221;#187795&#8243; header_font_size=&#8221;20&#8243; body_text_align=&#8221;center&#8221; hover_enabled=&#8221;0&#8243; icon_font_size=&#8221;50px&#8221; global_colors_info=&#8221;&#8221; sticky_enabled=&#8221;0&#8243;]<\/p>\n<p>Per o controllare, modificare o aggiungere dell&#8217;info di una prenotazione gi\u00e0 fatta, <a href=\"https:\/\/rowvenice.org\/it\/rv-signin\">accedi al tuo account esistente<\/a>.<\/p>\n<p>[\/et_pb_blurb][\/et_pb_column][\/et_pb_row][et_pb_row column_structure=&#8221;1_3,1_3,1_3&#8243; admin_label=&#8221;row&#8221; _builder_version=&#8221;4.16&#8243; background_size=&#8221;initial&#8221; background_position=&#8221;top_left&#8221; background_repeat=&#8221;repeat&#8221; max_width=&#8221;901px&#8221; use_custom_width=&#8221;on&#8221; custom_width_px=&#8221;901px&#8221; global_colors_info=&#8221;&#8221;][et_pb_column type=&#8221;1_3&#8243; _builder_version=&#8221;4.16&#8243; custom_padding=&#8221;|||&#8221; global_colors_info=&#8221;&#8221; custom_padding__hover=&#8221;|||&#8221;][et_pb_text _builder_version=&#8221;4.16&#8243; global_colors_info=&#8221;&#8221;]<\/p>\n<p><span style=\"font-size: 16px;\"><span style=\"font-weight: 400;\"><span style=\"color: #75124f;\"><strong>Prenota, se puoi, il primo giorno<\/strong><\/span> utile della tua permanenza a Venezia: nei rari casi di problemi metereologici sar\u00e0 cos\u00ec pi\u00f9 facile spostare la lezione ad altra data\/ora e non cancellarla definitivamente<\/span>.<\/span><\/p>\n<p>[\/et_pb_text][\/et_pb_column][et_pb_column type=&#8221;1_3&#8243; _builder_version=&#8221;4.16&#8243; custom_padding=&#8221;|||&#8221; global_colors_info=&#8221;&#8221; custom_padding__hover=&#8221;|||&#8221;][et_pb_text _builder_version=&#8221;4.16&#8243; global_colors_info=&#8221;&#8221;]<\/p>\n<p><span style=\"font-weight: 400;\"><span style=\"color: #75124f;\"><strong>Gruppi da 6 ad 8 persone<\/strong><\/span>? Ti servir\u00e0 prenotare due batele: seleziona la prima barca, e prima di fare il pagamento, scegli \u201caggiungi un\u2019altra attivit\u00e0\u201d per la stessa data e ora.<\/span><\/p>\n<p>Se hai 5 persone, scegli\u00a0<\/p>\n<div class=\"t d\">\n<div class=\"contentPaneTitle\">\n<div class=\"cb_bigDescription_title\">&#8220;<a href=\"https:\/\/rowvenice.org\/it\/book-now\/\">Venetian Rowing Lesson, 5-person batela<\/a>&#8220;<span style=\"font-size: 17px;\">.<\/span><\/div>\n<\/div>\n<\/div>\n<p>[\/et_pb_text][\/et_pb_column][et_pb_column type=&#8221;1_3&#8243; _builder_version=&#8221;4.16&#8243; custom_padding=&#8221;|||&#8221; global_colors_info=&#8221;&#8221; custom_padding__hover=&#8221;|||&#8221;][et_pb_text _builder_version=&#8221;4.16&#8243; global_colors_info=&#8221;&#8221;]<\/p>\n<p><strong><span style=\"color: #800080;\">Gruppi numerosi di pi\u00f9 di 8 persone?<\/span><\/strong> <a href=\"https:\/\/rowvenice.org\/it\/rv-signup\">Crea prima il tuo conto<\/a>, e poi <a href=\"..\/contact-us\/\">scrivici<\/a>\u00a0con i dettagli della vostra richiesta.<\/p>\n<p>[\/et_pb_text][\/et_pb_column][\/et_pb_row][et_pb_row module_id=&#8221;booking-form&#8221; _builder_version=&#8221;4.16&#8243; max_width=&#8221;80%&#8221; module_alignment=&#8221;center&#8221; use_custom_width=&#8221;on&#8221; width_unit=&#8221;off&#8221; global_colors_info=&#8221;&#8221;][et_pb_column type=&#8221;4_4&#8243; _builder_version=&#8221;4.16&#8243; custom_padding=&#8221;|||&#8221; global_colors_info=&#8221;&#8221; custom_padding__hover=&#8221;|||&#8221;][et_pb_image src=&#8221;https:\/\/rowvenice.org\/wp-content\/uploads\/2015\/02\/rv_slides-4.jpg&#8221; align_tablet=&#8221;center&#8221; align_phone=&#8221;&#8221; align_last_edited=&#8221;on|desktop&#8221; _builder_version=&#8221;4.16&#8243; global_colors_info=&#8221;&#8221;]\u00a0<br \/>\n[\/et_pb_image][\/et_pb_column][\/et_pb_row][\/et_pb_section]<\/p>\n","protected":false},"excerpt":{"rendered":"<p>Per prenotare pi\u00f9 di un giorno in anticipo, completare questo modulo.Scrivici qua per prenotare una lezione\u00a0con meno di 24 ore\u00a0di anticipo.Se hai un gruppo grande,\u00a0se vuoi fare un voucher di regalo, o se non sei ancora pronto a prenotare,\u00a0fai una registrazione\u00a0per cominciare.Per o controllare, modificare o aggiungere dell&#8217;info di una prenotazione gi\u00e0 fatta, accedi al [&hellip;]<\/p>\n","protected":false},"author":2,"featured_media":0,"parent":0,"menu_order":0,"comment_status":"closed","ping_status":"closed","template":"","meta":{"_et_pb_use_builder":"on","_et_pb_old_content":"<a href=\"http:\/\/rowvenice.org\/last-minute\/\"><span style=\"color: #ff6600;\">LAST MINUTE?<\/span><\/a> To book a lesson less than 24 hours in advance, <a href=\"http:\/\/rowvenice.org\/last-minute\/\">click here.<\/a>\r\n\r\n<span style=\"color: #ff6600;\">Book early in your stay<\/span>\u00a0whenever possible.\u00a0In case of rare weather problems we'll then have a chance to reschedule instead of canceling definitively.\r\n\r\n<span style=\"color: #ff6600;\">Group of more\u00a0than 4 adults?<\/span> You'll need to reserve\u00a0more than one boat. Just select\u00a0the first boat, then before completing payment choose \"add another activity\" for the same date and time.\r\n\r\n*PLEASE NOTE* For private\u00a0bookings (not tour operators) of more than one boat, we\u00a0will need a name, place and date of birth for one adult\u00a0for each boat reserved.\r\n\r\n[bookeo]","_et_gb_content_width":"","footnotes":""},"class_list":["post-2985","page","type-page","status-publish","hentry"],"_links":{"self":[{"href":"https:\/\/rowvenice.org\/it\/wp-json\/wp\/v2\/pages\/2985","targetHints":{"allow":["GET"]}}],"collection":[{"href":"https:\/\/rowvenice.org\/it\/wp-json\/wp\/v2\/pages"}],"about":[{"href":"https:\/\/rowvenice.org\/it\/wp-json\/wp\/v2\/types\/page"}],"author":[{"embeddable":true,"href":"https:\/\/rowvenice.org\/it\/wp-json\/wp\/v2\/users\/2"}],"replies":[{"embeddable":true,"href":"https:\/\/rowvenice.org\/it\/wp-json\/wp\/v2\/comments?post=2985"}],"version-history":[{"count":31,"href":"https:\/\/rowvenice.org\/it\/wp-json\/wp\/v2\/pages\/2985\/revisions"}],"predecessor-version":[{"id":212697,"href":"https:\/\/rowvenice.org\/it\/wp-json\/wp\/v2\/pages\/2985\/revisions\/212697"}],"wp:attachment":[{"href":"https:\/\/rowvenice.org\/it\/wp-json\/wp\/v2\/media?parent=2985"}],"curies":[{"name":"wp","href":"https:\/\/api.w.org\/{rel}","templated":true}]}}