{"id":1737,"date":"2013-05-24T12:47:57","date_gmt":"2013-05-24T12:47:57","guid":{"rendered":"http:\/\/rowvenice.net\/?page_id=1737"},"modified":"2023-12-28T18:41:06","modified_gmt":"2023-12-28T17:41:06","slug":"rv-vogare-canal-grande","status":"publish","type":"page","link":"https:\/\/rowvenice.org\/it\/rv-vogare-canal-grande\/","title":{"rendered":"Voga il Canal Grande!"},"content":{"rendered":"<p>[et_pb_section fb_built=&#8221;1&#8243; _builder_version=&#8221;4.16&#8243; global_colors_info=&#8221;&#8221;][et_pb_row _builder_version=&#8221;4.16&#8243; background_size=&#8221;initial&#8221; background_position=&#8221;top_left&#8221; background_repeat=&#8221;repeat&#8221; global_colors_info=&#8221;&#8221;][et_pb_column type=&#8221;4_4&#8243; _builder_version=&#8221;4.16&#8243; custom_padding=&#8221;|||&#8221; global_colors_info=&#8221;&#8221; custom_padding__hover=&#8221;|||&#8221;][et_pb_post_title meta=&#8221;off&#8221; featured_placement=&#8221;background&#8221; text_color=&#8221;light&#8221; admin_label=&#8221;RV Post Title&#8221; _builder_version=&#8221;4.16&#8243; title_font=&#8221;|700|||||||&#8221; title_text_align=&#8221;center&#8221; title_font_size=&#8221;38px&#8221; background_position=&#8221;center_left&#8221; background_blend=&#8221;darken&#8221; custom_margin=&#8221;|||&#8221; custom_padding=&#8221;|||&#8221; custom_padding_tablet=&#8221;&#8221; custom_padding_phone=&#8221;&#8221; custom_padding_last_edited=&#8221;on|&#8221; title_text_shadow_style=&#8221;preset5&#8243; title_text_shadow_color=&#8221;rgba(0,0,0,0.73)&#8221; saved_tabs=&#8221;all&#8221; global_colors_info=&#8221;&#8221;][\/et_pb_post_title][et_pb_text admin_label=&#8221;ST w borders&#8221; _builder_version=&#8221;4.16&#8243; max_width=&#8221;85%&#8221; module_alignment=&#8221;center&#8221; border_width_top=&#8221;0.5&#8243; border_color_top=&#8221;#aaaaaa&#8221; border_width_bottom=&#8221;0.5&#8243; border_color_bottom=&#8221;#aaaaaa&#8221; saved_tabs=&#8221;all&#8221; global_colors_info=&#8221;&#8221;]<\/p>\n<h4 style=\"text-align: center;\">Solo a coloro che trascorrono la notte in citt\u00e0 si rivela il vero splendore di Venezia. E solo a coloro che Vogano nel pi\u00f9 grande dei suoi canali \u2013 durante la sera o in una quieta domenica, quando le barche da lavoro sono ormeggiate \u2013 lei esprime la sua gratitudine.<\/h4>\n<p>[\/et_pb_text][et_pb_text _builder_version=&#8221;4.16&#8243; max_width=&#8221;90%&#8221; module_alignment=&#8221;center&#8221; global_colors_info=&#8221;&#8221;]<span style=\"font-weight: 400;\">Se sei uno slow traveler e vuoi assaporare la Venezia dei residenti &#8211; e non semplicemente sbarrare un\u2019altra casellina dalla tua lista delle citt\u00e0 Europee \u2013 la lezione sul Canal Grande \u00e8 quello che fa per te.<\/span>.<\/p>\n<p><span style=\"font-weight: 400;\">Sospingere la tua Batela gi\u00f9 per lo spettacolare Canalasso (il Canal Grande) ti permetter\u00e0 di comprendere ci\u00f2 che tutti gli appassionati vogatori decantano. Scivola silenziosamente attraverso i canali periferici fino a raggiungere il Canal Grande che, non pi\u00f9 agitato dal traffico giornaliero, rispecchier\u00e0 le scintillanti luci dei palazzi e delle soprastanti pi\u00f9 umili mansarde. Alla domenica, potrai reclamare per te stesso il Canal Grande, ormai abbandonato dalle barche da lavoro dei giorni feriali. Questa \u00e8 la stessa Venezia che i veneziani reclamano, la Venezia che ammali\u00f2 Ruskin, Casanova, Browning e Byron; disponibile solo a coloro che hanno la pazienza di ricercarla.<\/span>[\/et_pb_text][et_pb_text admin_label=&#8221;Header Text&#8221; _builder_version=&#8221;4.16&#8243; header_4_text_align=&#8221;center&#8221; max_width=&#8221;70%&#8221; module_alignment=&#8221;center&#8221; border_radii=&#8221;on|5px|5px|5px|5px&#8221; border_width_all=&#8221;2px&#8221; border_color_all=&#8221;rgba(24,119,149,0.66)&#8221; saved_tabs=&#8221;all&#8221; global_colors_info=&#8221;&#8221;]<\/p>\n<h4><strong>La Vogata di sera<\/strong> sul Canal Grande comincia al tramonto (dopo il tramonto della fine settembre). La lezione si svolge sul Canal Grande, con attraversamento di vari canaletti adiacenti. E se hai intenzione di cenare nella zona di Cannaregio, possiamo cercare di organizzarci per sbarcarti nelle vicinanze.<\/h4>\n<h4><strong>La Vogata Domenicale<\/strong> sul Canal Grande \u00e8 offerta tutte le domeniche dalle 10:00 alle 16.00, e anche alle 8:30 da Aprile a Ottobre.<\/h4>\n<p>[\/et_pb_text][\/et_pb_column][\/et_pb_row][et_pb_row column_structure=&#8221;1_3,1_3,1_3&#8243; use_custom_gutter=&#8221;on&#8221; gutter_width=&#8221;2&#8243; module_class=&#8221; et_pb_row_fullwidth et_pb_row_fullwidth&#8221; _builder_version=&#8221;4.16&#8243; background_size=&#8221;initial&#8221; background_position=&#8221;top_left&#8221; background_repeat=&#8221;repeat&#8221; width=&#8221;94%&#8221; width_tablet=&#8221;80%&#8221; width_phone=&#8221;&#8221; width_last_edited=&#8221;on|desktop&#8221; max_width=&#8221;94%&#8221; max_width_tablet=&#8221;80%&#8221; max_width_phone=&#8221;&#8221; max_width_last_edited=&#8221;on|desktop&#8221; module_alignment=&#8221;center&#8221; custom_css_main_element=&#8221;min-width: 98%;&#8221; make_fullwidth=&#8221;on&#8221; global_colors_info=&#8221;&#8221;][et_pb_column type=&#8221;1_3&#8243; _builder_version=&#8221;4.16&#8243; custom_padding=&#8221;|||&#8221; global_colors_info=&#8221;&#8221; custom_padding__hover=&#8221;|||&#8221;][et_pb_image src=&#8221;https:\/\/rowvenice.org\/wp-content\/uploads\/2017\/12\/Evening-Row-in-the-Grand-Canal-4.jpg&#8221; show_in_lightbox=&#8221;on&#8221; align_tablet=&#8221;center&#8221; align_phone=&#8221;&#8221; align_last_edited=&#8221;on|desktop&#8221; _builder_version=&#8221;4.16&#8243; global_colors_info=&#8221;&#8221;][\/et_pb_image][\/et_pb_column][et_pb_column type=&#8221;1_3&#8243; _builder_version=&#8221;4.16&#8243; custom_padding=&#8221;|||&#8221; global_colors_info=&#8221;&#8221; custom_padding__hover=&#8221;|||&#8221;][et_pb_image src=&#8221;https:\/\/rowvenice.org\/wp-content\/uploads\/2017\/12\/Evening-Row-cropped-1.jpg&#8221; show_in_lightbox=&#8221;on&#8221; align_tablet=&#8221;center&#8221; align_phone=&#8221;&#8221; align_last_edited=&#8221;on|desktop&#8221; _builder_version=&#8221;4.16&#8243; global_colors_info=&#8221;&#8221;][\/et_pb_image][\/et_pb_column][et_pb_column type=&#8221;1_3&#8243; _builder_version=&#8221;4.16&#8243; custom_padding=&#8221;|||&#8221; global_colors_info=&#8221;&#8221; custom_padding__hover=&#8221;|||&#8221;][et_pb_image src=&#8221;https:\/\/rowvenice.org\/wp-content\/uploads\/2017\/12\/Evening-Row-in-the-Grand-Canal-5.jpg&#8221; show_in_lightbox=&#8221;on&#8221; align_tablet=&#8221;center&#8221; align_phone=&#8221;&#8221; align_last_edited=&#8221;on|desktop&#8221; _builder_version=&#8221;4.16&#8243; global_colors_info=&#8221;&#8221;][\/et_pb_image][\/et_pb_column][\/et_pb_row][et_pb_row _builder_version=&#8221;4.16&#8243; background_size=&#8221;initial&#8221; background_position=&#8221;top_left&#8221; background_repeat=&#8221;repeat&#8221; global_colors_info=&#8221;&#8221;][et_pb_column type=&#8221;4_4&#8243; _builder_version=&#8221;4.16&#8243; custom_padding=&#8221;|||&#8221; global_colors_info=&#8221;&#8221; custom_padding__hover=&#8221;|||&#8221;][et_pb_text _builder_version=&#8221;4.16&#8243; global_colors_info=&#8221;&#8221;]<\/p>\n<h3>Dettagli, Vogata di Sera Canal Grande<\/h3>\n<p>[\/et_pb_text][et_pb_blurb title=&#8221;La Vogata di sera sul Canal Grande comincia alle ore 20:00 da maggio a ottobre, e alle 17:30 da novembre a marzo.&#8221; use_icon=&#8221;on&#8221; font_icon=&#8221;&#xe0e1;||divi||400&#8243; icon_color=&#8221;#799975&#8243; image_icon_background_color=&#8221;#ffffff&#8221; icon_placement=&#8221;left&#8221; image_icon_width=&#8221;18px&#8221; _builder_version=&#8221;4.16&#8243; header_font=&#8221;||||||||&#8221; header_text_color=&#8221;#444444&#8243; header_font_size=&#8221;20px&#8221; image_icon_custom_padding=&#8221;8px|8px|8px|8px|false|false&#8221; custom_padding=&#8221;|||&#8221; border_radii_image=&#8221;on|100%|100%|100%|100%&#8221; border_width_all_image=&#8221;2px&#8221; border_color_all_image=&#8221;#799975&#8243; icon_font_size=&#8221;18px&#8221; use_circle=&#8221;on&#8221; use_circle_border=&#8221;on&#8221; circle_border_color=&#8221;#799975&#8243; circle_color=&#8221;#ffffff&#8221; global_colors_info=&#8221;&#8221; image_icon_background_color__sticky_enabled=&#8221;#ffff99&#8243; image_icon_background_color__sticky=&#8221;#ffff99&#8243;][\/et_pb_blurb][et_pb_blurb title=&#8221;La Vogata Domenicale sul Canal Grande comincia tutte le domeniche dalle 10:00 alle 16:00, e da aprile a ottobre anche alle 8:30.&#8221; use_icon=&#8221;on&#8221; font_icon=&#8221;&#xe0e1;||divi||400&#8243; icon_color=&#8221;#799975&#8243; image_icon_background_color=&#8221;#ffffff&#8221; icon_placement=&#8221;left&#8221; image_icon_width=&#8221;18px&#8221; _builder_version=&#8221;4.16&#8243; header_font=&#8221;||||||||&#8221; header_text_color=&#8221;#444444&#8243; header_font_size=&#8221;20px&#8221; image_icon_custom_padding=&#8221;8px|8px|8px|8px|false|false&#8221; custom_padding=&#8221;|||&#8221; border_radii_image=&#8221;on|100%|100%|100%|100%&#8221; border_width_all_image=&#8221;2px&#8221; border_color_all_image=&#8221;#799975&#8243; icon_font_size=&#8221;18px&#8221; use_circle=&#8221;on&#8221; use_circle_border=&#8221;on&#8221; circle_border_color=&#8221;#799975&#8243; circle_color=&#8221;#ffffff&#8221; global_colors_info=&#8221;&#8221; image_icon_background_color__sticky_enabled=&#8221;#ffff99&#8243; image_icon_background_color__sticky=&#8221;#ffff99&#8243;][\/et_pb_blurb][et_pb_blurb title=&#8221;Il costo delle Vogate Serali \u00e8 \u20ac180 per 90 minuti per ciascuna batelina (da 1-4 partecipanti); per la batela grande, esclusivamente per gruppi da 5 persone, il costo \u00e8 \u20ac280.&#8221; use_icon=&#8221;on&#8221; font_icon=&#8221;&#xe0dd;||divi||400&#8243; icon_color=&#8221;#799975&#8243; image_icon_background_color=&#8221;#ffffff&#8221; icon_placement=&#8221;left&#8221; image_icon_width=&#8221;18px&#8221; admin_label=&#8221;Costo&#8221; _builder_version=&#8221;4.17.3&#8243; header_text_color=&#8221;#444444&#8243; header_font_size=&#8221;20px&#8221; image_icon_custom_padding=&#8221;8px|8px|8px|8px|false|false&#8221; custom_padding=&#8221;|||&#8221; z_index_tablet=&#8221;500&#8243; border_radii_image=&#8221;on|100%|100%|100%|100%&#8221; border_width_all_image=&#8221;2px&#8221; border_color_all_image=&#8221;#799975&#8243; icon_font_size=&#8221;18px&#8221; use_circle=&#8221;on&#8221; use_circle_border=&#8221;on&#8221; circle_border_color=&#8221;#799975&#8243; circle_color=&#8221;#ffffff&#8221; global_colors_info=&#8221;&#8221; image_icon_background_color__sticky_enabled=&#8221;#ffff99&#8243; image_icon_background_color__sticky=&#8221;#ffff99&#8243;][\/et_pb_blurb][et_pb_blurb title=&#8221;Il costo della Vogata Domenicale \u00e8 \u20ac160 per 90 minuti per ciascuna Batelina (1-4 partecipanti); La Batela grande, esclusivamente per gruppi da 5 persone, \u20ac240.&#8221; use_icon=&#8221;on&#8221; font_icon=&#8221;&#xe0dd;||divi||400&#8243; icon_color=&#8221;#799975&#8243; image_icon_background_color=&#8221;#ffffff&#8221; icon_placement=&#8221;left&#8221; image_icon_width=&#8221;18px&#8221; admin_label=&#8221;Costo&#8221; _builder_version=&#8221;4.16&#8243; header_text_color=&#8221;#444444&#8243; header_font_size=&#8221;20px&#8221; image_icon_custom_padding=&#8221;8px|8px|8px|8px|false|false&#8221; custom_padding=&#8221;|||&#8221; z_index_tablet=&#8221;500&#8243; border_radii_image=&#8221;on|100%|100%|100%|100%&#8221; border_width_all_image=&#8221;2px&#8221; border_color_all_image=&#8221;#799975&#8243; icon_font_size=&#8221;18px&#8221; use_circle=&#8221;on&#8221; use_circle_border=&#8221;on&#8221; circle_border_color=&#8221;#799975&#8243; circle_color=&#8221;#ffffff&#8221; global_colors_info=&#8221;&#8221; image_icon_background_color__sticky_enabled=&#8221;#ffff99&#8243; image_icon_background_color__sticky=&#8221;#ffff99&#8243;][\/et_pb_blurb][et_pb_blurb title=&#8221;In caso la lezione finisca nei pressi di un ristorante, questa risulter\u00e0 pi\u00f9 breve.&#8221; use_icon=&#8221;on&#8221; font_icon=&#8221;&#xe082;||divi||400&#8243; icon_color=&#8221;#799975&#8243; image_icon_background_color=&#8221;#ffffff&#8221; icon_placement=&#8221;left&#8221; image_icon_width=&#8221;18px&#8221; _builder_version=&#8221;4.16&#8243; header_font=&#8221;||||||||&#8221; header_text_color=&#8221;#444444&#8243; header_font_size=&#8221;20px&#8221; image_icon_custom_padding=&#8221;8px|8px|8px|8px|false|false&#8221; custom_padding=&#8221;|||&#8221; border_radii_image=&#8221;on|100%|100%|100%|100%&#8221; border_width_all_image=&#8221;2px&#8221; border_color_all_image=&#8221;#799975&#8243; icon_font_size=&#8221;18px&#8221; use_circle=&#8221;on&#8221; use_circle_border=&#8221;on&#8221; circle_border_color=&#8221;#799975&#8243; circle_color=&#8221;#ffffff&#8221; global_colors_info=&#8221;&#8221; image_icon_background_color__sticky_enabled=&#8221;#ffff99&#8243; image_icon_background_color__sticky=&#8221;#ffff99&#8243;][\/et_pb_blurb][et_pb_text admin_label=&#8221;Header Text&#8221; _builder_version=&#8221;4.16&#8243; text_font=&#8221;||||||||&#8221; header_font=&#8221;||||||||&#8221; header_4_font=&#8221;||||||||&#8221; header_4_text_align=&#8221;center&#8221; max_width=&#8221;70%&#8221; module_alignment=&#8221;center&#8221; custom_padding=&#8221;|||&#8221; custom_padding_tablet=&#8221;&#8221; custom_padding_phone=&#8221;&#8221; custom_padding_last_edited=&#8221;on|phone&#8221; border_radii=&#8221;on|5px|5px|5px|5px&#8221; border_width_all=&#8221;2px&#8221; border_color_all=&#8221;rgba(24,119,149,0.62)&#8221; saved_tabs=&#8221;all&#8221; global_colors_info=&#8221;&#8221;]<\/p>\n<h4><a title=\"Have more questions?\" href=\"..\/..\/faq\/\">Hai altre domande? Guarda le nostre FAQ<\/a><\/h4>\n<p>[\/et_pb_text][\/et_pb_column][\/et_pb_row][et_pb_row _builder_version=&#8221;4.16&#8243; background_size=&#8221;initial&#8221; background_position=&#8221;top_left&#8221; background_repeat=&#8221;repeat&#8221; global_colors_info=&#8221;&#8221;][et_pb_column type=&#8221;4_4&#8243; _builder_version=&#8221;4.16&#8243; custom_padding=&#8221;|||&#8221; global_colors_info=&#8221;&#8221; custom_padding__hover=&#8221;|||&#8221;][et_pb_cta button_url=&#8221;https:\/\/rowvenice.org\/it\/book-now\/&#8221; button_text=&#8221;Prenota subito&#8221; disabled_on=&#8221;off||&#8221; admin_label=&#8221;Prenota subito&#8221; _builder_version=&#8221;4.19.3&#8243; header_level=&#8221;h4&#8243; header_font_size=&#8221;16px&#8221; use_background_color=&#8221;off&#8221; custom_button=&#8221;on&#8221; button_bg_color=&#8221;#75124f&#8221; button_border_width=&#8221;2px&#8221; button_border_color=&#8221;#ffffff&#8221; button_font=&#8221;|700|||||||&#8221; button_use_icon=&#8221;off&#8221; button_alignment=&#8221;center&#8221; custom_margin=&#8221;-30px||20px|&#8221; custom_margin_last_edited=&#8221;off|desktop&#8221; z_index_tablet=&#8221;500&#8243; header_text_shadow_horizontal_length_tablet=&#8221;0px&#8221; header_text_shadow_vertical_length_tablet=&#8221;0px&#8221; header_text_shadow_blur_strength_tablet=&#8221;1px&#8221; body_text_shadow_horizontal_length_tablet=&#8221;0px&#8221; body_text_shadow_vertical_length_tablet=&#8221;0px&#8221; body_text_shadow_blur_strength_tablet=&#8221;1px&#8221; body_link_text_shadow_horizontal_length_tablet=&#8221;0px&#8221; body_link_text_shadow_vertical_length_tablet=&#8221;0px&#8221; body_link_text_shadow_blur_strength_tablet=&#8221;1px&#8221; body_ul_text_shadow_horizontal_length_tablet=&#8221;0px&#8221; body_ul_text_shadow_vertical_length_tablet=&#8221;0px&#8221; body_ul_text_shadow_blur_strength_tablet=&#8221;1px&#8221; body_ol_text_shadow_horizontal_length_tablet=&#8221;0px&#8221; body_ol_text_shadow_vertical_length_tablet=&#8221;0px&#8221; body_ol_text_shadow_blur_strength_tablet=&#8221;1px&#8221; body_quote_text_shadow_horizontal_length_tablet=&#8221;0px&#8221; body_quote_text_shadow_vertical_length_tablet=&#8221;0px&#8221; body_quote_text_shadow_blur_strength_tablet=&#8221;1px&#8221; button_text_shadow_horizontal_length_tablet=&#8221;0px&#8221; button_text_shadow_vertical_length_tablet=&#8221;0px&#8221; button_text_shadow_blur_strength_tablet=&#8221;1px&#8221; box_shadow_horizontal_tablet=&#8221;0px&#8221; box_shadow_vertical_tablet=&#8221;0px&#8221; box_shadow_blur_tablet=&#8221;40px&#8221; box_shadow_spread_tablet=&#8221;0px&#8221; box_shadow_style_button=&#8221;preset1&#8243; text_shadow_horizontal_length_tablet=&#8221;0px&#8221; text_shadow_vertical_length_tablet=&#8221;0px&#8221; text_shadow_blur_strength_tablet=&#8221;1px&#8221; button_text_color_hover=&#8221;#57124f&#8221; button_border_color_hover=&#8221;#75124f&#8221; global_module=&#8221;4522&#8243; saved_tabs=&#8221;all&#8221; global_colors_info=&#8221;&#8221; button_text_size__hover_enabled=&#8221;off&#8221; button_text_size__hover=&#8221;null&#8221; button_one_text_size__hover_enabled=&#8221;off&#8221; button_one_text_size__hover=&#8221;null&#8221; button_two_text_size__hover_enabled=&#8221;off&#8221; button_two_text_size__hover=&#8221;null&#8221; button_text_color__hover_enabled=&#8221;on&#8221; button_text_color__hover=&#8221;#ffffff&#8221; button_one_text_color__hover_enabled=&#8221;off&#8221; button_one_text_color__hover=&#8221;null&#8221; button_two_text_color__hover_enabled=&#8221;off&#8221; button_two_text_color__hover=&#8221;null&#8221; button_border_width__hover_enabled=&#8221;off&#8221; button_border_width__hover=&#8221;null&#8221; button_one_border_width__hover_enabled=&#8221;off&#8221; button_one_border_width__hover=&#8221;null&#8221; button_two_border_width__hover_enabled=&#8221;off&#8221; button_two_border_width__hover=&#8221;null&#8221; button_border_color__hover_enabled=&#8221;on&#8221; button_border_color__hover=&#8221;#75124f&#8221; button_one_border_color__hover_enabled=&#8221;off&#8221; button_one_border_color__hover=&#8221;null&#8221; button_two_border_color__hover_enabled=&#8221;off&#8221; button_two_border_color__hover=&#8221;null&#8221; button_border_radius__hover_enabled=&#8221;off&#8221; button_border_radius__hover=&#8221;null&#8221; button_one_border_radius__hover_enabled=&#8221;off&#8221; button_one_border_radius__hover=&#8221;null&#8221; button_two_border_radius__hover_enabled=&#8221;off&#8221; button_two_border_radius__hover=&#8221;null&#8221; button_letter_spacing__hover_enabled=&#8221;off&#8221; button_letter_spacing__hover=&#8221;null&#8221; button_one_letter_spacing__hover_enabled=&#8221;off&#8221; button_one_letter_spacing__hover=&#8221;null&#8221; button_two_letter_spacing__hover_enabled=&#8221;off&#8221; button_two_letter_spacing__hover=&#8221;null&#8221; button_bg_color__hover_enabled=&#8221;off&#8221; button_bg_color__hover=&#8221;null&#8221; button_one_bg_color__hover_enabled=&#8221;off&#8221; button_one_bg_color__hover=&#8221;null&#8221; button_two_bg_color__hover_enabled=&#8221;off&#8221; button_two_bg_color__hover=&#8221;null&#8221;][\/et_pb_cta][\/et_pb_column][\/et_pb_row][\/et_pb_section]<\/p>\n","protected":false},"excerpt":{"rendered":"<p>Solo a coloro che trascorrono la notte in citt\u00e0 si rivela il vero splendore di Venezia. E solo a coloro che Vogano nel pi\u00f9 grande dei suoi canali \u2013 durante la sera o in una quieta domenica, quando le barche da lavoro sono ormeggiate \u2013 lei esprime la sua gratitudine.Se sei uno slow traveler e [&hellip;]<\/p>\n","protected":false},"author":1,"featured_media":211352,"parent":0,"menu_order":0,"comment_status":"closed","ping_status":"closed","template":"","meta":{"_et_pb_use_builder":"on","_et_pb_old_content":"<h4>Only when the masses of day-trippers have abandoned the city does Venice reveal her true charms. And only to the few who choose to experience it rowing\u00a0her <em>canali silenziosi<\/em>, does she express her gratitude.<\/h4>\r\n<a href=\"https:\/\/rowvenice.org\/wp-content\/uploads\/RV-Vogata-di-Sera-1.jpg\"><img class=\"alignnone size-large wp-image-3831\" src=\"https:\/\/rowvenice.org\/wp-content\/uploads\/RV-Vogata-di-Sera-1-1024x682.jpg\" alt=\"RV Vogata di Sera - 1\" width=\"660\" height=\"440\" \/><\/a>\r\n\r\nMost the millions who travel to Venice each year are in the most fretful hurry, anxious to check off one of their European \"must-sees.\" Only for those who slow down just a bit will Venice reveal her endless secrets, including the spectacle of rowing the Grand Canal as the sun sets.<em>Vogata di Sera<\/em> evening row Canal Grande allows you to experience what only a local <em>vogatore<\/em> knows. The intricate silence of the maze of side canals that, no longer agitated by the day's traffic, mirror before you the gleaming palace lights and more humble garrets above them. This is the Venice that ensnared Ruskin, Casanova, Browning and Byron, the Venice obliterated by daylight activity and available only to those who seek it out.\r\n\r\n<a href=\"https:\/\/rowvenice.org\/wp-content\/uploads\/Kids-Row-Venice_Grand-Canal.png\" rel=\"attachment wp-att-3741\"><img class=\"alignright wp-image-3741\" src=\"https:\/\/rowvenice.org\/wp-content\/uploads\/Kids-Row-Venice_Grand-Canal-696x1024.png\" alt=\"Kids Row Venice_Grand Canal\" width=\"259\" height=\"376\" \/><\/a>The\u00a0<strong>Vogata di Sera Evening Row<\/strong>\u00a0starts\u00a0at\u00a0sunset (after sunset in late September and October). The lesson takes place in\u00a0the Grand Canal with passages down smaller side canals. And, if you're dining in the Cannaregio area, we may be able to arrange to drop off after your row. <em>Nota bene:<\/em>\r\n<ul>\r\n \t<li><span style=\"font-weight: 600;\">Vogata di Sera\u00a0Evening Row Canal Grande\u00a0<\/span>takes place from 8pm on from May through October, and at 17.30\u00a0from November through March.<\/li>\r\n \t<li>The outing cost is \u20ac180 for 90 minutes for each <em>batelina<\/em> (for 1-4\u00a0participants).<\/li>\r\n \t<li>Note that a restaurant drop off may\u00a0shorten lesson time<\/li>\r\n \t<li>For complete information, availability and booking<\/li>\r\n<\/ul>\r\n<h4 style=\"text-align: center;\"><a title=\"Book Your Lesson\" href=\"https:\/\/rowvenice.org\/book-your-lesson\/\">~ Book Now ~<\/a><\/h4>\r\n<a href=\"https:\/\/rowvenice.org\/wp-content\/uploads\/RV-VdS-evening-row.png\"><img class=\"aligncenter size-large wp-image-3841\" src=\"https:\/\/rowvenice.org\/wp-content\/uploads\/RV-VdS-evening-row-1024x576.png\" alt=\"RV Vogata di Sera Evening Row Grand Canal\" width=\"660\" height=\"371\" \/><\/a>","_et_gb_content_width":"","footnotes":""},"class_list":["post-1737","page","type-page","status-publish","has-post-thumbnail","hentry"],"_links":{"self":[{"href":"https:\/\/rowvenice.org\/it\/wp-json\/wp\/v2\/pages\/1737","targetHints":{"allow":["GET"]}}],"collection":[{"href":"https:\/\/rowvenice.org\/it\/wp-json\/wp\/v2\/pages"}],"about":[{"href":"https:\/\/rowvenice.org\/it\/wp-json\/wp\/v2\/types\/page"}],"author":[{"embeddable":true,"href":"https:\/\/rowvenice.org\/it\/wp-json\/wp\/v2\/users\/1"}],"replies":[{"embeddable":true,"href":"https:\/\/rowvenice.org\/it\/wp-json\/wp\/v2\/comments?post=1737"}],"version-history":[{"count":19,"href":"https:\/\/rowvenice.org\/it\/wp-json\/wp\/v2\/pages\/1737\/revisions"}],"predecessor-version":[{"id":212767,"href":"https:\/\/rowvenice.org\/it\/wp-json\/wp\/v2\/pages\/1737\/revisions\/212767"}],"wp:featuredmedia":[{"embeddable":true,"href":"https:\/\/rowvenice.org\/it\/wp-json\/wp\/v2\/media\/211352"}],"wp:attachment":[{"href":"https:\/\/rowvenice.org\/it\/wp-json\/wp\/v2\/media?parent=1737"}],"curies":[{"name":"wp","href":"https:\/\/api.w.org\/{rel}","templated":true}]}}