{"id":1688,"date":"2013-05-06T20:17:33","date_gmt":"2013-05-06T20:17:33","guid":{"rendered":"http:\/\/rowvenice.net\/?page_id=1688"},"modified":"2024-10-07T19:05:51","modified_gmt":"2024-10-07T18:05:51","slug":"rv-cichetto-row","status":"publish","type":"page","link":"https:\/\/rowvenice.org\/it\/rv-cichetto-row\/","title":{"rendered":"Cicchetto Row"},"content":{"rendered":"<p>[et_pb_section fb_built=&#8221;1&#8243; _builder_version=&#8221;4.16&#8243; global_colors_info=&#8221;&#8221;][et_pb_row _builder_version=&#8221;4.16&#8243; background_size=&#8221;initial&#8221; background_position=&#8221;top_left&#8221; background_repeat=&#8221;repeat&#8221; global_colors_info=&#8221;&#8221;][et_pb_column type=&#8221;4_4&#8243; _builder_version=&#8221;4.16&#8243; custom_padding=&#8221;|||&#8221; global_colors_info=&#8221;&#8221; custom_padding__hover=&#8221;|||&#8221;][et_pb_post_title meta=&#8221;off&#8221; featured_placement=&#8221;background&#8221; text_color=&#8221;light&#8221; admin_label=&#8221;RV Post Title&#8221; _builder_version=&#8221;4.16&#8243; title_font=&#8221;|700|||||||&#8221; title_text_align=&#8221;center&#8221; title_font_size=&#8221;38px&#8221; background_color=&#8221;rgba(68,68,68,0.22)&#8221; background_position=&#8221;center_left&#8221; background_blend=&#8221;darken&#8221; custom_margin=&#8221;|||&#8221; custom_padding=&#8221;|||&#8221; custom_padding_tablet=&#8221;&#8221; custom_padding_phone=&#8221;&#8221; custom_padding_last_edited=&#8221;on|&#8221; title_text_shadow_style=&#8221;preset5&#8243; title_text_shadow_color=&#8221;rgba(0,0,0,0.73)&#8221; saved_tabs=&#8221;all&#8221; global_colors_info=&#8221;&#8221;][\/et_pb_post_title][et_pb_text admin_label=&#8221;ST w borders&#8221; _builder_version=&#8221;4.16&#8243; max_width=&#8221;85%&#8221; module_alignment=&#8221;center&#8221; border_width_top=&#8221;0.5&#8243; border_color_top=&#8221;#aaaaaa&#8221; border_width_bottom=&#8221;0.5&#8243; border_color_bottom=&#8221;#aaaaaa&#8221; saved_tabs=&#8221;all&#8221; global_colors_info=&#8221;&#8221;]<\/p>\n<h4 style=\"text-align: center;\">Una volta che sarete a vostro agio con un remo in mano, perch\u00e9 non usarlo per andare in un luogo specifico? Beh quale destinazione pu\u00f2 rivelarsi migliore di un bacaro\u2026 o addirittura due?? Scopri il Cicchetto Row.<\/h4>\n<p>[\/et_pb_text][et_pb_text _builder_version=&#8221;4.16&#8243; text_font=&#8221;||||||||&#8221; max_width=&#8221;80%&#8221; module_alignment=&#8221;center&#8221; global_colors_info=&#8221;&#8221;]Se c\u2019\u00e8 qualcosa di pi\u00f9 bello dell\u2019imparare a vogare alla veneziana, senz\u2019altro si tratta di imparare a mangiare alla veneziana. Il cicchetto row combina queste due cose: dopo aver affinato la tecnica di voga, porterai il tuo equipaggio verso un tipico bacaro, dove potrete deliziare i vostri palati con appetitosi cicchetti e vini di qualit\u00e0.<br \/>\n[\/et_pb_text][\/et_pb_column][\/et_pb_row][et_pb_row column_structure=&#8221;1_3,1_3,1_3&#8243; use_custom_gutter=&#8221;on&#8221; gutter_width=&#8221;2&#8243; _builder_version=&#8221;4.16&#8243; background_size=&#8221;initial&#8221; background_position=&#8221;top_left&#8221; background_repeat=&#8221;repeat&#8221; width=&#8221;100%&#8221; max_width=&#8221;100%&#8221; custom_margin=&#8221;|||&#8221; custom_css_main_element=&#8221;min-width: 96%;||&#8221; use_custom_width=&#8221;on&#8221; width_unit=&#8221;off&#8221; custom_width_percent=&#8221;120%&#8221; global_colors_info=&#8221;&#8221;][et_pb_column type=&#8221;1_3&#8243; _builder_version=&#8221;4.16&#8243; custom_padding=&#8221;|||&#8221; global_colors_info=&#8221;&#8221; custom_padding__hover=&#8221;|||&#8221;][et_pb_image src=&#8221;https:\/\/rowvenice.org\/wp-content\/uploads\/2017\/12\/Cichetto-Row-Venice-1024&#215;682.jpg&#8221; show_in_lightbox=&#8221;on&#8221; align_tablet=&#8221;center&#8221; align_phone=&#8221;&#8221; align_last_edited=&#8221;on|desktop&#8221; _builder_version=&#8221;4.16&#8243; global_colors_info=&#8221;&#8221;][\/et_pb_image][\/et_pb_column][et_pb_column type=&#8221;1_3&#8243; _builder_version=&#8221;4.16&#8243; custom_padding=&#8221;|||&#8221; global_colors_info=&#8221;&#8221; custom_padding__hover=&#8221;|||&#8221;][et_pb_image src=&#8221;https:\/\/rowvenice.org\/wp-content\/uploads\/2017\/12\/cichetto-row-2.jpg&#8221; show_in_lightbox=&#8221;on&#8221; align_tablet=&#8221;center&#8221; align_phone=&#8221;&#8221; align_last_edited=&#8221;on|desktop&#8221; _builder_version=&#8221;4.16&#8243; global_colors_info=&#8221;&#8221;][\/et_pb_image][\/et_pb_column][et_pb_column type=&#8221;1_3&#8243; _builder_version=&#8221;4.16&#8243; custom_padding=&#8221;|||&#8221; global_colors_info=&#8221;&#8221; custom_padding__hover=&#8221;|||&#8221;][et_pb_image src=&#8221;https:\/\/rowvenice.org\/wp-content\/uploads\/2017\/12\/Cichetto-Row-couple.jpg&#8221; show_in_lightbox=&#8221;on&#8221; align_tablet=&#8221;center&#8221; align_phone=&#8221;&#8221; align_last_edited=&#8221;on|desktop&#8221; _builder_version=&#8221;4.16&#8243; global_colors_info=&#8221;&#8221;][\/et_pb_image][\/et_pb_column][\/et_pb_row][et_pb_row _builder_version=&#8221;4.16&#8243; background_size=&#8221;initial&#8221; background_position=&#8221;top_left&#8221; background_repeat=&#8221;repeat&#8221; max_width=&#8221;80%&#8221; use_custom_width=&#8221;on&#8221; width_unit=&#8221;off&#8221; global_colors_info=&#8221;&#8221;][et_pb_column type=&#8221;4_4&#8243; _builder_version=&#8221;4.16&#8243; custom_padding=&#8221;|||&#8221; global_colors_info=&#8221;&#8221; custom_padding__hover=&#8221;|||&#8221;][et_pb_text _builder_version=&#8221;4.16&#8243; global_colors_info=&#8221;&#8221;]<\/p>\n<h3>Row and Eat Like a Venetian<\/h3>\n<p><span style=\"font-weight: 400;\">Tutti desiderano mangiare \u201clocale\u201d\u2026 anche se molti non hanno la pi\u00f9 pallida idea di cosa questo significhi. Grazie alle nostre istruttrici, potrai imbatterti in quei piccoli <\/span><i><span style=\"font-weight: 400;\">baretti <\/span><\/i><span style=\"font-weight: 400;\">frequentati da chi vive in citt\u00e0, dove le specialit\u00e0 veneziane sono di casa. In base all\u2019estro dei <\/span><i><span style=\"font-weight: 400;\">cicchettari <\/span><\/i><span style=\"font-weight: 400;\">si potr\u00e0 trovare un\u2019ampia scelta di stuzzichini, tra cui non mancheranno baccal\u00e0 mantecato, polpette di carne e pesce, saor e molto altro<\/span>.\u00a0<span style=\"font-weight: 400;\">\u00c8 sempre presente una proposta rivolta ai palati vegetariani ed alle diverse intolleranze e allergie.<\/span><br \/>\n[\/et_pb_text][et_pb_text _builder_version=&#8221;4.16&#8243; global_colors_info=&#8221;&#8221;]In qualit\u00e0 di Capoluogo del Veneto, Venezia offre una vasta gamma di ottimi vini locali, partendo dal Prosecco di Valdobbiadene e arrivando all\u2019Amarone della Valpolicella. Per gli amanti della degustazione, \u00e8 possibile soddisfare anche questa richiesta<span style=\"font-size: 17px; color: #444444; font-family: Arsenal, Helvetica, Arial, Lucida, sans-serif;\">.<\/span><\/p>\n<h5 style=\"text-align: left;\">NOTA BENE:<\/h5>\n<p><span style=\"font-weight: 400;\">Il <\/span><i><span style=\"font-weight: 400;\">cicchettare <\/span><\/i><span style=\"font-weight: 400;\">\u00e8 un rituale veneziano che non rappresenta un vero pasto, quanto piuttosto un momento di convivialit\u00e0 informale nel quale poter avvicinarsi alle pi\u00f9 disparate combinazioni di gusti e sapori. Il tutto si apprezza ancor di pi\u00f9 se avviene mentre siete seduti sulla barca che voi stessi avete condotto sin l\u00ec<\/span>.<br \/>\n[\/et_pb_text][\/et_pb_column][\/et_pb_row][et_pb_row _builder_version=&#8221;4.16&#8243; background_size=&#8221;initial&#8221; background_position=&#8221;top_left&#8221; background_repeat=&#8221;repeat&#8221; global_colors_info=&#8221;&#8221;][et_pb_column type=&#8221;4_4&#8243; _builder_version=&#8221;4.16&#8243; custom_padding=&#8221;|||&#8221; global_colors_info=&#8221;&#8221; custom_padding__hover=&#8221;|||&#8221;][et_pb_text _builder_version=&#8221;4.16&#8243; max_width=&#8221;80%&#8221; module_alignment=&#8221;center&#8221; global_colors_info=&#8221;&#8221;]<\/p>\n<h3>Dettagli, Cicchetto Row<\/h3>\n<p>[\/et_pb_text][et_pb_blurb title=&#8221;il Cicchetto Row dura 2h15 e ha luogo alle ore 17:30 da Aprile ad Ottobre e alle ore 11:30 da Novembre e Marzo.&#8221; use_icon=&#8221;on&#8221; font_icon=&#8221;&#xe0e1;||divi||400&#8243; icon_color=&#8221;#799975&#8243; image_icon_background_color=&#8221;#ffffff&#8221; icon_placement=&#8221;left&#8221; image_icon_width=&#8221;18px&#8221; _builder_version=&#8221;4.23.4&#8243; header_font=&#8221;||||||||&#8221; header_text_color=&#8221;#444444&#8243; header_font_size=&#8221;20px&#8221; image_icon_custom_padding=&#8221;8px|8px|8px|8px|false|false&#8221; custom_padding=&#8221;|||&#8221; border_radii_image=&#8221;on|100%|100%|100%|100%&#8221; border_width_all_image=&#8221;2px&#8221; border_color_all_image=&#8221;#799975&#8243; icon_font_size=&#8221;18px&#8221; use_circle=&#8221;on&#8221; use_circle_border=&#8221;on&#8221; circle_border_color=&#8221;#799975&#8243; circle_color=&#8221;#ffffff&#8221; global_colors_info=&#8221;&#8221; image_icon_background_color__sticky_enabled=&#8221;#ffff99&#8243; image_icon_background_color__sticky=&#8221;#ffff99&#8243;][\/et_pb_blurb][et_pb_blurb title=&#8221;Il costo per barca \u00e8 275\u20ac per 2 persone, \u20ac325 per 3 e \u20ac375 per 4 persone (\u20ac250, \u20ac275 e \u20ac300 per\u20ac 2024) ed include cibo e bevande (alcoliche e non).&#8221; use_icon=&#8221;on&#8221; font_icon=&#8221;&#xe0dd;||divi||400&#8243; icon_color=&#8221;#799975&#8243; image_icon_background_color=&#8221;#ffffff&#8221; icon_placement=&#8221;left&#8221; image_icon_width=&#8221;18px&#8221; admin_label=&#8221;Costo&#8221; _builder_version=&#8221;4.23.4&#8243; header_text_color=&#8221;#444444&#8243; header_font_size=&#8221;20px&#8221; image_icon_custom_padding=&#8221;8px|8px|8px|8px|false|false&#8221; custom_padding=&#8221;|||&#8221; hover_enabled=&#8221;0&#8243; z_index_tablet=&#8221;500&#8243; border_radii_image=&#8221;on|100%|100%|100%|100%&#8221; border_width_all_image=&#8221;2px&#8221; border_color_all_image=&#8221;#799975&#8243; icon_font_size=&#8221;18px&#8221; use_circle=&#8221;on&#8221; use_circle_border=&#8221;on&#8221; circle_border_color=&#8221;#799975&#8243; circle_color=&#8221;#ffffff&#8221; global_colors_info=&#8221;&#8221; image_icon_background_color__sticky_enabled=&#8221;#ffff99&#8243; image_icon_background_color__sticky=&#8221;#ffff99&#8243; sticky_enabled=&#8221;0&#8243;][\/et_pb_blurb][et_pb_blurb title=&#8221;Un gruppo di 5 persone pu\u00f2 prenotare due barche, oppure abbiamo una batela pi\u00f9 ampia a disposizione solamente per gruppi di 5; il costo \u00e8 di \u20ac 425.&#8221; use_icon=&#8221;on&#8221; font_icon=&#8221;&#xe03c;||divi||400&#8243; icon_color=&#8221;#799975&#8243; image_icon_background_color=&#8221;#ffffff&#8221; icon_placement=&#8221;left&#8221; image_icon_width=&#8221;18px&#8221; admin_label=&#8221;Costo 5 pax&#8221; _builder_version=&#8221;4.23.4&#8243; header_text_color=&#8221;#444444&#8243; header_font_size=&#8221;20px&#8221; image_icon_custom_padding=&#8221;8px|8px|8px|8px|false|false&#8221; custom_padding=&#8221;|||&#8221; z_index_tablet=&#8221;500&#8243; border_radii_image=&#8221;on|100%|100%|100%|100%&#8221; border_width_all_image=&#8221;2px&#8221; border_color_all_image=&#8221;#799975&#8243; icon_font_size=&#8221;18px&#8221; use_circle=&#8221;on&#8221; use_circle_border=&#8221;on&#8221; circle_border_color=&#8221;#799975&#8243; circle_color=&#8221;#ffffff&#8221; global_colors_info=&#8221;&#8221; image_icon_background_color__sticky_enabled=&#8221;#ffff99&#8243; image_icon_background_color__sticky=&#8221;#ffff99&#8243;][\/et_pb_blurb][et_pb_blurb title=&#8221;Ricorda di specificare qualsiasi richiesta relativa a limitazioni nella dieta, allergie , ciliacia o stile alimentare , ecc. nei commenti della tua prenotazione&#8221; use_icon=&#8221;on&#8221; font_icon=&#8221;&#xe072;||divi||400&#8243; icon_color=&#8221;#799975&#8243; image_icon_background_color=&#8221;#ffffff&#8221; icon_placement=&#8221;left&#8221; image_icon_width=&#8221;18px&#8221; _builder_version=&#8221;4.16&#8243; header_font=&#8221;||||||||&#8221; header_text_color=&#8221;#444444&#8243; header_font_size=&#8221;20px&#8221; image_icon_custom_padding=&#8221;8px|8px|8px|8px|false|false&#8221; border_radii_image=&#8221;on|100%|100%|100%|100%&#8221; border_width_all_image=&#8221;2px&#8221; border_color_all_image=&#8221;#799975&#8243; icon_font_size=&#8221;18px&#8221; use_circle=&#8221;on&#8221; use_circle_border=&#8221;on&#8221; circle_border_color=&#8221;#799975&#8243; circle_color=&#8221;#ffffff&#8221; global_colors_info=&#8221;&#8221; image_icon_background_color__sticky_enabled=&#8221;#ffff99&#8243; image_icon_background_color__sticky=&#8221;#ffff99&#8243;][\/et_pb_blurb][et_pb_text admin_label=&#8221;Header Text&#8221; _builder_version=&#8221;4.23.3&#8243; text_font=&#8221;||||||||&#8221; header_font=&#8221;||||||||&#8221; header_4_font=&#8221;||||||||&#8221; header_4_text_align=&#8221;center&#8221; max_width=&#8221;70%&#8221; module_alignment=&#8221;center&#8221; custom_padding=&#8221;|||&#8221; custom_padding_tablet=&#8221;&#8221; custom_padding_phone=&#8221;&#8221; custom_padding_last_edited=&#8221;on|phone&#8221; border_width_all=&#8221;2px&#8221; border_color_all=&#8221;#187795&#8243; saved_tabs=&#8221;all&#8221; global_colors_info=&#8221;&#8221;]<\/p>\n<h4><strong><a title=\"FAQs\" href=\"..\/..\/faq\/\">Hai altre domande? Guarda le nostre FAQ o scrivici sotto nella Chat!<\/a><\/strong><\/h4>\n<p>[\/et_pb_text][\/et_pb_column][\/et_pb_row][et_pb_row _builder_version=&#8221;4.16&#8243; background_size=&#8221;initial&#8221; background_position=&#8221;top_left&#8221; background_repeat=&#8221;repeat&#8221; global_colors_info=&#8221;&#8221;][et_pb_column type=&#8221;4_4&#8243; _builder_version=&#8221;4.16&#8243; custom_padding=&#8221;|||&#8221; global_colors_info=&#8221;&#8221; custom_padding__hover=&#8221;|||&#8221;][et_pb_cta button_url=&#8221;https:\/\/rowvenice.org\/it\/book-now\/&#8221; button_text=&#8221;Prenota subito&#8221; disabled_on=&#8221;off||&#8221; admin_label=&#8221;Prenota subito&#8221; _builder_version=&#8221;4.26.0&#8243; header_level=&#8221;h4&#8243; header_font_size=&#8221;16px&#8221; use_background_color=&#8221;off&#8221; custom_button=&#8221;on&#8221; button_bg_color=&#8221;#75124f&#8221; button_border_width=&#8221;2px&#8221; button_border_color=&#8221;#ffffff&#8221; button_font=&#8221;|700|||||||&#8221; button_use_icon=&#8221;off&#8221; button_alignment=&#8221;center&#8221; custom_margin=&#8221;-30px||20px|&#8221; custom_margin_last_edited=&#8221;off|desktop&#8221; z_index_tablet=&#8221;500&#8243; header_text_shadow_horizontal_length_tablet=&#8221;0px&#8221; header_text_shadow_vertical_length_tablet=&#8221;0px&#8221; header_text_shadow_blur_strength_tablet=&#8221;1px&#8221; body_text_shadow_horizontal_length_tablet=&#8221;0px&#8221; body_text_shadow_vertical_length_tablet=&#8221;0px&#8221; body_text_shadow_blur_strength_tablet=&#8221;1px&#8221; body_link_text_shadow_horizontal_length_tablet=&#8221;0px&#8221; body_link_text_shadow_vertical_length_tablet=&#8221;0px&#8221; body_link_text_shadow_blur_strength_tablet=&#8221;1px&#8221; body_ul_text_shadow_horizontal_length_tablet=&#8221;0px&#8221; body_ul_text_shadow_vertical_length_tablet=&#8221;0px&#8221; body_ul_text_shadow_blur_strength_tablet=&#8221;1px&#8221; body_ol_text_shadow_horizontal_length_tablet=&#8221;0px&#8221; body_ol_text_shadow_vertical_length_tablet=&#8221;0px&#8221; body_ol_text_shadow_blur_strength_tablet=&#8221;1px&#8221; body_quote_text_shadow_horizontal_length_tablet=&#8221;0px&#8221; body_quote_text_shadow_vertical_length_tablet=&#8221;0px&#8221; body_quote_text_shadow_blur_strength_tablet=&#8221;1px&#8221; button_text_shadow_horizontal_length_tablet=&#8221;0px&#8221; button_text_shadow_vertical_length_tablet=&#8221;0px&#8221; button_text_shadow_blur_strength_tablet=&#8221;1px&#8221; box_shadow_horizontal_tablet=&#8221;0px&#8221; box_shadow_vertical_tablet=&#8221;0px&#8221; box_shadow_blur_tablet=&#8221;40px&#8221; box_shadow_spread_tablet=&#8221;0px&#8221; box_shadow_style_button=&#8221;preset1&#8243; text_shadow_horizontal_length_tablet=&#8221;0px&#8221; text_shadow_vertical_length_tablet=&#8221;0px&#8221; text_shadow_blur_strength_tablet=&#8221;1px&#8221; button_text_color_hover=&#8221;#57124f&#8221; button_border_color_hover=&#8221;#75124f&#8221; global_module=&#8221;4522&#8243; saved_tabs=&#8221;all&#8221; global_colors_info=&#8221;&#8221; button_text_size__hover_enabled=&#8221;off&#8221; button_one_text_size__hover_enabled=&#8221;off&#8221; button_two_text_size__hover_enabled=&#8221;off&#8221; button_text_color__hover_enabled=&#8221;on&#8221; button_text_color__hover=&#8221;#ffffff&#8221; button_one_text_color__hover_enabled=&#8221;off&#8221; button_two_text_color__hover_enabled=&#8221;off&#8221; button_border_width__hover_enabled=&#8221;off&#8221; button_one_border_width__hover_enabled=&#8221;off&#8221; button_two_border_width__hover_enabled=&#8221;off&#8221; button_border_color__hover_enabled=&#8221;on&#8221; button_border_color__hover=&#8221;#75124f&#8221; button_one_border_color__hover_enabled=&#8221;off&#8221; button_two_border_color__hover_enabled=&#8221;off&#8221; button_border_radius__hover_enabled=&#8221;off&#8221; button_one_border_radius__hover_enabled=&#8221;off&#8221; button_two_border_radius__hover_enabled=&#8221;off&#8221; button_letter_spacing__hover_enabled=&#8221;off&#8221; button_one_letter_spacing__hover_enabled=&#8221;off&#8221; button_two_letter_spacing__hover_enabled=&#8221;off&#8221; button_bg_color__hover_enabled=&#8221;off&#8221; button_one_bg_color__hover_enabled=&#8221;off&#8221; button_two_bg_color__hover_enabled=&#8221;off&#8221;][\/et_pb_cta][\/et_pb_column][\/et_pb_row][\/et_pb_section]<\/p>\n","protected":false},"excerpt":{"rendered":"<p>Una volta che sarete a vostro agio con un remo in mano, perch\u00e9 non usarlo per andare in un luogo specifico? Beh quale destinazione pu\u00f2 rivelarsi migliore di un bacaro\u2026 o addirittura due?? Scopri il Cicchetto Row. Se c\u2019\u00e8 qualcosa di pi\u00f9 bello dell\u2019imparare a vogare alla veneziana, senz\u2019altro si tratta di imparare a mangiare [&hellip;]<\/p>\n","protected":false},"author":2,"featured_media":211350,"parent":0,"menu_order":0,"comment_status":"closed","ping_status":"closed","template":"","meta":{"_et_pb_use_builder":"on","_et_pb_old_content":"<h4>Once you've become comfortable behind a Venetian oar,\u00a0why not\u00a0use it to go somewhere? And what better destination than a local b\u00e0caro...or two.<\/h4>\r\n<a href=\"https:\/\/rowvenice.org\/wp-content\/uploads\/Cichetto-Row-Venice.jpg\"><img class=\"aligncenter size-large wp-image-4167\" src=\"https:\/\/rowvenice.org\/wp-content\/uploads\/Cichetto-Row-Venice-1024x682.jpg\" alt=\"\" width=\"660\" height=\"440\" \/><\/a>\r\n\r\n[tp not_in=\"it\"]If there's anything more enjoyable the learning to row Venetian style, it's learning to eat Venetian style. Combine the two with Row Venice's unique <strong>Cicchetto Row<\/strong>, when after a lesson to hone your <em>voga<\/em> skill, you\u2019ll meander your traditional Venetian craft to the nearest b\u00e0caro to slake your appetite with sumptuous cicchetti and\u2026a sparkling Prosecco <em>sur lie<\/em><i>, <\/i>perhaps?\r\n<h4>Row and Eat Like a Venetian<\/h4>\r\n<a href=\"https:\/\/rowvenice.org\/wp-content\/uploads\/cichetto-row-2.jpg\"><img class=\"alignright wp-image-4164\" src=\"https:\/\/rowvenice.org\/wp-content\/uploads\/cichetto-row-2-1024x682.jpg\" alt=\"\" width=\"338\" height=\"228\" \/><\/a>Everyone wants to eat local\u2026though most haven\u2019t the vaguest idea what that means. Being accompanied by a b\u00e0caro devot\u00e8e means you might venture Venetian classics like a tiny <em>muscardine<\/em>\u00a0tiny octopus, fluffy white <em>b\u00e0cala mantecato<\/em> (cooked codfish whipped with olive oil) on polenta, a savory hot <em>polpetta<\/em>\u00a0meat or tuna croquet, or a speck, robiolo e tartuffo crostino\u2026when you otherwise might pass them by. If you tastes are more conservative, don't worry, there are plenty of other options, too).[\/tp]\r\n[tp lang=\"it\" only=\"y\"]Se c\u2019\u00e8 qualcosa di pi\u00f9 bello dell\u2019imparare a vogare veneziana, beh senz\u2019altro si tratta di imparare a mangiare alla veneziana. Il cichetto row combina queste due cose: dopo aver affinato la tecnica di voga, porterai il tuo equipaggio verso un tipico bacaro, dove potrete deliziare i vostri palati con appetitosi cicchetti e vini di qualit\u00e0.[\/tp]\r\n\r\n[tp lang=\"it\" only=\"y\"]Tutti desiderano mangiare \u201clocale\u201d\u2026 anche se molti non hanno la pi\u00f9 pallida idea di cosa questo significhi. Grazie alle nostre istruttrici, potrai imbatterti in quei piccoli baretti frequentati dagli autoctoni, dove le specialit\u00e0 veneziane sono di casa. In base all\u2019estro dei cicchettari si potr\u00e0 trovare un\u2019ampia scelta di stuzzichini, tra cui non mancheranno baccal\u00e0 mantecato, polpette di carne e pesce, saor e molto altro. \u00c8 sempre presente una proposta rivolta ai palati vegetariani e alle diverse intolleranze e allergie.[\/tp]\r\n<h4>What about wine?<\/h4>\r\n<a href=\"https:\/\/rowvenice.org\/wp-content\/uploads\/Cichetto-Row-8-July-1-1.jpg\"><img class=\"alignright wp-image-3814\" src=\"https:\/\/rowvenice.org\/wp-content\/uploads\/Cichetto-Row-8-July-1-1-1024x682.jpg\" alt=\"Cichetto Row - Row Venice\" width=\"371\" height=\"252\" \/><\/a>[tp not_in=\"it\"]That goes for the wines as well: even if you 'normally drink red', we'll suggest that try pairing these cichetti with some of the most impressive whites in Italy\u2026or anywhere, for that matter. (Have a exceptional passion for wine? Request one of our wine-specialist\u00a0<em>vogatrice<\/em>\u00a0to accompany you.)\r\n\r\nAn assortment of typical\u00a0cicchetti and accompanying wines at Venice\u2019s traditional b\u00e0cari is the perfect intro to\u00a0the tastes of Venice\u00a0without committing to a whole meal. These crostini concoctions are limited only by the imaginations of the proprietors who create them\u2026and none of it will ever taste better than after a late-afternoon lesson, sipping and sampling as the sun sets, in a <em>bella batelina<\/em>\u00a0that you rowed yourself.\r\n\r\n<strong>PLEASE NOTE:<\/strong>\r\n\r\nWhile we don't get too 'weird' food-wise, this activity is designed for food and wine enthusiasts. Cichetti are prepared with a wide variety of the freshest ingredients (fish and seafood, meats, vegetables and cheeses); we can usually adapt choices to any personal dietary habits. We're not a restaurant, however, so if your diet is exceptionally restrictive, we suggest late afternoon rowing lesson, after which we'll point you to some nearby b\u00e0cari to sample on your own. If you have any questions, just let us know.[\/tp]\r\n\r\n[tp lang=\"it\" only=\"y\"]In qualit\u00e0 di Capoluogo del Veneto, Venezia offre una vasta gamma di ottimi vini locali, partendo dal Prosecco di Valdobbiadene e arrivando all\u2019Amarone della Valpolicella. Per gli amanti della degustazione, \u00e8 possibile soddisfare anche questa richiesta.[\/tp]\r\n\r\n[tp lang=\"it\" only=\"y\"]Il cichettare \u00e8 un rituale veneziano che non rappresenta un vero pasto, quanto piuttosto un momento di convivialit\u00e0 informale nel quale poter avvicinarsi alle pi\u00f9 disparate combinazioni di gusti e sapori. Il tutto si apprezza ancor di pi\u00f9 se avviene mentre siete seduti sulla barca che voi stessi avete condotto sin l\u00ec.[\/tp]\r\n\r\n<em>Nota bene:<\/em>\r\n<ul>\r\n \t<li>The <strong>Cichetto Row<\/strong>\u00a0lesson and outing lasts 2h30, starting\u00a0at 17:30 from\u00a0Apr \u2013 Oct, and at 11:30am Nov \u2013 Mar.<\/li>\r\n \t<li>Cost is \u20ac240 for two people, \u20ac260 for three, and \u20ac280 for four. Cost includes food and drinks (alcoholic or not).<\/li>\r\n \t<li>Remember to specify any health-related dietary limitations such as allergies, celiac, etc., in the comments of your reservation.<\/li>\r\n<\/ul>\r\n<h4 style=\"text-align: center;\"><a title=\"Book Your Lesson\" href=\"https:\/\/rowvenice.org\/book-your-lesson\/\">*** Book Now\u00a0***<\/a><\/h4>","_et_gb_content_width":"","footnotes":""},"class_list":["post-1688","page","type-page","status-publish","has-post-thumbnail","hentry"],"_links":{"self":[{"href":"https:\/\/rowvenice.org\/it\/wp-json\/wp\/v2\/pages\/1688","targetHints":{"allow":["GET"]}}],"collection":[{"href":"https:\/\/rowvenice.org\/it\/wp-json\/wp\/v2\/pages"}],"about":[{"href":"https:\/\/rowvenice.org\/it\/wp-json\/wp\/v2\/types\/page"}],"author":[{"embeddable":true,"href":"https:\/\/rowvenice.org\/it\/wp-json\/wp\/v2\/users\/2"}],"replies":[{"embeddable":true,"href":"https:\/\/rowvenice.org\/it\/wp-json\/wp\/v2\/comments?post=1688"}],"version-history":[{"count":15,"href":"https:\/\/rowvenice.org\/it\/wp-json\/wp\/v2\/pages\/1688\/revisions"}],"predecessor-version":[{"id":212952,"href":"https:\/\/rowvenice.org\/it\/wp-json\/wp\/v2\/pages\/1688\/revisions\/212952"}],"wp:featuredmedia":[{"embeddable":true,"href":"https:\/\/rowvenice.org\/it\/wp-json\/wp\/v2\/media\/211350"}],"wp:attachment":[{"href":"https:\/\/rowvenice.org\/it\/wp-json\/wp\/v2\/media?parent=1688"}],"curies":[{"name":"wp","href":"https:\/\/api.w.org\/{rel}","templated":true}]}}