{"id":1115,"date":"2013-01-18T14:20:44","date_gmt":"2013-01-18T14:20:44","guid":{"rendered":"http:\/\/rowvenice.net\/?page_id=1115"},"modified":"2024-01-15T12:25:57","modified_gmt":"2024-01-15T11:25:57","slug":"terms-and-conditions","status":"publish","type":"page","link":"https:\/\/rowvenice.org\/it\/terms-and-conditions\/","title":{"rendered":"Termini &#038; Condizioni"},"content":{"rendered":"<p>[et_pb_section fb_built=&#8221;1&#8243; admin_label=&#8221;section&#8221; _builder_version=&#8221;4.16&#8243; global_colors_info=&#8221;&#8221;][et_pb_row _builder_version=&#8221;4.16&#8243; _module_preset=&#8221;default&#8221; custom_padding=&#8221;4px||0px|||&#8221; locked=&#8221;off&#8221; global_colors_info=&#8221;&#8221;][et_pb_column type=&#8221;4_4&#8243; _builder_version=&#8221;4.16&#8243; _module_preset=&#8221;default&#8221; global_colors_info=&#8221;&#8221;][et_pb_post_title meta=&#8221;off&#8221; featured_image=&#8221;off&#8221; _builder_version=&#8221;4.16&#8243; title_font=&#8221;||||||||&#8221; title_font_size=&#8221;36px&#8221; custom_margin=&#8221;||-5px|||&#8221; global_colors_info=&#8221;&#8221;][\/et_pb_post_title][\/et_pb_column][\/et_pb_row][et_pb_row column_structure=&#8221;1_2,1_2&#8243; admin_label=&#8221;row&#8221; _builder_version=&#8221;4.16&#8243; background_size=&#8221;initial&#8221; background_position=&#8221;top_left&#8221; background_repeat=&#8221;repeat&#8221; max_width=&#8221;80%&#8221; custom_padding=&#8221;13px|||||&#8221; use_custom_width=&#8221;on&#8221; width_unit=&#8221;off&#8221; global_colors_info=&#8221;&#8221;][et_pb_column type=&#8221;1_2&#8243; _builder_version=&#8221;4.16&#8243; custom_padding=&#8221;|||&#8221; global_colors_info=&#8221;&#8221; custom_padding__hover=&#8221;|||&#8221;][et_pb_text module_class=&#8221;rv-bullet-sp&#8221; _builder_version=&#8221;4.23.4&#8243; ul_line_height=&#8221;1.6em&#8221; background_size=&#8221;initial&#8221; background_position=&#8221;top_left&#8221; background_repeat=&#8221;repeat&#8221; global_colors_info=&#8221;&#8221;]<\/p>\n<h3>Di prenotazione e cancellazione Politiche<\/h3>\n<h4><span>CONFERMA &amp; PAGAMENTO<\/span><\/h4>\n<ul>\n<li><span>Per le prenotazioni di meno di 10 le persone si possono prenotare da soli online e pagare al momento della prenotazione. \u00c8 possibile pagare con la carta di credito della vostra scelta o con Paypal<\/span>.<\/li>\n<li><span>Per gruppi pi\u00f9 numerosi o personalizzati di pi\u00f9 di 9 persone, il costo \u00e8 di \u20ac40 a testa per le lezioni normali, per le Cicchetto Row chiederci un preventivo. In primis, <\/span><a href=\"https:\/\/rowvenice.org\/rv-signup\" target=\"_blank\" rel=\"noopener\">crea un account<\/a><span>; e prenotare una singola lezione per 2 persone alla data e ora desiderata. Modificheremo la prenotazione per il concordato numero di persone e si pu\u00f2 poi pagare il saldo attraverso il sito web<\/span><\/li>\n<\/ul>\n<h4><span>CANCELLAZIONE e mancata presentazione<\/span><\/h4>\n<ul>\n<li>\u00c8 possibile cancellare una lezione <strong>fino a due giorni (48 ore) prima dell&#8217;orario di prenotazione<\/strong> per un rimborso meno una tassa amministrativa di \u20ac 25 per barca prenotata (questa tassa copre le nostre spese non recuperabili al momento della prenotazione).<\/li>\n<li><span>Se si annulla la lezione\u00a0<\/span><strong>entro 48 ore<\/strong><span>\u00a0della data di inizio lezione, o non riescono a comparire per la lezione, non vi \u00e8 alcun rimborso<\/span>.<\/li>\n<\/ul>\n<p>[\/et_pb_text][\/et_pb_column][et_pb_column type=&#8221;1_2&#8243; _builder_version=&#8221;4.16&#8243; custom_padding=&#8221;|||&#8221; global_colors_info=&#8221;&#8221; custom_padding__hover=&#8221;|||&#8221;][et_pb_text module_class=&#8221;rv-bullet-sp&#8221; _builder_version=&#8221;4.21.2&#8243; ul_line_height=&#8221;1.6em&#8221; background_size=&#8221;initial&#8221; background_position=&#8221;top_left&#8221; background_repeat=&#8221;repeat&#8221; custom_padding=&#8221;14px|||||&#8221; global_colors_info=&#8221;&#8221;]<\/p>\n<ul>\n<li>Se dobbiamo\u00a0<strong>annullare la lezione a causa del tempo<\/strong>, cercheremo di riprogrammare durante il vostro soggiorno. Se non siamo in grado di coordinare un momento diverso, vi rimborseremo l&#8217;intero pagamento meno una tassa di amministrazione 5 \u20ac.<\/li>\n<li>Si pu\u00f2 riprogrammare la lezione all&#8217;interno 24 ore di lezione a nessuna carica; entro 48 ore e fino a lezione orario di inizio \u00e8 necessario contattarci per ripianificare. Si pu\u00f2 richiedere di riprogrammare <strong>entro 4 ore<\/strong> della lezione l&#8217;ora di inizio per 60\u20ac.<\/li>\n<li>Il vostro istruttore vi aspetter\u00e0 al vostro punto d&#8217;incontro stabilito per\u00a0<strong>30 minuti.<\/strong>\u00a0Se non appare o se non ci sentiamo da voi entro tale termine, la lezione sar\u00e0 considerato annullato e non ammissibili per il rimborso.\u00a0<em><strong>Se avete intenzione di essere in ritardo, <\/strong>contattarci al LIVE CHAT, info@rowvenice.org, o con SMS, iMessage, Signal o Whatsapp ai numeri in fondo alla nostra pagina web.<\/em><\/li>\n<li>Si noti che se siete in ritardo per la lezione, esso pu\u00f2 essere tagliato corto come lezioni corrono back to back e ci sar\u00e0 probabilmente un altro dopo il vostro.<\/li>\n<\/ul>\n<h4>PER ANNULLARE O RIPROGRAMMARE<\/h4>\n<p><strong><a href=\"https:\/\/rowvenice.org\/it\/rv-signin\">Accedi al tuo account<\/a><\/strong>, seleziona la lezione e annulla o modifica la data. Una volta annullato, emetteremo il rimborso.<\/p>\n<p>[\/et_pb_text][\/et_pb_column][\/et_pb_row][\/et_pb_section]<\/p>\n","protected":false},"excerpt":{"rendered":"<p>Di prenotazione e cancellazione Politiche CONFERMA &amp; PAGAMENTO Per le prenotazioni di meno di 10 le persone si possono prenotare da soli online e pagare al momento della prenotazione. \u00c8 possibile pagare con la carta di credito della vostra scelta o con Paypal. Per gruppi pi\u00f9 numerosi o personalizzati di pi\u00f9 di 9 persone, il [&hellip;]<\/p>\n","protected":false},"author":1,"featured_media":0,"parent":0,"menu_order":0,"comment_status":"closed","ping_status":"open","template":"","meta":{"_et_pb_use_builder":"on","_et_pb_old_content":"<h3>Booking and Cancellation Policies<\/h3>\r\n<span style=\"font-size: 15px;\">CONFIRMATION & PAYMENT<\/span>\r\n<ul>\r\n \t<li>For bookings of less than 8 people you may booking yourself online and\u00a0pay at the time of booking. Note that although we use Paypal to process payments using the credit card of your choice, you are not obligated\u00a0to create a Paypal account.<\/li>\r\n \t<li>For larger or custom groups of more than 8 people, the cost is \u20ac40 per person. Please first <a href=\"http:\/\/tiny.cc\/rv_signup\">create an account<\/a>; we will create\u00a0your booking for the agreed upon number of people\u00a0and you may then pay through the website.<\/li>\r\n<\/ul>\r\nCANCELLATION and NO-SHOWS\r\n<ul>\r\n \t<li>You may cancel your lesson <strong>up to two days<\/strong> (48 hours) prior to your booking time\u00a0for a refund minus a \u20ac25 admin fee.<\/li>\r\n \t<li>If you cancel your lesson <strong>within 48 hours<\/strong>\u00a0of the lesson start date, or fail to appear for your lesson, there is no refund.<\/li>\r\n \t<li>If we have to <strong>cancel your lesson due to weather<\/strong>, we will attempt to reschedule it during your stay. If we are unable to coordinate a different time, we will refund your entire payment minus a \u20ac5 admin fee.<\/li>\r\n \t<li>You may reschedule your lesson within 48 hours of lesson time at no charge; within 48 hours and up to lesson start time you must contact us to reschedule. You may request to reschedule\u00a0<strong>within 4 hours<\/strong>\u00a0of the lesson start time for \u20ac60.<\/li>\r\n \t<li>Your instructor will wait at your appointed meeting place for <strong>30 minutes.<\/strong>\u00a0If you do not appear or if we do not hear from you within that time, your lesson will be considered cancelled and not\u00a0eligible\u00a0for refund. <em><strong>If you are going to be late,<\/strong>\u00a0contact us\u00a0at info@rowvenice.org, or text, iMessage or Whatsapp at the numbers at the bottom of our web page.<\/em><\/li>\r\n \t<li>Note that if you are late for your lesson, it may be cut short as lessons run back to back and there will likely be another after yours.<\/li>\r\n<\/ul>","_et_gb_content_width":"","footnotes":""},"class_list":["post-1115","page","type-page","status-publish","hentry"],"_links":{"self":[{"href":"https:\/\/rowvenice.org\/it\/wp-json\/wp\/v2\/pages\/1115","targetHints":{"allow":["GET"]}}],"collection":[{"href":"https:\/\/rowvenice.org\/it\/wp-json\/wp\/v2\/pages"}],"about":[{"href":"https:\/\/rowvenice.org\/it\/wp-json\/wp\/v2\/types\/page"}],"author":[{"embeddable":true,"href":"https:\/\/rowvenice.org\/it\/wp-json\/wp\/v2\/users\/1"}],"replies":[{"embeddable":true,"href":"https:\/\/rowvenice.org\/it\/wp-json\/wp\/v2\/comments?post=1115"}],"version-history":[{"count":25,"href":"https:\/\/rowvenice.org\/it\/wp-json\/wp\/v2\/pages\/1115\/revisions"}],"predecessor-version":[{"id":212800,"href":"https:\/\/rowvenice.org\/it\/wp-json\/wp\/v2\/pages\/1115\/revisions\/212800"}],"wp:attachment":[{"href":"https:\/\/rowvenice.org\/it\/wp-json\/wp\/v2\/media?parent=1115"}],"curies":[{"name":"wp","href":"https:\/\/api.w.org\/{rel}","templated":true}]}}