{"id":4438,"date":"2017-12-15T11:47:33","date_gmt":"2017-12-15T11:47:33","guid":{"rendered":"https:\/\/rowvenice.org\/fr\/?page_id=4438"},"modified":"2018-01-08T15:10:45","modified_gmt":"2018-01-08T14:10:45","slug":"faq","status":"publish","type":"page","link":"https:\/\/rowvenice.org\/fr\/faq\/","title":{"rendered":"FAQ"},"content":{"rendered":"<p>[et_pb_section fb_built=&#8221;1&#8243; admin_label=&#8221;12 Days of Christmas &#8211; Day 08 Accordion Module 1&#8243; module_class=&#8221;day8-acc day8-acc1&#8243; _builder_version=&#8221;3.0.92&#8243;][et_pb_row custom_padding=&#8221;0px||0px|&#8221; custom_margin=&#8221;0px||0px|&#8221; _builder_version=&#8221;3.0.92&#8243; background_size=&#8221;initial&#8221; background_position=&#8221;top_left&#8221; background_repeat=&#8221;repeat&#8221;][et_pb_column type=&#8221;4_4&#8243; _builder_version=&#8221;3.0.47&#8243; parallax=&#8221;off&#8221; parallax_method=&#8221;on&#8221;][et_pb_post_title meta=&#8221;off&#8221; featured_image=&#8221;off&#8221; admin_label=&#8221;RV Post Title&#8221; _builder_version=&#8221;3.0.92&#8243; title_font_size=&#8221;38px&#8221; background_position=&#8221;center_left&#8221; background_blend=&#8221;darken&#8221; custom_margin=&#8221;0px||0px|&#8221; custom_padding=&#8221;0px||0px|&#8221; custom_padding_last_edited=&#8221;on|&#8221; mix_blend_mode=&#8221;darken&#8221; saved_tabs=&#8221;all&#8221;]\u00a0<br \/>\n[\/et_pb_post_title][et_pb_text _builder_version=&#8221;3.0.92&#8243; custom_css_main_element=&#8221;margin-top: -1em!important;&#8221;]<\/p>\n<h3><span style=\"color: #799975;\">Vos questions ont r\u00e9pondu ici.<\/span><\/h3>\n<p>[\/et_pb_text][\/et_pb_column][\/et_pb_row][et_pb_row use_custom_width=&#8221;on&#8221; custom_width_px=&#8221;1170px&#8221; use_custom_gutter=&#8221;on&#8221; gutter_width=&#8221;2&#8243; custom_padding=&#8221;0vh|0%|3.1vw|0%&#8221; custom_padding_tablet=&#8221;10px|0%|10px|0%&#8221; padding_top_2=&#8221;0%&#8221; padding_right_2=&#8221;0%&#8221; padding_bottom_2=&#8221;0%&#8221; padding_left_2=&#8221;0.5vw&#8221; padding_2_tablet=&#8221;0%|0%|0%|0px&#8221; padding_2_last_edited=&#8221;on|tablet&#8221; admin_label=&#8221;12 Days of Christmas &#8211; Day 08 Accordion Module 1&#8243; custom_padding_last_edited=&#8221;on|desktop&#8221; _builder_version=&#8221;3.0.92&#8243; module_alignment=&#8221;center&#8221;][et_pb_column type=&#8221;1_2&#8243; _builder_version=&#8221;3.0.47&#8243; parallax=&#8221;off&#8221; parallax_method=&#8221;on&#8221;][et_pb_accordion open_toggle_text_color=&#8221;#0b3954&#8243; open_toggle_background_color=&#8221;rgba(0,0,0,0)&#8221; closed_toggle_text_color=&#8221;#0b3954&#8243; closed_toggle_background_color=&#8221;rgba(0,0,0,0)&#8221; icon_color=&#8221;#0b3954&#8243; admin_label=&#8221;FAQ col 1&#8243; module_class=&#8221;accordion&#8221; _builder_version=&#8221;3.0.93&#8243; body_text_align=&#8221;left&#8221; body_text_color=&#8221;#444444&#8243; body_line_height=&#8221;1.8em&#8221; toggle_font=&#8221;Poppins|500|||||||&#8221; toggle_text_align=&#8221;left&#8221; toggle_font_size=&#8221;18px&#8221; toggle_letter_spacing=&#8221;-0.05px&#8221; toggle_line_height=&#8221;1.3em&#8221; text_orientation=&#8221;left&#8221; max_width=&#8221;568px&#8221; max_width_tablet=&#8221;100%&#8221; max_width_last_edited=&#8221;on|tablet&#8221; custom_margin=&#8221;10px|0%|0%|0px&#8221; custom_padding=&#8221;0px|0%|0%|0%&#8221; custom_css_toggle=&#8221;border: none !important;||padding:0 !important;|| margin-bottom: 0 !important;&#8221; custom_css_toggle_title=&#8221;font-weight: 400;|| padding: 25px 20px 25px 0 !important;|| border-bottom: 1px solid #e7e7e7;&#8221;][et_pb_accordion_item title=&#8221;Combien de personnes peuvent tenir dans un bateau?&#8221; _builder_version=&#8221;3.0.93&#8243; title_text_shadow_horizontal_length=&#8221;0em&#8221; title_text_shadow_vertical_length=&#8221;0em&#8221; title_text_shadow_blur_strength=&#8221;0em&#8221; body_text_shadow_horizontal_length=&#8221;0em&#8221; body_text_shadow_vertical_length=&#8221;0em&#8221; body_text_shadow_blur_strength=&#8221;0em&#8221; open=&#8221;off&#8221;]Chaque rare\u00a0<em>Batelina<\/em><span>\u00a0peut contenir jusqu&#8217;\u00e0 quatre personnes. Si tu as 3 enfants de moins de 10 ans, vous pouvez r\u00e9server pour quatre personnes, mais la liste des \u00e2ges de vos enfants dans Tell Us Plus. <\/p>\n<p>NOTEZ S&#8217;IL VOUS PLA\u00ceT: Pour des raisons de s\u00e9curit\u00e9, si l&#8217;instructeur estime que le groupe est plus \u00e2g\u00e9, plus grand, ou plus lourd que l&#8217;\u00e9quivalent de quatre adultes, une personne devra rester derri\u00e8re.<\/p>\n<p>&nbsp;[\/et_pb_accordion_item][et_pb_accordion_item title=&#8221;Mon ami \/ conjoint \/ compagnon aimeraient venir et regarder.&#8221; open=&#8221;off&#8221; _builder_version=&#8221;3.0.93&#8243; title_text_shadow_horizontal_length=&#8221;0em&#8221; title_text_shadow_vertical_length=&#8221;0em&#8221; title_text_shadow_blur_strength=&#8221;0em&#8221; body_text_shadow_horizontal_length=&#8221;0em&#8221; body_text_shadow_vertical_length=&#8221;0em&#8221; body_text_shadow_blur_strength=&#8221;0em&#8221;]C&#8217;est tr\u00e8s bien, juste \u00eatre conscient que le tarif est calcul\u00e9 pour le nombre de personnes dans le bateau, si elles rament ou non.[\/et_pb_accordion_item][et_pb_accordion_item title=&#8221;Quelqu&#8217;un at-il d\u00e9j\u00e0 tomb\u00e9?&#8221; _builder_version=&#8221;3.0.93&#8243; title_text_shadow_horizontal_length=&#8221;0em&#8221; title_text_shadow_vertical_length=&#8221;0em&#8221; title_text_shadow_blur_strength=&#8221;0em&#8221; body_text_shadow_horizontal_length=&#8221;0em&#8221; body_text_shadow_vertical_length=&#8221;0em&#8221; body_text_shadow_blur_strength=&#8221;0em&#8221; open=&#8221;off&#8221;]Jamais! Notre belle\u00a0<em>Batella<\/em>bateaux sont stables, spacieuse et profonde; la seule fa\u00e7on que vous aurez jamais retrouver dans l&#8217;eau est si vous sautez dans le but.<br \/>\n[\/et_pb_accordion_item][et_pb_accordion_item title=&#8221;Offrez-vous des ch\u00e8ques-cadeaux?&#8221; _builder_version=&#8221;3.0.93&#8243; title_text_shadow_horizontal_length=&#8221;0em&#8221; title_text_shadow_vertical_length=&#8221;0em&#8221; title_text_shadow_blur_strength=&#8221;0em&#8221; body_text_shadow_horizontal_length=&#8221;0em&#8221; body_text_shadow_vertical_length=&#8221;0em&#8221; body_text_shadow_blur_strength=&#8221;0em&#8221; open=&#8221;on&#8221;]Oui! Cr\u00e9ez simplement un nouveau compte et choisissez Certificats-cadeaux. Vous recevrez un certificat avec un code de r\u00e9duction, le destinataire l&#8217;inscrira dans le code de promotion lorsqu&#8217;il r\u00e9serve une date et une heure de cours et que cela ne lui co\u00fbtera rien.[\/et_pb_accordion_item][et_pb_accordion_item title=&#8221;Que devrions-nous porter?&#8221; _builder_version=&#8221;3.0.93&#8243; title_text_shadow_horizontal_length=&#8221;0em&#8221; title_text_shadow_vertical_length=&#8221;0em&#8221; title_text_shadow_blur_strength=&#8221;0em&#8221; body_text_shadow_horizontal_length=&#8221;0em&#8221; body_text_shadow_vertical_length=&#8221;0em&#8221; body_text_shadow_blur_strength=&#8221;0em&#8221; open=&#8221;off&#8221;]Juste porter l\u00e2che, des v\u00eatements confortables et des chaussures souples. Les apr\u00e8s-midi d&#8217;\u00e9t\u00e9, il peut \u00eatre tr\u00e8s chaud, afin d&#8217;apporter un chapeau, peut-\u00eatre un parapluie, et un peu d&#8217;eau avec vous (nous aurons un certain, vous trouverez une s\u00e9lection de nourriture v\u00e9g\u00e9tarienne.). Quand il est cool, les couches sont la cl\u00e9, parce que quand vous ramez vous r\u00e9chauffer imm\u00e9diatement, quand vous vous asseyez et rouler pendant que vos lignes de compagnie, vous rafra\u00eechir tout aussi rapidement.[\/et_pb_accordion_item][\/et_pb_accordion][et_pb_text _builder_version=&#8221;3.0.92&#8243;]&nbsp;<\/p>\n<h3><span style=\"color: #799975;\">Still have questions? <a style=\"color: #799975;\" title=\"Contact Us\" href=\"http:\/\/rowvenice.org\/contact-us\/\">Contact us<\/a>.<\/span><\/h3>\n<p>[\/et_pb_text][\/et_pb_column][et_pb_column type=&#8221;1_2&#8243; _builder_version=&#8221;3.0.47&#8243; padding_tablet=&#8221;0%|0%|0%|0px&#8221; padding_last_edited=&#8221;on|tablet&#8221; padding_bottom=&#8221;0%&#8221; padding_left=&#8221;0.5vw&#8221; padding_right=&#8221;0%&#8221; padding_top=&#8221;0%&#8221; parallax=&#8221;off&#8221; parallax_method=&#8221;on&#8221;][et_pb_accordion open_toggle_text_color=&#8221;#0b3954&#8243; open_toggle_background_color=&#8221;rgba(0,0,0,0)&#8221; closed_toggle_text_color=&#8221;#0b3954&#8243; closed_toggle_background_color=&#8221;rgba(0,0,0,0)&#8221; icon_color=&#8221;#0b3954&#8243; admin_label=&#8221;FAQ col 2&#8243; module_class=&#8221;accordion&#8221; _builder_version=&#8221;3.0.93&#8243; body_text_align=&#8221;left&#8221; body_font_size=&#8221;16px&#8221; body_text_color=&#8221;#444444&#8243; body_line_height=&#8221;1.8em&#8221; toggle_font=&#8221;Poppins|500|||||||&#8221; toggle_text_align=&#8221;left&#8221; toggle_font_size=&#8221;18px&#8221; toggle_letter_spacing=&#8221;-0.05px&#8221; toggle_line_height=&#8221;1.3em&#8221; text_orientation=&#8221;left&#8221; max_width=&#8221;568px&#8221; max_width_tablet=&#8221;100%&#8221; max_width_last_edited=&#8221;on|tablet&#8221; custom_margin=&#8221;10px|0%|0%|0px&#8221; custom_padding=&#8221;0px|0%|0%|0%&#8221; custom_css_toggle=&#8221;border: none !important;||padding:0 !important;||margin-bottom: 0 !important;&#8221; custom_css_toggle_title=&#8221;font-weight: 400;|| padding: 25px 20px 25px 0 !important;|| border-bottom: 1px solid #e7e7e7;&#8221;][et_pb_accordion_item title=&#8221;O\u00f9 nous rencontrons-nous?&#8221; open=&#8221;on&#8221; _builder_version=&#8221;3.0.93&#8243; title_text_shadow_horizontal_length=&#8221;0em&#8221; title_text_shadow_vertical_length=&#8221;0em&#8221; title_text_shadow_blur_strength=&#8221;0em&#8221; body_text_shadow_horizontal_length=&#8221;0em&#8221; body_text_shadow_vertical_length=&#8221;0em&#8221; body_text_shadow_blur_strength=&#8221;0em&#8221;]Voir le\u00a0<a title=\"Points de rencontre\" href=\"https:\/\/rowvenice.org\/fr\/meeting-points\/\">Points de rencontre<\/a>\u00a0page, et votre confirmation par e-mail pour des renseignements complets. Gardez les num\u00e9ros de t\u00e9l\u00e9phone \u00e0 port\u00e9e de main si vous vous perdez sur votre chemin.[\/et_pb_accordion_item][et_pb_accordion_item title=&#8221;Comment puis-je obtenir l\u00e0 de mon h\u00f4tel?&#8221; _builder_version=&#8221;3.0.93&#8243; title_text_shadow_horizontal_length=&#8221;0em&#8221; title_text_shadow_vertical_length=&#8221;0em&#8221; title_text_shadow_blur_strength=&#8221;0em&#8221; body_text_shadow_horizontal_length=&#8221;0em&#8221; body_text_shadow_vertical_length=&#8221;0em&#8221; body_text_shadow_blur_strength=&#8221;0em&#8221; open=&#8221;off&#8221;]<\/p>\n<p>Ceci est mieux expliqu\u00e9 par vos personnel de l&#8217;h\u00f4tel. Autrement, obtenir une bonne carte, ou un navigateur GPS, et jeter un oeil \u00e0 l&#8217;endroit o\u00f9 vous vous trouvez, et o\u00f9 nous rencontrons. Nous pouvons vous donner quelques conseils, mais il n&#8217;y a pas de substitut \u00e0 une carte en surbrillance, plein de temps, et notre num\u00e9ro de t\u00e9l\u00e9phone cellulaire, juste au cas o\u00f9 vous \u00eates fait demi-tour (ceci est Venise, apr\u00e8s tout).<\/p>\n<p>Nous permettrions au moins 60 minutes de San Marco ou Castello, selon que vous marchez ou prendre le vaporetto; le point de rencontre est normale 10 minutes du Ca\u2019 d&#8217;Oro ou San Marcuola arr\u00eats de vaporetto.<\/p>\n<p>[\/et_pb_accordion_item][et_pb_accordion_item title=&#8221;Qu&#8217;est-ce qui se passe s&#8217;il pleut?&#8221; _builder_version=&#8221;3.0.93&#8243; title_text_shadow_horizontal_length=&#8221;0em&#8221; title_text_shadow_vertical_length=&#8221;0em&#8221; title_text_shadow_blur_strength=&#8221;0em&#8221; body_text_shadow_horizontal_length=&#8221;0em&#8221; body_text_shadow_vertical_length=&#8221;0em&#8221; body_text_shadow_blur_strength=&#8221;0em&#8221; open=&#8221;off&#8221;]Sauf si vous voulez aider votre instructeur renflouer le bateau apr\u00e8s, nous ne pouvons pas ramer sous la pluie. Vents forts (20km \/ h et au-dessus) peut \u00e9galement nous emp\u00eacher de mener la le\u00e7on.<\/p>\n<p>En cas de intemp\u00e9ries,<strong>s&#8217;il vous pla\u00eet v\u00e9rifier le courrier \u00e9lectronique et \/ ou SMS<\/strong>que nous essayons de reprogrammer votre le\u00e7on (il permet d&#8217;avoir un quelques jours \u00e0 Venise dans ce cas). Si nous devons annuler d\u00e9finitivement, nous vous rembourserons votre paiement.[\/et_pb_accordion_item][et_pb_accordion_item title=&#8221;Je suis poids au-dessus de la moyenne \/ hauteur. Puis-je ramer encore?&#8221; _builder_version=&#8221;3.0.93&#8243; title_text_shadow_horizontal_length=&#8221;0em&#8221; title_text_shadow_vertical_length=&#8221;0em&#8221; title_text_shadow_blur_strength=&#8221;0em&#8221; body_text_shadow_horizontal_length=&#8221;0em&#8221; body_text_shadow_vertical_length=&#8221;0em&#8221; body_text_shadow_blur_strength=&#8221;0em&#8221; open=&#8221;off&#8221;]L&#8217;agilit\u00e9 est plus important que le poids. Vous devez \u00eatre limber assez pour entrer et sortir du bateau, et passez autour facilement une fois que vous \u00eates l&#8217;aviron que vous n\u00e9gociez lieux avec vos compagnons, etc.[\/et_pb_accordion_item][et_pb_accordion_item title=&#8221;D&#8217;o\u00f9 vient la finition de la le\u00e7on?&#8221; _builder_version=&#8221;3.0.93&#8243; title_text_shadow_horizontal_length=&#8221;0em&#8221; title_text_shadow_vertical_length=&#8221;0em&#8221; title_text_shadow_blur_strength=&#8221;0em&#8221; body_text_shadow_horizontal_length=&#8221;0em&#8221; body_text_shadow_vertical_length=&#8221;0em&#8221; body_text_shadow_blur_strength=&#8221;0em&#8221; open=&#8221;off&#8221;]Au m\u00eame endroit, il commence.[\/et_pb_accordion_item][et_pb_accordion_item title=&#8221;Pourquoi gardez-vous me harceler au sujet d&#8217;un t\u00e9l\u00e9phone cellulaire?&#8221; _builder_version=&#8221;3.0.93&#8243; title_text_shadow_horizontal_length=&#8221;0em&#8221; title_text_shadow_vertical_length=&#8221;0em&#8221; title_text_shadow_blur_strength=&#8221;0em&#8221; body_text_shadow_horizontal_length=&#8221;0em&#8221; body_text_shadow_vertical_length=&#8221;0em&#8221; body_text_shadow_blur_strength=&#8221;0em&#8221; open=&#8221;off&#8221;]Venise est une ville d\u00e9routant, m\u00eame pour nous les habitants. Nous voulons \u00eatre en mesure de vous donner toute l&#8217;assistance de derni\u00e8re minute, vous devez vous assurer que vous nous trouverez facilement, de sorte que vous \u00eates s\u00fbr de ne pas manquer de votre le\u00e7on ou pire, le tout (il est arriv\u00e9).<\/p>\n<p>Nous n&#8217;appeler ou texte vous, sauf si il y a un besoin, tu peux \u00eatre s\u00fbr. Mais si vous \u00eates en retard, nous allons essayer de vous traquer, et si vous \u00eates perdu, vous aurez seulement besoin de donner un appel ou d&#8217;un texte, et nous allons vous guider dans. Si vous avez pas de cellule ou d&#8217;un smartphone, il n&#8217;y a rien que nous pouvons faire.[\/et_pb_accordion_item][\/et_pb_accordion][\/et_pb_column][\/et_pb_row][\/et_pb_section]<\/p>\n","protected":false},"excerpt":{"rendered":"<p>\u00a0 Vos questions ont r\u00e9pondu ici.Chaque rare\u00a0Batelina\u00a0peut contenir jusqu&#8217;\u00e0 quatre personnes. Si tu as 3 enfants de moins de 10 ans, vous pouvez r\u00e9server pour quatre personnes, mais la liste des \u00e2ges de vos enfants dans Tell Us Plus. NOTEZ S&#8217;IL VOUS PLA\u00ceT: Pour des raisons de s\u00e9curit\u00e9, si l&#8217;instructeur estime que le groupe est [&hellip;]<\/p>\n","protected":false},"author":2,"featured_media":0,"parent":0,"menu_order":0,"comment_status":"closed","ping_status":"closed","template":"","meta":{"_et_pb_use_builder":"on","_et_pb_old_content":"<h4>Has anyone ever fallen in?<\/h4>\r\nNever! Our lovely batella boats are stable, spacious and deep; the only way you\u2019ll ever end up in the water is if you jump in on purpose.\r\n<h4>How many people can fit in a boat?<\/h4>\r\nEach rare <em>batelina<\/em> holds up to four people. If you have 3 children under 10 years old, you may book for four people, but list your children\u2019s ages in Tell Us More. PLEASE NOTE: For safety reasons, if the instructor deems that the group is older, larger, or heavier than the equivalent of four adults, one person will have to stay behind.\r\n\r\nIf you have 5 people you will need two boats, also to allow plenty of rowing time for each person. We do keep boats close together for groups, this provides good photo ops as well. There is a possibility of a 5 person boat with 2 instructors for the same cost as two boats; request it when you make your booking and if it's available, we'll substitute that batela for the other two.\r\n<h4>What should we wear?<\/h4>\r\nJust wear loose, comfortable clothing and flexible shoes. On summer afternoons, it can be very warm, so bring a hat, perhaps an umbrella, and some water with you (we\u2019ll have some, too). When it\u2019s cool, layers are the key, because when you row you\u2019ll warm up immediately, when you sit and ride while your companion rows, you\u2019ll cool off just as quickly.\r\n<h4>Where do we meet?<\/h4>\r\nFor directions,\u00a0search <b>Row Venice Meeting Point<\/b> in Google maps, or <a href=\"http:\/\/rowvenice.org\/meeting-point\">click MEETING POINT<\/a> page for detailed instructions (also in your confirmation). Keep our phone numbers handy should you need an assistance or to let us know you'll be delayed.\r\n<h4>How do I get there from my hotel?<\/h4>\r\nSee the above response. Check with your hotel staff IF the know Venice well (some are from the mainland, and do not know the city).\r\n\r\nWe would allow at least 60 minutes from San Marco or Castello, depending on whether you\u2019re walking or taking the vaporetto; the normal meeting point is 10 minutes from the Ca\u2019 d\u2019Oro or San Marcuola vaporetto stops.\r\n<h4>What happens if it rains?<\/h4>\r\nUnless you want to help your instructor bail out the boat afterward, we can\u2019t row in the rain. High winds (20km \/ hr and above) may also prevent us from conducting the lesson.\r\n\r\nIn the event of intemperate weather, please check email and\/or text messages as we attempt to reschedule your lesson (it helps to have a a few days in Venice in this case). If we have to cancel definitively, we will refund your payment.\r\n<h4>Do you offer gift certificates?<\/h4>\r\nYes! Just create a new account, and choose Gift Certificates. You will receive a certificate with a voucher code, the recipient will enter that in Promotion Code when they reserve a lesson date and time and there will be no cost to them.\r\n<h4>My friend\/spouse\/companion would like to come along and watch.<\/h4>\r\nThat\u2019s fine, just be aware that the fare is calculated for the number of people in the boat, whether they row or not.\r\n<h4>I am above-average weight\/height. Can I still row?<\/h4>\r\nAgility is more important than weight. You need to be limber enough to get in and out of the boat, and shift around easily once you\u2019re rowing as you trade places with your companions, etc.\r\n<h4>Where does the lesson finish?<\/h4>\r\nAt the same place it starts.\r\n<h4>Why do you keep nagging me about a cell phone?<\/h4>\r\nVenice is a confusing city, even for us locals. We want to know you're on your way if you're late, and be able to give you more directions should you need them, and let you know if there are weather problems. We won\u2019t contact you unless we need to, but if you are late, with a cell we can try and track you down, and if you get lost, you\u2019ll only need to give a call or text, and we\u2019ll guide you in. If you have no cell or smartphone, there\u2019s nothing we can do. iMessage and Whatsapp messages work just fine.\r\n\r\nHave more questions? Please <a title=\"Contact Us\" href=\"http:\/\/rowvenice.org\/contact-us\/\">contact us<\/a>.","_et_gb_content_width":"","footnotes":""},"class_list":["post-4438","page","type-page","status-publish","hentry"],"_links":{"self":[{"href":"https:\/\/rowvenice.org\/fr\/wp-json\/wp\/v2\/pages\/4438","targetHints":{"allow":["GET"]}}],"collection":[{"href":"https:\/\/rowvenice.org\/fr\/wp-json\/wp\/v2\/pages"}],"about":[{"href":"https:\/\/rowvenice.org\/fr\/wp-json\/wp\/v2\/types\/page"}],"author":[{"embeddable":true,"href":"https:\/\/rowvenice.org\/fr\/wp-json\/wp\/v2\/users\/2"}],"replies":[{"embeddable":true,"href":"https:\/\/rowvenice.org\/fr\/wp-json\/wp\/v2\/comments?post=4438"}],"version-history":[{"count":26,"href":"https:\/\/rowvenice.org\/fr\/wp-json\/wp\/v2\/pages\/4438\/revisions"}],"predecessor-version":[{"id":211265,"href":"https:\/\/rowvenice.org\/fr\/wp-json\/wp\/v2\/pages\/4438\/revisions\/211265"}],"wp:attachment":[{"href":"https:\/\/rowvenice.org\/fr\/wp-json\/wp\/v2\/media?parent=4438"}],"curies":[{"name":"wp","href":"https:\/\/api.w.org\/{rel}","templated":true}]}}