{"id":4227,"date":"2017-12-09T20:18:59","date_gmt":"2017-12-09T20:18:59","guid":{"rendered":"https:\/\/rowvenice.org\/fr\/?page_id=4227"},"modified":"2024-01-05T11:17:27","modified_gmt":"2024-01-05T10:17:27","slug":"venetian-rowing-lesson","status":"publish","type":"page","link":"https:\/\/rowvenice.org\/fr\/venetian-rowing-lesson\/","title":{"rendered":"Aviron Le\u00e7on Venetian"},"content":{"rendered":"<p>[et_pb_section fb_built=&#8221;1&#8243; _builder_version=&#8221;4.16&#8243; global_colors_info=&#8221;&#8221;][et_pb_row _builder_version=&#8221;4.16&#8243; background_size=&#8221;initial&#8221; background_position=&#8221;top_left&#8221; background_repeat=&#8221;repeat&#8221; collapsed=&#8221;off&#8221; global_colors_info=&#8221;&#8221; custom_padding=&#8221;27px|||||&#8221;][et_pb_column type=&#8221;4_4&#8243; _builder_version=&#8221;4.16&#8243; custom_padding=&#8221;|||&#8221; global_colors_info=&#8221;&#8221; custom_padding__hover=&#8221;|||&#8221;][et_pb_post_title meta=&#8221;off&#8221; featured_placement=&#8221;background&#8221; text_color=&#8221;light&#8221; admin_label=&#8221;RV Post Title&#8221; _builder_version=&#8221;4.16&#8243; title_font=&#8221;|700|||||||&#8221; title_text_align=&#8221;center&#8221; title_font_size=&#8221;38px&#8221; background_color=&#8221;rgba(68,68,68,0.21)&#8221; background_position=&#8221;center_left&#8221; background_blend=&#8221;darken&#8221; custom_margin=&#8221;|||&#8221; custom_padding=&#8221;|||&#8221; custom_padding_tablet=&#8221;&#8221; custom_padding_phone=&#8221;&#8221; custom_padding_last_edited=&#8221;on|&#8221; title_text_shadow_style=&#8221;preset5&#8243; title_text_shadow_color=&#8221;rgba(0,0,0,0.73)&#8221; saved_tabs=&#8221;all&#8221; global_colors_info=&#8221;&#8221;][\/et_pb_post_title][et_pb_text admin_label=&#8221;ST w borders&#8221; _builder_version=&#8221;4.16&#8243; max_width=&#8221;85%&#8221; module_alignment=&#8221;center&#8221; border_width_top=&#8221;0.5&#8243; border_color_top=&#8221;#aaaaaa&#8221; border_width_bottom=&#8221;0.5&#8243; border_color_bottom=&#8221;#aaaaaa&#8221; saved_tabs=&#8221;all&#8221; global_colors_info=&#8221;&#8221;]<\/p>\n<h4 style=\"text-align: center;\">Pour votre le\u00e7on aviron Venetian, nous allons d&#8217;abord vous pr\u00e9senter \u00e0 notre traditionnelle Batelina, une fois l&#8217;un des plus prolifiques dans la ville. Maintenant, extr\u00eamement rare, ils font un exceptionnel bateau \u00e0 rames premi\u00e8re fois: stable et confortable.<\/h4>\n<p>[\/et_pb_text][et_pb_text _builder_version=&#8221;4.16&#8243; global_colors_info=&#8221;&#8221;]Pour votre le\u00e7on, nous allons d&#8217;abord nous concentrer sur la course de base pour l&#8217;aviron arc (\u00e0 la proue), dans le bateau sans bouger. Nous allons alors partons, et chaque rameur \u00e0 son tour va se habituer \u00e0 la stoke comme nous glissons le long d&#8217;une large, canal tranquille. Nous allons ensuite traverser ensuite dans le vaste, lagon ouvert, o\u00f9 vous serez encourag\u00e9 \u00e0 essayer l&#8217;aviron \u00e0 l&#8217;arri\u00e8re &#8211; La direction du bateau vous-m\u00eame \u00e0 la poupe, tout comme un gondolier. Nous allons ensuite revenir en arri\u00e8re \u00e0 travers les canaux \u00e9vocatrices lat\u00e9raux vers le point de chute.<br \/>\n[\/et_pb_text][et_pb_text admin_label=&#8221;Header Text&#8221; _builder_version=&#8221;4.16&#8243; header_4_text_align=&#8221;center&#8221; max_width=&#8221;70%&#8221; module_alignment=&#8221;center&#8221; border_width_all=&#8221;2px&#8221; border_color_all=&#8221;#187795&#8243; saved_tabs=&#8221;all&#8221; global_colors_info=&#8221;&#8221;]<\/p>\n<h4>En savoir plus sur notre caract\u00e8re distinctif, bateaux traditionnels, il y a <span style=\"text-decoration: underline;\"><a title=\"Our Boats: Belle Batele\" href=\"..\/..\/boats-belle-batele\/\"><em>belle<\/em>\u00a0<em>bateline<\/em>\u00a0ICI<\/a><\/span><\/h4>\n<p>[\/et_pb_text][\/et_pb_column][\/et_pb_row][et_pb_row column_structure=&#8221;1_3,1_3,1_3&#8243; _builder_version=&#8221;4.16&#8243; background_size=&#8221;initial&#8221; background_position=&#8221;top_left&#8221; background_repeat=&#8221;repeat&#8221; collapsed=&#8221;off&#8221; global_colors_info=&#8221;&#8221;][et_pb_column type=&#8221;1_3&#8243; _builder_version=&#8221;4.16&#8243; custom_padding=&#8221;|||&#8221; global_colors_info=&#8221;&#8221; custom_padding__hover=&#8221;|||&#8221;][et_pb_image src=&#8221;https:\/\/rowvenice.org\/fr\/wp-content\/uploads\/2017\/12\/Venetian-Rowing-Lesson.jpg&#8221; show_in_lightbox=&#8221;on&#8221; align_tablet=&#8221;center&#8221; align_phone=&#8221;&#8221; align_last_edited=&#8221;on|desktop&#8221; _builder_version=&#8221;4.16&#8243; global_colors_info=&#8221;&#8221;][\/et_pb_image][\/et_pb_column][et_pb_column type=&#8221;1_3&#8243; _builder_version=&#8221;4.16&#8243; custom_padding=&#8221;|||&#8221; global_colors_info=&#8221;&#8221; custom_padding__hover=&#8221;|||&#8221;][et_pb_image src=&#8221;https:\/\/rowvenice.org\/fr\/wp-content\/uploads\/2017\/12\/Venetian-Rowing-Lesson-4.jpg&#8221; show_in_lightbox=&#8221;on&#8221; align_tablet=&#8221;center&#8221; align_phone=&#8221;&#8221; align_last_edited=&#8221;on|desktop&#8221; _builder_version=&#8221;4.16&#8243; global_colors_info=&#8221;&#8221;][\/et_pb_image][\/et_pb_column][et_pb_column type=&#8221;1_3&#8243; _builder_version=&#8221;4.16&#8243; custom_padding=&#8221;|||&#8221; global_colors_info=&#8221;&#8221; custom_padding__hover=&#8221;|||&#8221;][et_pb_image src=&#8221;https:\/\/rowvenice.org\/fr\/wp-content\/uploads\/2017\/12\/Lesson-in-the-lagoon-1.jpg&#8221; show_in_lightbox=&#8221;on&#8221; align_tablet=&#8221;center&#8221; align_phone=&#8221;&#8221; align_last_edited=&#8221;on|desktop&#8221; _builder_version=&#8221;4.16&#8243; global_colors_info=&#8221;&#8221;][\/et_pb_image][\/et_pb_column][\/et_pb_row][et_pb_row _builder_version=&#8221;4.16&#8243; background_size=&#8221;initial&#8221; background_position=&#8221;top_left&#8221; background_repeat=&#8221;repeat&#8221; collapsed=&#8221;off&#8221; global_colors_info=&#8221;&#8221;][et_pb_column type=&#8221;4_4&#8243; _builder_version=&#8221;4.16&#8243; custom_padding=&#8221;|||&#8221; global_colors_info=&#8221;&#8221; custom_padding__hover=&#8221;|||&#8221;][et_pb_text _builder_version=&#8221;4.16&#8243; global_colors_info=&#8221;&#8221;]<\/p>\n<h3>Grands Groupes<\/h3>\n<p>Si vous \u00eates 5-8 personnes, vous pouvez r\u00e9server deux bateaux vous \u00e0 toute heure, ils sont libres en utilisant notre syst\u00e8me de r\u00e9servation en ligne (si vous ne voyez qu&#8217;un seul bateau gratuit, v\u00e9rifier avec nous pour voir si nous pouvons ajouter une).<\/p>\n<p>Pour les plus grands groupes de plus de 8 personnes, nous pouvons organiser pour de multiples le\u00e7ons, et \/ ou plusieurs bateaux. S&#8217;il vous pla\u00eet\u00a0<a href=\"mailto:rowvenice@gmail.com\">\u00c9crivez-nous<\/a>\u00a0avec vos besoins et nous allons organiser votre r\u00e9servation.<br \/>\n[\/et_pb_text][\/et_pb_column][\/et_pb_row][et_pb_row column_structure=&#8221;1_3,1_3,1_3&#8243; _builder_version=&#8221;4.16&#8243; background_size=&#8221;initial&#8221; background_position=&#8221;top_left&#8221; background_repeat=&#8221;repeat&#8221; collapsed=&#8221;off&#8221; global_colors_info=&#8221;&#8221;][et_pb_column type=&#8221;1_3&#8243; _builder_version=&#8221;4.16&#8243; custom_padding=&#8221;|||&#8221; global_colors_info=&#8221;&#8221; custom_padding__hover=&#8221;|||&#8221;][et_pb_image src=&#8221;https:\/\/rowvenice.org\/fr\/wp-content\/uploads\/2017\/12\/Rowing-in-side-canals.jpg&#8221; show_in_lightbox=&#8221;on&#8221; align_tablet=&#8221;center&#8221; align_phone=&#8221;&#8221; align_last_edited=&#8221;on|desktop&#8221; _builder_version=&#8221;4.16&#8243; global_colors_info=&#8221;&#8221;][\/et_pb_image][\/et_pb_column][et_pb_column type=&#8221;1_3&#8243; _builder_version=&#8221;4.16&#8243; custom_padding=&#8221;|||&#8221; global_colors_info=&#8221;&#8221; custom_padding__hover=&#8221;|||&#8221;][et_pb_image src=&#8221;https:\/\/rowvenice.org\/fr\/wp-content\/uploads\/2017\/12\/Kids-Row-Venice.jpg&#8221; show_in_lightbox=&#8221;on&#8221; align_tablet=&#8221;center&#8221; align_phone=&#8221;&#8221; align_last_edited=&#8221;on|desktop&#8221; _builder_version=&#8221;4.16&#8243; global_colors_info=&#8221;&#8221;][\/et_pb_image][\/et_pb_column][et_pb_column type=&#8221;1_3&#8243; _builder_version=&#8221;4.16&#8243; custom_padding=&#8221;|||&#8221; global_colors_info=&#8221;&#8221; custom_padding__hover=&#8221;|||&#8221;][et_pb_image src=&#8221;https:\/\/rowvenice.org\/fr\/wp-content\/uploads\/2017\/12\/Family-Rowing-Lesson.jpg&#8221; align_tablet=&#8221;center&#8221; align_phone=&#8221;&#8221; align_last_edited=&#8221;on|desktop&#8221; _builder_version=&#8221;4.16&#8243; global_colors_info=&#8221;&#8221;][\/et_pb_image][\/et_pb_column][\/et_pb_row][et_pb_row _builder_version=&#8221;4.16&#8243; background_size=&#8221;initial&#8221; background_position=&#8221;top_left&#8221; background_repeat=&#8221;repeat&#8221; collapsed=&#8221;off&#8221; global_colors_info=&#8221;&#8221;][et_pb_column type=&#8221;4_4&#8243; _builder_version=&#8221;4.16&#8243; custom_padding=&#8221;|||&#8221; global_colors_info=&#8221;&#8221; custom_padding__hover=&#8221;|||&#8221;][et_pb_text _builder_version=&#8221;4.16&#8243; global_colors_info=&#8221;&#8221;]<\/p>\n<h3>Aviron Venetian d\u00e9tails de la le\u00e7on<\/h3>\n<p>[\/et_pb_text][et_pb_blurb title=&#8221;Toutes les le\u00e7ons sont priv\u00e9es.&#8221; use_icon=&#8221;on&#8221; font_icon=&#8221;&#xe08b;||divi||400&#8243; icon_color=&#8221;#799975&#8243; image_icon_background_color=&#8221;#ffffff&#8221; icon_placement=&#8221;left&#8221; image_icon_width=&#8221;18px&#8221; _builder_version=&#8221;4.16&#8243; header_font=&#8221;||||||||&#8221; header_text_color=&#8221;#444444&#8243; header_font_size=&#8221;20px&#8221; image_icon_custom_padding=&#8221;8px|8px|8px|8px|false|false&#8221; custom_margin=&#8221;|||&#8221; custom_padding=&#8221;|||&#8221; border_radii_image=&#8221;on|100%|100%|100%|100%&#8221; border_width_all_image=&#8221;2px&#8221; border_color_all_image=&#8221;#799975&#8243; icon_font_size=&#8221;18px&#8221; use_circle=&#8221;on&#8221; use_circle_border=&#8221;on&#8221; circle_border_color=&#8221;#799975&#8243; circle_color=&#8221;#ffffff&#8221; global_colors_info=&#8221;&#8221; image_icon_background_color__sticky_enabled=&#8221;#ffff99&#8243; image_icon_background_color__sticky=&#8221;#ffff99&#8243;][\/et_pb_blurb][et_pb_blurb title=&#8221;Les le\u00e7ons sont 80 minutes&#8221; use_icon=&#8221;on&#8221; font_icon=&#8221;&#xe0e1;||divi||400&#8243; icon_color=&#8221;#799975&#8243; image_icon_background_color=&#8221;#ffffff&#8221; icon_placement=&#8221;left&#8221; image_icon_width=&#8221;18px&#8221; _builder_version=&#8221;4.23.4&#8243; header_font=&#8221;||||||||&#8221; header_text_color=&#8221;#444444&#8243; header_font_size=&#8221;20px&#8221; image_icon_custom_padding=&#8221;8px|8px|8px|8px|false|false&#8221; custom_padding=&#8221;|||&#8221; border_radii_image=&#8221;on|100%|100%|100%|100%&#8221; border_width_all_image=&#8221;2px&#8221; border_color_all_image=&#8221;#799975&#8243; icon_font_size=&#8221;18px&#8221; use_circle=&#8221;on&#8221; use_circle_border=&#8221;on&#8221; circle_border_color=&#8221;#799975&#8243; circle_color=&#8221;#ffffff&#8221; global_colors_info=&#8221;&#8221; image_icon_background_color__sticky_enabled=&#8221;#ffff99&#8243; image_icon_background_color__sticky=&#8221;#ffff99&#8243;][\/et_pb_blurb][et_pb_blurb title=&#8221;Co\u00fbt total (si l&#8217;aviron ou \u00e0 cheval) est 100 \u20ac pour 1 ou 2 gens; \u20ac 130 pour 3; \u20ac 150 pour 4. Le co\u00fbt pour plus de 9 personnes (plus de deux bateaux) est de 40 \u20ac par personne. Le co\u00fbt du plus grand bateaux exclusivement pour 5 personnes est de \u20ac220.&#8221; use_icon=&#8221;on&#8221; font_icon=&#8221;&#xe0dd;||divi||400&#8243; icon_color=&#8221;#799975&#8243; image_icon_background_color=&#8221;#ffffff&#8221; icon_placement=&#8221;left&#8221; image_icon_width=&#8221;18px&#8221; _builder_version=&#8221;4.16&#8243; header_font=&#8221;||||||||&#8221; header_text_color=&#8221;#444444&#8243; header_font_size=&#8221;20px&#8221; image_icon_custom_padding=&#8221;8px|8px|8px|8px|false|false&#8221; custom_padding=&#8221;|||&#8221; border_radii_image=&#8221;on|100%|100%|100%|100%&#8221; border_width_all_image=&#8221;2px&#8221; border_color_all_image=&#8221;#799975&#8243; icon_font_size=&#8221;18px&#8221; use_circle=&#8221;on&#8221; use_circle_border=&#8221;on&#8221; circle_border_color=&#8221;#799975&#8243; circle_color=&#8221;#ffffff&#8221; global_colors_info=&#8221;&#8221; image_icon_background_color__sticky_enabled=&#8221;#ffff99&#8243; image_icon_background_color__sticky=&#8221;#ffff99&#8243;][\/et_pb_blurb][et_pb_blurb title=&#8221;Nous recommandons le port confortable, v\u00eatements amples et de sport flexibles chaussures; apportez de l&#8217;eau &#038; couvercle de la t\u00eate sur une chaude journ\u00e9e.&#8221; use_icon=&#8221;on&#8221; font_icon=&#8221;&#xe072;||divi||400&#8243; icon_color=&#8221;#799975&#8243; image_icon_background_color=&#8221;#ffffff&#8221; icon_placement=&#8221;left&#8221; image_icon_width=&#8221;18px&#8221; _builder_version=&#8221;4.16&#8243; header_font=&#8221;||||||||&#8221; header_text_color=&#8221;#444444&#8243; header_font_size=&#8221;20px&#8221; image_icon_custom_padding=&#8221;8px|8px|8px|8px|false|false&#8221; border_radii_image=&#8221;on|100%|100%|100%|100%&#8221; border_width_all_image=&#8221;2px&#8221; border_color_all_image=&#8221;#799975&#8243; icon_font_size=&#8221;18px&#8221; use_circle=&#8221;on&#8221; use_circle_border=&#8221;on&#8221; circle_border_color=&#8221;#799975&#8243; circle_color=&#8221;#ffffff&#8221; global_colors_info=&#8221;&#8221; image_icon_background_color__sticky_enabled=&#8221;#ffff99&#8243; image_icon_background_color__sticky=&#8221;#ffff99&#8243;][\/et_pb_blurb][et_pb_text admin_label=&#8221;Header Text&#8221; _builder_version=&#8221;4.23.4&#8243; header_4_text_align=&#8221;center&#8221; max_width=&#8221;70%&#8221; module_alignment=&#8221;center&#8221; custom_padding=&#8221;|||&#8221; custom_padding_tablet=&#8221;&#8221; custom_padding_phone=&#8221;&#8221; custom_padding_last_edited=&#8221;on|phone&#8221; hover_enabled=&#8221;0&#8243; border_width_all=&#8221;2px&#8221; border_color_all=&#8221;#187795&#8243; saved_tabs=&#8221;all&#8221; global_colors_info=&#8221;&#8221; sticky_enabled=&#8221;0&#8243;]<\/p>\n<h4><a title=\"Vous avez des questions?\" href=\"https:\/\/rowvenice.org\/fr\/faq\/\">Vous avez des questions?<\/a><a title=\"Have more questions?\" href=\"https:\/\/rowvenice.org\/fr\/faq\/\">\u00a0S&#8217;il vous plait regardez\u00a0<\/a><a title=\"FAQ\" href=\"https:\/\/rowvenice.org\/fr\/faq\/\">notre FAQ<\/a><\/h4>\n<p>[\/et_pb_text][\/et_pb_column][\/et_pb_row][et_pb_row _builder_version=&#8221;4.16&#8243; background_size=&#8221;initial&#8221; background_position=&#8221;top_left&#8221; background_repeat=&#8221;repeat&#8221; global_colors_info=&#8221;&#8221;][et_pb_column type=&#8221;4_4&#8243; _builder_version=&#8221;4.16&#8243; custom_padding=&#8221;|||&#8221; global_colors_info=&#8221;&#8221; custom_padding__hover=&#8221;|||&#8221;][et_pb_cta button_url=&#8221;https:\/\/rowvenice.org\/fr\/book-your-lesson\/&#8221; button_text=&#8221;Plus d&#8217;info&#8221; disabled_on=&#8221;off||&#8221; admin_label=&#8221;Book Your Lesson&#8221; _builder_version=&#8221;3.24.1&#8243; header_level=&#8221;h4&#8243; header_font_size=&#8221;16px&#8221; use_background_color=&#8221;off&#8221; custom_button=&#8221;on&#8221; button_bg_color=&#8221;#75124f&#8221; button_border_width=&#8221;2px&#8221; button_font=&#8221;|700|||||||&#8221; button_use_icon=&#8221;off&#8221; button_alignment=&#8221;center&#8221; custom_margin=&#8221;-30px||20px|&#8221; custom_margin_last_edited=&#8221;off|desktop&#8221; z_index_tablet=&#8221;500&#8243; header_text_shadow_horizontal_length_tablet=&#8221;0px&#8221; header_text_shadow_vertical_length_tablet=&#8221;0px&#8221; header_text_shadow_blur_strength_tablet=&#8221;1px&#8221; body_text_shadow_horizontal_length_tablet=&#8221;0px&#8221; body_text_shadow_vertical_length_tablet=&#8221;0px&#8221; body_text_shadow_blur_strength_tablet=&#8221;1px&#8221; body_link_text_shadow_horizontal_length_tablet=&#8221;0px&#8221; body_link_text_shadow_vertical_length_tablet=&#8221;0px&#8221; body_link_text_shadow_blur_strength_tablet=&#8221;1px&#8221; body_ul_text_shadow_horizontal_length_tablet=&#8221;0px&#8221; body_ul_text_shadow_vertical_length_tablet=&#8221;0px&#8221; body_ul_text_shadow_blur_strength_tablet=&#8221;1px&#8221; body_ol_text_shadow_horizontal_length_tablet=&#8221;0px&#8221; body_ol_text_shadow_vertical_length_tablet=&#8221;0px&#8221; body_ol_text_shadow_blur_strength_tablet=&#8221;1px&#8221; body_quote_text_shadow_horizontal_length_tablet=&#8221;0px&#8221; body_quote_text_shadow_vertical_length_tablet=&#8221;0px&#8221; body_quote_text_shadow_blur_strength_tablet=&#8221;1px&#8221; button_text_shadow_horizontal_length_tablet=&#8221;0px&#8221; button_text_shadow_vertical_length_tablet=&#8221;0px&#8221; button_text_shadow_blur_strength_tablet=&#8221;1px&#8221; box_shadow_horizontal_tablet=&#8221;0px&#8221; box_shadow_vertical_tablet=&#8221;0px&#8221; box_shadow_blur_tablet=&#8221;40px&#8221; box_shadow_spread_tablet=&#8221;0px&#8221; box_shadow_style_button=&#8221;preset1&#8243; text_shadow_horizontal_length_tablet=&#8221;0px&#8221; text_shadow_vertical_length_tablet=&#8221;0px&#8221; text_shadow_blur_strength_tablet=&#8221;1px&#8221; button_text_color_hover=&#8221;#57124f&#8221; button_border_color_hover=&#8221;#75124f&#8221; global_module=&#8221;4522&#8243; saved_tabs=&#8221;all&#8221; global_colors_info=&#8221;&#8221; button_text_size__hover_enabled=&#8221;off&#8221; button_one_text_size__hover_enabled=&#8221;off&#8221; button_two_text_size__hover_enabled=&#8221;off&#8221; button_text_color__hover_enabled=&#8221;on&#8221; button_text_color__hover=&#8221;#57124f&#8221; button_one_text_color__hover_enabled=&#8221;off&#8221; button_two_text_color__hover_enabled=&#8221;off&#8221; button_border_width__hover_enabled=&#8221;off&#8221; button_one_border_width__hover_enabled=&#8221;off&#8221; button_two_border_width__hover_enabled=&#8221;off&#8221; button_border_color__hover_enabled=&#8221;on&#8221; button_border_color__hover=&#8221;#75124f&#8221; button_one_border_color__hover_enabled=&#8221;off&#8221; button_two_border_color__hover_enabled=&#8221;off&#8221; button_border_radius__hover_enabled=&#8221;off&#8221; button_one_border_radius__hover_enabled=&#8221;off&#8221; button_two_border_radius__hover_enabled=&#8221;off&#8221; button_letter_spacing__hover_enabled=&#8221;off&#8221; button_one_letter_spacing__hover_enabled=&#8221;off&#8221; button_two_letter_spacing__hover_enabled=&#8221;off&#8221; button_bg_color__hover_enabled=&#8221;off&#8221; button_one_bg_color__hover_enabled=&#8221;off&#8221; button_two_bg_color__hover_enabled=&#8221;off&#8221;][\/et_pb_cta][\/et_pb_column][\/et_pb_row][\/et_pb_section]<\/p>\n","protected":false},"excerpt":{"rendered":"<p>Pour votre le\u00e7on aviron Venetian, nous allons d&#8217;abord vous pr\u00e9senter \u00e0 notre traditionnelle Batelina, une fois l&#8217;un des plus prolifiques dans la ville. Maintenant, extr\u00eamement rare, ils font un exceptionnel bateau \u00e0 rames premi\u00e8re fois: stable et confortable.Pour votre le\u00e7on, nous allons d&#8217;abord nous concentrer sur la course de base pour l&#8217;aviron arc (\u00e0 la [&hellip;]<\/p>\n","protected":false},"author":2,"featured_media":4671,"parent":0,"menu_order":0,"comment_status":"closed","ping_status":"closed","template":"","meta":{"_et_pb_use_builder":"on","_et_pb_old_content":"To start your lesson, we'll introduce you to our traditional <em>batelina<\/em>, once one of the most prolific craft in the city. Now extremely rare, they make an exceptional first-time rowing boat: stable and comfortable.\r\n\r\nWe'll then concentrate on the basic stroke for rowing <em>a prua<\/em> (at the prow), giving a demonstration and then letting each person try it themselves, with the boat still moored. We'll then depart, with each rower taking turns and getting acclimated to the stoke as we glide along a wide, quiet canal. We'll then cross then into the expansive,\u00a0open lagoon, where you'll be encouraged to try rowing\u00a0<em>a poppa<\/em>\u00a0\u2014 steering the boat yourself at the stern, just like a gondolier. (If it's too windy, you can still try the steering position in the canals.) We'll then return\u00a0back through the evocative side canals back to the drop-off point.\r\n\r\nLearn more about our distinctive, traditional boats, the rare\u00a0<a title=\"Our Boats: Belle Batele\" href=\"https:\/\/rowvenice.org\/boats-belle-batele\/\"><em>belle<\/em>\u00a0<em>bateline<\/em>\u00a0HERE<\/a>.\r\n\r\n<a href=\"https:\/\/rowvenice.org\/wp-content\/uploads\/rv-lesson-1-1.jpg\"><img class=\"aligncenter size-full wp-image-3897\" src=\"https:\/\/rowvenice.org\/wp-content\/uploads\/rv-lesson-1-1.jpg\" alt=\"rv lesson - 1\" width=\"1280\" height=\"853\" \/><\/a>\r\n<h3>Larger Groups<\/h3>\r\nIf you have from 5-8\u00a0people in your group, don't worry, you can book two boats yourself at any hour\u00a0they are free using our online booking system (if you only see one boat free, do check with us to see if we can add another).\r\n\r\nFor larger groups of more than\u00a08 people, we can arrange for multiple lessons, and\/or multiple boats. Please\u00a0<a href=\"mailto:rowvenice@gmail.com\">write us<\/a>\u00a0with your requirements and we'll arrange your booking.\r\n\r\nVenetian Rowing Lesson\u00a0details:\r\n<ul>\r\n \t<li>All lessons are\u00a0private.<\/li>\r\n \t<li>Lessons are\u00a090 minutes<\/li>\r\n \t<li>Total cost (whether rowing or riding) is\u00a0<strong>\u20ac85\u00a0<\/strong>for<strong> 1 or 2\u00a0people<\/strong><strong>; \u20ac120 <\/strong>for<strong> 3;\u00a0<strong>\u20ac140 <\/strong><\/strong>for<strong><strong> 4<\/strong><\/strong><strong><strong>.<\/strong><\/strong><\/li>\r\n \t<li>We can guarantee lessons in English and Italian, but we also offer lessons in\u00a0French, German and Spanish, depending on instructor availability. Make sure to note your non-English language preference in the booking comments.<\/li>\r\n \t<li>We recommend wearing comfortable, loose-fitting clothing and flexible sports shoes; bring water & head cover on a hot day.<\/li>\r\n<\/ul>\r\n<a title=\"Have more questions?\" href=\"https:\/\/rowvenice.org\/faq\/\">Have more questions?<\/a>\u00a0please see <a title=\"FAQs\" href=\"https:\/\/rowvenice.org\/faq\/\">our FAQs<\/a>\r\n<h3 style=\"text-align: center;\"><a title=\"Booking & Availability\" href=\"https:\/\/rowvenice.org\/book-now\/\">~~ Book Your Lesson Now ~~<\/a><\/h3>\r\n<p style=\"text-align: center;\"><span style=\"color: #e48e0d;\"><a style=\"color: #ff6600;\" href=\"https:\/\/rowvenice.org\/last-minute\/\">Last Minute? Click here instead<\/a>!<\/span><\/p>","_et_gb_content_width":"","footnotes":""},"class_list":["post-4227","page","type-page","status-publish","has-post-thumbnail","hentry"],"_links":{"self":[{"href":"https:\/\/rowvenice.org\/fr\/wp-json\/wp\/v2\/pages\/4227","targetHints":{"allow":["GET"]}}],"collection":[{"href":"https:\/\/rowvenice.org\/fr\/wp-json\/wp\/v2\/pages"}],"about":[{"href":"https:\/\/rowvenice.org\/fr\/wp-json\/wp\/v2\/types\/page"}],"author":[{"embeddable":true,"href":"https:\/\/rowvenice.org\/fr\/wp-json\/wp\/v2\/users\/2"}],"replies":[{"embeddable":true,"href":"https:\/\/rowvenice.org\/fr\/wp-json\/wp\/v2\/comments?post=4227"}],"version-history":[{"count":45,"href":"https:\/\/rowvenice.org\/fr\/wp-json\/wp\/v2\/pages\/4227\/revisions"}],"predecessor-version":[{"id":211495,"href":"https:\/\/rowvenice.org\/fr\/wp-json\/wp\/v2\/pages\/4227\/revisions\/211495"}],"wp:featuredmedia":[{"embeddable":true,"href":"https:\/\/rowvenice.org\/fr\/wp-json\/wp\/v2\/media\/4671"}],"wp:attachment":[{"href":"https:\/\/rowvenice.org\/fr\/wp-json\/wp\/v2\/media?parent=4227"}],"curies":[{"name":"wp","href":"https:\/\/api.w.org\/{rel}","templated":true}]}}