{"id":3851,"date":"2016-08-14T11:01:09","date_gmt":"2016-08-14T11:01:09","guid":{"rendered":"http:\/\/rowvenice.org\/?page_id=3851"},"modified":"2024-02-06T22:26:09","modified_gmt":"2024-02-06T21:26:09","slug":"last-minute","status":"publish","type":"page","link":"https:\/\/rowvenice.org\/fr\/last-minute\/","title":{"rendered":"Derni\u00e8re Minute?"},"content":{"rendered":"<p>[et_pb_section fb_built=&#8221;1&#8243; _builder_version=&#8221;4.16&#8243; global_colors_info=&#8221;&#8221;][et_pb_row _builder_version=&#8221;4.16&#8243; max_width=&#8221;80%&#8221; module_alignment=&#8221;center&#8221; custom_margin=&#8221;0px|||&#8221; custom_padding=&#8221;0px|||&#8221; use_custom_width=&#8221;on&#8221; width_unit=&#8221;off&#8221; global_colors_info=&#8221;&#8221;][et_pb_column type=&#8221;4_4&#8243; _builder_version=&#8221;4.16&#8243; custom_padding=&#8221;|||&#8221; global_colors_info=&#8221;&#8221; custom_padding__hover=&#8221;|||&#8221;][et_pb_post_title meta=&#8221;off&#8221; featured_image=&#8221;off&#8221; _builder_version=&#8221;4.16&#8243; title_font_size=&#8221;36px&#8221; global_colors_info=&#8221;&#8221;][\/et_pb_post_title][\/et_pb_column][\/et_pb_row][et_pb_row column_structure=&#8221;1_2,1_2&#8243; _builder_version=&#8221;4.16&#8243; max_width=&#8221;80%&#8221; module_alignment=&#8221;center&#8221; custom_margin=&#8221;0px|||&#8221; custom_padding=&#8221;0px|||&#8221; use_custom_width=&#8221;on&#8221; width_unit=&#8221;off&#8221; global_colors_info=&#8221;&#8221;][et_pb_column type=&#8221;1_2&#8243; _builder_version=&#8221;4.16&#8243; custom_padding=&#8221;|||&#8221; global_colors_info=&#8221;&#8221; custom_padding__hover=&#8221;|||&#8221;][et_pb_text admin_label=&#8221;ST w borders&#8221; _builder_version=&#8221;4.16&#8243; border_width_top=&#8221;0.5&#8243; border_color_top=&#8221;#aaaaaa&#8221; border_width_bottom=&#8221;0.5&#8243; border_color_bottom=&#8221;#aaaaaa&#8221; saved_tabs=&#8221;all&#8221; global_colors_info=&#8221;&#8221;]<\/p>\n<h4>Utilisez notre <a href=\"https:\/\/rowvenice.org\/\">CHAT EN DIRECT<\/a> ci-dessous pour demander un cours dans les prochaines 24 heures\u00a0!<\/h4>\n<p>[\/et_pb_text][et_pb_text _builder_version=&#8221;4.24.0&#8243; _module_preset=&#8221;default&#8221; global_colors_info=&#8221;&#8221;]<\/p>\n<ol style=\"margin: 20px 40px 10px;\">\n<li><a href=\"..\/..\/rv-venetian-rowing-lessons\/\">Examiner les le\u00e7ons et les co\u00fbts ici<\/a><\/li>\n<li>Faites-nous savoir votre disponibilit\u00e9 et le nombre de personnes et d&#8217;enfants de moins de 10 ans en utilisant notre <a href=\"https:\/\/rowvenice.org\/\"><strong>CHAT EN DIRECT<\/strong><\/a>, et inscrivez-vous en utilisant le <strong>formulaire ci-dessous<\/strong>.<\/li>\n<li>Nous vous proposerons des horaires en fonction des disponibilit\u00e9s, essayez d&#8217;\u00eatre le plus flexible possible !<\/li>\n<li><strong>Si vous \u00eates d\u00e9j\u00e0 inscrit<\/strong>, nous cr\u00e9erons votre r\u00e9servation et vous enverrons une demande de paiement pour confirmer.<br \/><strong>Sinon:<\/strong><br \/><a href=\"https:\/\/rowvenice.org\/book-now\">R\u00e9servez<strong> n&#8217;importe quel cours disponible apr\u00e8s-demain,<\/strong><\/a> nous vous enverrons une nouvelle confirmation avec l&#8217;heure convenue et \u00e0 bient\u00f4t\u00a0!<\/li>\n<\/ol>\n<p>Pour une le\u00e7on plus que 24 heures \u00e0 l&#8217;avance, <a href=\"..\/book-your-lesson\/\">reserver ici<\/a>.<\/p>\n<p>[\/et_pb_text][\/et_pb_column][et_pb_column type=&#8221;1_2&#8243; _builder_version=&#8221;4.16&#8243; custom_padding=&#8221;|||&#8221; global_colors_info=&#8221;&#8221; custom_padding__hover=&#8221;|||&#8221;][et_pb_image src=&#8221;https:\/\/rowvenice.org\/fr\/wp-content\/uploads\/2017\/12\/Lesson-3-batele.jpg&#8221; align_tablet=&#8221;center&#8221; align_phone=&#8221;center&#8221; align_last_edited=&#8221;on|desktop&#8221; _builder_version=&#8221;4.16&#8243; global_colors_info=&#8221;&#8221;]<\/p>\n<p style=\"text-align: left;\">[\/et_pb_image][\/et_pb_column][\/et_pb_row][et_pb_row _builder_version=&#8221;4.24.0&#8243; max_width=&#8221;80%&#8221; module_alignment=&#8221;center&#8221; custom_margin=&#8221;|||&#8221; custom_padding=&#8221;1em||||false|true&#8221; use_custom_width=&#8221;on&#8221; width_unit=&#8221;off&#8221; global_colors_info=&#8221;&#8221;][et_pb_column type=&#8221;4_4&#8243; _builder_version=&#8221;4.16&#8243; custom_padding=&#8221;|||&#8221; global_colors_info=&#8221;&#8221; custom_padding__hover=&#8221;|||&#8221;][et_pb_code _builder_version=&#8221;4.24.0&#8243; _module_preset=&#8221;default&#8221; width=&#8221;80%&#8221; max_width=&#8221;80%&#8221; module_alignment=&#8221;center&#8221; locked=&#8221;off&#8221; global_colors_info=&#8221;&#8221;]<script type=\"text\/javascript\" src=\"https:\/\/bookeo.com\/widget.js?a=224RMKEFW14A9BF97A8A&#038;startmode=signup&#038;languageCode=en_EN\"><\/script>[\/et_pb_code][\/et_pb_column][\/et_pb_row][\/et_pb_section]<\/p>\n","protected":false},"excerpt":{"rendered":"<p>Utilisez notre CHAT EN DIRECT ci-dessous pour demander un cours dans les prochaines 24 heures\u00a0! Examiner les le\u00e7ons et les co\u00fbts ici Faites-nous savoir votre disponibilit\u00e9 et le nombre de personnes et d&#8217;enfants de moins de 10 ans en utilisant notre CHAT EN DIRECT, et inscrivez-vous en utilisant le formulaire ci-dessous. Nous vous proposerons des [&hellip;]<\/p>\n","protected":false},"author":2,"featured_media":0,"parent":0,"menu_order":0,"comment_status":"closed","ping_status":"closed","template":"","meta":{"_et_pb_use_builder":"on","_et_pb_old_content":"","_et_gb_content_width":"","footnotes":""},"class_list":["post-3851","page","type-page","status-publish","hentry"],"_links":{"self":[{"href":"https:\/\/rowvenice.org\/fr\/wp-json\/wp\/v2\/pages\/3851","targetHints":{"allow":["GET"]}}],"collection":[{"href":"https:\/\/rowvenice.org\/fr\/wp-json\/wp\/v2\/pages"}],"about":[{"href":"https:\/\/rowvenice.org\/fr\/wp-json\/wp\/v2\/types\/page"}],"author":[{"embeddable":true,"href":"https:\/\/rowvenice.org\/fr\/wp-json\/wp\/v2\/users\/2"}],"replies":[{"embeddable":true,"href":"https:\/\/rowvenice.org\/fr\/wp-json\/wp\/v2\/comments?post=3851"}],"version-history":[{"count":42,"href":"https:\/\/rowvenice.org\/fr\/wp-json\/wp\/v2\/pages\/3851\/revisions"}],"predecessor-version":[{"id":211545,"href":"https:\/\/rowvenice.org\/fr\/wp-json\/wp\/v2\/pages\/3851\/revisions\/211545"}],"wp:attachment":[{"href":"https:\/\/rowvenice.org\/fr\/wp-json\/wp\/v2\/media?parent=3851"}],"curies":[{"name":"wp","href":"https:\/\/api.w.org\/{rel}","templated":true}]}}