{"id":3118,"date":"2015-01-23T15:37:36","date_gmt":"2015-01-23T15:37:36","guid":{"rendered":"http:\/\/rowvenice.net\/?page_id=3118"},"modified":"2018-01-09T15:41:39","modified_gmt":"2018-01-09T14:41:39","slug":"boats-belle-batele","status":"publish","type":"page","link":"https:\/\/rowvenice.org\/fr\/boats-belle-batele\/","title":{"rendered":"Nos Bateaux: Belle Batele"},"content":{"rendered":"<p>[et_pb_section fb_built=&#8221;1&#8243; _builder_version=&#8221;3.0.92&#8243;][et_pb_row _builder_version=&#8221;3.0.47&#8243; background_size=&#8221;initial&#8221; background_position=&#8221;top_left&#8221; background_repeat=&#8221;repeat&#8221;][et_pb_column type=&#8221;4_4&#8243; _builder_version=&#8221;3.0.47&#8243; parallax=&#8221;off&#8221; parallax_method=&#8221;on&#8221;][et_pb_post_title meta=&#8221;off&#8221; featured_placement=&#8221;background&#8221; text_color=&#8221;light&#8221; admin_label=&#8221;RV Post Title&#8221; _builder_version=&#8221;3.0.93&#8243; title_font_size=&#8221;38px&#8221; background_position=&#8221;center_left&#8221; background_blend=&#8221;darken&#8221; custom_margin=&#8221;|||&#8221; custom_padding=&#8221;|||&#8221; custom_padding_last_edited=&#8221;on|&#8221; mix_blend_mode=&#8221;darken&#8221; saved_tabs=&#8221;all&#8221; title_font=&#8221;||||||||&#8221; title_text_align=&#8221;center&#8221;]<br \/>\n[\/et_pb_post_title][et_pb_text admin_label=&#8221;ST w borders&#8221; _builder_version=&#8221;3.0.92&#8243; border_width_top=&#8221;0.5&#8243; border_color_top=&#8221;#aaaaaa&#8221; border_width_bottom=&#8221;0.5&#8243; border_color_bottom=&#8221;#aaaaaa&#8221; max_width=&#8221;85%&#8221; module_alignment=&#8221;center&#8221; saved_tabs=&#8221;all&#8221;]<\/p>\n<h4 style=\"text-align: center;\">la gondole embl\u00e9matique ne convient pas pour des le\u00e7ons de Voga, donc vous allez apprendre \u00e0 ramer dans notre rare, Signature batellina queue des crevettes, un bateau spacieux et beaucoup plus stable.<\/h4>\n<p>[\/et_pb_text][\/et_pb_column][\/et_pb_row][et_pb_row _builder_version=&#8221;3.0.47&#8243; background_size=&#8221;initial&#8221; background_position=&#8221;top_left&#8221; background_repeat=&#8221;repeat&#8221;][et_pb_column type=&#8221;1_2&#8243; _builder_version=&#8221;3.0.47&#8243; parallax=&#8221;off&#8221; parallax_method=&#8221;on&#8221;][et_pb_text _builder_version=&#8221;3.0.92&#8243; text_line_height=&#8221;1.9em&#8221;]<\/p>\n<p>Vous pouvez facilement rep\u00e9rer ces traditionnels, faits \u00e0 la main \u201ccrevettes-tailed\u201d bateaux dans de nombreux tableaux de Carpaccio, Guardi, ou Canaletto: une fois l&#8217;une des plus nombreuses dans la ville, ils ont presque disparu aujourd&#8217;hui.<\/p>\n<p>Fonctionnement quatre des sept qui existent aujourd&#8217;hui, Row Venice et leurs collaborateurs contribuent \u00e0 mettre ce magnifique m\u00e9tier de retour au premier plan,, au centre de la sc\u00e8ne.<\/p>\n<p>[\/et_pb_text][\/et_pb_column][et_pb_column type=&#8221;1_2&#8243; _builder_version=&#8221;3.0.47&#8243; parallax=&#8221;off&#8221; parallax_method=&#8221;on&#8221;][et_pb_image src=&#8221;https:\/\/rowvenice.org\/fr\/wp-content\/uploads\/2015\/01\/PalazzoCammello-batela.jpg&#8221; _builder_version=&#8221;3.0.92&#8243;][\/et_pb_image][\/et_pb_column][\/et_pb_row][et_pb_row _builder_version=&#8221;3.0.93&#8243; background_size=&#8221;initial&#8221; background_position=&#8221;top_left&#8221; background_repeat=&#8221;repeat&#8221; module_alignment=&#8221;center&#8221;][et_pb_column type=&#8221;4_4&#8243; _builder_version=&#8221;3.0.47&#8243; parallax=&#8221;off&#8221; parallax_method=&#8221;on&#8221;][et_pb_gallery gallery_ids=&#8221;4962,4925,4930&#8243; posts_number=&#8221;3&#8243; db_images_per_row=&#8221;3&#8243; db_image_max_width=&#8221;100px&#8221; db_image_max_width_tablet=&#8221;51&#8243; db_image_max_height_tablet=&#8221;501&#8243; db_image_row_spacing_tablet=&#8221;51&#8243; db_image_center_titles=&#8221;left&#8221; db_image_object_fit=&#8221;initial&#8221; show_title_and_caption=&#8221;off&#8221; show_pagination=&#8221;off&#8221; _builder_version=&#8221;3.0.93&#8243; pagination_font_size_tablet=&#8221;51&#8243; pagination_line_height_tablet=&#8221;2&#8243; custom_margin=&#8221;1px|1px|1px|1px&#8221;][\/et_pb_gallery][et_pb_image src=&#8221;https:\/\/rowvenice.org\/fr\/wp-content\/uploads\/2012\/12\/canaletto-bucintoro.jpg&#8221; align=&#8221;center&#8221; admin_label=&#8221;Image bacino&#8221; _builder_version=&#8221;3.0.92&#8243;][\/et_pb_image][\/et_pb_column][\/et_pb_row][\/et_pb_section]<\/p>\n","protected":false},"excerpt":{"rendered":"<p>la gondole embl\u00e9matique ne convient pas pour des le\u00e7ons de Voga, donc vous allez apprendre \u00e0 ramer dans notre rare, Signature batellina queue des crevettes, un bateau spacieux et beaucoup plus stable. Vous pouvez facilement rep\u00e9rer ces traditionnels, faits \u00e0 la main \u201ccrevettes-tailed\u201d bateaux dans de nombreux tableaux de Carpaccio, Guardi, ou Canaletto: une fois [&hellip;]<\/p>\n","protected":false},"author":2,"featured_media":4961,"parent":0,"menu_order":0,"comment_status":"closed","ping_status":"open","template":"","meta":{"_et_pb_use_builder":"on","_et_pb_old_content":"<h3>Because the iconic gondola is\u00a0not appropriate for voga lessons, you will learn to row in our rare, signature <em>batellina\u00a0coda di gambero<\/em>, a spacious and much more stable craft.<\/h3><p><img class=\"alignright wp-image-2755 size-full\" style=\"margin-bottom: 30px;\" src=\"http:\/\/rowvenice.org\/wp-content\/uploads\/row-venice-32-e1411456548161.jpg\" alt=\"Row Venice - Venetian Rowing Lessons\" width=\"773\" height=\"519\" \/><\/p><p>You can easily spot these traditional, hand-crafted \"shrimp-tailed\" boats in many paintings by Carpaccio, Guardi, or Canaletto: once one of the most numerous in the city, they've almost disappeared today. Operating four\u00a0of the seven\u00a0in existence today, Row Venice and their collaborators are helping to put this splendid craft back <em>in primo piano<\/em>, at center stage.<\/p><p><a href=\"http:\/\/rowvenice.org\/wp-content\/uploads\/PalazzoCammello-batela.jpg\"><img class=\"alignnone size-large wp-image-3129\" src=\"http:\/\/rowvenice.org\/wp-content\/uploads\/PalazzoCammello-batela-1024x681.jpg\" alt=\"PalazzoCammello batela\" width=\"660\" height=\"439\" \/><\/a><\/p>","_et_gb_content_width":"","footnotes":""},"class_list":["post-3118","page","type-page","status-publish","has-post-thumbnail","hentry"],"_links":{"self":[{"href":"https:\/\/rowvenice.org\/fr\/wp-json\/wp\/v2\/pages\/3118","targetHints":{"allow":["GET"]}}],"collection":[{"href":"https:\/\/rowvenice.org\/fr\/wp-json\/wp\/v2\/pages"}],"about":[{"href":"https:\/\/rowvenice.org\/fr\/wp-json\/wp\/v2\/types\/page"}],"author":[{"embeddable":true,"href":"https:\/\/rowvenice.org\/fr\/wp-json\/wp\/v2\/users\/2"}],"replies":[{"embeddable":true,"href":"https:\/\/rowvenice.org\/fr\/wp-json\/wp\/v2\/comments?post=3118"}],"version-history":[{"count":24,"href":"https:\/\/rowvenice.org\/fr\/wp-json\/wp\/v2\/pages\/3118\/revisions"}],"predecessor-version":[{"id":211314,"href":"https:\/\/rowvenice.org\/fr\/wp-json\/wp\/v2\/pages\/3118\/revisions\/211314"}],"wp:featuredmedia":[{"embeddable":true,"href":"https:\/\/rowvenice.org\/fr\/wp-json\/wp\/v2\/media\/4961"}],"wp:attachment":[{"href":"https:\/\/rowvenice.org\/fr\/wp-json\/wp\/v2\/media?parent=3118"}],"curies":[{"name":"wp","href":"https:\/\/api.w.org\/{rel}","templated":true}]}}