{"id":2985,"date":"2015-01-06T02:10:10","date_gmt":"2015-01-06T02:10:10","guid":{"rendered":"http:\/\/rowvenice.net\/?page_id=2985"},"modified":"2018-01-15T20:54:00","modified_gmt":"2018-01-15T19:54:00","slug":"book-your-lesson","status":"publish","type":"page","link":"https:\/\/rowvenice.org\/fr\/book-your-lesson\/","title":{"rendered":"R\u00e9servez Maintenant"},"content":{"rendered":"<p>[et_pb_section fb_built=&#8221;1&#8243; admin_label=&#8221;section&#8221; _builder_version=&#8221;3.0.47&#8243;][et_pb_row use_custom_width=&#8221;on&#8221; width_unit=&#8221;off&#8221; custom_width_percent=&#8221;95%&#8221; use_custom_gutter=&#8221;on&#8221; gutter_width=&#8221;2&#8243; custom_padding=&#8221;|1em||1em&#8221; make_equal=&#8221;on&#8221; background_color=&#8221;rgba(226,226,226,0.31)&#8221; _builder_version=&#8221;3.0.92&#8243; background_size=&#8221;initial&#8221; background_position=&#8221;top_left&#8221; background_repeat=&#8221;repeat&#8221; module_alignment=&#8221;center&#8221; custom_css_main_element=&#8221;min-width: 95%&#8221;][et_pb_column type=&#8221;1_4&#8243; _builder_version=&#8221;3.0.47&#8243; parallax=&#8221;off&#8221; parallax_method=&#8221;on&#8221;][et_pb_blurb title=&#8221;R\u00e9servez maintenant&#8221; url=&#8221;https:\/\/rowvenice.org\/fr\/book-now&#8221; use_icon=&#8221;on&#8221; font_icon=&#8221;%%128%%&#8221; icon_color=&#8221;#75124f&#8221; use_icon_font_size=&#8221;on&#8221; icon_font_size=&#8221;50px&#8221; admin_label=&#8221;Book now&#8221; _builder_version=&#8221;3.0.94&#8243; header_font=&#8221;|600||on|||||&#8221; header_text_align=&#8221;center&#8221; header_font_size=&#8221;20&#8243; header_text_color=&#8221;#187795&#8243; body_text_align=&#8221;center&#8221; custom_margin=&#8221;|||&#8221; custom_padding=&#8221;|||&#8221;]Remplissez ce formulaire pour r\u00e9server une le\u00e7on plus d&#8217;un jour \u00e0 l&#8217;avance.[\/et_pb_blurb][\/et_pb_column][et_pb_column type=&#8221;1_4&#8243; _builder_version=&#8221;3.0.47&#8243; parallax=&#8221;off&#8221; parallax_method=&#8221;on&#8221;][et_pb_blurb title=&#8221;DERNI\u00c8RE MINUTE?&#8221; url=&#8221;https:\/\/rowvenice.org\/fr\/last-minute\/&#8221; use_icon=&#8221;on&#8221; font_icon=&#8221;%%373%%&#8221; icon_color=&#8221;#75124f&#8221; use_icon_font_size=&#8221;on&#8221; icon_font_size=&#8221;50px&#8221; admin_label=&#8221;LM&#8221; _builder_version=&#8221;3.0.93&#8243; header_font=&#8221;|600|||||||&#8221; header_text_align=&#8221;center&#8221; header_font_size=&#8221;20&#8243; header_text_color=&#8221;#187795&#8243; body_text_align=&#8221;center&#8221;]Pour r\u00e9server une le\u00e7on moins 24 heures \u00e0 l&#8217;avance,\u00a0<a href=\"..\/last-minute\/\">cliquez ici<\/a>.[\/et_pb_blurb][\/et_pb_column][et_pb_column type=&#8221;1_4&#8243; _builder_version=&#8221;3.0.47&#8243; parallax=&#8221;off&#8221; parallax_method=&#8221;on&#8221;][et_pb_blurb title=&#8221;S&#8217;INSCRIRE&#8221; url=&#8221;https:\/\/rowvenice.org\/fr\/rv-signup\/&#8221; use_icon=&#8221;on&#8221; font_icon=&#8221;%%149%%&#8221; icon_color=&#8221;#75124f&#8221; use_icon_font_size=&#8221;on&#8221; icon_font_size=&#8221;50px&#8221; admin_label=&#8221;Sign up&#8221; _builder_version=&#8221;3.0.95&#8243; header_font=&#8221;|600|||||||&#8221; header_text_align=&#8221;center&#8221; header_font_size=&#8221;20&#8243; header_text_color=&#8221;#187795&#8243; body_text_align=&#8221;center&#8221;]Si vous avez un grand groupe, que vous souhaitez acheter un bon cadeau ou que vous n&#8217;\u00eates pas encore pr\u00eat \u00e0 r\u00e9server, cr\u00e9ez un compte pour commencer.[\/et_pb_blurb][\/et_pb_column][et_pb_column type=&#8221;1_4&#8243; _builder_version=&#8221;3.0.47&#8243; parallax=&#8221;off&#8221; parallax_method=&#8221;on&#8221;][et_pb_blurb title=&#8221;SE CONNECTER&#8221; url=&#8221;https:\/\/rowvenice.org\/fr\/rv-signin\/&#8221; use_icon=&#8221;on&#8221; font_icon=&#8221;%%75%%&#8221; icon_color=&#8221;#75124f&#8221; use_icon_font_size=&#8221;on&#8221; icon_font_size=&#8221;50px&#8221; admin_label=&#8221;Sign in&#8221; _builder_version=&#8221;3.0.95&#8243; header_font=&#8221;|600|||||||&#8221; header_text_align=&#8221;center&#8221; header_font_size=&#8221;20&#8243; header_text_color=&#8221;#187795&#8243; body_text_align=&#8221;center&#8221;]Pour r\u00e9viser ou modifier ou mettre \u00e0 jour une r\u00e9servation existante, connectez-vous \u00e0 votre compte.[\/et_pb_blurb][\/et_pb_column][\/et_pb_row][et_pb_row use_custom_width=&#8221;on&#8221; custom_width_px=&#8221;901px&#8221; admin_label=&#8221;row&#8221; _builder_version=&#8221;3.0.92&#8243; background_size=&#8221;initial&#8221; background_position=&#8221;top_left&#8221; background_repeat=&#8221;repeat&#8221;][et_pb_column type=&#8221;1_3&#8243; _builder_version=&#8221;3.0.47&#8243; parallax=&#8221;off&#8221; parallax_method=&#8221;on&#8221;][et_pb_text _builder_version=&#8221;3.0.92&#8243;]<span style=\"color: #800080;\"><strong>R\u00e9servez t\u00f4t votre s\u00e9jour<\/strong><\/span> d\u00e8s que possible. En cas de rares probl\u00e8mes m\u00e9t\u00e9orologiques que nous aurons alors une chance de reporter au lieu d&#8217;annuler d\u00e9finitivement.[\/et_pb_text][\/et_pb_column][et_pb_column type=&#8221;1_3&#8243; _builder_version=&#8221;3.0.47&#8243; parallax=&#8221;off&#8221; parallax_method=&#8221;on&#8221;][et_pb_text _builder_version=&#8221;3.0.92&#8243;]<span style=\"color: #800080;\"><strong>Groupe de plus 4 adultes?<\/strong><\/span> Vous aurez besoin de r\u00e9server plus d&#8217;un bateau. Il suffit de s\u00e9lectionner le premier bateau, puis avant de terminer le paiement choisir \u201cajouter une autre activit\u00e9\u201d pour la m\u00eame date et l&#8217;heure.[\/et_pb_text][\/et_pb_column][et_pb_column type=&#8221;1_3&#8243; _builder_version=&#8221;3.0.47&#8243; parallax=&#8221;off&#8221; parallax_method=&#8221;on&#8221;][et_pb_text _builder_version=&#8221;3.0.93&#8243;]<strong><span style=\"color: #800080;\">Groupe de plus 8 adultes?<\/span><\/strong> Cr\u00e9ez d&#8217;abord votre compte, puis contactez-nous avec votre demande.[\/et_pb_text][\/et_pb_column][\/et_pb_row][et_pb_row use_custom_width=&#8221;on&#8221; width_unit=&#8221;off&#8221; module_id=&#8221;booking-form&#8221; _builder_version=&#8221;3.0.92&#8243; module_alignment=&#8221;center&#8221;][et_pb_column type=&#8221;4_4&#8243; _builder_version=&#8221;3.0.47&#8243; parallax=&#8221;off&#8221; parallax_method=&#8221;on&#8221;][et_pb_image src=&#8221;https:\/\/rowvenice.org\/fr\/wp-content\/uploads\/2015\/02\/rv_slides-4.jpg&#8221; _builder_version=&#8221;3.0.92&#8243;]\u00a0[\/et_pb_image][\/et_pb_column][\/et_pb_row][\/et_pb_section]<\/p>\n","protected":false},"excerpt":{"rendered":"<p>Remplissez ce formulaire pour r\u00e9server une le\u00e7on plus d&#8217;un jour \u00e0 l&#8217;avance.Pour r\u00e9server une le\u00e7on moins 24 heures \u00e0 l&#8217;avance,\u00a0cliquez ici.Si vous avez un grand groupe, que vous souhaitez acheter un bon cadeau ou que vous n&#8217;\u00eates pas encore pr\u00eat \u00e0 r\u00e9server, cr\u00e9ez un compte pour commencer.Pour r\u00e9viser ou modifier ou mettre \u00e0 jour une [&hellip;]<\/p>\n","protected":false},"author":2,"featured_media":0,"parent":0,"menu_order":0,"comment_status":"closed","ping_status":"closed","template":"","meta":{"_et_pb_use_builder":"on","_et_pb_old_content":"<a href=\"http:\/\/rowvenice.org\/last-minute\/\"><span style=\"color: #ff6600;\">LAST MINUTE?<\/span><\/a> To book a lesson less than 24 hours in advance, <a href=\"http:\/\/rowvenice.org\/last-minute\/\">click here.<\/a>\r\n\r\n<span style=\"color: #ff6600;\">Book early in your stay<\/span>\u00a0whenever possible.\u00a0In case of rare weather problems we'll then have a chance to reschedule instead of canceling definitively.\r\n\r\n<span style=\"color: #ff6600;\">Group of more\u00a0than 4 adults?<\/span> You'll need to reserve\u00a0more than one boat. Just select\u00a0the first boat, then before completing payment choose \"add another activity\" for the same date and time.\r\n\r\n*PLEASE NOTE* For private\u00a0bookings (not tour operators) of more than one boat, we\u00a0will need a name, place and date of birth for one adult\u00a0for each boat reserved.\r\n\r\n[bookeo]","_et_gb_content_width":"","footnotes":""},"class_list":["post-2985","page","type-page","status-publish","hentry"],"_links":{"self":[{"href":"https:\/\/rowvenice.org\/fr\/wp-json\/wp\/v2\/pages\/2985","targetHints":{"allow":["GET"]}}],"collection":[{"href":"https:\/\/rowvenice.org\/fr\/wp-json\/wp\/v2\/pages"}],"about":[{"href":"https:\/\/rowvenice.org\/fr\/wp-json\/wp\/v2\/types\/page"}],"author":[{"embeddable":true,"href":"https:\/\/rowvenice.org\/fr\/wp-json\/wp\/v2\/users\/2"}],"replies":[{"embeddable":true,"href":"https:\/\/rowvenice.org\/fr\/wp-json\/wp\/v2\/comments?post=2985"}],"version-history":[{"count":49,"href":"https:\/\/rowvenice.org\/fr\/wp-json\/wp\/v2\/pages\/2985\/revisions"}],"predecessor-version":[{"id":211355,"href":"https:\/\/rowvenice.org\/fr\/wp-json\/wp\/v2\/pages\/2985\/revisions\/211355"}],"wp:attachment":[{"href":"https:\/\/rowvenice.org\/fr\/wp-json\/wp\/v2\/media?parent=2985"}],"curies":[{"name":"wp","href":"https:\/\/api.w.org\/{rel}","templated":true}]}}