{"id":2633,"date":"2014-08-30T12:52:09","date_gmt":"2014-08-30T12:52:09","guid":{"rendered":"http:\/\/rowvenice.net\/?page_id=2633"},"modified":"2024-01-05T11:23:29","modified_gmt":"2024-01-05T10:23:29","slug":"rv-venetian-rowing-lessons","status":"publish","type":"page","link":"https:\/\/rowvenice.org\/fr\/rv-venetian-rowing-lessons\/","title":{"rendered":"Aviron Le\u00e7on Venetian: Prova la voga!"},"content":{"rendered":"<p>[et_pb_section fb_built=&#8221;1&#8243; _builder_version=&#8221;4.16&#8243; custom_padding=&#8221;|0px||0px&#8221; global_colors_info=&#8221;&#8221;][et_pb_row _builder_version=&#8221;4.16&#8243; global_colors_info=&#8221;&#8221;][et_pb_column type=&#8221;4_4&#8243; _builder_version=&#8221;4.16&#8243; custom_padding=&#8221;|||&#8221; global_colors_info=&#8221;&#8221; custom_padding__hover=&#8221;|||&#8221;][et_pb_post_title meta=&#8221;off&#8221; featured_placement=&#8221;background&#8221; text_color=&#8221;light&#8221; admin_label=&#8221;RV Post Title&#8221; _builder_version=&#8221;4.16&#8243; title_font=&#8221;||||||||&#8221; title_text_align=&#8221;center&#8221; title_font_size=&#8221;38px&#8221; background_color=&#8221;rgba(11,57,84,0.2)&#8221; background_position=&#8221;top_center&#8221; background_blend=&#8221;darken&#8221; custom_margin=&#8221;|||&#8221; custom_padding_tablet=&#8221;&#8221; custom_padding_phone=&#8221;&#8221; custom_padding_last_edited=&#8221;on|desktop&#8221; title_text_shadow_style=&#8221;preset1&#8243; saved_tabs=&#8221;all&#8221; global_colors_info=&#8221;&#8221;]&nbsp;<br \/>\n[\/et_pb_post_title][et_pb_text admin_label=&#8221;ST w borders&#8221; _builder_version=&#8221;4.16&#8243; max_width=&#8221;85%&#8221; module_alignment=&#8221;center&#8221; border_width_top=&#8221;0.5&#8243; border_color_top=&#8221;#aaaaaa&#8221; border_width_bottom=&#8221;0.5&#8243; border_color_bottom=&#8221;#aaaaaa&#8221; saved_tabs=&#8221;all&#8221; global_colors_info=&#8221;&#8221;]<\/p>\n<h4 style=\"text-align: center;\">Row Venice propose trois fa\u00e7ons diff\u00e9rentes de s&#8217;essayer \u00e0 l&#8217;aviron v\u00e9nitien; faites votre choix et r\u00e9servez directement en ligne.<\/h4>\n<p>[\/et_pb_text][\/et_pb_column][\/et_pb_row][et_pb_row column_structure=&#8221;1_3,1_3,1_3&#8243; use_custom_gutter=&#8221;on&#8221; gutter_width=&#8221;2&#8243; make_equal=&#8221;on&#8221; _builder_version=&#8221;3.25&#8243; background_color=&#8221;rgba(121,153,117,0.05)&#8221; module_alignment=&#8221;center&#8221; custom_margin=&#8221;||15px|&#8221; custom_padding=&#8221;|1%||2%&#8221; custom_css_main_element=&#8221;min-width: 100%; ||padding: 2%;&#8221; global_module=&#8221;4779&#8243; global_colors_info=&#8221;&#8221;][et_pb_column type=&#8221;1_3&#8243; _builder_version=&#8221;4.16&#8243; custom_padding=&#8221;|2%||&#8221; global_colors_info=&#8221;&#8221; custom_padding__hover=&#8221;|||&#8221;][et_pb_blurb title=&#8221;V\u00e9nitiennes aviron Le\u00e7ons&#8221; url=&#8221;https:\/\/rowvenice.org\/fr\/venetian-rowing-lesson\/&#8221; image=&#8221;https:\/\/rowvenice.org\/fr\/wp-content\/uploads\/2014\/09\/row-venice-162.jpg&#8221; admin_label=&#8221;RVlez blurb&#8221; _builder_version=&#8221;4.16&#8243; header_level=&#8221;h3&#8243; header_text_align=&#8221;center&#8221; header_font_size=&#8221;24&#8243; text_orientation=&#8221;center&#8221; custom_padding=&#8221;|||&#8221; box_shadow_style_image=&#8221;preset1&#8243; saved_tabs=&#8221;all&#8221; global_colors_info=&#8221;&#8221;]<\/p>\n<p>Notre le\u00e7on priv\u00e9e classique, 90-minutes, le\u00e7on priv\u00e9e pour un maximum de quatre personnes dans un cadre traditionnel, Venetian fabriqu\u00e9s \u00e0 la main tout en bois batellina artisanat.<\/p>\n<p style=\"padding-left: 30px; text-align: center;\">\u2022 Offert de 10h00 \u00e0 16h00 (\u00e0 partir de 8h30 d&#8217;avril \u00e0 octobre)<\/p>\n<p style=\"text-align: center;\">\u2022 Le co\u00fbt total (par bateau) est de 100 \u20ac pour 1 ou 2 personnes, de 130 \u20ac pour 3 personnes et de 150\u20ac pour 4 personnes. Une groupe de 5 personnes peut r\u00e9server une plus grande batela, il co\u00fbt est di \u20ac220.<\/p>\n<p style=\"text-align: center;\">\u2022 Pour les groupes de plus de 8 personnes, le co\u00fbt est de 40 \u20ac par personne.<\/p>\n<p>[\/et_pb_blurb][\/et_pb_column][et_pb_column type=&#8221;1_3&#8243; _builder_version=&#8221;4.16&#8243; custom_padding=&#8221;|2%||&#8221; global_colors_info=&#8221;&#8221; custom_padding__hover=&#8221;|||&#8221;][et_pb_blurb title=&#8221;Cichetto Row&#8221; url=&#8221;https:\/\/rowvenice.org\/fr\/rv-cichetto-row\/&#8221; image=&#8221;https:\/\/rowvenice.org\/fr\/wp-content\/uploads\/2016\/07\/Cichetto-Row-8-July-1-1.jpg&#8221; alt=&#8221;Row Venice Cichetto Row&#8221; admin_label=&#8221;RVlez blurb&#8221; _builder_version=&#8221;4.16&#8243; header_level=&#8221;h3&#8243; header_text_align=&#8221;center&#8221; header_font_size=&#8221;24&#8243; text_orientation=&#8221;center&#8221; custom_padding=&#8221;|||&#8221; box_shadow_style_image=&#8221;preset1&#8243; saved_tabs=&#8221;all&#8221; global_colors_info=&#8221;&#8221;]<\/p>\n<p>O\u00f9 les gourmets et les amateurs de vin suivent leur cours avec un tour de vins, employant leurs comp\u00e9tences nouvellement acquises \u00e0 ramer \u00e0 deux s\u00e9par\u00e9s Bacar bars \u00e0 vin, et jouir d&#8217;une d\u00e9gustation traditionnelle et le vin de Venise (inclus).<\/p>\n<p>\u2022 2,15 heures, \u00e0 partir de 17h30 Avril-octobre; \u00e0 partir de 11h30 de novembre \u00e0 mars.<\/p>\n<p>\u2022 De 225 \u20ac \u00e0 300 \u20ac par bateau pour 1 \u00e0 4 personnes, nourriture et boissons comprises.<\/p>\n<p>\u2022 Les groupes de 5 peuvent r\u00e9server deux bateaux que nous gardons ensemble pendant la le\u00e7on.\u00a0 Ou, nous avons une plus grande batela <strong>pour 5 personnes seulement<\/strong>; le co\u00fbt est de 420 \u20ac.<\/p>\n<p>[\/et_pb_blurb][\/et_pb_column][et_pb_column type=&#8221;1_3&#8243; _builder_version=&#8221;4.16&#8243; custom_padding=&#8221;|2%||&#8221; global_colors_info=&#8221;&#8221; custom_padding__hover=&#8221;|||&#8221;][et_pb_blurb title=&#8221;D\u00e9roul\u00e9s votre rames sur le Grand Canal&#8221; url=&#8221;https:\/\/rowvenice.org\/fr\/rv-grand-canal\/&#8221; image=&#8221;https:\/\/rowvenice.org\/fr\/wp-content\/uploads\/2016\/07\/RV-Vogata-di-Sera-1.jpg&#8221; admin_label=&#8221;RVlez blurb&#8221; _builder_version=&#8221;4.23.4&#8243; header_level=&#8221;h3&#8243; header_text_align=&#8221;center&#8221; header_font_size=&#8221;24&#8243; text_orientation=&#8221;center&#8221; custom_padding=&#8221;|||&#8221; hover_enabled=&#8221;0&#8243; box_shadow_style_image=&#8221;preset1&#8243; saved_tabs=&#8221;all&#8221; global_colors_info=&#8221;&#8221; sticky_enabled=&#8221;0&#8243;]<\/p>\n<p>La le\u00e7on d&#8217;aviron de soir\u00e9e priv\u00e9e priv\u00e9 d&#8217;une heure et demie qui prend place in le Canale Grande apr\u00e8s que la ville commence \u00e0 se d\u00e9tendre, du cr\u00e9puscule, ainsi que pendant la journ\u00e9e le dimanche (sans bateau de travail).<\/p>\n<p>\u2022 <strong>Le Grand Canal Dimanche<\/strong> est propos\u00e9e \u00e0 10h00, 11h30, 13h00, 14h30 et 16h00 toute l&#8217;ann\u00e9e (8h30 en \u00e9t\u00e9). Le co\u00fbt total est de 160 \u20ac pour la petite batela de 1 \u00e0 4 personnes. Pour la batela la plus grande (groupes de 5 personnes) le co\u00fbt total est de 240\u20ac.<\/p>\n<p>\u2022 <strong>Le Grand Canal de Soir\u00e9e<\/strong> commence \u00e0 20h d&#8217;avril \u00e0 octobre et \u00e0 17h30 Nov &#8211; Mars. Il en co\u00fbte 180 \u20ac total pour 1-4 personnes; les groupes de 5 peuvent r\u00e9server une batela plus grande pour 320\u20ac.<\/p>\n<p>[\/et_pb_blurb][\/et_pb_column][\/et_pb_row][et_pb_row column_structure=&#8221;1_4,1_2,1_4&#8243; _builder_version=&#8221;4.16&#8243; background_size=&#8221;initial&#8221; background_position=&#8221;top_left&#8221; background_repeat=&#8221;repeat&#8221; global_colors_info=&#8221;&#8221;][et_pb_column type=&#8221;1_4&#8243; _builder_version=&#8221;4.16&#8243; custom_padding=&#8221;|||&#8221; global_colors_info=&#8221;&#8221; custom_padding__hover=&#8221;|||&#8221;][et_pb_image src=&#8221;https:\/\/rowvenice.org\/fr\/wp-content\/uploads\/2017\/12\/Kids-Row-Venice-at-the-helm.jpg&#8221; align_tablet=&#8221;center&#8221; align_phone=&#8221;&#8221; align_last_edited=&#8221;on|desktop&#8221; _builder_version=&#8221;4.16&#8243; global_colors_info=&#8221;&#8221;]&nbsp;<br \/>\n[\/et_pb_image][\/et_pb_column][et_pb_column type=&#8221;1_2&#8243; _builder_version=&#8221;4.16&#8243; custom_padding=&#8221;|||&#8221; global_colors_info=&#8221;&#8221; custom_padding__hover=&#8221;|||&#8221;][et_pb_text _builder_version=&#8221;4.16&#8243; global_colors_info=&#8221;&#8221;]Row Venice Srl SD est une association sans but lucratif; noter qu&#8217;une partie de votre paiement de la le\u00e7on va pour soutenir les femmes et les athl\u00e8tes de la jeunesse voga alla veneta avec une vari\u00e9t\u00e9 d&#8217;associations qui organisent des activit\u00e9s qui soutiennent ce style d&#8217;aviron exceptionnelle \u00e0 Venise, et au-del\u00e0.<\/p>\n<p>Que vous ramez Venise comme une activit\u00e9 de loisir, partie d&#8217;une \u00e9preuve d&#8217;aviron, ou sportif r\u00e9gates -You &#8216;ll arriver \u00e0 comprendre comment le la technique de la voga fait partie int\u00e9grante du patrimoine v\u00e9nitien.<\/p>\n<h3 style=\"text-align: center;\">Vous connaissez d\u00e9j\u00e0 votre pr\u00e9f\u00e9rence?<\/h3>\n<p>[\/et_pb_text][et_pb_cta button_url=&#8221;https:\/\/rowvenice.org\/fr\/book-your-lesson\/&#8221; button_text=&#8221;Plus d&#8217;info&#8221; disabled_on=&#8221;off||&#8221; admin_label=&#8221;Book Your Lesson&#8221; _builder_version=&#8221;3.24.1&#8243; header_level=&#8221;h4&#8243; header_font_size=&#8221;16px&#8221; use_background_color=&#8221;off&#8221; custom_button=&#8221;on&#8221; button_bg_color=&#8221;#75124f&#8221; button_border_width=&#8221;2px&#8221; button_font=&#8221;|700|||||||&#8221; button_use_icon=&#8221;off&#8221; button_alignment=&#8221;center&#8221; custom_margin=&#8221;-30px||20px|&#8221; custom_margin_last_edited=&#8221;off|desktop&#8221; z_index_tablet=&#8221;500&#8243; header_text_shadow_horizontal_length_tablet=&#8221;0px&#8221; header_text_shadow_vertical_length_tablet=&#8221;0px&#8221; header_text_shadow_blur_strength_tablet=&#8221;1px&#8221; body_text_shadow_horizontal_length_tablet=&#8221;0px&#8221; body_text_shadow_vertical_length_tablet=&#8221;0px&#8221; body_text_shadow_blur_strength_tablet=&#8221;1px&#8221; body_link_text_shadow_horizontal_length_tablet=&#8221;0px&#8221; body_link_text_shadow_vertical_length_tablet=&#8221;0px&#8221; body_link_text_shadow_blur_strength_tablet=&#8221;1px&#8221; body_ul_text_shadow_horizontal_length_tablet=&#8221;0px&#8221; body_ul_text_shadow_vertical_length_tablet=&#8221;0px&#8221; body_ul_text_shadow_blur_strength_tablet=&#8221;1px&#8221; body_ol_text_shadow_horizontal_length_tablet=&#8221;0px&#8221; body_ol_text_shadow_vertical_length_tablet=&#8221;0px&#8221; body_ol_text_shadow_blur_strength_tablet=&#8221;1px&#8221; body_quote_text_shadow_horizontal_length_tablet=&#8221;0px&#8221; body_quote_text_shadow_vertical_length_tablet=&#8221;0px&#8221; body_quote_text_shadow_blur_strength_tablet=&#8221;1px&#8221; button_text_shadow_horizontal_length_tablet=&#8221;0px&#8221; button_text_shadow_vertical_length_tablet=&#8221;0px&#8221; button_text_shadow_blur_strength_tablet=&#8221;1px&#8221; box_shadow_horizontal_tablet=&#8221;0px&#8221; box_shadow_vertical_tablet=&#8221;0px&#8221; box_shadow_blur_tablet=&#8221;40px&#8221; box_shadow_spread_tablet=&#8221;0px&#8221; box_shadow_style_button=&#8221;preset1&#8243; text_shadow_horizontal_length_tablet=&#8221;0px&#8221; text_shadow_vertical_length_tablet=&#8221;0px&#8221; text_shadow_blur_strength_tablet=&#8221;1px&#8221; button_text_color_hover=&#8221;#57124f&#8221; button_border_color_hover=&#8221;#75124f&#8221; global_module=&#8221;4522&#8243; saved_tabs=&#8221;all&#8221; global_colors_info=&#8221;&#8221; button_text_size__hover_enabled=&#8221;off&#8221; button_one_text_size__hover_enabled=&#8221;off&#8221; button_two_text_size__hover_enabled=&#8221;off&#8221; button_text_color__hover_enabled=&#8221;on&#8221; button_text_color__hover=&#8221;#57124f&#8221; button_one_text_color__hover_enabled=&#8221;off&#8221; button_two_text_color__hover_enabled=&#8221;off&#8221; button_border_width__hover_enabled=&#8221;off&#8221; button_one_border_width__hover_enabled=&#8221;off&#8221; button_two_border_width__hover_enabled=&#8221;off&#8221; button_border_color__hover_enabled=&#8221;on&#8221; button_border_color__hover=&#8221;#75124f&#8221; button_one_border_color__hover_enabled=&#8221;off&#8221; button_two_border_color__hover_enabled=&#8221;off&#8221; button_border_radius__hover_enabled=&#8221;off&#8221; button_one_border_radius__hover_enabled=&#8221;off&#8221; button_two_border_radius__hover_enabled=&#8221;off&#8221; button_letter_spacing__hover_enabled=&#8221;off&#8221; button_one_letter_spacing__hover_enabled=&#8221;off&#8221; button_two_letter_spacing__hover_enabled=&#8221;off&#8221; button_bg_color__hover_enabled=&#8221;off&#8221; button_one_bg_color__hover_enabled=&#8221;off&#8221; button_two_bg_color__hover_enabled=&#8221;off&#8221;][\/et_pb_cta][\/et_pb_column][et_pb_column type=&#8221;1_4&#8243; _builder_version=&#8221;4.16&#8243; custom_padding=&#8221;|||&#8221; global_colors_info=&#8221;&#8221; custom_padding__hover=&#8221;|||&#8221;][et_pb_image src=&#8221;https:\/\/rowvenice.org\/fr\/wp-content\/uploads\/2017\/12\/Lesson-home-stretch.jpg&#8221; show_in_lightbox=&#8221;on&#8221; align_tablet=&#8221;center&#8221; align_phone=&#8221;&#8221; align_last_edited=&#8221;on|desktop&#8221; _builder_version=&#8221;4.16&#8243; global_colors_info=&#8221;&#8221;]&nbsp;<br \/>\n[\/et_pb_image][\/et_pb_column][\/et_pb_row][\/et_pb_section]<\/p>\n","protected":false},"excerpt":{"rendered":"<p>&nbsp; Row Venice propose trois fa\u00e7ons diff\u00e9rentes de s&#8217;essayer \u00e0 l&#8217;aviron v\u00e9nitien; faites votre choix et r\u00e9servez directement en ligne. Notre le\u00e7on priv\u00e9e classique, 90-minutes, le\u00e7on priv\u00e9e pour un maximum de quatre personnes dans un cadre traditionnel, Venetian fabriqu\u00e9s \u00e0 la main tout en bois batellina artisanat. \u2022 Offert de 10h00 \u00e0 16h00 (\u00e0 partir [&hellip;]<\/p>\n","protected":false},"author":2,"featured_media":3168,"parent":0,"menu_order":0,"comment_status":"closed","ping_status":"open","template":"","meta":{"_et_pb_use_builder":"on","_et_pb_old_content":"<h4><strong><a href=\"https:\/\/rowvenice.org\/wp-content\/uploads\/voga-e-vela.jpg\"><img class=\"alignright wp-image-3773\" src=\"https:\/\/rowvenice.org\/wp-content\/uploads\/voga-e-vela-768x1024.jpg\" alt=\"voga e vela\" width=\"304\" height=\"402\" \/><\/a><a title=\"Prova la voga\" href=\"https:\/\/rowvenice.org\/fr-venetian-rowing-lesson\/\">Venetian Rowing Lessons<\/a><\/strong><\/h4><p>Our classic, 90-minute, private lesson for up to four people in a\u00a0traditional, Venetian hand-crafted all-wood batellina craft. Offered from 10 a.m. to 4 p.m (8:30 a.m. and 17.30 from Apr-Oct). Total cost (per boat) is\u00a0\u20ac85 for\u00a01 or 2 people, \u20ac120 for 3 people, and \u20ac140 for 4 people.<\/p><h4><strong><a title=\"Cichetto Row\" href=\"https:\/\/rowvenice.org\/fr-cichetto-row\/\">Cichetto Row<\/a><\/strong><\/h4><p>Where\u00a0foodies and wine enthusiasts follow their lesson\u00a0with a <em>giro d'ombra<\/em>, employing their newly acquired skills to row\u00a0to two separate <em>b\u00e0cari <\/em>wine bars,\u00a0sampling food and wine of Venice (included). Offered at 5:30 p.m. (11:30 a.m. from Nov-Mar). From \u20ac240 -\u00a0\u20ac280 from 1-4 people, food and drinks included.<\/p><h4><strong><a title=\"Vogata di Sera\" href=\"https:\/\/rowvenice.org\/fr-evening-voga-lesson\/\">Evening Row in the Grand Canal<\/a><\/strong><\/h4><p>A 90-minute, private evening rowing lesson\u00a0that takes placein\u00a0the Canale Grande after the city begins to relax, from dusk on. Offered at 8 p.m. (5:30 pm from Nov - Mar). \u20ac180 for from\u00a01-4 people.<\/p><h3 style=\"text-align: center;\">Already know your preference?\u00a0<a title=\"Booking Now\" href=\"https:\/\/rowvenice.org\/book-now\/\">Book Now<\/a>.<\/h3><p><a href=\"https:\/\/rowvenice.org\/wp-content\/uploads\/row-venice-232.jpg\"><img class=\"alignright wp-image-2775\" src=\"https:\/\/rowvenice.org\/wp-content\/uploads\/row-venice-232.jpg\" alt=\"Row Venice - Venetian Rowing Lessons\" width=\"303\" height=\"449\" \/><\/a>Row Venice Srl SD is a non-profit association; note that part of your lesson\u00a0payment goes to\u00a0support\u00a0local women and youth voga alla veneta athletes along with\u00a0a variety of associations that\u00a0organise\u00a0activities that sustain this unique rowing style in Venice, and beyond.<\/p><p>Whether you row Venice as a leisure activity, part of a rowing event, or sporting <em>regate<\/em> \u2014you'll come to understand how the <em>voga<\/em> is an integral part of Venetian heritage.<\/p><p><a href=\"https:\/\/rowvenice.org\/wp-content\/uploads\/rv-lesson-2.jpg\"><img class=\"aligncenter size-full wp-image-3899\" src=\"https:\/\/rowvenice.org\/wp-content\/uploads\/rv-lesson-2.jpg\" alt=\"rv lesson 2\" width=\"1280\" height=\"853\" \/><\/a><\/p><p>\u00a0<\/p>","_et_gb_content_width":"","footnotes":""},"class_list":["post-2633","page","type-page","status-publish","has-post-thumbnail","hentry"],"_links":{"self":[{"href":"https:\/\/rowvenice.org\/fr\/wp-json\/wp\/v2\/pages\/2633","targetHints":{"allow":["GET"]}}],"collection":[{"href":"https:\/\/rowvenice.org\/fr\/wp-json\/wp\/v2\/pages"}],"about":[{"href":"https:\/\/rowvenice.org\/fr\/wp-json\/wp\/v2\/types\/page"}],"author":[{"embeddable":true,"href":"https:\/\/rowvenice.org\/fr\/wp-json\/wp\/v2\/users\/2"}],"replies":[{"embeddable":true,"href":"https:\/\/rowvenice.org\/fr\/wp-json\/wp\/v2\/comments?post=2633"}],"version-history":[{"count":73,"href":"https:\/\/rowvenice.org\/fr\/wp-json\/wp\/v2\/pages\/2633\/revisions"}],"predecessor-version":[{"id":211501,"href":"https:\/\/rowvenice.org\/fr\/wp-json\/wp\/v2\/pages\/2633\/revisions\/211501"}],"wp:featuredmedia":[{"embeddable":true,"href":"https:\/\/rowvenice.org\/fr\/wp-json\/wp\/v2\/media\/3168"}],"wp:attachment":[{"href":"https:\/\/rowvenice.org\/fr\/wp-json\/wp\/v2\/media?parent=2633"}],"curies":[{"name":"wp","href":"https:\/\/api.w.org\/{rel}","templated":true}]}}