{"id":135,"date":"2012-11-23T16:47:49","date_gmt":"2012-11-23T16:47:49","guid":{"rendered":"http:\/\/rowvenice.vivavogaveneta.org\/?page_id=135"},"modified":"2018-01-09T15:24:45","modified_gmt":"2018-01-09T14:24:45","slug":"contact-us","status":"publish","type":"page","link":"https:\/\/rowvenice.org\/fr\/contact-us\/","title":{"rendered":"Contactez Nous"},"content":{"rendered":"<p>[et_pb_section bb_built=&#8221;1&#8243; _builder_version=&#8221;3.0.47&#8243;][et_pb_row use_custom_width=&#8221;on&#8221; width_unit=&#8221;off&#8221; _builder_version=&#8221;3.0.92&#8243; module_alignment=&#8221;center&#8221;][et_pb_column type=&#8221;4_4&#8243;][et_pb_post_title meta=&#8221;off&#8221; featured_image=&#8221;off&#8221; _builder_version=&#8221;3.0.92&#8243; title_font_size=&#8221;38px&#8221; \/][et_pb_text _builder_version=&#8221;3.0.94&#8243; background_layout=&#8221;light&#8221; module_alignment=&#8221;left&#8221;]<\/p>\n<p>Attendez! Pour obtenir une r\u00e9ponse plus rapide, cliquez sur les liens ci-dessous pour<\/p>\n<ul>\n<li><a title=\"R\u00e9servez votre le\u00e7on\" href=\"https:\/\/rowvenice.org\/fr\/book-your-lesson\/\">R\u00c9SERVER un temps futur le\u00e7on<\/a>, OU un\u00a0<a href=\"https:\/\/rowvenice.org\/fr\/last-minute\/\">le\u00e7on DERNI\u00c8RE MINUTE<\/a><\/li>\n<li>trouver\u00a0<a href=\"https:\/\/rowvenice.org\/fr\/rv-venetian-rowing-lessons\/\">FRAIS, dur\u00e9e, et les descriptions de cours complets<\/a><\/li>\n<li><a href=\"https:\/\/rowvenice.org\/fr\/info-tour-ops\/\">agent de proc\u00e9dures d&#8217;examen et d&#8217;organisateurs touristiques<\/a><\/li>\n<\/ul>\n<p>Envoyez-nous un message en utilisant le formulaire ci-dessous:<\/p>\n<p>[\/et_pb_text][et_pb_text admin_label=&#8221;contact form&#8221; _builder_version=&#8221;3.0.94&#8243; background_layout=&#8221;light&#8221; module_alignment=&#8221;center&#8221; max_width=&#8221;90%&#8221;]<\/p>\n<p style=\"text-align: center;\">\n<div class=\"wpcf7 no-js\" id=\"wpcf7-f211299-o1\" lang=\"en-US\" dir=\"ltr\" data-wpcf7-id=\"211299\">\n<div class=\"screen-reader-response\"><p role=\"status\" aria-live=\"polite\" aria-atomic=\"true\"><\/p> <ul><\/ul><\/div>\n<form action=\"\/fr\/wp-json\/wp\/v2\/pages\/135#wpcf7-f211299-o1\" method=\"post\" class=\"wpcf7-form init\" aria-label=\"Contact form\" novalidate=\"novalidate\" data-status=\"init\">\n<fieldset class=\"hidden-fields-container\"><input type=\"hidden\" name=\"_wpcf7\" value=\"211299\" \/><input type=\"hidden\" name=\"_wpcf7_version\" value=\"6.1.5\" \/><input type=\"hidden\" name=\"_wpcf7_locale\" value=\"en_US\" \/><input type=\"hidden\" name=\"_wpcf7_unit_tag\" value=\"wpcf7-f211299-o1\" \/><input type=\"hidden\" name=\"_wpcf7_container_post\" value=\"0\" \/><input type=\"hidden\" name=\"_wpcf7_posted_data_hash\" value=\"\" \/>\n<\/fieldset>\n<p>Nom*\n<\/p>\n<p><span class=\"wpcf7-form-control-wrap\" data-name=\"rv-fname\"><input size=\"40\" maxlength=\"400\" class=\"wpcf7-form-control wpcf7-text wpcf7-validates-as-required\" aria-required=\"true\" aria-invalid=\"false\" placeholder=\"Pr\u00e9nom\" value=\"\" type=\"text\" name=\"rv-fname\" \/><\/span><span class=\"wpcf7-form-control-wrap\" data-name=\"rv-lname\"><input size=\"40\" maxlength=\"400\" class=\"wpcf7-form-control wpcf7-text wpcf7-validates-as-required\" aria-required=\"true\" aria-invalid=\"false\" placeholder=\"Nom\" value=\"\" type=\"text\" name=\"rv-lname\" \/><\/span>\n<\/p>\n<p>Email*\n<\/p>\n<p><span class=\"wpcf7-form-control-wrap\" data-name=\"rv-email\"><input size=\"40\" maxlength=\"400\" class=\"wpcf7-form-control wpcf7-email wpcf7-validates-as-required wpcf7-text wpcf7-validates-as-email\" aria-required=\"true\" aria-invalid=\"false\" placeholder=\"Assurez-vous que cela est correct\" value=\"\" type=\"email\" name=\"rv-email\" \/><\/span>\n<\/p>\n<p>Votre Message*\n<\/p>\n<p><span class=\"wpcf7-form-control-wrap\" data-name=\"rv-message\"><textarea cols=\"40\" rows=\"4\" maxlength=\"2000\" class=\"wpcf7-form-control wpcf7-textarea wpcf7-validates-as-required rvcf-ta\" aria-required=\"true\" aria-invalid=\"false\" name=\"rv-message\"><\/textarea><\/span>\n<\/p>\n<p><span class=\"wpcf7-form-control-wrap\" data-name=\"math-quiz\"><label><span class=\"wpcf7-quiz-label\">9+5=?<\/span> <input size=\"40\" class=\"wpcf7-form-control wpcf7-quiz math-quiz\" id=\"math-quiz\" autocomplete=\"off\" aria-required=\"true\" aria-invalid=\"false\" type=\"text\" name=\"math-quiz\" \/><\/label><input type=\"hidden\" name=\"_wpcf7_quiz_answer_math-quiz\" value=\"84298be7a9da79a6bf8406ab1a426cfa\" \/><\/span>\n<\/p>\n<p><span id=\"wpcf7-69e90a3cdd574-wrapper\" class=\"wpcf7-form-control-wrap rv-cfh-wrap\" style=\"display:none !important; visibility:hidden !important;\"><label for=\"rv-cfh\" class=\"hp-message\">Please leave this field empty.<\/label><input id=\"rv-cfh\"  class=\"wpcf7-form-control wpcf7-text rv-cfh\" type=\"text\" name=\"rv-cfh\" value=\"\" size=\"40\" tabindex=\"-1\" autocomplete=\"new-password\" \/><\/span>\n<\/p>\n<p><input class=\"wpcf7-form-control wpcf7-submit has-spinner\" type=\"submit\" value=\"Envoyer\" \/>\n<\/p><div class=\"wpcf7-response-output\" aria-hidden=\"true\"><\/div>\n<\/form>\n<\/div>\n<\/p>\n<p>[\/et_pb_text][et_pb_text _builder_version=&#8221;3.0.94&#8243; max_width=&#8221;90%&#8221; module_alignment=&#8221;center&#8221; background_layout=&#8221;light&#8221;]<\/p>\n<p>ou envoyer un SMS \/ iMessage \/ WhatsApp \u00e0:<\/p>\n<ul>\n<li>+39 347 7250637<\/li>\n<li>+39 340 3413448<\/li>\n<\/ul>\n<p>(S&#8217;il vous pla\u00eet appelez * uniquement * si vous \u00eates d\u00e9j\u00e0 r\u00e9serv\u00e9 et sont sur votre chemin \u00e0 une le\u00e7on. Autres texte ou e-mail, S&#8217;il vous pla\u00eet. Notez que nous ne disposons pas d&#8217;un bureau, seuls les bateaux.)<\/p>\n<p>[\/et_pb_text][\/et_pb_column][\/et_pb_row][\/et_pb_section]<\/p>\n","protected":false},"excerpt":{"rendered":"<p>Attendez! Pour obtenir une r\u00e9ponse plus rapide, cliquez sur les liens ci-dessous pour R\u00c9SERVER un temps futur le\u00e7on, OU un\u00a0le\u00e7on DERNI\u00c8RE MINUTE trouver\u00a0FRAIS, dur\u00e9e, et les descriptions de cours complets agent de proc\u00e9dures d&#8217;examen et d&#8217;organisateurs touristiques Envoyez-nous un message en utilisant le formulaire ci-dessous: \n<div class=\"wpcf7 no-js\" id=\"wpcf7-f211299-o2\" lang=\"en-US\" dir=\"ltr\" data-wpcf7-id=\"211299\">\n<div class=\"screen-reader-response\"><p role=\"status\" aria-live=\"polite\" aria-atomic=\"true\"><\/p> <ul><\/ul><\/div>\n<form action=\"\/fr\/wp-json\/wp\/v2\/pages\/135#wpcf7-f211299-o2\" method=\"post\" class=\"wpcf7-form init\" aria-label=\"Contact form\" novalidate=\"novalidate\" data-status=\"init\">\n<fieldset class=\"hidden-fields-container\"><input type=\"hidden\" name=\"_wpcf7\" value=\"211299\" \/><input type=\"hidden\" name=\"_wpcf7_version\" value=\"6.1.5\" \/><input type=\"hidden\" name=\"_wpcf7_locale\" value=\"en_US\" \/><input type=\"hidden\" name=\"_wpcf7_unit_tag\" value=\"wpcf7-f211299-o2\" \/><input type=\"hidden\" name=\"_wpcf7_container_post\" value=\"0\" \/><input type=\"hidden\" name=\"_wpcf7_posted_data_hash\" value=\"\" \/>\n<\/fieldset>\n<p>Nom*\n<\/p>\n<p><span class=\"wpcf7-form-control-wrap\" data-name=\"rv-fname\"><input size=\"40\" maxlength=\"400\" class=\"wpcf7-form-control wpcf7-text wpcf7-validates-as-required\" aria-required=\"true\" aria-invalid=\"false\" placeholder=\"Pr\u00e9nom\" value=\"\" type=\"text\" name=\"rv-fname\" \/><\/span><span class=\"wpcf7-form-control-wrap\" data-name=\"rv-lname\"><input size=\"40\" maxlength=\"400\" class=\"wpcf7-form-control wpcf7-text wpcf7-validates-as-required\" aria-required=\"true\" aria-invalid=\"false\" placeholder=\"Nom\" value=\"\" type=\"text\" name=\"rv-lname\" \/><\/span>\n<\/p>\n<p>Email*\n<\/p>\n<p><span class=\"wpcf7-form-control-wrap\" data-name=\"rv-email\"><input size=\"40\" maxlength=\"400\" class=\"wpcf7-form-control wpcf7-email wpcf7-validates-as-required wpcf7-text wpcf7-validates-as-email\" aria-required=\"true\" aria-invalid=\"false\" placeholder=\"Assurez-vous que cela est correct\" value=\"\" type=\"email\" name=\"rv-email\" \/><\/span>\n<\/p>\n<p>Votre Message*\n<\/p>\n<p><span class=\"wpcf7-form-control-wrap\" data-name=\"rv-message\"><textarea cols=\"40\" rows=\"4\" maxlength=\"2000\" class=\"wpcf7-form-control wpcf7-textarea wpcf7-validates-as-required rvcf-ta\" aria-required=\"true\" aria-invalid=\"false\" name=\"rv-message\"><\/textarea><\/span>\n<\/p>\n<p><span class=\"wpcf7-form-control-wrap\" data-name=\"math-quiz\"><label><span class=\"wpcf7-quiz-label\">2+8=?<\/span> <input size=\"40\" class=\"wpcf7-form-control wpcf7-quiz math-quiz\" autocomplete=\"off\" aria-required=\"true\" aria-invalid=\"false\" type=\"text\" name=\"math-quiz\" \/><\/label><input type=\"hidden\" name=\"_wpcf7_quiz_answer_math-quiz\" value=\"af2cd76d69480fb14197a19754345c9a\" \/><\/span>\n<\/p>\n<p><span id=\"wpcf7-69e90a3ce5d36-wrapper\" class=\"wpcf7-form-control-wrap rv-cfh-wrap\" style=\"display:none !important; visibility:hidden !important;\"><label for=\"rv-cfh\" class=\"hp-message\">Please leave this field empty.<\/label><input id=\"rv-cfh\"  class=\"wpcf7-form-control wpcf7-text rv-cfh\" type=\"text\" name=\"rv-cfh\" value=\"\" size=\"40\" tabindex=\"-1\" autocomplete=\"new-password\" \/><\/span>\n<\/p>\n<p><input class=\"wpcf7-form-control wpcf7-submit has-spinner\" type=\"submit\" value=\"Envoyer\" \/>\n<\/p><div class=\"wpcf7-response-output\" aria-hidden=\"true\"><\/div>\n<\/form>\n<\/div>\n ou envoyer un SMS \/ iMessage [&hellip;]<\/p>\n","protected":false},"author":1,"featured_media":0,"parent":0,"menu_order":0,"comment_status":"closed","ping_status":"open","template":"","meta":{"_et_pb_use_builder":"on","_et_pb_old_content":"Wait! For quicker response,\u00a0click the links below to\r\n<ul>\r\n \t<li><a title=\"Book Your Lesson\" href=\"http:\/\/rowvenice.org\/book-your-lesson\/\">RESERVE a future lesson time<\/a>, OR a <a href=\"http:\/\/rowvenice.org\/last-minute\/\">LAST MINUTE lesson<\/a><\/li>\r\n \t<li>find\u00a0<a href=\"https:\/\/rowvenice.org\/fr-venetian-rowing-lessons\/\">COSTS, duration, and complete lesson descriptions<\/a><\/li>\r\n \t<li><a href=\"http:\/\/rowvenice.org\/info-tour-ops\/\">REVIEW agent and TOUR OPERATOR procedures<\/a><\/li>\r\n<\/ul>\r\nSend us a message using the form below:\r\n\r\n[contact-form-7 id=\"98\" title=\"Contact Us\"]\r\n\r\n\u00a0\r\n\r\nor send an SMS\u00a0\/ iMessage \/ Whatsapp to:\r\n<ul>\r\n \t<li>+39 347 7250637<\/li>\r\n \t<li>+39 340 3413448<\/li>\r\n<\/ul>\r\n(Please call *only* if you are already reserved and are on your way to a lesson. Others text or email, please. Note that we do not have an office, only boats.)","_et_gb_content_width":"","footnotes":""},"class_list":["post-135","page","type-page","status-publish","hentry"],"_links":{"self":[{"href":"https:\/\/rowvenice.org\/fr\/wp-json\/wp\/v2\/pages\/135","targetHints":{"allow":["GET"]}}],"collection":[{"href":"https:\/\/rowvenice.org\/fr\/wp-json\/wp\/v2\/pages"}],"about":[{"href":"https:\/\/rowvenice.org\/fr\/wp-json\/wp\/v2\/types\/page"}],"author":[{"embeddable":true,"href":"https:\/\/rowvenice.org\/fr\/wp-json\/wp\/v2\/users\/1"}],"replies":[{"embeddable":true,"href":"https:\/\/rowvenice.org\/fr\/wp-json\/wp\/v2\/comments?post=135"}],"version-history":[{"count":17,"href":"https:\/\/rowvenice.org\/fr\/wp-json\/wp\/v2\/pages\/135\/revisions"}],"predecessor-version":[{"id":211305,"href":"https:\/\/rowvenice.org\/fr\/wp-json\/wp\/v2\/pages\/135\/revisions\/211305"}],"wp:attachment":[{"href":"https:\/\/rowvenice.org\/fr\/wp-json\/wp\/v2\/media?parent=135"}],"curies":[{"name":"wp","href":"https:\/\/api.w.org\/{rel}","templated":true}]}}