{"id":1115,"date":"2013-01-18T14:20:44","date_gmt":"2013-01-18T14:20:44","guid":{"rendered":"http:\/\/rowvenice.net\/?page_id=1115"},"modified":"2018-01-08T23:15:22","modified_gmt":"2018-01-08T22:15:22","slug":"terms-and-conditions","status":"publish","type":"page","link":"https:\/\/rowvenice.org\/fr\/terms-and-conditions\/","title":{"rendered":"Termes &#038; Conditions"},"content":{"rendered":"<p>[et_pb_section fb_built=&#8221;1&#8243; _builder_version=&#8221;3.0.93&#8243;][et_pb_row _builder_version=&#8221;3.0.93&#8243; use_custom_width=&#8221;on&#8221; width_unit=&#8221;off&#8221;][et_pb_column type=&#8221;4_4&#8243; _builder_version=&#8221;3.0.93&#8243; parallax=&#8221;off&#8221; parallax_method=&#8221;on&#8221;][et_pb_post_title meta=&#8221;off&#8221; featured_image=&#8221;off&#8221; _builder_version=&#8221;3.0.93&#8243; title_font=&#8221;||||||||&#8221; title_font_size=&#8221;36px&#8221;][\/et_pb_post_title][et_pb_text _builder_version=&#8221;3.0.93&#8243;]<\/p>\n<h3>R\u00e9servation et d&#8217;annulation<\/h3>\n<p><strong>CONFIRMATION &amp; PAIEMENT<\/strong><\/p>\n<ul>\n<li>Pour les r\u00e9servations de moins de 8 personnes que vous pourriez vous r\u00e9servant en ligne et payer au moment de la r\u00e9servation. Notez que bien que nous utilisons Paypal pour traiter les paiements en utilisant la carte de cr\u00e9dit de votre choix, vous n&#8217;\u00eates pas oblig\u00e9 de cr\u00e9er un compte Paypal.<\/li>\n<li>Pour les grands groupes ou personnalis\u00e9s de plus de 8 gens, le co\u00fbt est de 40 \u20ac par personne. S&#8217;il vous pla\u00eet d&#8217;abord\u00a0<a href=\"http:\/\/tiny.cc\/rv_signup\">cr\u00e9er un compte<\/a>; nous allons cr\u00e9er votre r\u00e9servation pour l&#8217;accord sur le nombre de personnes et vous pouvez alors payer sur le site Web.<\/li>\n<\/ul>\n<p><strong>ANNULATION et non-pr\u00e9sentation<\/strong><\/p>\n<ul>\n<li>Vous pouvez annuler votre le\u00e7on\u00a0<strong>jusqu&#8217;\u00e0 deux jours<\/strong>\u00a0(48 heures) avant l&#8217;heure de r\u00e9servation pour un remboursement moins les frais d&#8217;administration \u20ac 25.<\/li>\n<li>Si vous annulez votre le\u00e7on\u00a0<strong>dans 48 heures<\/strong>\u00a0de la date de d\u00e9but de la le\u00e7on, ou ne parviennent pas \u00e0 appara\u00eetre pour votre le\u00e7on, il n&#8217;y a pas de remboursement.<\/li>\n<li>Si nous devons\u00a0<strong>annuler votre le\u00e7on en raison du temps<\/strong>, nous allons essayer de le reporter pendant votre s\u00e9jour. Si nous sommes incapables de coordonner un temps diff\u00e9rent, nous vous rembourserons la totalit\u00e9 de votre paiement moins les frais de 5 \u20ac administrateur.<\/li>\n<li>Vous pouvez reporter votre le\u00e7on dans 48 heures de cours sans frais; dans 48 heures et jusqu&#8217;\u00e0 la le\u00e7on du temps de d\u00e9marrage, vous devez nous contacter pour r\u00e9\u00e9chelonner. Vous pouvez demander \u00e0 r\u00e9\u00e9chelonner\u00a0<strong>dans 4 heures<\/strong>\u00a0de la le\u00e7on heure de d\u00e9but de 60 \u20ac.<\/li>\n<li>Votre instructeur vous attendra \u00e0 votre nomm\u00e9 lieu de rencontre pour\u00a0<strong>30 minutes.<\/strong>\u00a0Si vous ne vous pr\u00e9sentez pas ou si nous ne recevons pas de vous dans ce d\u00e9lai, votre le\u00e7on sera consid\u00e9r\u00e9e comme annul\u00e9e et non \u00e9ligibles pour le remboursement.\u00a0<em><strong>Si vous allez \u00eatre en retard,<\/strong>\u00a0contactez-nous \u00e0 rowvenice@gmail.com, ou le texte, iMessage ou WhatsApp les chiffres au bas de notre page web.<\/em><\/li>\n<li>Notez que si vous \u00eates en retard pour votre le\u00e7on, il peut \u00eatre coup\u00e9 court que les le\u00e7ons vont dos \u00e0 dos et il y aura probablement une autre apr\u00e8s le v\u00f4tre.<\/li>\n<\/ul>\n<p>[\/et_pb_text][\/et_pb_column][\/et_pb_row][\/et_pb_section]<\/p>\n","protected":false},"excerpt":{"rendered":"<p>R\u00e9servation et d&#8217;annulation CONFIRMATION &amp; PAIEMENT Pour les r\u00e9servations de moins de 8 personnes que vous pourriez vous r\u00e9servant en ligne et payer au moment de la r\u00e9servation. Notez que bien que nous utilisons Paypal pour traiter les paiements en utilisant la carte de cr\u00e9dit de votre choix, vous n&#8217;\u00eates pas oblig\u00e9 de cr\u00e9er un [&hellip;]<\/p>\n","protected":false},"author":1,"featured_media":0,"parent":0,"menu_order":0,"comment_status":"closed","ping_status":"open","template":"","meta":{"_et_pb_use_builder":"on","_et_pb_old_content":"","_et_gb_content_width":"","footnotes":""},"class_list":["post-1115","page","type-page","status-publish","hentry"],"_links":{"self":[{"href":"https:\/\/rowvenice.org\/fr\/wp-json\/wp\/v2\/pages\/1115","targetHints":{"allow":["GET"]}}],"collection":[{"href":"https:\/\/rowvenice.org\/fr\/wp-json\/wp\/v2\/pages"}],"about":[{"href":"https:\/\/rowvenice.org\/fr\/wp-json\/wp\/v2\/types\/page"}],"author":[{"embeddable":true,"href":"https:\/\/rowvenice.org\/fr\/wp-json\/wp\/v2\/users\/1"}],"replies":[{"embeddable":true,"href":"https:\/\/rowvenice.org\/fr\/wp-json\/wp\/v2\/comments?post=1115"}],"version-history":[{"count":4,"href":"https:\/\/rowvenice.org\/fr\/wp-json\/wp\/v2\/pages\/1115\/revisions"}],"predecessor-version":[{"id":211282,"href":"https:\/\/rowvenice.org\/fr\/wp-json\/wp\/v2\/pages\/1115\/revisions\/211282"}],"wp:attachment":[{"href":"https:\/\/rowvenice.org\/fr\/wp-json\/wp\/v2\/media?parent=1115"}],"curies":[{"name":"wp","href":"https:\/\/api.w.org\/{rel}","templated":true}]}}