{"id":4438,"date":"2017-12-15T11:47:33","date_gmt":"2017-12-15T11:47:33","guid":{"rendered":"https:\/\/rowvenice.org\/es\/?page_id=4438"},"modified":"2018-01-15T22:12:40","modified_gmt":"2018-01-15T21:12:40","slug":"faq","status":"publish","type":"page","link":"https:\/\/rowvenice.org\/es\/faq\/","title":{"rendered":"FAQ"},"content":{"rendered":"<p>[et_pb_section fb_built=\u00bb1&#8243; admin_label=\u00bb12 Days of Christmas &#8211; Day 08 Accordion Module 1&#8243; module_class=\u00bbday8-acc day8-acc1&#8243; _builder_version=\u00bb3.0.92&#8243;][et_pb_row custom_padding=\u00bb0px||0px|\u00bb custom_margin=\u00bb0px||0px|\u00bb _builder_version=\u00bb3.0.92&#8243; background_size=\u00bbinitial\u00bb background_position=\u00bbtop_left\u00bb background_repeat=\u00bbrepeat\u00bb][et_pb_column type=\u00bb4_4&#8243; _builder_version=\u00bb3.0.47&#8243; parallax=\u00bboff\u00bb parallax_method=\u00bbon\u00bb][et_pb_post_title meta=\u00bboff\u00bb featured_image=\u00bboff\u00bb admin_label=\u00bbRV Post Title\u00bb _builder_version=\u00bb3.0.92&#8243; title_font_size=\u00bb38px\u00bb background_position=\u00bbcenter_left\u00bb background_blend=\u00bbdarken\u00bb custom_margin=\u00bb0px||0px|\u00bb custom_padding=\u00bb0px||0px|\u00bb custom_padding_last_edited=\u00bbon|\u00bb mix_blend_mode=\u00bbdarken\u00bb saved_tabs=\u00bball\u00bb]\u00a0<br \/>\n[\/et_pb_post_title][et_pb_text _builder_version=\u00bb3.0.92&#8243; custom_css_main_element=\u00bbmargin-top: -1em!important;\u00bb]<\/p>\n<h3><span style=\"color: #799975;\">Sus preguntas respondidas aqu\u00ed.<\/span><\/h3>\n<p>[\/et_pb_text][\/et_pb_column][\/et_pb_row][et_pb_row use_custom_width=\u00bbon\u00bb custom_width_px=\u00bb1170px\u00bb use_custom_gutter=\u00bbon\u00bb gutter_width=\u00bb2&#8243; custom_padding=\u00bb0vh|0%|3.1vw|0%\u00bb custom_padding_tablet=\u00bb10px|0%|10px|0%\u00bb padding_top_2=\u00bb0%\u00bb padding_right_2=\u00bb0%\u00bb padding_bottom_2=\u00bb0%\u00bb padding_left_2=\u00bb0.5vw\u00bb padding_2_tablet=\u00bb0%|0%|0%|0px\u00bb padding_2_last_edited=\u00bbon|tablet\u00bb admin_label=\u00bb12 Days of Christmas &#8211; Day 08 Accordion Module 1&#8243; custom_padding_last_edited=\u00bbon|desktop\u00bb _builder_version=\u00bb3.0.92&#8243; module_alignment=\u00bbcenter\u00bb][et_pb_column type=\u00bb1_2&#8243; _builder_version=\u00bb3.0.47&#8243; parallax=\u00bboff\u00bb parallax_method=\u00bbon\u00bb][et_pb_accordion open_toggle_text_color=\u00bb#0b3954&#8243; open_toggle_background_color=\u00bbrgba(0,0,0,0)\u00bb closed_toggle_text_color=\u00bb#0b3954&#8243; closed_toggle_background_color=\u00bbrgba(0,0,0,0)\u00bb icon_color=\u00bb#0b3954&#8243; admin_label=\u00bbFAQ col 1&#8243; module_class=\u00bbaccordion\u00bb _builder_version=\u00bb3.0.95&#8243; body_text_align=\u00bbleft\u00bb body_text_color=\u00bb#444444&#8243; body_line_height=\u00bb1.8em\u00bb toggle_font=\u00bbPoppins|500|||||||\u00bb toggle_text_align=\u00bbleft\u00bb toggle_font_size=\u00bb18px\u00bb toggle_letter_spacing=\u00bb-0.05px\u00bb toggle_line_height=\u00bb1.3em\u00bb text_orientation=\u00bbleft\u00bb max_width=\u00bb568px\u00bb max_width_tablet=\u00bb100%\u00bb max_width_last_edited=\u00bbon|tablet\u00bb custom_margin=\u00bb10px|0%|0%|0px\u00bb custom_padding=\u00bb0px|0%|0%|0%\u00bb custom_css_toggle=\u00bbborder: none !important;||padding:0 !important;|| margin-bottom: 0 !important;\u00bb custom_css_toggle_title=\u00bbfont-weight: 400;|| padding: 25px 20px 25px 0 !important;|| border-bottom: 1px solid #e7e7e7;\u00bb][et_pb_accordion_item title=\u00bb\u00bfCu\u00e1ntas personas pueden caber en un barco?\u00bb _builder_version=\u00bb3.0.95&#8243; title_text_shadow_horizontal_length=\u00bb0em\u00bb title_text_shadow_vertical_length=\u00bb0em\u00bb title_text_shadow_blur_strength=\u00bb0em\u00bb body_text_shadow_horizontal_length=\u00bb0em\u00bb body_text_shadow_vertical_length=\u00bb0em\u00bb body_text_shadow_blur_strength=\u00bb0em\u00bb open=\u00bbon\u00bb]<\/p>\n<p><span>cada rara\u00a0<\/span><em>Batelina<\/em><span>\u00a0con capacidad para hasta cuatro personas. Si sois 3 menores 10 a\u00f1os, usted puede reservar para cuatro personas, pero la lista de las edades de sus hijos en comentarnos m\u00e1s. TENGA EN CUENTA: Por razones de seguridad, si el instructor considere que el grupo es mayor, mayor, o m\u00e1s pesado que el equivalente a cuatro adultos, una persona tendr\u00e1 que permanecer detr\u00e1s<\/span>.<\/p>\n<p>If you have 5 people you will need two boats, also to allow plenty of rowing time for each person. We do keep boats close together for groups, this provides good photo ops as well. There is a possibility of a 5 person boat with 2 instructors for the same cost as two boats; request it when you make your booking and if it&#8217;s available, we&#8217;ll substitute that batela for the other two.\u00a0<\/p>\n<p>[\/et_pb_accordion_item][et_pb_accordion_item title=\u00bbMi amigo \/ esposo \/ compa\u00f1ero les gustar\u00eda venir y ver.\u00bb _builder_version=\u00bb3.0.95&#8243; title_text_shadow_horizontal_length=\u00bb0em\u00bb title_text_shadow_vertical_length=\u00bb0em\u00bb title_text_shadow_blur_strength=\u00bb0em\u00bb body_text_shadow_horizontal_length=\u00bb0em\u00bb body_text_shadow_vertical_length=\u00bb0em\u00bb body_text_shadow_blur_strength=\u00bb0em\u00bb open=\u00bboff\u00bb]<\/p>\n<div class=\"single-faq\">\n<div class=\"faq-answer\" rel=\"my-friendspousecompanion-would-like-to-come-along-and-watch\">\n<p>Esta bien, s\u00f3lo ten en cuenta que la tarifa se calcula por el n\u00famero de personas en el barco, si la fila o no.<\/p>\n<\/div>\n<\/div>\n<p>\u00a0<\/p>\n<p>[\/et_pb_accordion_item][et_pb_accordion_item title=\u00bbAlguien ha ca\u00eddo en?\u00bb _builder_version=\u00bb3.0.95&#8243; title_text_shadow_horizontal_length=\u00bb0em\u00bb title_text_shadow_vertical_length=\u00bb0em\u00bb title_text_shadow_blur_strength=\u00bb0em\u00bb body_text_shadow_horizontal_length=\u00bb0em\u00bb body_text_shadow_vertical_length=\u00bb0em\u00bb body_text_shadow_blur_strength=\u00bb0em\u00bb open=\u00bboff\u00bb]<\/p>\n<p><span>Nunca! nuestra hermosa\u00a0<\/span><em>Batella<\/em><span>\u00a0barcos son estables, amplio y profundo; la \u00fanica manera de que jam\u00e1s termina en el agua es si saltas en el objetivo<\/span>.<\/p>\n<p>\u00a0<\/p>\n<p>[\/et_pb_accordion_item][et_pb_accordion_item title=\u00bbDo you offer gift certificates?\u00bb _builder_version=\u00bb3.0.92&#8243; title_text_shadow_horizontal_length=\u00bb0em\u00bb title_text_shadow_vertical_length=\u00bb0em\u00bb title_text_shadow_blur_strength=\u00bb0em\u00bb body_text_shadow_horizontal_length=\u00bb0em\u00bb body_text_shadow_vertical_length=\u00bb0em\u00bb body_text_shadow_blur_strength=\u00bb0em\u00bb open=\u00bboff\u00bb]Yes! Just create a new account, and choose Gift Certificates. You will receive a certificate with a voucher code, the recipient will enter that in Promotion Code when they reserve a lesson date and time and there will be no cost to them.<br \/>\n[\/et_pb_accordion_item][et_pb_accordion_item title=\u00bb\u00bfQu\u00e9 debemos llevar?\u00bb open=\u00bboff\u00bb _builder_version=\u00bb3.0.95&#8243; title_text_shadow_horizontal_length=\u00bb0em\u00bb title_text_shadow_vertical_length=\u00bb0em\u00bb title_text_shadow_blur_strength=\u00bb0em\u00bb body_text_shadow_horizontal_length=\u00bb0em\u00bb body_text_shadow_vertical_length=\u00bb0em\u00bb body_text_shadow_blur_strength=\u00bb0em\u00bb]<\/p>\n<p><span>S\u00f3lo llevar suelto, ropa c\u00f3moda y zapatos flexibles. En las tardes de verano, puede ser muy c\u00e1lido, as\u00ed que llevar un sombrero, quiz\u00e1s un paraguas, y un poco de agua con usted (tendremos alguna, tambi\u00e9n). Cuando hace fr\u00edo, capas son la clave, porque cuando uno fila que va a calentar inmediatamente, cuando uno se sienta y el paseo, mientras que sus filas de compa\u00f1\u00eda, podr\u00e1s refrescarse con la misma rapidez<\/span>.<\/p>\n<p>\u00a0<\/p>\n<p>[\/et_pb_accordion_item][\/et_pb_accordion][et_pb_text _builder_version=\u00bb3.0.92&#8243;]&nbsp;<\/p>\n<h3><span style=\"color: #799975;\">Still have questions? <a style=\"color: #799975;\" title=\"Contact Us\" href=\"http:\/\/rowvenice.org\/contact-us\/\">Contact us<\/a>.<\/span><\/h3>\n<p>[\/et_pb_text][\/et_pb_column][et_pb_column type=\u00bb1_2&#8243; _builder_version=\u00bb3.0.47&#8243; padding_tablet=\u00bb0%|0%|0%|0px\u00bb padding_last_edited=\u00bbon|tablet\u00bb padding_bottom=\u00bb0%\u00bb padding_left=\u00bb0.5vw\u00bb padding_right=\u00bb0%\u00bb padding_top=\u00bb0%\u00bb parallax=\u00bboff\u00bb parallax_method=\u00bbon\u00bb][et_pb_accordion open_toggle_text_color=\u00bb#0b3954&#8243; open_toggle_background_color=\u00bbrgba(0,0,0,0)\u00bb closed_toggle_text_color=\u00bb#0b3954&#8243; closed_toggle_background_color=\u00bbrgba(0,0,0,0)\u00bb icon_color=\u00bb#0b3954&#8243; admin_label=\u00bbFAQ col 2&#8243; module_class=\u00bbaccordion\u00bb _builder_version=\u00bb3.0.95&#8243; body_text_align=\u00bbleft\u00bb body_font_size=\u00bb16px\u00bb body_text_color=\u00bb#444444&#8243; body_line_height=\u00bb1.8em\u00bb toggle_font=\u00bbPoppins|500|||||||\u00bb toggle_text_align=\u00bbleft\u00bb toggle_font_size=\u00bb18px\u00bb toggle_letter_spacing=\u00bb-0.05px\u00bb toggle_line_height=\u00bb1.3em\u00bb text_orientation=\u00bbleft\u00bb max_width=\u00bb568px\u00bb max_width_tablet=\u00bb100%\u00bb max_width_last_edited=\u00bbon|tablet\u00bb custom_margin=\u00bb10px|0%|0%|0px\u00bb custom_padding=\u00bb0px|0%|0%|0%\u00bb custom_css_toggle=\u00bbborder: none !important;||padding:0 !important;||margin-bottom: 0 !important;\u00bb custom_css_toggle_title=\u00bbfont-weight: 400;|| padding: 25px 20px 25px 0 !important;|| border-bottom: 1px solid #e7e7e7;\u00bb][et_pb_accordion_item title=\u00bbD\u00f3nde nos encontramos?\u00bb open=\u00bbon\u00bb _builder_version=\u00bb3.0.95&#8243; title_text_shadow_horizontal_length=\u00bb0em\u00bb title_text_shadow_vertical_length=\u00bb0em\u00bb title_text_shadow_blur_strength=\u00bb0em\u00bb body_text_shadow_horizontal_length=\u00bb0em\u00bb body_text_shadow_vertical_length=\u00bb0em\u00bb body_text_shadow_blur_strength=\u00bb0em\u00bb]<\/p>\n<p><span>Buscar <strong>Row Venice Meeting Point<\/strong> en Google maps. Ver el\u00a0<\/span><a title=\"Puntos de encuentro\" href=\"..\/..\/rvce\/es\/meeting-points\/\">Donde nos vemos<\/a><span>\u00a0p\u00e1gina, y su confirmaci\u00f3n por correo electr\u00f3nico para obtener informaci\u00f3n completa. Guarde los n\u00fameros de tel\u00e9fono a mano en caso de que perderse en su camino.<\/span><\/p>\n<p>[\/et_pb_accordion_item][et_pb_accordion_item title=\u00bb\u00bfPuedes recogernos en nuestro hotel?\u00bb _builder_version=\u00bb3.0.95&#8243; title_text_shadow_horizontal_length=\u00bb0em\u00bb title_text_shadow_vertical_length=\u00bb0em\u00bb title_text_shadow_blur_strength=\u00bb0em\u00bb body_text_shadow_horizontal_length=\u00bb0em\u00bb body_text_shadow_vertical_length=\u00bb0em\u00bb body_text_shadow_blur_strength=\u00bb0em\u00bb open=\u00bboff\u00bb]<\/p>\n<p>No podemos, todas las lecciones comienzan y terminan en el punto de encuentro.<\/p>\n<p>[\/et_pb_accordion_item][et_pb_accordion_item title=\u00bbQu\u00e9 pasa si llueve?\u00bb _builder_version=\u00bb3.0.95&#8243; title_text_shadow_horizontal_length=\u00bb0em\u00bb title_text_shadow_vertical_length=\u00bb0em\u00bb title_text_shadow_blur_strength=\u00bb0em\u00bb body_text_shadow_horizontal_length=\u00bb0em\u00bb body_text_shadow_vertical_length=\u00bb0em\u00bb body_text_shadow_blur_strength=\u00bb0em\u00bb open=\u00bboff\u00bb]<\/p>\n<p>A menos que usted quiere ayudar a su instructor de la fianza a cabo el barco despu\u00e9s, no podemos remar en la lluvia. Vientos fuertes (20km \/ hr y superiores) pueden estar impidiendo que la realizaci\u00f3n de la lecci\u00f3n.<\/p>\n<p>En el caso de intemperies,<span>\u00a0<\/span><strong>Por favor revisar los mensajes del correo electr\u00f3nico y \/ o mensajes de texto\u00a0<\/strong>mientras tratamos de reprogramar su lecci\u00f3n (esto ayuda a tener un unos pocos d\u00edas en Venecia en este caso). Si tenemos que cancelar definitivamente, le devolveremos su pago &#8211; \u20ac5 cuota de administracion.<\/p>\n<p>[\/et_pb_accordion_item][et_pb_accordion_item title=\u00bbEstoy de peso superior a la media \/ altura. \u00bfPuedo seguir la fila?\u00bb _builder_version=\u00bb3.0.95&#8243; title_text_shadow_horizontal_length=\u00bb0em\u00bb title_text_shadow_vertical_length=\u00bb0em\u00bb title_text_shadow_blur_strength=\u00bb0em\u00bb body_text_shadow_horizontal_length=\u00bb0em\u00bb body_text_shadow_vertical_length=\u00bb0em\u00bb body_text_shadow_blur_strength=\u00bb0em\u00bb open=\u00bboff\u00bb]<\/p>\n<div class=\"single-faq\">\n<div class=\"faq-answer\" rel=\"i-am-above-average-weight-can-i-still-row\">\n<p>La agilidad es m\u00e1s importante que el peso. \u00a1Tienes que ser flexibles lo suficiente como para entrar y salir de la embarcaci\u00f3n, y desplazar con facilidad una vez que haya remos medida que el comercio lugares con sus compa\u00f1eros, etc.<\/p>\n<\/div>\n<\/div>\n<p>[\/et_pb_accordion_item][et_pb_accordion_item title=\u00bb\u00bfDe d\u00f3nde viene el acabado lecci\u00f3n?\u00bb _builder_version=\u00bb3.0.95&#8243; title_text_shadow_horizontal_length=\u00bb0em\u00bb title_text_shadow_vertical_length=\u00bb0em\u00bb title_text_shadow_blur_strength=\u00bb0em\u00bb body_text_shadow_horizontal_length=\u00bb0em\u00bb body_text_shadow_vertical_length=\u00bb0em\u00bb body_text_shadow_blur_strength=\u00bb0em\u00bb open=\u00bboff\u00bb]<\/p>\n<p><span>En el mismo lugar se inicia<\/span>. A veces podemos organizar una bajada alternativa a lo largo de la ruta de regreso, pero esto acortar\u00e1 su lecci\u00f3n, ya que la batela tendr\u00e1 que estar en el punto de partida para la lecci\u00f3n siguiente a la suya.<\/p>\n<p>[\/et_pb_accordion_item][et_pb_accordion_item title=\u00bb\u00bfPor qu\u00e9 sigues insistiendo que quer\u00eda un tel\u00e9fono celular?\u00bb _builder_version=\u00bb3.0.95&#8243; title_text_shadow_horizontal_length=\u00bb0em\u00bb title_text_shadow_vertical_length=\u00bb0em\u00bb title_text_shadow_blur_strength=\u00bb0em\u00bb body_text_shadow_horizontal_length=\u00bb0em\u00bb body_text_shadow_vertical_length=\u00bb0em\u00bb body_text_shadow_blur_strength=\u00bb0em\u00bb open=\u00bboff\u00bb]<\/p>\n<div id=\"faq-block\">\n<div class=\"faq-list\" data-speed=\"200\">\n<div class=\"single-faq\">\n<div class=\"faq-answer\" rel=\"why-do-you-keep-nagging-me-about-a-cell-phone\">\n<p>Venecia es una ciudad confusa, incluso para nosotros los lugare\u00f1os. Queremos ser capaces de darle cualquier tipo de asistencia de \u00faltima hora que necesita para asegurarse de que nos encontrar\u00e1 f\u00e1cilmente, lo que est\u00e1 seguro de no perder ninguna de su lecci\u00f3n o peor, toda la cosa (ha ocurrido).<\/p>\n<p>No vamos a llamar o texto que a menos que haya una necesidad, puedes estar seguro. Pero si llega tarde, vamos a tratar de que rastrear, y si se pierde, lo \u00fanico que necesita para dar una llamada o texto, y nosotros le guiaremos en. Si no tiene celular o smartphone, no hay nada que podamos hacer.<\/p>\n<\/div>\n<\/div>\n<\/div>\n<\/div>\n<p>[\/et_pb_accordion_item][\/et_pb_accordion][\/et_pb_column][\/et_pb_row][\/et_pb_section]<\/p>\n","protected":false},"excerpt":{"rendered":"<p>\u00a0 Sus preguntas respondidas aqu\u00ed.cada rara\u00a0Batelina\u00a0con capacidad para hasta cuatro personas. Si sois 3 menores 10 a\u00f1os, usted puede reservar para cuatro personas, pero la lista de las edades de sus hijos en comentarnos m\u00e1s. TENGA EN CUENTA: Por razones de seguridad, si el instructor considere que el grupo es mayor, mayor, o m\u00e1s pesado [&hellip;]<\/p>\n","protected":false},"author":2,"featured_media":0,"parent":0,"menu_order":0,"comment_status":"closed","ping_status":"closed","template":"","meta":{"_et_pb_use_builder":"on","_et_pb_old_content":"<h4>Has anyone ever fallen in?<\/h4>\r\nNever! Our lovely batella boats are stable, spacious and deep; the only way you\u2019ll ever end up in the water is if you jump in on purpose.\r\n<h4>How many people can fit in a boat?<\/h4>\r\nEach rare <em>batelina<\/em> holds up to four people. If you have 3 children under 10 years old, you may book for four people, but list your children\u2019s ages in Tell Us More. PLEASE NOTE: For safety reasons, if the instructor deems that the group is older, larger, or heavier than the equivalent of four adults, one person will have to stay behind.\r\n\r\nIf you have 5 people you will need two boats, also to allow plenty of rowing time for each person. We do keep boats close together for groups, this provides good photo ops as well. There is a possibility of a 5 person boat with 2 instructors for the same cost as two boats; request it when you make your booking and if it's available, we'll substitute that batela for the other two.\r\n<h4>What should we wear?<\/h4>\r\nJust wear loose, comfortable clothing and flexible shoes. On summer afternoons, it can be very warm, so bring a hat, perhaps an umbrella, and some water with you (we\u2019ll have some, too). When it\u2019s cool, layers are the key, because when you row you\u2019ll warm up immediately, when you sit and ride while your companion rows, you\u2019ll cool off just as quickly.\r\n<h4>Where do we meet?<\/h4>\r\nFor directions,\u00a0search <b>Row Venice Meeting Point<\/b> in Google maps, or <a href=\"http:\/\/rowvenice.org\/meeting-point\">click MEETING POINT<\/a> page for detailed instructions (also in your confirmation). Keep our phone numbers handy should you need an assistance or to let us know you'll be delayed.\r\n<h4>How do I get there from my hotel?<\/h4>\r\nSee the above response. Check with your hotel staff IF the know Venice well (some are from the mainland, and do not know the city).\r\n\r\nWe would allow at least 60 minutes from San Marco or Castello, depending on whether you\u2019re walking or taking the vaporetto; the normal meeting point is 10 minutes from the Ca\u2019 d\u2019Oro or San Marcuola vaporetto stops.\r\n<h4>What happens if it rains?<\/h4>\r\nUnless you want to help your instructor bail out the boat afterward, we can\u2019t row in the rain. High winds (20km \/ hr and above) may also prevent us from conducting the lesson.\r\n\r\nIn the event of intemperate weather, please check email and\/or text messages as we attempt to reschedule your lesson (it helps to have a a few days in Venice in this case). If we have to cancel definitively, we will refund your payment.\r\n<h4>Do you offer gift certificates?<\/h4>\r\nYes! Just create a new account, and choose Gift Certificates. You will receive a certificate with a voucher code, the recipient will enter that in Promotion Code when they reserve a lesson date and time and there will be no cost to them.\r\n<h4>My friend\/spouse\/companion would like to come along and watch.<\/h4>\r\nThat\u2019s fine, just be aware that the fare is calculated for the number of people in the boat, whether they row or not.\r\n<h4>I am above-average weight\/height. Can I still row?<\/h4>\r\nAgility is more important than weight. You need to be limber enough to get in and out of the boat, and shift around easily once you\u2019re rowing as you trade places with your companions, etc.\r\n<h4>Where does the lesson finish?<\/h4>\r\nAt the same place it starts.\r\n<h4>Why do you keep nagging me about a cell phone?<\/h4>\r\nVenice is a confusing city, even for us locals. We want to know you're on your way if you're late, and be able to give you more directions should you need them, and let you know if there are weather problems. We won\u2019t contact you unless we need to, but if you are late, with a cell we can try and track you down, and if you get lost, you\u2019ll only need to give a call or text, and we\u2019ll guide you in. If you have no cell or smartphone, there\u2019s nothing we can do. iMessage and Whatsapp messages work just fine.\r\n\r\nHave more questions? Please <a title=\"Contact Us\" href=\"http:\/\/rowvenice.org\/contact-us\/\">contact us<\/a>.","_et_gb_content_width":"","footnotes":""},"class_list":["post-4438","page","type-page","status-publish","hentry"],"_links":{"self":[{"href":"https:\/\/rowvenice.org\/es\/wp-json\/wp\/v2\/pages\/4438","targetHints":{"allow":["GET"]}}],"collection":[{"href":"https:\/\/rowvenice.org\/es\/wp-json\/wp\/v2\/pages"}],"about":[{"href":"https:\/\/rowvenice.org\/es\/wp-json\/wp\/v2\/types\/page"}],"author":[{"embeddable":true,"href":"https:\/\/rowvenice.org\/es\/wp-json\/wp\/v2\/users\/2"}],"replies":[{"embeddable":true,"href":"https:\/\/rowvenice.org\/es\/wp-json\/wp\/v2\/comments?post=4438"}],"version-history":[{"count":5,"href":"https:\/\/rowvenice.org\/es\/wp-json\/wp\/v2\/pages\/4438\/revisions"}],"predecessor-version":[{"id":211344,"href":"https:\/\/rowvenice.org\/es\/wp-json\/wp\/v2\/pages\/4438\/revisions\/211344"}],"wp:attachment":[{"href":"https:\/\/rowvenice.org\/es\/wp-json\/wp\/v2\/media?parent=4438"}],"curies":[{"name":"wp","href":"https:\/\/api.w.org\/{rel}","templated":true}]}}