{"id":4227,"date":"2017-12-09T20:18:59","date_gmt":"2017-12-09T19:18:59","guid":{"rendered":"https:\/\/rowvenice.org\/es\/?page_id=4227"},"modified":"2024-01-06T12:49:07","modified_gmt":"2024-01-06T11:49:07","slug":"venetian-rowing-lesson","status":"publish","type":"page","link":"https:\/\/rowvenice.org\/es\/venetian-rowing-lesson\/","title":{"rendered":"Clase de voga veneta"},"content":{"rendered":"<p>[et_pb_section fb_built=\u00bb1&#8243; _builder_version=\u00bb4.16&#8243; global_colors_info=\u00bb\u00bb][et_pb_row _builder_version=\u00bb4.16&#8243; background_size=\u00bbinitial\u00bb background_position=\u00bbtop_left\u00bb background_repeat=\u00bbrepeat\u00bb collapsed=\u00bboff\u00bb global_colors_info=\u00bb\u00bb][et_pb_column type=\u00bb4_4&#8243; _builder_version=\u00bb4.16&#8243; custom_padding=\u00bb|||\u00bb global_colors_info=\u00bb\u00bb custom_padding__hover=\u00bb|||\u00bb][et_pb_post_title meta=\u00bboff\u00bb featured_placement=\u00bbbackground\u00bb text_color=\u00bblight\u00bb admin_label=\u00bbRV Post Title\u00bb _builder_version=\u00bb4.16&#8243; title_font=\u00bb|700|||||||\u00bb title_text_align=\u00bbcenter\u00bb title_font_size=\u00bb38px\u00bb background_color=\u00bbrgba(68,68,68,0.21)\u00bb background_position=\u00bbcenter_left\u00bb background_blend=\u00bbdarken\u00bb custom_margin=\u00bb|||\u00bb custom_padding=\u00bb|||\u00bb custom_padding_tablet=\u00bb\u00bb custom_padding_phone=\u00bb\u00bb custom_padding_last_edited=\u00bbon|\u00bb title_text_shadow_style=\u00bbpreset5&#8243; title_text_shadow_color=\u00bbrgba(0,0,0,0.73)\u00bb saved_tabs=\u00bball\u00bb global_colors_info=\u00bb\u00bb][\/et_pb_post_title][et_pb_text admin_label=\u00bbST w borders\u00bb _builder_version=\u00bb4.16&#8243; max_width=\u00bb85%\u00bb module_alignment=\u00bbcenter\u00bb border_width_top=\u00bb0.5&#8243; border_color_top=\u00bb#aaaaaa\u00bb border_width_bottom=\u00bb0.5&#8243; border_color_bottom=\u00bb#aaaaaa\u00bb saved_tabs=\u00bball\u00bb global_colors_info=\u00bb\u00bb]<\/p>\n<h4 style=\"text-align: center;\"><span>La clase empieza con la introducci\u00f3n sobre la historia de nuestra Batela a coa de gambaro o Batelina, el barco tradicional que hace un tiempo se utilizaba mucho en Venecia. Hoy en desuso, es un barco ideal para nuestras clases, caracterizado por ser muy estable y c\u00f3modo en el agua<\/span>.<\/h4>\n<p>[\/et_pb_text][et_pb_text _builder_version=\u00bb4.16&#8243; global_colors_info=\u00bb\u00bb]<\/p>\n<p>La primera parte de la clase se dedicar\u00e1 a aprender los movimientos b\u00e1sicos de la boga v\u00e9neta a prua (en la proa), con el barco todav\u00eda atracado.<\/p>\n<p>Se empezar\u00e1 luego a navegar por un canal amplio y tranquilo, de manera que cada remador pueda practicar las t\u00e9cnicas reci\u00e9n aprendidas, hasta llegar a la laguna que, por su amplitud, es el sitio ideal para aprender a remar a poppa (en la popa), de manera que cada remador pueda conducir el barco como lo hacen los gondoleros (en el caso de que haya demasiado viento, seguiremos remando en los r\u00edos). En el camino de vuelta, se seguir\u00e1 bogando en los canales hasta el punto de llegada.<\/p>\n<p>[\/et_pb_text][et_pb_text admin_label=\u00bbHeader Text\u00bb _builder_version=\u00bb4.16&#8243; header_4_text_align=\u00bbcenter\u00bb max_width=\u00bb70%\u00bb module_alignment=\u00bbcenter\u00bb border_width_all=\u00bb2px\u00bb border_color_all=\u00bb#187795&#8243; saved_tabs=\u00bball\u00bb global_colors_info=\u00bb\u00bb]<\/p>\n<h4>Para aprender m\u00e1s sobre nuestros barcos tradicionales y aut\u00e9nticos belle bateline <a title=\"Our Boats: Belle Batele\" href=\"..\/..\/boats-belle-batele\/\"><em>belle bateline,<\/em>\u00a0clicar AQU\u00cd.<\/a><\/h4>\n<p>[\/et_pb_text][\/et_pb_column][\/et_pb_row][et_pb_row _builder_version=\u00bb4.16&#8243; background_size=\u00bbinitial\u00bb background_position=\u00bbtop_left\u00bb background_repeat=\u00bbrepeat\u00bb collapsed=\u00bboff\u00bb global_colors_info=\u00bb\u00bb column_structure=\u00bb1_3,1_3,1_3&#8243;][et_pb_column type=\u00bb1_3&#8243; _builder_version=\u00bb4.16&#8243; custom_padding=\u00bb|||\u00bb global_colors_info=\u00bb\u00bb custom_padding__hover=\u00bb|||\u00bb][et_pb_image src=\u00bbhttps:\/\/rowvenice.org\/wp-content\/uploads\/2017\/12\/Venetian-Rowing-Lesson.jpg\u00bb show_in_lightbox=\u00bbon\u00bb align_tablet=\u00bbcenter\u00bb align_phone=\u00bb\u00bb align_last_edited=\u00bbon|desktop\u00bb _builder_version=\u00bb4.16&#8243; global_colors_info=\u00bb\u00bb][\/et_pb_image][\/et_pb_column][et_pb_column type=\u00bb1_3&#8243; _builder_version=\u00bb4.16&#8243; custom_padding=\u00bb|||\u00bb global_colors_info=\u00bb\u00bb custom_padding__hover=\u00bb|||\u00bb][et_pb_image src=\u00bbhttps:\/\/rowvenice.org\/wp-content\/uploads\/2017\/12\/Venetian-Rowing-Lesson-4.jpg\u00bb show_in_lightbox=\u00bbon\u00bb align_tablet=\u00bbcenter\u00bb align_phone=\u00bb\u00bb align_last_edited=\u00bbon|desktop\u00bb _builder_version=\u00bb4.16&#8243; global_colors_info=\u00bb\u00bb][\/et_pb_image][\/et_pb_column][et_pb_column type=\u00bb1_3&#8243; _builder_version=\u00bb4.16&#8243; custom_padding=\u00bb|||\u00bb global_colors_info=\u00bb\u00bb custom_padding__hover=\u00bb|||\u00bb][et_pb_image src=\u00bbhttps:\/\/rowvenice.org\/wp-content\/uploads\/2017\/12\/Lesson-in-the-lagoon-1.jpg\u00bb show_in_lightbox=\u00bbon\u00bb align_tablet=\u00bbcenter\u00bb align_phone=\u00bb\u00bb align_last_edited=\u00bbon|desktop\u00bb _builder_version=\u00bb4.16&#8243; global_colors_info=\u00bb\u00bb][\/et_pb_image][\/et_pb_column][\/et_pb_row][et_pb_row _builder_version=\u00bb4.16&#8243; background_size=\u00bbinitial\u00bb background_position=\u00bbtop_left\u00bb background_repeat=\u00bbrepeat\u00bb collapsed=\u00bboff\u00bb global_colors_info=\u00bb\u00bb][et_pb_column type=\u00bb4_4&#8243; _builder_version=\u00bb4.16&#8243; custom_padding=\u00bb|||\u00bb global_colors_info=\u00bb\u00bb custom_padding__hover=\u00bb|||\u00bb][et_pb_text _builder_version=\u00bb4.16&#8243; global_colors_info=\u00bb\u00bb]<\/p>\n<h3>Grupos<\/h3>\n<p><span>Para los grupos de 5-8 personas, se puede comprobar la disponibilidad y reservar dos barcos directamente en nuestro sistema de reserva online. En el caso de que solo un barco se encuentre disponible, se recomienda contactarnos para verificar si existe la posibilidad de a\u00f1adir otra embarcaci\u00f3n.<\/span><\/p>\n<p><span style=\"font-size: 17px;\">Para los grupos de 5 personas, tenemos una batela m\u00e1s grande de 5 plazas que tambi\u00e9n <a href=\"https:\/\/rowvenice.org\/es\/book-now\">se puede reservar online<\/a>.<\/span><\/p>\n<p>Para los grupos de m\u00e1s de 8 personas, existe la posibilidad de organizar clases con varios barcos para un m\u00e1ximo de 23 remadores al coste de 40\u20ac por persona, o varias clases consecutivas para grupos mayores.<\/p>\n<p><span style=\"font-size: 17px;\">Escr\u00edbenos tu solicitud y organizaremos tu reserva.<\/span><\/p>\n<p>[\/et_pb_text][\/et_pb_column][\/et_pb_row][et_pb_row _builder_version=\u00bb4.16&#8243; background_size=\u00bbinitial\u00bb background_position=\u00bbtop_left\u00bb background_repeat=\u00bbrepeat\u00bb collapsed=\u00bboff\u00bb global_colors_info=\u00bb\u00bb column_structure=\u00bb1_3,1_3,1_3&#8243;][et_pb_column type=\u00bb1_3&#8243; _builder_version=\u00bb4.16&#8243; custom_padding=\u00bb|||\u00bb global_colors_info=\u00bb\u00bb custom_padding__hover=\u00bb|||\u00bb][et_pb_image src=\u00bbhttps:\/\/rowvenice.org\/wp-content\/uploads\/2017\/12\/Rowing-in-side-canals.jpg\u00bb show_in_lightbox=\u00bbon\u00bb align_tablet=\u00bbcenter\u00bb align_phone=\u00bb\u00bb align_last_edited=\u00bbon|desktop\u00bb _builder_version=\u00bb4.16&#8243; global_colors_info=\u00bb\u00bb][\/et_pb_image][\/et_pb_column][et_pb_column type=\u00bb1_3&#8243; _builder_version=\u00bb4.16&#8243; custom_padding=\u00bb|||\u00bb global_colors_info=\u00bb\u00bb custom_padding__hover=\u00bb|||\u00bb][et_pb_image src=\u00bbhttps:\/\/rowvenice.org\/wp-content\/uploads\/2017\/12\/Kids-Row-Venice.jpg\u00bb show_in_lightbox=\u00bbon\u00bb align_tablet=\u00bbcenter\u00bb align_phone=\u00bb\u00bb align_last_edited=\u00bbon|desktop\u00bb _builder_version=\u00bb4.16&#8243; global_colors_info=\u00bb\u00bb][\/et_pb_image][\/et_pb_column][et_pb_column type=\u00bb1_3&#8243; _builder_version=\u00bb4.16&#8243; custom_padding=\u00bb|||\u00bb global_colors_info=\u00bb\u00bb custom_padding__hover=\u00bb|||\u00bb][et_pb_image src=\u00bbhttps:\/\/rowvenice.org\/wp-content\/uploads\/2017\/12\/Family-Rowing-Lesson.jpg\u00bb align_tablet=\u00bbcenter\u00bb align_phone=\u00bb\u00bb align_last_edited=\u00bbon|desktop\u00bb _builder_version=\u00bb4.16&#8243; global_colors_info=\u00bb\u00bb][\/et_pb_image][\/et_pb_column][\/et_pb_row][et_pb_row _builder_version=\u00bb4.16&#8243; background_size=\u00bbinitial\u00bb background_position=\u00bbtop_left\u00bb background_repeat=\u00bbrepeat\u00bb collapsed=\u00bboff\u00bb global_colors_info=\u00bb\u00bb][et_pb_column type=\u00bb4_4&#8243; _builder_version=\u00bb4.16&#8243; custom_padding=\u00bb|||\u00bb global_colors_info=\u00bb\u00bb custom_padding__hover=\u00bb|||\u00bb][et_pb_text _builder_version=\u00bb4.16&#8243; global_colors_info=\u00bb\u00bb]<\/p>\n<h3>M\u00e1s informaciones sobre la clase de voga v\u00e9neta:<\/h3>\n<p>[\/et_pb_text][et_pb_blurb title=\u00bbTodas las clases son privadas\u00bb use_icon=\u00bbon\u00bb font_icon=\u00bb&#xe08b;||divi||400&#8243; icon_color=\u00bb#799975&#8243; image_icon_background_color=\u00bb#ffffff\u00bb icon_placement=\u00bbleft\u00bb image_icon_width=\u00bb18px\u00bb _builder_version=\u00bb4.16&#8243; header_font=\u00bb||||||||\u00bb header_text_color=\u00bb#444444&#8243; header_font_size=\u00bb20px\u00bb image_icon_custom_padding=\u00bb8px|8px|8px|8px|false|false\u00bb custom_margin=\u00bb|||\u00bb custom_padding=\u00bb|||\u00bb border_radii_image=\u00bbon|100%|100%|100%|100%\u00bb border_width_all_image=\u00bb2px\u00bb border_color_all_image=\u00bb#799975&#8243; icon_font_size=\u00bb18px\u00bb use_circle=\u00bbon\u00bb use_circle_border=\u00bbon\u00bb circle_border_color=\u00bb#799975&#8243; circle_color=\u00bb#ffffff\u00bb global_colors_info=\u00bb\u00bb image_icon_background_color__sticky_enabled=\u00bb#ffff99&#8243; image_icon_background_color__sticky=\u00bb#ffff99&#8243;][\/et_pb_blurb][et_pb_blurb title=\u00bbLas clases tienen una duraci\u00f3n de 80 minutos\u00bb use_icon=\u00bbon\u00bb font_icon=\u00bb&#xe0e1;||divi||400&#8243; icon_color=\u00bb#799975&#8243; image_icon_background_color=\u00bb#ffffff\u00bb icon_placement=\u00bbleft\u00bb image_icon_width=\u00bb18px\u00bb _builder_version=\u00bb4.16&#8243; header_font=\u00bb||||||||\u00bb header_text_color=\u00bb#444444&#8243; header_font_size=\u00bb20px\u00bb image_icon_custom_padding=\u00bb8px|8px|8px|8px|false|false\u00bb custom_padding=\u00bb|||\u00bb border_radii_image=\u00bbon|100%|100%|100%|100%\u00bb border_width_all_image=\u00bb2px\u00bb border_color_all_image=\u00bb#799975&#8243; icon_font_size=\u00bb18px\u00bb use_circle=\u00bbon\u00bb use_circle_border=\u00bbon\u00bb circle_border_color=\u00bb#799975&#8243; circle_color=\u00bb#ffffff\u00bb global_colors_info=\u00bb\u00bb image_icon_background_color__sticky_enabled=\u00bb#ffff99&#8243; image_icon_background_color__sticky=\u00bb#ffff99&#8243;][\/et_pb_blurb][et_pb_blurb title=\u00bbEl precio total para cada barco (independientemente de que se participe como remador o como pasajero) es de 100\u20ac para 1 o 2 personas; 130\u20ac para 3 personas; 150\u20ac para 4 personas; 220\u20ac para la batela grande de 5 personas.\u00bb use_icon=\u00bbon\u00bb font_icon=\u00bb&#xe0dd;||divi||400&#8243; icon_color=\u00bb#799975&#8243; image_icon_background_color=\u00bb#ffffff\u00bb icon_placement=\u00bbleft\u00bb image_icon_width=\u00bb18px\u00bb _builder_version=\u00bb4.16&#8243; header_font=\u00bb||||||||\u00bb header_text_color=\u00bb#444444&#8243; header_font_size=\u00bb20px\u00bb image_icon_custom_padding=\u00bb8px|8px|8px|8px|false|false\u00bb custom_padding=\u00bb|||\u00bb border_radii_image=\u00bbon|100%|100%|100%|100%\u00bb border_width_all_image=\u00bb2px\u00bb border_color_all_image=\u00bb#799975&#8243; icon_font_size=\u00bb18px\u00bb use_circle=\u00bbon\u00bb use_circle_border=\u00bbon\u00bb circle_border_color=\u00bb#799975&#8243; circle_color=\u00bb#ffffff\u00bb global_colors_info=\u00bb\u00bb image_icon_background_color__sticky_enabled=\u00bb#ffff99&#8243; image_icon_background_color__sticky=\u00bb#ffff99&#8243;][\/et_pb_blurb][et_pb_blurb title=\u00bbLas clases se imparten principalmente en italiano y en ingl\u00e9s, pero hay tambi\u00e9n la posibilidad de tener clase en espa\u00f1ol, franc\u00e9s y alem\u00e1n seg\u00fan la disponibilidad de nuestros instructores.<br \/>\n\u00bb use_icon=\u00bbon\u00bb font_icon=\u00bb&#xe069;||divi||400&#8243; icon_color=\u00bb#799975&#8243; image_icon_background_color=\u00bb#ffffff\u00bb icon_placement=\u00bbleft\u00bb image_icon_width=\u00bb18px\u00bb _builder_version=\u00bb4.16&#8243; header_font=\u00bb||||||||\u00bb header_text_color=\u00bb#444444&#8243; header_font_size=\u00bb20px\u00bb image_icon_custom_padding=\u00bb8px|8px|8px|8px|false|false\u00bb border_radii_image=\u00bbon|100%|100%|100%|100%\u00bb border_width_all_image=\u00bb2px\u00bb border_color_all_image=\u00bb#799975&#8243; icon_font_size=\u00bb18px\u00bb use_circle=\u00bbon\u00bb use_circle_border=\u00bbon\u00bb circle_border_color=\u00bb#799975&#8243; circle_color=\u00bb#ffffff\u00bb global_colors_info=\u00bb\u00bb image_icon_background_color__sticky_enabled=\u00bb#ffff99&#8243; image_icon_background_color__sticky=\u00bb#ffff99&#8243;]<\/p>\n<p>En el caso de que se quiera tener clase en otro idioma que no sea ingl\u00e9s, se recomienda expresarlo en la solicitud<br \/> .<\/p>\n<p>[\/et_pb_blurb][et_pb_blurb title=\u00bbLas clases se imparten principalmente en ingl\u00e9s, pero hay tambi\u00e9n la posibilidad de tener clase en espa\u00f1ol, italiano, franc\u00e9s y alem\u00e1n seg\u00fan la disponibilidad de nuestros instructores. En el caso de que se quiera tener clase en otro idioma que no sea ingl\u00e9s, se recomienda expresarlo en la solicitud.\u00bb use_icon=\u00bbon\u00bb font_icon=\u00bb&#xe069;||divi||400&#8243; icon_color=\u00bb#799975&#8243; image_icon_background_color=\u00bb#ffffff\u00bb icon_placement=\u00bbleft\u00bb image_icon_width=\u00bb18px\u00bb _builder_version=\u00bb4.16&#8243; header_font=\u00bb||||||||\u00bb header_text_color=\u00bb#444444&#8243; header_font_size=\u00bb20px\u00bb image_icon_custom_padding=\u00bb8px|8px|8px|8px|false|false\u00bb border_radii_image=\u00bbon|100%|100%|100%|100%\u00bb border_width_all_image=\u00bb2px\u00bb border_color_all_image=\u00bb#799975&#8243; icon_font_size=\u00bb18px\u00bb use_circle=\u00bbon\u00bb use_circle_border=\u00bbon\u00bb circle_border_color=\u00bb#799975&#8243; circle_color=\u00bb#ffffff\u00bb global_colors_info=\u00bb\u00bb image_icon_background_color__sticky_enabled=\u00bb#ffff99&#8243; image_icon_background_color__sticky=\u00bb#ffff99&#8243;]<\/p>\n<p>En el caso de que se quiera tener clase en otro idioma que no sea ingl\u00e9s, se recomienda expresarlo en la solicitud.<\/p>\n<p>[\/et_pb_blurb][et_pb_blurb title=\u00bbEs aconsejable llevar ropa c\u00f3moda y zapatos deportivos, adem\u00e1s de traer agua y un gorro para los d\u00edas m\u00e1s soleados.\u00bb use_icon=\u00bbon\u00bb font_icon=\u00bb&#xe072;||divi||400&#8243; icon_color=\u00bb#799975&#8243; image_icon_background_color=\u00bb#ffffff\u00bb icon_placement=\u00bbleft\u00bb image_icon_width=\u00bb18px\u00bb _builder_version=\u00bb4.16&#8243; header_font=\u00bb||||||||\u00bb header_text_color=\u00bb#444444&#8243; header_font_size=\u00bb20px\u00bb image_icon_custom_padding=\u00bb8px|8px|8px|8px|false|false\u00bb border_radii_image=\u00bbon|100%|100%|100%|100%\u00bb border_width_all_image=\u00bb2px\u00bb border_color_all_image=\u00bb#799975&#8243; icon_font_size=\u00bb18px\u00bb use_circle=\u00bbon\u00bb use_circle_border=\u00bbon\u00bb circle_border_color=\u00bb#799975&#8243; circle_color=\u00bb#ffffff\u00bb global_colors_info=\u00bb\u00bb image_icon_background_color__sticky_enabled=\u00bb#ffff99&#8243; image_icon_background_color__sticky=\u00bb#ffff99&#8243;][\/et_pb_blurb][et_pb_text admin_label=\u00bbHeader Text\u00bb _builder_version=\u00bb4.16&#8243; header_4_text_align=\u00bbcenter\u00bb max_width=\u00bb70%\u00bb module_alignment=\u00bbcenter\u00bb custom_padding=\u00bb|||\u00bb custom_padding_tablet=\u00bb\u00bb custom_padding_phone=\u00bb\u00bb custom_padding_last_edited=\u00bbon|phone\u00bb border_width_all=\u00bb2px\u00bb border_color_all=\u00bb#187795&#8243; saved_tabs=\u00bball\u00bb global_colors_info=\u00bb\u00bb]<\/p>\n<h4><a title=\"Have more questions?\" href=\"..\/..\/faq\/\">\u00bfM\u00e1s preguntas? Lee las FAQs.<\/a><\/h4>\n<p>[\/et_pb_text][\/et_pb_column][\/et_pb_row][et_pb_row _builder_version=\u00bb4.16&#8243; background_size=\u00bbinitial\u00bb background_position=\u00bbtop_left\u00bb background_repeat=\u00bbrepeat\u00bb global_colors_info=\u00bb\u00bb][et_pb_column type=\u00bb4_4&#8243; _builder_version=\u00bb4.16&#8243; custom_padding=\u00bb|||\u00bb global_colors_info=\u00bb\u00bb custom_padding__hover=\u00bb|||\u00bb][et_pb_cta button_url=\u00bbhttps:\/\/rowvenice.org\/es\/book-your-lesson\/\u00bb button_text=\u00bb\u00a1Reservar ahora!\u00bb disabled_on=\u00bboff||\u00bb admin_label=\u00bbBook Your Lesson\u00bb _builder_version=\u00bb3.24.1&#8243; header_level=\u00bbh4&#8243; header_font_size=\u00bb16px\u00bb use_background_color=\u00bboff\u00bb custom_button=\u00bbon\u00bb button_bg_color=\u00bb#75124f\u00bb button_border_width=\u00bb2px\u00bb button_font=\u00bb|700|||||||\u00bb button_use_icon=\u00bboff\u00bb button_alignment=\u00bbcenter\u00bb custom_margin=\u00bb-30px||20px|\u00bb custom_margin_last_edited=\u00bboff|desktop\u00bb box_shadow_style_button=\u00bbpreset1&#8243; button_text_color_hover=\u00bb#57124f\u00bb button_border_color_hover=\u00bb#75124f\u00bb global_module=\u00bb4522&#8243; saved_tabs=\u00bball\u00bb global_colors_info=\u00bb\u00bb button_text_size__hover_enabled=\u00bboff\u00bb button_one_text_size__hover_enabled=\u00bboff\u00bb button_two_text_size__hover_enabled=\u00bboff\u00bb button_text_color__hover_enabled=\u00bbon\u00bb button_text_color__hover=\u00bb#57124f\u00bb button_one_text_color__hover_enabled=\u00bboff\u00bb button_two_text_color__hover_enabled=\u00bboff\u00bb button_border_width__hover_enabled=\u00bboff\u00bb button_one_border_width__hover_enabled=\u00bboff\u00bb button_two_border_width__hover_enabled=\u00bboff\u00bb button_border_color__hover_enabled=\u00bbon\u00bb button_border_color__hover=\u00bb#75124f\u00bb button_one_border_color__hover_enabled=\u00bboff\u00bb button_two_border_color__hover_enabled=\u00bboff\u00bb button_border_radius__hover_enabled=\u00bboff\u00bb button_one_border_radius__hover_enabled=\u00bboff\u00bb button_two_border_radius__hover_enabled=\u00bboff\u00bb button_letter_spacing__hover_enabled=\u00bboff\u00bb button_one_letter_spacing__hover_enabled=\u00bboff\u00bb button_two_letter_spacing__hover_enabled=\u00bboff\u00bb button_bg_color__hover_enabled=\u00bboff\u00bb button_one_bg_color__hover_enabled=\u00bboff\u00bb button_two_bg_color__hover_enabled=\u00bboff\u00bb][\/et_pb_cta][\/et_pb_column][\/et_pb_row][\/et_pb_section]<\/p>\n","protected":false},"excerpt":{"rendered":"<p>La clase empieza con la introducci\u00f3n sobre la historia de nuestra Batela a coa de gambaro o Batelina, el barco tradicional que hace un tiempo se utilizaba mucho en Venecia. Hoy en desuso, es un barco ideal para nuestras clases, caracterizado por ser muy estable y c\u00f3modo en el agua.La primera parte de la clase [&hellip;]<\/p>\n","protected":false},"author":2,"featured_media":211292,"parent":0,"menu_order":0,"comment_status":"closed","ping_status":"closed","template":"","meta":{"_et_pb_use_builder":"on","_et_pb_old_content":"To start your lesson, we'll introduce you to our traditional <em>batelina<\/em>, once one of the most prolific craft in the city. Now extremely rare, they make an exceptional first-time rowing boat: stable and comfortable.\r\n\r\nWe'll then concentrate on the basic stroke for rowing <em>a prua<\/em> (at the prow), giving a demonstration and then letting each person try it themselves, with the boat still moored. We'll then depart, with each rower taking turns and getting acclimated to the stoke as we glide along a wide, quiet canal. We'll then cross then into the expansive,\u00a0open lagoon, where you'll be encouraged to try rowing\u00a0<em>a poppa<\/em>\u00a0\u2014 steering the boat yourself at the stern, just like a gondolier. (If it's too windy, you can still try the steering position in the canals.) We'll then return\u00a0back through the evocative side canals back to the drop-off point.\r\n\r\nLearn more about our distinctive, traditional boats, the rare\u00a0<a title=\"Our Boats: Belle Batele\" href=\"https:\/\/rowvenice.org\/boats-belle-batele\/\"><em>belle<\/em>\u00a0<em>bateline<\/em>\u00a0HERE<\/a>.\r\n\r\n<a href=\"https:\/\/rowvenice.org\/wp-content\/uploads\/rv-lesson-1-1.jpg\"><img class=\"aligncenter size-full wp-image-3897\" src=\"https:\/\/rowvenice.org\/wp-content\/uploads\/rv-lesson-1-1.jpg\" alt=\"rv lesson - 1\" width=\"1280\" height=\"853\" \/><\/a>\r\n<h3>Larger Groups<\/h3>\r\nIf you have from 5-8\u00a0people in your group, don't worry, you can book two boats yourself at any hour\u00a0they are free using our online booking system (if you only see one boat free, do check with us to see if we can add another).\r\n\r\nFor larger groups of more than\u00a08 people, we can arrange for multiple lessons, and\/or multiple boats. Please\u00a0<a href=\"mailto:info@rowvenice.org\">write us<\/a>\u00a0with your requirements and we'll arrange your booking.\r\n\r\nVenetian Rowing Lesson\u00a0details:\r\n<ul>\r\n \t<li>All lessons are\u00a0private.<\/li>\r\n \t<li>Lessons are\u00a090 minutes<\/li>\r\n \t<li>Total cost (whether rowing or riding) is\u00a0<strong>\u20ac85\u00a0<\/strong>for<strong> 1 or 2\u00a0people<\/strong><strong>; \u20ac120 <\/strong>for<strong> 3;\u00a0<strong>\u20ac140 <\/strong><\/strong>for<strong><strong> 4<\/strong><\/strong><strong><strong>.<\/strong><\/strong><\/li>\r\n \t<li>We can guarantee lessons in English and Italian, but we also offer lessons in\u00a0French, German and Spanish, depending on instructor availability. Make sure to note your non-English language preference in the booking comments.<\/li>\r\n \t<li>We recommend wearing comfortable, loose-fitting clothing and flexible sports shoes; bring water & head cover on a hot day.<\/li>\r\n<\/ul>\r\n<a title=\"Have more questions?\" href=\"https:\/\/rowvenice.org\/faq\/\">Have more questions?<\/a>\u00a0please see <a title=\"FAQs\" href=\"https:\/\/rowvenice.org\/faq\/\">our FAQs<\/a>\r\n<h3 style=\"text-align: center;\"><a title=\"Booking & Availability\" href=\"https:\/\/rowvenice.org\/book-now\/\">~~ Book Your Lesson Now ~~<\/a><\/h3>\r\n<p style=\"text-align: center;\"><span style=\"color: #e48e0d;\"><a style=\"color: #ff6600;\" href=\"https:\/\/rowvenice.org\/last-minute\/\">Last Minute? Click here instead<\/a>!<\/span><\/p>","_et_gb_content_width":"","footnotes":""},"class_list":["post-4227","page","type-page","status-publish","has-post-thumbnail","hentry"],"_links":{"self":[{"href":"https:\/\/rowvenice.org\/es\/wp-json\/wp\/v2\/pages\/4227","targetHints":{"allow":["GET"]}}],"collection":[{"href":"https:\/\/rowvenice.org\/es\/wp-json\/wp\/v2\/pages"}],"about":[{"href":"https:\/\/rowvenice.org\/es\/wp-json\/wp\/v2\/types\/page"}],"author":[{"embeddable":true,"href":"https:\/\/rowvenice.org\/es\/wp-json\/wp\/v2\/users\/2"}],"replies":[{"embeddable":true,"href":"https:\/\/rowvenice.org\/es\/wp-json\/wp\/v2\/comments?post=4227"}],"version-history":[{"count":15,"href":"https:\/\/rowvenice.org\/es\/wp-json\/wp\/v2\/pages\/4227\/revisions"}],"predecessor-version":[{"id":212037,"href":"https:\/\/rowvenice.org\/es\/wp-json\/wp\/v2\/pages\/4227\/revisions\/212037"}],"wp:featuredmedia":[{"embeddable":true,"href":"https:\/\/rowvenice.org\/es\/wp-json\/wp\/v2\/media\/211292"}],"wp:attachment":[{"href":"https:\/\/rowvenice.org\/es\/wp-json\/wp\/v2\/media?parent=4227"}],"curies":[{"name":"wp","href":"https:\/\/api.w.org\/{rel}","templated":true}]}}