{"id":3851,"date":"2016-08-14T11:01:09","date_gmt":"2016-08-14T10:01:09","guid":{"rendered":"http:\/\/rowvenice.org\/?page_id=3851"},"modified":"2024-05-28T12:07:37","modified_gmt":"2024-05-28T11:07:37","slug":"last-minute","status":"publish","type":"page","link":"https:\/\/rowvenice.org\/es\/last-minute\/","title":{"rendered":"\u00bfDe \u00faltima hora?"},"content":{"rendered":"<p>[et_pb_section fb_built=\u00bb1&#8243; _builder_version=\u00bb4.16&#8243; global_colors_info=\u00bb\u00bb][et_pb_row _builder_version=\u00bb4.16&#8243; max_width=\u00bb80%\u00bb module_alignment=\u00bbcenter\u00bb custom_margin=\u00bb0px|||\u00bb custom_padding=\u00bb0px|||\u00bb use_custom_width=\u00bbon\u00bb width_unit=\u00bboff\u00bb global_colors_info=\u00bb\u00bb][et_pb_column type=\u00bb4_4&#8243; _builder_version=\u00bb4.16&#8243; custom_padding=\u00bb|||\u00bb global_colors_info=\u00bb\u00bb custom_padding__hover=\u00bb|||\u00bb][et_pb_post_title meta=\u00bboff\u00bb featured_image=\u00bboff\u00bb _builder_version=\u00bb4.16&#8243; title_font_size=\u00bb36px\u00bb global_colors_info=\u00bb\u00bb][\/et_pb_post_title][et_pb_text admin_label=\u00bbST w borders\u00bb _builder_version=\u00bb4.25.1&#8243; header_4_font_size=\u00bb1.6em\u00bb hover_enabled=\u00bb0&#8243; border_width_top=\u00bb0.5&#8243; border_color_top=\u00bb#aaaaaa\u00bb border_width_bottom=\u00bb0.5&#8243; border_color_bottom=\u00bb#aaaaaa\u00bb saved_tabs=\u00bball\u00bb locked=\u00bboff\u00bb global_colors_info=\u00bb\u00bb sticky_enabled=\u00bb0&#8243;]<\/p>\n<h4>No es posible reservar una clase en la web en las \u00faltimas 24 horas, pero podemos organizar una lecci\u00f3n dependiendo de tu disponibilidad y de la nuestra.<\/h4>\n<h4>Utilice nuestro <a href=\"https:\/\/rowvenice.org\">CHAT EN VIVO<\/a> a continuaci\u00f3n para solicitar una clase en las pr\u00f3ximas 24 horas.<\/h4>\n<p>[\/et_pb_text][\/et_pb_column][\/et_pb_row][et_pb_row column_structure=\u00bb3_5,2_5&#8243; custom_padding_last_edited=\u00bbon|phone\u00bb _builder_version=\u00bb4.25.1&#8243; max_width=\u00bb80%\u00bb module_alignment=\u00bbcenter\u00bb custom_margin=\u00bb||||false|false\u00bb custom_padding=\u00bb1em|||50px|false|false\u00bb custom_padding_tablet=\u00bb|||0px|false|false\u00bb custom_padding_phone=\u00bb|||0px|false|false\u00bb use_custom_width=\u00bbon\u00bb width_unit=\u00bboff\u00bb collapsed=\u00bboff\u00bb global_colors_info=\u00bb\u00bb][et_pb_column type=\u00bb3_5&#8243; _builder_version=\u00bb4.16&#8243; custom_padding=\u00bb|||\u00bb global_colors_info=\u00bb\u00bb custom_padding__hover=\u00bb|||\u00bb][et_pb_text admin_label=\u00bbLM page text\u00bb _builder_version=\u00bb4.25.1&#8243; text_font_size=\u00bb21px\u00bb text_line_height=\u00bb1.4em\u00bb ul_font_size=\u00bb18px\u00bb ul_line_height=\u00bb1.4em\u00bb ol_font_size=\u00bb1em\u00bb ol_line_height=\u00bb1.5em\u00bb locked=\u00bboff\u00bb global_colors_info=\u00bb\u00bb]<\/p>\n<p><a href=\"..\/rv-venetian-rowing-lessons\/\">1. En primer lugar, mira aqu\u00ed las diferentes clases y precios, <strong>controlla qui le lezioni ed i costi.<\/strong><\/a><\/p>\n<p><strong>2. Escr\u00edbenos tu disponibilidad y el n\u00famero de participantes <a href=\"\/\">en el Chat<\/a><\/strong>, podr\u00edamos no estar disponibles de inmediato, pero igualmente veremos tu solicitud y te responderemos lo antes posible. Te propondremos los horarios disponibles, pero ser\u00e1 necesario mucha flexibilidad por tu parte!<\/p>\n<p><strong>3. <span style=\"font-weight: 400;\"><strong>Una vez que haya acordado el horario<\/strong>, reg\u00edstrate con el formulario a continuaci\u00f3n; crearemos tu reserva y te enviaremos una solicitud de pago por correo electr\u00f3nico. Una vez que haya completado el pago, tu reserva ser\u00e1 confirmada.<\/span><\/strong>.<\/p>\n<p>De lo contrario, <a href=\"..\/book-now\">reserva cualquier clase despu\u00e9s de las 24 horas<\/a>, especifica la hora y el d\u00eda que prefieras, y nosotros actualizaremos la reserva enviando una nueva confirmaci\u00f3n.<\/p>\n<p>[\/et_pb_text][et_pb_text admin_label=\u00bbLM page text\u00bb _builder_version=\u00bb4.25.1&#8243; text_font_size=\u00bb21px\u00bb text_line_height=\u00bb1.4em\u00bb ul_font_size=\u00bb18px\u00bb ul_line_height=\u00bb1.4em\u00bb ol_font_size=\u00bb1em\u00bb ol_line_height=\u00bb1.5em\u00bb locked=\u00bboff\u00bb global_colors_info=\u00bb\u00bb]<\/p>\n<h3>Para cualquier clase que quieras reservar con m\u00e1s de 24 horas de antelaci\u00f3n, <a href=\"..\/book-now\">\u00a1puedes reservar directamente online<\/a>!<\/h3>\n<p>[\/et_pb_text][\/et_pb_column][et_pb_column type=\u00bb2_5&#8243; _builder_version=\u00bb4.16&#8243; custom_padding=\u00bb|||\u00bb global_colors_info=\u00bb\u00bb custom_padding__hover=\u00bb|||\u00bb][et_pb_image src=\u00bbhttps:\/\/rowvenice.org\/wp-content\/uploads\/2017\/12\/Lesson-3-batele.jpg\u00bb align_tablet=\u00bbcenter\u00bb align_phone=\u00bb\u00bb align_last_edited=\u00bbon|desktop\u00bb _builder_version=\u00bb4.16&#8243; global_colors_info=\u00bb\u00bb]<\/p>\n<p style=\"text-align: left;\">[\/et_pb_image][\/et_pb_column][\/et_pb_row][et_pb_row use_custom_gutter=\u00bbon\u00bb make_equal=\u00bbon\u00bb _builder_version=\u00bb4.25.1&#8243; max_width=\u00bb80%\u00bb module_alignment=\u00bbcenter\u00bb custom_margin=\u00bb0px|||\u00bb custom_padding=\u00bb0px|||\u00bb use_custom_width=\u00bbon\u00bb width_unit=\u00bboff\u00bb locked=\u00bboff\u00bb global_colors_info=\u00bb\u00bb][et_pb_column type=\u00bb4_4&#8243; _builder_version=\u00bb4.16&#8243; custom_padding=\u00bb|||\u00bb global_colors_info=\u00bb\u00bb custom_padding__hover=\u00bb|||\u00bb][et_pb_code _builder_version=\u00bb4.25.1&#8243; _module_preset=\u00bbdefault\u00bb width=\u00bb80%\u00bb width_tablet=\u00bb100%\u00bb width_phone=\u00bb100%\u00bb width_last_edited=\u00bbon|desktop\u00bb max_width_tablet=\u00bb\u00bb max_width_phone=\u00bb\u00bb max_width_last_edited=\u00bbon|desktop\u00bb module_alignment=\u00bbcenter\u00bb locked=\u00bboff\u00bb global_colors_info=\u00bb\u00bb]<script type=\"text\/javascript\" src=\"https:\/\/bookeo.com\/widget.js?a=224RMKEFW14A9BF97A8A&#038;startmode=signup&#038;languageCode=es_ES\"><\/script>[\/et_pb_code][\/et_pb_column][\/et_pb_row][\/et_pb_section]<\/p>\n","protected":false},"excerpt":{"rendered":"<p>No es posible reservar una clase en la web en las \u00faltimas 24 horas, pero podemos organizar una lecci\u00f3n dependiendo de tu disponibilidad y de la nuestra. Utilice nuestro CHAT EN VIVO a continuaci\u00f3n para solicitar una clase en las pr\u00f3ximas 24 horas.1. En primer lugar, mira aqu\u00ed las diferentes clases y precios, controlla qui [&hellip;]<\/p>\n","protected":false},"author":2,"featured_media":0,"parent":0,"menu_order":0,"comment_status":"closed","ping_status":"closed","template":"","meta":{"_et_pb_use_builder":"on","_et_pb_old_content":"","_et_gb_content_width":"","footnotes":""},"class_list":["post-3851","page","type-page","status-publish","hentry"],"_links":{"self":[{"href":"https:\/\/rowvenice.org\/es\/wp-json\/wp\/v2\/pages\/3851","targetHints":{"allow":["GET"]}}],"collection":[{"href":"https:\/\/rowvenice.org\/es\/wp-json\/wp\/v2\/pages"}],"about":[{"href":"https:\/\/rowvenice.org\/es\/wp-json\/wp\/v2\/types\/page"}],"author":[{"embeddable":true,"href":"https:\/\/rowvenice.org\/es\/wp-json\/wp\/v2\/users\/2"}],"replies":[{"embeddable":true,"href":"https:\/\/rowvenice.org\/es\/wp-json\/wp\/v2\/comments?post=3851"}],"version-history":[{"count":47,"href":"https:\/\/rowvenice.org\/es\/wp-json\/wp\/v2\/pages\/3851\/revisions"}],"predecessor-version":[{"id":212092,"href":"https:\/\/rowvenice.org\/es\/wp-json\/wp\/v2\/pages\/3851\/revisions\/212092"}],"wp:attachment":[{"href":"https:\/\/rowvenice.org\/es\/wp-json\/wp\/v2\/media?parent=3851"}],"curies":[{"name":"wp","href":"https:\/\/api.w.org\/{rel}","templated":true}]}}