{"id":2985,"date":"2015-01-06T02:10:10","date_gmt":"2015-01-06T02:10:10","guid":{"rendered":"http:\/\/rowvenice.net\/?page_id=2985"},"modified":"2018-01-16T14:44:44","modified_gmt":"2018-01-16T13:44:44","slug":"book-your-lesson","status":"publish","type":"page","link":"https:\/\/rowvenice.org\/es\/book-your-lesson\/","title":{"rendered":"Reserve su lecci\u00f3n"},"content":{"rendered":"<p>[et_pb_section fb_built=\u00bb1&#8243; admin_label=\u00bbsection\u00bb _builder_version=\u00bb3.0.47&#8243;][et_pb_row use_custom_width=\u00bbon\u00bb width_unit=\u00bboff\u00bb custom_width_percent=\u00bb95%\u00bb use_custom_gutter=\u00bbon\u00bb gutter_width=\u00bb2&#8243; custom_padding=\u00bb|1em||1em\u00bb make_equal=\u00bbon\u00bb background_color=\u00bbrgba(226,226,226,0.31)\u00bb _builder_version=\u00bb3.0.92&#8243; background_size=\u00bbinitial\u00bb background_position=\u00bbtop_left\u00bb background_repeat=\u00bbrepeat\u00bb module_alignment=\u00bbcenter\u00bb custom_css_main_element=\u00bbmin-width: 95%\u00bb][et_pb_column type=\u00bb1_4&#8243; _builder_version=\u00bb3.0.47&#8243; parallax=\u00bboff\u00bb parallax_method=\u00bbon\u00bb][et_pb_blurb title=\u00bbRESERVAR AHORA!\u00bb url=\u00bbhttps:\/\/rowvenice.org\/es\/book-now\u00bb use_icon=\u00bbon\u00bb font_icon=\u00bb%%128%%\u00bb icon_color=\u00bb#75124f\u00bb use_icon_font_size=\u00bbon\u00bb icon_font_size=\u00bb50px\u00bb admin_label=\u00bbBook now\u00bb _builder_version=\u00bb3.0.95&#8243; header_font=\u00bb|600|||||||\u00bb header_text_align=\u00bbcenter\u00bb header_font_size=\u00bb20&#8243; header_text_color=\u00bb#187795&#8243; body_text_align=\u00bbcenter\u00bb custom_margin=\u00bb|||\u00bb custom_padding=\u00bb|||\u00bb]<\/p>\n<p>Complete este formulario para reservar cualquier clase con m\u00e1s de un d\u00eda de anticipaci\u00f3n.<\/p>\n<p>[\/et_pb_blurb][\/et_pb_column][et_pb_column type=\u00bb1_4&#8243; _builder_version=\u00bb3.0.47&#8243; parallax=\u00bboff\u00bb parallax_method=\u00bbon\u00bb][et_pb_blurb title=\u00bb\u00bf\u00daLTIMO MINUTO?\u00bb url=\u00bbhttps:\/\/rowvenice.org\/es\/last-minute\/\u00bb use_icon=\u00bbon\u00bb font_icon=\u00bb%%373%%\u00bb icon_color=\u00bb#75124f\u00bb use_icon_font_size=\u00bbon\u00bb icon_font_size=\u00bb50px\u00bb admin_label=\u00bbLM\u00bb _builder_version=\u00bb3.0.95&#8243; header_font=\u00bb|600|||||||\u00bb header_text_align=\u00bbcenter\u00bb header_font_size=\u00bb20&#8243; header_text_color=\u00bb#187795&#8243; body_text_align=\u00bbcenter\u00bb]<\/p>\n<p>Solicita una lecci\u00f3n<br \/>en las pr\u00f3ximas 24 horas.<\/p>\n<p>[\/et_pb_blurb][\/et_pb_column][et_pb_column type=\u00bb1_4&#8243; _builder_version=\u00bb3.0.47&#8243; parallax=\u00bboff\u00bb parallax_method=\u00bbon\u00bb][et_pb_blurb title=\u00bbCREA TU CUENTA\u00bb url=\u00bbhttps:\/\/rowvenice.org\/es\/rv-signup\/\u00bb use_icon=\u00bbon\u00bb font_icon=\u00bb%%149%%\u00bb icon_color=\u00bb#75124f\u00bb use_icon_font_size=\u00bbon\u00bb icon_font_size=\u00bb50px\u00bb admin_label=\u00bbSign up\u00bb _builder_version=\u00bb3.0.92&#8243; header_font=\u00bb|600|||||||\u00bb header_text_align=\u00bbcenter\u00bb header_font_size=\u00bb20&#8243; header_text_color=\u00bb#187795&#8243; body_text_align=\u00bbcenter\u00bb]<\/p>\n<p>Si tiene un grupo grande, quiere comprar un vale de regalo o todav\u00eda no est\u00e1 listo para reservar, cree una cuenta para comenzar.<\/p>\n<p>[\/et_pb_blurb][\/et_pb_column][et_pb_column type=\u00bb1_4&#8243; _builder_version=\u00bb3.0.47&#8243; parallax=\u00bboff\u00bb parallax_method=\u00bbon\u00bb][et_pb_blurb title=\u00bbACCEDER A TU CUENTA\u00bb url=\u00bbhttps:\/\/rowvenice.org\/es\/rv-signin\/\u00bb use_icon=\u00bbon\u00bb font_icon=\u00bb%%75%%\u00bb icon_color=\u00bb#75124f\u00bb use_icon_font_size=\u00bbon\u00bb icon_font_size=\u00bb50px\u00bb admin_label=\u00bbSign in\u00bb _builder_version=\u00bb3.0.95&#8243; header_font=\u00bb|600|||||||\u00bb header_text_align=\u00bbcenter\u00bb header_font_size=\u00bb20&#8243; header_text_color=\u00bb#187795&#8243; body_text_align=\u00bbcenter\u00bb]<\/p>\n<p>PARA REVISAR, CAMBIAR o actualizar una reserva existente, inicie sesi\u00f3n en su cuenta.<\/p>\n<p>[\/et_pb_blurb][\/et_pb_column][\/et_pb_row][et_pb_row use_custom_width=\u00bbon\u00bb custom_width_px=\u00bb901px\u00bb admin_label=\u00bbrow\u00bb _builder_version=\u00bb3.0.92&#8243; background_size=\u00bbinitial\u00bb background_position=\u00bbtop_left\u00bb background_repeat=\u00bbrepeat\u00bb][et_pb_column type=\u00bb1_3&#8243; _builder_version=\u00bb3.0.47&#8243; parallax=\u00bboff\u00bb parallax_method=\u00bbon\u00bb][et_pb_text _builder_version=\u00bb3.0.92&#8243;]<\/p>\n<p><span style=\"font-size: 16px;\"><span style=\"color: #75124f;\"><strong>RESERVE TEMPRANO<\/strong><\/span> en su estad\u00eda siempre que sea posible. En caso de problemas clim\u00e1ticos raros, podemos reprogramar en lugar de cancelar.<\/span><\/p>\n<p>[\/et_pb_text][\/et_pb_column][et_pb_column type=\u00bb1_3&#8243; _builder_version=\u00bb3.0.47&#8243; parallax=\u00bboff\u00bb parallax_method=\u00bbon\u00bb][et_pb_text _builder_version=\u00bb3.0.95&#8243;]<\/p>\n<p><strong>M\u00e1s de 4 personas?<\/strong> Necesitar\u00e1s m\u00e1s de un bote. Seleccione el primer barco, luego elija \u00abagregar otra actividad\u00bb para la misma fecha y hora.<\/p>\n<p>[\/et_pb_text][\/et_pb_column][et_pb_column type=\u00bb1_3&#8243; _builder_version=\u00bb3.0.47&#8243; parallax=\u00bboff\u00bb parallax_method=\u00bbon\u00bb][et_pb_text _builder_version=\u00bb3.0.92&#8243;]<\/p>\n<p><span style=\"color: #75124f;\"><strong>M\u00e1s de 8 personas?<\/strong><\/span> Primero <a href=\"..\/rv-signup\/\">crea tu cuenta<\/a>, luego cont\u00e1ctanos con tu solicitud.<\/p>\n<p>[\/et_pb_text][\/et_pb_column][\/et_pb_row][et_pb_row use_custom_width=\u00bbon\u00bb width_unit=\u00bboff\u00bb module_id=\u00bbbooking-form\u00bb _builder_version=\u00bb3.0.92&#8243; module_alignment=\u00bbcenter\u00bb][et_pb_column type=\u00bb4_4&#8243; _builder_version=\u00bb3.0.47&#8243; parallax=\u00bboff\u00bb parallax_method=\u00bbon\u00bb][et_pb_image src=\u00bbhttps:\/\/rowvenice.org\/wp-content\/uploads\/2015\/02\/rv_slides-4.jpg\u00bb _builder_version=\u00bb3.0.92&#8243;]\u00a0<br \/>\n[\/et_pb_image][\/et_pb_column][\/et_pb_row][\/et_pb_section]<\/p>\n","protected":false},"excerpt":{"rendered":"<p>Complete este formulario para reservar cualquier clase con m\u00e1s de un d\u00eda de anticipaci\u00f3n. Solicita una lecci\u00f3nen las pr\u00f3ximas 24 horas. Si tiene un grupo grande, quiere comprar un vale de regalo o todav\u00eda no est\u00e1 listo para reservar, cree una cuenta para comenzar. PARA REVISAR, CAMBIAR o actualizar una reserva existente, inicie sesi\u00f3n en [&hellip;]<\/p>\n","protected":false},"author":2,"featured_media":0,"parent":0,"menu_order":0,"comment_status":"closed","ping_status":"closed","template":"","meta":{"_et_pb_use_builder":"on","_et_pb_old_content":"<a href=\"http:\/\/rowvenice.org\/last-minute\/\"><span style=\"color: #ff6600;\">LAST MINUTE?<\/span><\/a> To book a lesson less than 24 hours in advance, <a href=\"http:\/\/rowvenice.org\/last-minute\/\">click here.<\/a>\r\n\r\n<span style=\"color: #ff6600;\">Book early in your stay<\/span>\u00a0whenever possible.\u00a0In case of rare weather problems we'll then have a chance to reschedule instead of canceling definitively.\r\n\r\n<span style=\"color: #ff6600;\">Group of more\u00a0than 4 adults?<\/span> You'll need to reserve\u00a0more than one boat. Just select\u00a0the first boat, then before completing payment choose \"add another activity\" for the same date and time.\r\n\r\n*PLEASE NOTE* For private\u00a0bookings (not tour operators) of more than one boat, we\u00a0will need a name, place and date of birth for one adult\u00a0for each boat reserved.\r\n\r\n[bookeo]","_et_gb_content_width":"","footnotes":""},"class_list":["post-2985","page","type-page","status-publish","hentry"],"_links":{"self":[{"href":"https:\/\/rowvenice.org\/es\/wp-json\/wp\/v2\/pages\/2985","targetHints":{"allow":["GET"]}}],"collection":[{"href":"https:\/\/rowvenice.org\/es\/wp-json\/wp\/v2\/pages"}],"about":[{"href":"https:\/\/rowvenice.org\/es\/wp-json\/wp\/v2\/types\/page"}],"author":[{"embeddable":true,"href":"https:\/\/rowvenice.org\/es\/wp-json\/wp\/v2\/users\/2"}],"replies":[{"embeddable":true,"href":"https:\/\/rowvenice.org\/es\/wp-json\/wp\/v2\/comments?post=2985"}],"version-history":[{"count":4,"href":"https:\/\/rowvenice.org\/es\/wp-json\/wp\/v2\/pages\/2985\/revisions"}],"predecessor-version":[{"id":211362,"href":"https:\/\/rowvenice.org\/es\/wp-json\/wp\/v2\/pages\/2985\/revisions\/211362"}],"wp:attachment":[{"href":"https:\/\/rowvenice.org\/es\/wp-json\/wp\/v2\/media?parent=2985"}],"curies":[{"name":"wp","href":"https:\/\/api.w.org\/{rel}","templated":true}]}}