{"id":2633,"date":"2014-08-30T12:52:09","date_gmt":"2014-08-30T11:52:09","guid":{"rendered":"http:\/\/rowvenice.net\/?page_id=2633"},"modified":"2024-01-06T12:48:01","modified_gmt":"2024-01-06T11:48:01","slug":"rv-venetian-rowing-lessons","status":"publish","type":"page","link":"https:\/\/rowvenice.org\/es\/rv-venetian-rowing-lessons\/","title":{"rendered":"\u00a1Clases de voga veneta para aprender a remar!"},"content":{"rendered":"<p>[et_pb_section fb_built=\u00bb1&#8243; _builder_version=\u00bb4.16&#8243; custom_padding=\u00bb|0px||0px\u00bb global_colors_info=\u00bb\u00bb][et_pb_row _builder_version=\u00bb4.16&#8243; global_colors_info=\u00bb\u00bb][et_pb_column type=\u00bb4_4&#8243; _builder_version=\u00bb4.16&#8243; custom_padding=\u00bb|||\u00bb global_colors_info=\u00bb\u00bb custom_padding__hover=\u00bb|||\u00bb][et_pb_post_title meta=\u00bboff\u00bb featured_placement=\u00bbbackground\u00bb text_color=\u00bblight\u00bb admin_label=\u00bbRV Post Title\u00bb _builder_version=\u00bb4.16&#8243; title_font=\u00bb||||||||\u00bb title_text_align=\u00bbcenter\u00bb title_font_size=\u00bb38px\u00bb background_color=\u00bbrgba(11,57,84,0.2)\u00bb background_position=\u00bbtop_center\u00bb background_blend=\u00bbdarken\u00bb custom_margin=\u00bb|||\u00bb custom_padding_tablet=\u00bb\u00bb custom_padding_phone=\u00bb\u00bb custom_padding_last_edited=\u00bbon|desktop\u00bb title_text_shadow_style=\u00bbpreset1&#8243; saved_tabs=\u00bball\u00bb global_colors_info=\u00bb\u00bb]&nbsp;<br \/>\n[\/et_pb_post_title][et_pb_text admin_label=\u00bbST w borders\u00bb _builder_version=\u00bb4.16&#8243; max_width=\u00bb85%\u00bb module_alignment=\u00bbcenter\u00bb border_width_top=\u00bb0.5&#8243; border_color_top=\u00bb#aaaaaa\u00bb border_width_bottom=\u00bb0.5&#8243; border_color_bottom=\u00bb#aaaaaa\u00bb saved_tabs=\u00bball\u00bb global_colors_info=\u00bb\u00bb]<\/p>\n<h4 style=\"text-align: center;\">Row Venice ofrece tres diferentes tipos de experiencias para aprender a bogar a la v\u00e9neta: elige la que m\u00e1s te guste y \u00a1reserva aqu\u00ed mismo tu clase!<\/h4>\n<p>[\/et_pb_text][\/et_pb_column][\/et_pb_row][et_pb_row use_custom_gutter=\u00bbon\u00bb gutter_width=\u00bb2&#8243; make_equal=\u00bbon\u00bb _builder_version=\u00bb3.25&#8243; background_color=\u00bbrgba(121,153,117,0.05)\u00bb module_alignment=\u00bbcenter\u00bb custom_margin=\u00bb||15px|\u00bb custom_padding=\u00bb|1%||2%\u00bb custom_css_main_element=\u00bbmin-width: 100%; ||padding: 2%;\u00bb global_module=\u00bb4779&#8243; global_colors_info=\u00bb\u00bb column_structure=\u00bb1_3,1_3,1_3&#8243;][et_pb_column type=\u00bb1_3&#8243; _builder_version=\u00bb4.16&#8243; custom_padding=\u00bb|2%||\u00bb global_colors_info=\u00bb\u00bb custom_padding__hover=\u00bb|||\u00bb][et_pb_blurb title=\u00bbClases de voga veneta\u00bb url=\u00bbhttps:\/\/rowvenice.org\/es\/venetian-rowing-lesson\/\u00bb image=\u00bbhttps:\/\/rowvenice.org\/wp-content\/uploads\/2014\/09\/row-venice-162.jpg\u00bb admin_label=\u00bbRVlez blurb\u00bb _builder_version=\u00bb4.16&#8243; header_level=\u00bbh3&#8243; header_text_align=\u00bbcenter\u00bb header_font_size=\u00bb24&#8243; text_orientation=\u00bbcenter\u00bb custom_padding=\u00bb|||\u00bb box_shadow_style_image=\u00bbpreset1&#8243; saved_tabs=\u00bball\u00bb global_colors_info=\u00bb\u00bb]<\/p>\n<p style=\"text-align: left;\">La clase est\u00e1ndar tiene una duraci\u00f3n de 90 minutos, a bordo de una <em>batellina<\/em>, un barco tradicional veneciano de madera, hecho a mano por los artesanos lugare\u00f1os.<\/p>\n<p style=\"text-align: left; padding-left: 30px;\">\u2022 Disponible de las 10 a las 16 (de 8:30 desde abril hasta octubre). En el caso de que no hayan reservas para el paquete \u201cCichetto Row\u201d, existe la posibilidad de una clase tambi\u00e9n a las 17:30.<\/p>\n<p style=\"text-align: left; padding-left: 30px;\">\u2022 El precio total (por barco) es de <strong>100\u20ac <\/strong>para 1 o 2 personas, <strong>130\u20ac <\/strong>para 3 personas, y <strong>150\u20ac <\/strong>para 4 personas.<\/p>\n<p style=\"text-align: left; padding-left: 30px;\">\u2022\u00a0Los <strong>grupos de 5 <\/strong>personas pueden reservar\u00a0 un barco m\u00e1s grande destinado solo a grupos de 5 personas, por <strong>220\u20ac<\/strong>.<\/p>\n<p style=\"text-align: left; padding-left: 30px;\">\u2022 Para grupos de m\u00e1s de 8 personas el precio es de <strong>40\u20ac <\/strong>por persona.<\/p>\n<p>[\/et_pb_blurb][\/et_pb_column][et_pb_column type=\u00bb1_3&#8243; _builder_version=\u00bb4.16&#8243; custom_padding=\u00bb|2%||\u00bb global_colors_info=\u00bb\u00bb custom_padding__hover=\u00bb|||\u00bb][et_pb_blurb title=\u00bbCichetto Row\u00bb url=\u00bbhttps:\/\/rowvenice.org\/es\/rv-cichetto-row\/\u00bb image=\u00bbhttps:\/\/rowvenice.org\/wp-content\/uploads\/2016\/07\/Cichetto-Row-8-July-1-1.jpg\u00bb alt=\u00bbRow Venice Cichetto Row\u00bb admin_label=\u00bbRVlez blurb\u00bb _builder_version=\u00bb4.16&#8243; header_level=\u00bbh3&#8243; header_text_align=\u00bbcenter\u00bb header_font_size=\u00bb24&#8243; text_orientation=\u00bbcenter\u00bb custom_padding=\u00bb|||\u00bb box_shadow_style_image=\u00bbpreset1&#8243; saved_tabs=\u00bball\u00bb global_colors_info=\u00bb\u00bb]<\/p>\n<p style=\"text-align: left;\">Los apasionados de la enogastronom\u00eda pueden emplear los conocimientos adquiridos para remar hasta dos diferentes bares <em>bacari <\/em>y tener el placer de disfrutar a la vez de su clase y de <em>un giro d\u2019ombra<\/em>, la manera local de llamar una copa de vino. All\u00ed podr\u00e1n descubrir y saborear la comida y el vino t\u00edpicos de Venecia (todo incluido en el precio de Cicchetto Row).<\/p>\n<p style=\"text-align: left;\">Las clases tienen una duraci\u00f3n de 2 horas y dos horas quince minutos a los siguientes horarios:<\/p>\n<p style=\"text-align: left; padding-left: 30px;\">-17:30 de junio a agosto<br \/>-11:30 y 17:30 en abril, mayo, septiembre y octubre<br \/>-11:30 de noviembre a marzo.<\/p>\n<p style=\"text-align: left; padding-left: 30px;\">\u2022 El precio total es de <strong>225-300\u20ac <\/strong>para barcos de 1 a 4 personas, todo incluido. Disponibilidad de tres barcos m\u00e1ximo.<\/p>\n<p style=\"text-align: left; padding-left: 30px;\"><span style=\"font-size: 17px;\">\u2022<\/span><span style=\"font-size: 17px;\"> Los <\/span><strong style=\"font-size: 17px;\">grupos de 5 <\/strong><span style=\"font-size: 17px;\">personas pueden reservar <\/span><span style=\"font-size: 17px;\">un barco m\u00e1s grande destinado solo a grupos de 5 personas, por <\/span><strong style=\"font-size: 17px;\">425\u20ac<\/strong><span style=\"font-size: 17px;\">.<\/span><\/p>\n<p>[\/et_pb_blurb][\/et_pb_column][et_pb_column type=\u00bb1_3&#8243; _builder_version=\u00bb4.16&#8243; custom_padding=\u00bb|2%||\u00bb global_colors_info=\u00bb\u00bb custom_padding__hover=\u00bb|||\u00bb][et_pb_blurb title=\u00bbEvening Row Grand Canal: remar en el Canal Grande al atardecer.\u00bb url=\u00bbhttps:\/\/rowvenice.org\/es\/venetian-rowing-lesson\/\u00bb image=\u00bbhttps:\/\/rowvenice.org\/wp-content\/uploads\/2016\/07\/RV-Vogata-di-Sera-1.jpg\u00bb admin_label=\u00bbRVlez blurb\u00bb _builder_version=\u00bb4.16&#8243; header_level=\u00bbh3&#8243; header_text_align=\u00bbcenter\u00bb header_font_size=\u00bb24&#8243; text_orientation=\u00bbcenter\u00bb custom_padding=\u00bb|||\u00bb box_shadow_style_image=\u00bbpreset1&#8243; saved_tabs=\u00bball\u00bb global_colors_info=\u00bb\u00bb]<\/p>\n<p style=\"text-align: left;\">Se trata de una clase de 90 minutos que empieza al atardecer, cuando la ciudad se vac\u00eda y se queda m\u00e1s tranquila.<\/p>\n<p style=\"text-align: left;\">Disponible a las horas 20 de abril a octubre, y a las 17:30 de noviembre a marzo.<\/p>\n<p style=\"text-align: left; padding-left: 30px;\">\u2022 El precio total es de <strong>180\u20ac<\/strong> para barcos de 1 a 4 personas.<\/p>\n<p style=\"text-align: left; padding-left: 30px;\">\u2022Los <strong>grupos de 5 <\/strong>personas pueden reservar dos barcos para que tengan clase juntos, o <strong>una batela<\/strong>, un barco m\u00e1s grande destinado a grupos de 5 personas, por <strong>320\u20ac<\/strong>.<\/p>\n<p>[\/et_pb_blurb][\/et_pb_column][\/et_pb_row][et_pb_row _builder_version=\u00bb4.16&#8243; background_size=\u00bbinitial\u00bb background_position=\u00bbtop_left\u00bb background_repeat=\u00bbrepeat\u00bb global_colors_info=\u00bb\u00bb column_structure=\u00bb1_4,1_2,1_4&#8243;][et_pb_column type=\u00bb1_4&#8243; _builder_version=\u00bb4.16&#8243; custom_padding=\u00bb|||\u00bb global_colors_info=\u00bb\u00bb custom_padding__hover=\u00bb|||\u00bb][et_pb_image src=\u00bbhttps:\/\/rowvenice.org\/wp-content\/uploads\/2017\/12\/Kids-Row-Venice-at-the-helm.jpg\u00bb align_tablet=\u00bbcenter\u00bb align_phone=\u00bb\u00bb align_last_edited=\u00bbon|desktop\u00bb _builder_version=\u00bb4.16&#8243; global_colors_info=\u00bb\u00bb]&nbsp;<br \/>\n[\/et_pb_image][\/et_pb_column][et_pb_column type=\u00bb1_2&#8243; _builder_version=\u00bb4.16&#8243; custom_padding=\u00bb|||\u00bb global_colors_info=\u00bb\u00bb custom_padding__hover=\u00bb|||\u00bb][et_pb_text _builder_version=\u00bb4.16&#8243; global_colors_info=\u00bb\u00bb]<\/p>\n<p>Row Venice Srl SD es\u00a0 una asociaci\u00f3n sin \u00e1nimo de lucro que destina parte de las ganancias de las clases al apoyo de las mujeres y de los j\u00f3venes atletas que practican la <em>voga alla veneta, <\/em>junto con otras asociaciones que organizan actividades para promover y mantener este estilo de boga \u00fanico en el mundo.<\/p>\n<p><span style=\"font-size: 17px;\">Ya sea para remar en Venecia solo una vez en la vida, como actividad de ocio, en un evento relacionado a la boga o hasta en las regatas, con nuestras clases se tendr\u00e1 la oportunidad de entender y vivir la importancia de la <em>voga veneta<\/em> como elemento fundamental de la herencia cultural veneciana<\/span><span style=\"font-size: 17px;\">.<\/span><\/p>\n<h3 style=\"text-align: center;\">Ya sabe lo que quiere?<\/h3>\n<p>[\/et_pb_text][et_pb_cta button_url=\u00bbhttps:\/\/rowvenice.org\/es\/book-your-lesson\/\u00bb button_text=\u00bb\u00a1Reservar ahora!\u00bb disabled_on=\u00bboff||\u00bb admin_label=\u00bbBook Your Lesson\u00bb _builder_version=\u00bb3.24.1&#8243; header_level=\u00bbh4&#8243; header_font_size=\u00bb16px\u00bb use_background_color=\u00bboff\u00bb custom_button=\u00bbon\u00bb button_bg_color=\u00bb#75124f\u00bb button_border_width=\u00bb2px\u00bb button_font=\u00bb|700|||||||\u00bb button_use_icon=\u00bboff\u00bb button_alignment=\u00bbcenter\u00bb custom_margin=\u00bb-30px||20px|\u00bb custom_margin_last_edited=\u00bboff|desktop\u00bb box_shadow_style_button=\u00bbpreset1&#8243; button_text_color_hover=\u00bb#57124f\u00bb button_border_color_hover=\u00bb#75124f\u00bb global_module=\u00bb4522&#8243; saved_tabs=\u00bball\u00bb global_colors_info=\u00bb\u00bb button_text_size__hover_enabled=\u00bboff\u00bb button_text_size__hover=\u00bbnull\u00bb button_one_text_size__hover_enabled=\u00bboff\u00bb button_one_text_size__hover=\u00bbnull\u00bb button_two_text_size__hover_enabled=\u00bboff\u00bb button_two_text_size__hover=\u00bbnull\u00bb button_text_color__hover_enabled=\u00bbon\u00bb button_text_color__hover=\u00bb#57124f\u00bb button_one_text_color__hover_enabled=\u00bboff\u00bb button_one_text_color__hover=\u00bbnull\u00bb button_two_text_color__hover_enabled=\u00bboff\u00bb button_two_text_color__hover=\u00bbnull\u00bb button_border_width__hover_enabled=\u00bboff\u00bb button_border_width__hover=\u00bbnull\u00bb button_one_border_width__hover_enabled=\u00bboff\u00bb button_one_border_width__hover=\u00bbnull\u00bb button_two_border_width__hover_enabled=\u00bboff\u00bb button_two_border_width__hover=\u00bbnull\u00bb button_border_color__hover_enabled=\u00bbon\u00bb button_border_color__hover=\u00bb#75124f\u00bb button_one_border_color__hover_enabled=\u00bboff\u00bb button_one_border_color__hover=\u00bbnull\u00bb button_two_border_color__hover_enabled=\u00bboff\u00bb button_two_border_color__hover=\u00bbnull\u00bb button_border_radius__hover_enabled=\u00bboff\u00bb button_border_radius__hover=\u00bbnull\u00bb button_one_border_radius__hover_enabled=\u00bboff\u00bb button_one_border_radius__hover=\u00bbnull\u00bb button_two_border_radius__hover_enabled=\u00bboff\u00bb button_two_border_radius__hover=\u00bbnull\u00bb button_letter_spacing__hover_enabled=\u00bboff\u00bb button_letter_spacing__hover=\u00bbnull\u00bb button_one_letter_spacing__hover_enabled=\u00bboff\u00bb button_one_letter_spacing__hover=\u00bbnull\u00bb button_two_letter_spacing__hover_enabled=\u00bboff\u00bb button_two_letter_spacing__hover=\u00bbnull\u00bb button_bg_color__hover_enabled=\u00bboff\u00bb button_bg_color__hover=\u00bbnull\u00bb button_one_bg_color__hover_enabled=\u00bboff\u00bb button_one_bg_color__hover=\u00bbnull\u00bb button_two_bg_color__hover_enabled=\u00bboff\u00bb button_two_bg_color__hover=\u00bbnull\u00bb][\/et_pb_cta][\/et_pb_column][et_pb_column type=\u00bb1_4&#8243; _builder_version=\u00bb4.16&#8243; custom_padding=\u00bb|||\u00bb global_colors_info=\u00bb\u00bb custom_padding__hover=\u00bb|||\u00bb][et_pb_image src=\u00bbhttps:\/\/rowvenice.org\/wp-content\/uploads\/2017\/12\/Lesson-home-stretch.jpg\u00bb show_in_lightbox=\u00bbon\u00bb align_tablet=\u00bbcenter\u00bb align_phone=\u00bb\u00bb align_last_edited=\u00bbon|desktop\u00bb _builder_version=\u00bb4.16&#8243; global_colors_info=\u00bb\u00bb]&nbsp;<br \/>\n[\/et_pb_image][\/et_pb_column][\/et_pb_row][\/et_pb_section]<\/p>\n","protected":false},"excerpt":{"rendered":"<p>&nbsp; Row Venice ofrece tres diferentes tipos de experiencias para aprender a bogar a la v\u00e9neta: elige la que m\u00e1s te guste y \u00a1reserva aqu\u00ed mismo tu clase!La clase est\u00e1ndar tiene una duraci\u00f3n de 90 minutos, a bordo de una batellina, un barco tradicional veneciano de madera, hecho a mano por los artesanos lugare\u00f1os. \u2022 [&hellip;]<\/p>\n","protected":false},"author":2,"featured_media":211277,"parent":0,"menu_order":0,"comment_status":"closed","ping_status":"closed","template":"","meta":{"_et_pb_use_builder":"on","_et_pb_old_content":"<h4><strong><a href=\"https:\/\/rowvenice.org\/wp-content\/uploads\/voga-e-vela.jpg\"><img class=\"alignright wp-image-3773\" src=\"https:\/\/rowvenice.org\/wp-content\/uploads\/voga-e-vela-768x1024.jpg\" alt=\"voga e vela\" width=\"304\" height=\"402\" \/><\/a><a title=\"Prova la voga\" href=\"https:\/\/rowvenice.org\/es-venetian-rowing-lesson\/\">Venetian Rowing Lessons<\/a><\/strong><\/h4><p>Our classic, 90-minute, private lesson for up to four people in a\u00a0traditional, Venetian hand-crafted all-wood batellina craft. Offered from 10 a.m. to 4 p.m (8:30 a.m. and 17.30 from Apr-Oct). Total cost (per boat) is\u00a0\u20ac85 for\u00a01 or 2 people, \u20ac120 for 3 people, and \u20ac140 for 4 people.<\/p><h4><strong><a title=\"Cichetto Row\" href=\"https:\/\/rowvenice.org\/es-cichetto-row\/\">Cichetto Row<\/a><\/strong><\/h4><p>Where\u00a0foodies and wine enthusiasts follow their lesson\u00a0with a <em>giro d'ombra<\/em>, employing their newly acquired skills to row\u00a0to two separate <em>b\u00e0cari <\/em>wine bars,\u00a0sampling food and wine of Venice (included). Offered at 5:30 p.m. (11:30 a.m. from Nov-Mar). From \u20ac240 -\u00a0\u20ac280 from 1-4 people, food and drinks included.<\/p><h4><strong><a title=\"Vogata di Sera\" href=\"https:\/\/rowvenice.org\/es-evening-voga-lesson\/\">Evening Row in the Grand Canal<\/a><\/strong><\/h4><p>A 90-minute, private evening rowing lesson\u00a0that takes placein\u00a0the Canale Grande after the city begins to relax, from dusk on. Offered at 8 p.m. (5:30 pm from Nov - Mar). \u20ac180 for from\u00a01-4 people.<\/p><h3 style=\"text-align: center;\">Already know your preference?\u00a0<a title=\"Booking Now\" href=\"https:\/\/rowvenice.org\/book-now\/\">Book Now<\/a>.<\/h3><p><a href=\"https:\/\/rowvenice.org\/wp-content\/uploads\/row-venice-232.jpg\"><img class=\"alignright wp-image-2775\" src=\"https:\/\/rowvenice.org\/wp-content\/uploads\/row-venice-232.jpg\" alt=\"Row Venice - Venetian Rowing Lessons\" width=\"303\" height=\"449\" \/><\/a>Row Venice Srl SD is a non-profit association; note that part of your lesson\u00a0payment goes to\u00a0support\u00a0local women and youth voga alla veneta athletes along with\u00a0a variety of associations that\u00a0organise\u00a0activities that sustain this unique rowing style in Venice, and beyond.<\/p><p>Whether you row Venice as a leisure activity, part of a rowing event, or sporting <em>regate<\/em> \u2014you'll come to understand how the <em>voga<\/em> is an integral part of Venetian heritage.<\/p><p><a href=\"https:\/\/rowvenice.org\/wp-content\/uploads\/rv-lesson-2.jpg\"><img class=\"aligncenter size-full wp-image-3899\" src=\"https:\/\/rowvenice.org\/wp-content\/uploads\/rv-lesson-2.jpg\" alt=\"rv lesson 2\" width=\"1280\" height=\"853\" \/><\/a><\/p><p>\u00a0<\/p>","_et_gb_content_width":"","footnotes":""},"class_list":["post-2633","page","type-page","status-publish","has-post-thumbnail","hentry"],"_links":{"self":[{"href":"https:\/\/rowvenice.org\/es\/wp-json\/wp\/v2\/pages\/2633","targetHints":{"allow":["GET"]}}],"collection":[{"href":"https:\/\/rowvenice.org\/es\/wp-json\/wp\/v2\/pages"}],"about":[{"href":"https:\/\/rowvenice.org\/es\/wp-json\/wp\/v2\/types\/page"}],"author":[{"embeddable":true,"href":"https:\/\/rowvenice.org\/es\/wp-json\/wp\/v2\/users\/2"}],"replies":[{"embeddable":true,"href":"https:\/\/rowvenice.org\/es\/wp-json\/wp\/v2\/comments?post=2633"}],"version-history":[{"count":13,"href":"https:\/\/rowvenice.org\/es\/wp-json\/wp\/v2\/pages\/2633\/revisions"}],"predecessor-version":[{"id":212035,"href":"https:\/\/rowvenice.org\/es\/wp-json\/wp\/v2\/pages\/2633\/revisions\/212035"}],"wp:featuredmedia":[{"embeddable":true,"href":"https:\/\/rowvenice.org\/es\/wp-json\/wp\/v2\/media\/211277"}],"wp:attachment":[{"href":"https:\/\/rowvenice.org\/es\/wp-json\/wp\/v2\/media?parent=2633"}],"curies":[{"name":"wp","href":"https:\/\/api.w.org\/{rel}","templated":true}]}}