{"id":2367,"date":"2014-06-11T13:52:13","date_gmt":"2014-06-11T12:52:13","guid":{"rendered":"http:\/\/rowvenice.net\/?page_id=2367"},"modified":"2024-01-06T12:54:25","modified_gmt":"2024-01-06T11:54:25","slug":"info-tour-ops","status":"publish","type":"page","link":"https:\/\/rowvenice.org\/es\/info-tour-ops\/","title":{"rendered":"Agentes, Tour Ops and Travel Pros"},"content":{"rendered":"<p>[et_pb_section fb_built=\u00bb1&#8243; admin_label=\u00bbsection\u00bb _builder_version=\u00bb4.16&#8243; global_colors_info=\u00bb\u00bb][et_pb_row admin_label=\u00bbrow\u00bb _builder_version=\u00bb4.16&#8243; background_size=\u00bbinitial\u00bb background_position=\u00bbtop_left\u00bb background_repeat=\u00bbrepeat\u00bb width=\u00bb75%\u00bb max_width=\u00bb75%\u00bb use_custom_width=\u00bbon\u00bb width_unit=\u00bboff\u00bb custom_width_percent=\u00bb75%\u00bb global_colors_info=\u00bb\u00bb][et_pb_column type=\u00bb4_4&#8243; _builder_version=\u00bb4.16&#8243; custom_padding=\u00bb|||\u00bb global_colors_info=\u00bb\u00bb custom_padding__hover=\u00bb|||\u00bb][et_pb_post_title meta=\u00bboff\u00bb _builder_version=\u00bb4.16&#8243; title_font=\u00bb||||||||\u00bb title_font_size=\u00bb2.5em\u00bb global_colors_info=\u00bb\u00bb][\/et_pb_post_title][et_pb_text _builder_version=\u00bb4.16&#8243; background_size=\u00bbinitial\u00bb background_position=\u00bbtop_left\u00bb background_repeat=\u00bbrepeat\u00bb global_colors_info=\u00bb\u00bb]<\/p>\n<p>Gracias por su inter\u00e9s en las clases de remo con\u00a0<b>Row Venice<\/b>; apreciamos mucho su ofreciendo la oportunidad para que sus clientes\u00a0<em>prueba de moda<\/em>.<\/p>\n<p><strong>Row Venice<\/strong><b>\u00a0<\/b>es una asociaci\u00f3n sin \u00e1nimo de lucro que apoya a las mujeres y los j\u00f3venes deportistas y la presencia de la\u00a0<i>voga\u00a0<\/i>y los barcos tradicionales de la ciudad de Venecia. Tenemos dos hermosas, raro, espacioso\u00a0<em>batelline<\/em>\u00a0que usamos regularmente para nuestras clases; M\u00e1s\u00a0<em>batelline<\/em>\u00a0y otra artesan\u00eda tradicional puede estar disponible para grupos m\u00e1s grandes. Con dos barcos y m\u00e1s de veinte instructores, nuestro objetivo es cumplir con todas las peticiones que recibimos<span style=\"font-size: 17px;\">.<\/span><\/p>\n<h2>OCUPACIONES<\/h2>\n<p>Aqu\u00ed est\u00e1n las actividades que ofrecemos, y su coste:<\/p>\n<h3><a href=\"https:\/\/rowvenice.org\/es\/venetian-rowing-lesson\/\">Lecci\u00f3n de remo de Venecia<\/a><\/h3>\n<ul>\n<li style=\"list-style-type: none;\">\n<ul>\n<li>Las clases son de 80 minutos<\/li>\n<li>Precio total (por barco) es de\u00a0<strong>\u20ac100 <\/strong>por<strong>\u00a01 o 2\u00a0<\/strong>personas<strong>; \u20ac130 <\/strong>por<strong>\u00a03\u00a0<\/strong>personas<strong>; \u20ac150 <\/strong>por<strong>\u00a04\u00a0<\/strong>personas<strong>. <\/strong>Tenemos una batela m\u00e1s grande disponible solo para grupos de 5 personas; el coste es <strong>220<\/strong>\u20ac.<\/li>\n<li>max 4 adultos por\u00a0<em>batellina.<\/em> 10 personas en un grupo pueden utilizar m\u00faltiples barcos (40 \u20ac por persona). Por favor escr\u00edbanos con antelaci\u00f3n para que podamos fijar la fecha y la hora para el barco m\u00e1s grande.<\/li>\n<li>Si una familia tiene 3 menores 10 a\u00f1os, usted puede reservar para cuatro personas, pero las edades de los ni\u00f1os en la lista de la secci\u00f3n m\u00e1s nos dicen, y escr\u00edbenos un correo electr\u00f3nico por separado, as\u00ed para informarnos.<\/li>\n<li>TENGA EN CUENTA: Por razones de seguridad, si el instructor considere que el grupo es mayor, mayor, o m\u00e1s pesado que el equivalente a cuatro adultos, una persona tendr\u00e1 que permanecer detr\u00e1s.<\/li>\n<li>horas de inicio lecci\u00f3n: (8:30), 10:00, 11:30, 13:00, 14:30pag, 16:00, (17.30)<\/li>\n<li>8:30 a.m. y 17.30 p.m. lecciones s\u00f3lo est\u00e1n disponibles a partir de abril a octubre. lecciones del mediod\u00eda pueden no estar disponibles en el calor excesivo.<\/li>\n<\/ul>\n<\/li>\n<\/ul>\n<h3><a title=\"Cichetto Row\" href=\"https:\/\/rowvenice.org\/es\/rv-cichetto-row\/\">Cichetto Row<\/a><\/h3>\n<ul>\n<li style=\"list-style-type: none;\">\n<ul>\n<li>La lecci\u00f3n m\u00e1s ad cichetti bebe de dos B\u00e1cari (incluido).<\/li>\n<li>2.5 horas, a partir de \u20ac 240 para dos personas (mas que 8 personas, \u20ac 75 por persona).<\/li>\n<li>Grande para los entusiastas de alimentos y vinos (solicitar al instructor-sumiller), menos apropiado para los m\u00e1s caprichosos y no bebedores.<\/li>\n<li>Por favor aseg\u00farese de suministrar cualquier preferencias alimentarias o restricciones.<\/li>\n<li>Hora de inicio es 17:30 May-Oct, 11:30 Noviembre-abril.<\/li>\n<\/ul>\n<\/li>\n<\/ul>\n<h3><a title=\"tarde de Venecia\" href=\"https:\/\/rowvenice.org\/es\/rv-evening-voga-lesson\/\">Vogata di Sera Evening Row<\/a><\/h3>\n<ul>\n<li style=\"list-style-type: none;\">\n<ul>\n<li>lecciones de la noche se llevan a cabo en la espl\u00e9ndida, tranquilo Gran Canal<\/li>\n<li>80 minutos, \u20ac 180 por barco, max 4 pp por embarcaci\u00f3n<\/li>\n<li>Hora de inicio 20:00 en verano, 5:30pm en invierno. Restaurante cercano bajada una posibilidad (podemos sugerir y aprobar restaurante; tendr\u00e1 que reservar).<\/li>\n<\/ul>\n<\/li>\n<\/ul>\n<h2>RESERVA &amp; PAGO<\/h2>\n<p>As\u00ed, r<a href=\"https:\/\/bookeo.com\/rowvenice\/customer\" target=\"_blank\" rel=\"noopener noreferrer\">egistro<\/a>\u00a0una vez para crear su cuenta de la agencia, y luego acceder a ella en cualquier momento para reservar cada reserva. Aseg\u00farese de recordar su correo electr\u00f3nico de inicio de sesi\u00f3n; puede restablecer la contrase\u00f1a desde la p\u00e1gina de registro en cualquier momento en caso de olvido.<\/p>\n<p>Para acceder a su cuenta, hacer clic\u00a0<a href=\"https:\/\/bookeo.com\/rowvenice\/customer\" target=\"_blank\" rel=\"noopener noreferrer\">aqu\u00ed para iniciar sesi\u00f3n<\/a>\u00a0o haga clic\u00a0<strong><a href=\"https:\/\/bookeo.com\/rowvenice\/customer\">Iniciar sesi\u00f3n en su cuenta<\/a>\u00a0<\/strong>bajo la RESERVA desplegable en rowvenice.org.<\/p>\n<p>Siempre debe utilizar el sistema en l\u00ednea para reservar.<\/p>\n<h3>Creaci\u00f3n de Reservas<\/h3>\n<p>Una vez que tenga una cuenta, para crear una reserva<\/p>\n<ul>\n<li>registrarse (hacer clic\u00a0<strong><a href=\"https:\/\/bookeo.com\/rowvenice\/customer\">Iniciar sesi\u00f3n en su cuenta<\/a>\u00a0<\/strong>bajo Reserva Ahora),<\/li>\n<li>seleccione nuevo de la reservaci\u00f3n,<\/li>\n<li>seleccionar la actividad deseada, fecha y hora,<\/li>\n<li>suministro de nombre de cliente \/ datos y cualquier informaci\u00f3n pertinente en el\u00a0<strong>Cuentanos m\u00e1s\u00a0<\/strong>secci\u00f3n, luego pagar para confirmar.<\/li>\n<\/ul>\n<p>Recuerda, siempre se puede revisar las reservas existentes, cambiar la fecha y la hora, y a\u00f1adir informaci\u00f3n adicional, y cancelaci\u00f3n de sus reservas yourself. S\u00f3lo\u00a0<a href=\"https:\/\/bookeo.com\/rowvenice\/customer\" target=\"_blank\" rel=\"noopener noreferrer\">inicia sesi\u00f3n con tu correo electr\u00f3nico y contrase\u00f1a<\/a>, seleccione Sus reservas y la reserva deseada para revisarla.<\/p>\n<p style=\"padding-left: 30px;\"><strong>NOTA:<\/strong>\u00a0Al reservar, el nombre siempre ser\u00e1 su nombre de Agencia; suministrar los detalles como el nombre del cliente, nombre de reserva, y otra informaci\u00f3n de contacto en el \u201cCuentanos m\u00e1s\u201d caja de texto.<\/p>\n<p style=\"padding-left: 30px;\">No requerimos fecha o el lugar de nacimiento para las agencias. Introduzca la fecha actual en\u00a0<strong>fecha de nacimiento<\/strong>, entrar\u00a0<strong>Agente<\/strong>\u00a0seguido de su nombre y de agencias de datos para la facturaci\u00f3n en\u00a0<strong>Pa\u00eds de nacimiento.<\/strong><\/p>\n<h3>Comisi\u00f3n<\/h3>\n<p>Como una organizaci\u00f3n no lucrativa con una serie de importantes costes fijos y el personal de administraci\u00f3n esqueleto, no estamos en condiciones de ofrecer Comisi\u00f3n. Tratamos de mantener el costo de nuestras actividades lo m\u00e1s bajo posible, sin embargo, de modo que los operadores tur\u00edsticos y los profesionales de viajes son capaces de a\u00f1adir gastos de reserva y a\u00fan as\u00ed mantener nuestras excursiones razonable para los viajeros.<\/p>\n<h3>Transferencias electr\u00f3nicas<\/h3>\n<p>Dependiendo del volumen de reservas, usted puede solicitar a pagar por transferencia bancaria mediante un acuerdo especial. Los pagos se har\u00e1n a la cuenta a continuaci\u00f3n.<\/p>\n<p>Por favor\u00a0<strong>copiar un correo electr\u00f3nico a info@rowvenice.org<\/strong>\u00a0cuando un cable se ha ejecutado:<\/p>\n<p style=\"padding-left: 30px;\">Row Venice Srl SD<br \/>Banco Popolare Societ\u00e0 Cooperativa Murano<br \/>Fondamenta Riva Longa 25 \/ A 30141 Murano (VE)<\/p>\n<p style=\"padding-left: 30px;\">IBAN: IT 62 J 05034 02023 000000000457\u00a0 \u00a0 BIC: BAPPIT21337<\/p>\n<h2>D\u00d3NDE NOS VEMOS<\/h2>\n<p>Fila Venecia tiene un \u00fanico punto de encuentro. Para un mapa detallado y direcciones desde diferentes lugares de la ciudad, ver\u00a0<a class=\"broken_link\" title=\"Fila de Venecia poing reuni\u00f3n\" href=\"https:\/\/rowvenice.org\/es\/meeting-point\/\">D\u00d3NDE NOS VEMOS<\/a>\u00a0en el men\u00fa superior en nuestro sitio web o de b\u00fasqueda\u00a0<strong>La fila de Venecia Punto de Encuentro<\/strong>\u00a0en Google o Google Maps. Por favor, h\u00e1ganos saber si usted tiene alguna pregunta en absoluto.<\/p>\n<h2>CANCELACIONES, CLIMA, y no se presenta<\/h2>\n<h3>Clima<\/h3>\n<ul>\n<li>No podemos remar cuando el viento es m\u00e1s de 20 km por hora; barcos tradicionales no tienen quilla y sin tim\u00f3n y que se conviertan en fuertes vientos navegable, incluso en canales.<\/li>\n<li>No fila de la lluvia, es peligroso para nosotros y para los invitados, y requiere el rescate de la embarcaci\u00f3n despu\u00e9s de la lecci\u00f3n ha terminado. Las clases pueden proceder de llovizna, pero esto ser\u00e1 a la discreci\u00f3n del instructor.<\/li>\n<li>En el caso de que debemos cancelar una lecci\u00f3n debido al clima, vamos a tratar de cambiar la fecha de acuerdo a la disponibilidad. Si no somos capaces de hacerlo, le devolveremos su pago menos un cargo administrativo de \u20ac 5.<\/li>\n<li>Una vez que sus clientes est\u00e1n en el barco y la lecci\u00f3n ha comenzado, no podemos ofrecer un reembolso.<\/li>\n<\/ul>\n<h3>Las cancelaciones y no se presenta<\/h3>\n<ul>\n<li>por\u00a0<strong>cancelaciones hasta 48 horas<\/strong>\u00a0antes de tiempo de la lecci\u00f3n, le devolveremos su pago menos un cargo administrativo de \u20ac 25.<\/li>\n<li>No podemos ofrecer un reembolso para cancelaciones dentro de 48 hora de la reserva; si es posible vamos a reprogramar la lecci\u00f3n.<\/li>\n<li>Existen<b>\u00a0no se aceptan devoluciones no se presenta<\/b>; ya que todav\u00eda tendr\u00e1 que compensar el instructor por su tiempo. Por favor aseg\u00farese de que su cliente tiene una manera de ponerse en contacto con nosotros (correo electr\u00f3nico, SMS, iMessage o Whatsapp) en caso de que necesiten ayuda en su camino hacia la lecci\u00f3n. Si pierden la lecci\u00f3n, tenemos disponibilidad podemos tratar de cambiar la hora a un costo adicional.<\/li>\n<li><strong>GRANDES GRUPOS<\/strong>: Para grupos de m\u00e1s de dos barcos, cambios y cancelaciones deben hacerse dos semanas antes de su reserva; dentro\u00a0<b>dos semanas<\/b>\u00a0la restituci\u00f3n es 50% para las cancelaciones. No hay reembolso o ajuste de cualquier cambio hecho en el plazo 48 horas antes de la fecha de reserva.<\/li>\n<\/ul>\n<h2>IM\u00c1GENES<\/h2>\n<p><a title=\"Fila de Venecia de im\u00e1genes descarga\" href=\"https:\/\/adobe.ly\/2TI10ea\" target=\"_blank\" rel=\"noopener noreferrer\">Descarga im\u00e1genes<\/a>\u00a0para su sitio web aqu\u00ed. Por favor, p\u00f3ngase en contacto con nosotros con la direcci\u00f3n de correo electr\u00f3nico que le gustar\u00eda tener acceso.\u00a0<a title=\"Descargar im\u00e1genes fila de Venecia\" href=\"https:\/\/adobe.ly\/2TI10ea\" target=\"_blank\" rel=\"noopener noreferrer\">tiny.cc\/rvpics<\/a>.<\/p>\n<h2>IMPORTANTE!<\/h2>\n<ul>\n<li>Fila de Venecia se lleva a cabo en una zona tranquila de la ciudad en la que podemos ayudar a los viajeros a aprender a remar en la forma t\u00edpica veneciana, un entorno tranquilo. Esto significa que puede tomar un poco de preparaci\u00f3n de su parte a los clientes a entender mejor c\u00f3mo llegar (en una ciudad que es confusa por la naturaleza, incluso para los locales).<\/li>\n<li><b>Reserve temprano en su estancia\u00a0<\/b>por lo que si tenemos que reprogramar para el clima, ya habr\u00e1 tiempo.<\/li>\n<li><strong>Por favor aseg\u00farese de que tenemos una manera de comunicarse en el camino, ya sea con usted o sus clientes<\/strong>\u00a0(y viceversa)<strong>\u00a0el d\u00eda de la lecci\u00f3n en caso de retraso o necesitan nuestra ayuda para llegar.<\/strong><\/li>\n<li>Animar a los clientes a revisar los mapas con cuidado y planificar la forma de llegar unos minutos antes de su cita. probablemente vamos a tener otra lecci\u00f3n siguiendo el suyo, y quiere asegurarse de que obtienen el beneficio de su tiempo de la lecci\u00f3n entera.<\/li>\n<\/ul>\n<h4 style=\"text-align: center;\">*** UNA SOLICITUD DE \u00daLTIMO ***<\/h4>\n<p>Cuando sea posible, elegir el transporte p\u00fablico para su llegada clientes. el taxi de agua no siempre es necesario, ni siquiera el m\u00e1s conveniente, y son destructivas para peque\u00f1os canales. Antes de reservar un taxi, estaremos encantados de sugerir arreglos alternativos de llegada para ver si podr\u00edan ser aceptables para usted y sus clientes.<\/p>\n<p>Le damos las gracias por su consideraci\u00f3n, y esperamos con inter\u00e9s la celebraci\u00f3n de sus clientes en Venecia,\u00a0<em>remo<\/em><i>!<\/i><\/p>\n<p>Jane Caporal, Nan McElroy<\/p>\n<p>Coordinadores<br \/>Row Venice Srl S.D..<\/p>\n<p>[\/et_pb_text][\/et_pb_column][\/et_pb_row][\/et_pb_section]<\/p>\n","protected":false},"excerpt":{"rendered":"<p>Gracias por su inter\u00e9s en las clases de remo con\u00a0Row Venice; apreciamos mucho su ofreciendo la oportunidad para que sus clientes\u00a0prueba de moda. Row Venice\u00a0es una asociaci\u00f3n sin \u00e1nimo de lucro que apoya a las mujeres y los j\u00f3venes deportistas y la presencia de la\u00a0voga\u00a0y los barcos tradicionales de la ciudad de Venecia. Tenemos dos [&hellip;]<\/p>\n","protected":false},"author":2,"featured_media":0,"parent":0,"menu_order":0,"comment_status":"closed","ping_status":"closed","template":"","meta":{"_et_pb_use_builder":"on","_et_pb_old_content":"Thank you for your interest in Venetian rowing lessons with <b>Row Venice<\/b>; we very much appreciate your offering\u00a0the opportunity for your clients to\u00a0<em>prova la voga<\/em>.\r\n\r\n<strong>Row Venice<\/strong><b>\u00a0<\/b>is\u00a0a\u00a0non-profit association\u00a0that supports women and youth athletes and the presence of the <i>voga <\/i>and traditional boats in the city of Venice. We have two beautiful, rare, spacious\u00a0<em>batelline<\/em> that we use regularly for our lessons; more <em>batelline<\/em>\u00a0and other traditional craft may be available for larger groups.\u00a0With two boats and over twenty\u00a0instructors, our goal is fulfil every request we receive.\r\n<h2>ACTIVITIES<\/h2>\r\nHere are the\u00a0activities we offer, and their cost:\r\n<h3 style=\"text-align: left; padding-left: 30px;\"><a title=\"Venetian Rowing Lesson: Lezione di voga\" href=\"https:\/\/rowvenice.org\/es-venetian-rowing-lesson\/\">Lezione di voga Venetian Rowing Lesson<\/a><\/h3>\r\n<ul>\r\n \t<li style=\"list-style-type: none;\">\r\n<ul>\r\n \t<li>Lessons are\u00a090 minutes<\/li>\r\n \t<li>Total cost (per boat) is\u00a0<strong>\u20ac85\u00a0<\/strong>for<strong> 1 or 2 <\/strong>people<strong>; \u20ac120 <\/strong>for<strong> 3 <\/strong>people<strong>;\u00a0<strong>\u20ac140 <\/strong><\/strong>for<strong><strong> 4\u00a0<\/strong><\/strong>people<strong><strong>.<\/strong><\/strong><\/li>\r\n \t<li>max 4 adults per\u00a0<em>batellina.<\/em>\u00a05 people in one group may use two boats;\u00a0on occasion we can obtain a larger boat for the same cost (\u20ac40 per person).\u00a0Please write us in advance so that we can secure the date and time for the larger boat.<\/li>\r\n \t<li>If a family has\u00a03 children under 11\u00a0years old, you may book for four people, but list children's ages in the Tell Us More section, and write us a separate email as well to let us know.<\/li>\r\n \t<li>PLEASE NOTE: For safety reasons, if the instructor deems that the group is\u00a0older, larger, or heavier than the equivalent of four adults, one person will have to stay behind.<\/li>\r\n \t<li>Lesson start times: (8:30), 10:00, 11:30, 13:00, 14:30p, 16:00, (17.30)<\/li>\r\n \t<li>8:30 a.m. and 17.30 p.m. lessons are only available in from April-October. Midday lessons may not be available in excessive heat.<\/li>\r\n<\/ul>\r\n<\/li>\r\n<\/ul>\r\n<h3 style=\"text-align: left; padding-left: 30px;\"><a title=\"Cichetto Row\" href=\"https:\/\/rowvenice.org\/es-cichetto-row\/\">Cichetto Row<\/a><\/h3>\r\n<ul>\r\n \t<li style=\"list-style-type: none;\">\r\n<ul>\r\n \t<li>Lesson plus cichetti ad drinks from two b\u00e0cari (included).<\/li>\r\n \t<li>2.5 hours, starting at \u20ac240 for two people (more than 8 people, \u20ac75 per person).<\/li>\r\n \t<li>Great for food and wine enthusiasts (request the instructor-sommelier), less appropriate\u00a0for picky eaters and non-drinkers.<\/li>\r\n \t<li>Please be sure to supply any dietary preferences or restrictions.<\/li>\r\n \t<li><b>Start time is 17:30 May-Oct, 11:30 Nov-Apr.<\/b><\/li>\r\n<\/ul>\r\n<\/li>\r\n<\/ul>\r\n<h3 style=\"text-align: left; padding-left: 30px;\"><a title=\"Venezia di Sera\" href=\"https:\/\/rowvenice.org\/es-evening-voga-lesson\/\">Vogata di Sera Evening\u00a0Row<\/a><\/h3>\r\n<ul>\r\n \t<li style=\"list-style-type: none;\">\r\n<ul>\r\n \t<li>Evening lessons are conducted in the splendid, tranquil Grand Canal<\/li>\r\n \t<li>90 minutes,\u00a0\u20ac180 per\u00a0boat, max 4 pp per boat<\/li>\r\n \t<li>Start time 8pm in summer, 5:30pm in winter. Nearby restaurant drop-off a possibility (we can suggest and approve restaurant; \u00a0you will need to book).<\/li>\r\n<\/ul>\r\n<\/li>\r\n<\/ul>\r\n<p style=\"padding-left: 30px;\"><strong>AN OPTION FOR GROUPS:<\/strong><\/p>\r\n<p style=\"padding-left: 30px;\"><a href=\"http:\/\/rowvenice.org\/squero-cichettata\/\">Historic Squero Boatyard Tour & traditional Cichettata<\/a> refreshments<\/p>\r\n\r\n<ul>\r\n \t<li style=\"list-style-type: none;\">\r\n<ul>\r\n \t<li>Lesson and boatyard tour followed by a traditional 'cichettata' snacks and drinks<\/li>\r\n \t<li>2.5 hours total for lesson, tour, and cichettata, \u20ac100 per person, min \u20ac500.<\/li>\r\n \t<li>recommended start times are 10:00 & 11:30, but other times may be possible.<\/li>\r\n<\/ul>\r\n<\/li>\r\n<\/ul>\r\n<h2>BOOKING & PAYMENT<\/h2>\r\nYou'll r<a href=\"https:\/\/bookeo.com\/rowvenice\/customer\" target=\"_blank\" rel=\"noopener\">egister<\/a>\u00a0once to create your\u00a0agency account, and then access it anytime to book each reservation.\u00a0Make sure to remember your sign-in\u00a0email; you may reset your password from the sign in page at any time if you forget it.\r\n\r\nTo access your account, click\u00a0<a href=\"https:\/\/bookeo.com\/rowvenice\/customer\" target=\"_blank\" rel=\"noopener\">here to sign in<\/a>\u00a0or click\u00a0<strong><a href=\"https:\/\/bookeo.com\/rowvenice\/customer\">Sign In To Your Account<\/a>\u00a0<\/strong>under the BOOK NOW drop-down at rowvenice.org.\r\n\r\nYou must always use the online system to book.\r\n<h3>Creating Reservations<\/h3>\r\nOnce you have an account, to\u00a0create a reservation\r\n<ul>\r\n \t<li>sign in (click\u00a0<strong><a href=\"https:\/\/bookeo.com\/rowvenice\/customer\">Sign In To Your Account<\/a>\u00a0<\/strong>under Book Now),<\/li>\r\n \t<li>select New Booking,<\/li>\r\n \t<li>select\u00a0the desired activity, date and time,<\/li>\r\n \t<li>supply client name\/details and any pertinent info\u00a0in the <strong>Tell Us More<\/strong> section, then pay to confirm.<\/li>\r\n<\/ul>\r\nRemember, you can always review existing\u00a0bookings, change the date and time, and add additional information, and cancel your bookings yourself. Just <a href=\"https:\/\/bookeo.com\/rowvenice\/customer\" target=\"_blank\" rel=\"noopener\">sign in with your email and password<\/a>, select Your Bookings and the desired booking to revise it.\r\n<p style=\"padding-left: 30px;\"><strong>NOTE:<\/strong> When booking, the name will always be your Agency name; supply the details such as client name, booking name, and other contact info in the \"Tell us more\" text box.<\/p>\r\n<p style=\"padding-left: 30px;\">We do not require date or place of birth for agencies. Enter current date in\u00a0<strong>date of birth<\/strong>, enter <strong>Agent<\/strong>\u00a0followed by your name and agency details for invoicing in <strong>country of birth.<\/strong><\/p>\r\n\r\n<h3>Commission<\/h3>\r\nAs a non-profit with a number of substantial fixed costs and skeleton\u00a0admin staff, we are not able to offer commission. We try to keep the cost of our activities as low as possible, however, so that tour operators\u00a0and travel pros are able to add booking fees and still keep our excursions reasonable\u00a0for travelers.\r\n<h3>Wire Transfers<\/h3>\r\nDepending on the volume of bookings,\u00a0you\u00a0may request to pay via\u00a0wire transfer by special arrangement. Payments will be made\u00a0to the account below.\r\n\r\nPlease <strong>copy an email to info@rowvenice.org<\/strong>\u00a0when a wire has been executed:\r\n<p style=\"text-align: left; padding-left: 30px;\">Row Venice Srl Sportiva Dilettantistica\r\nBanco Popolare Societ\u00e0 Cooperativa\u00a0Murano\r\nFondamenta Riva Longa 25\/A\r\n30141 Murano (VE)<\/p>\r\n<p style=\"text-align: left; padding-left: 30px;\">IBAN: IT 62 J 05034 02023 000000000457\r\nBIC: BAPPIT21337<\/p>\r\n\r\n<h2>WHERE TO MEET<\/h2>\r\nRow Venice has a single meeting point. For a map and detailed directions from various locations around the city, see <a title=\"Row Venice meeting poing\" href=\"http:\/\/rowvenice.org\/meeting-points\/\">WHERE TO MEET<\/a> in top menu on our web site or search <strong>Row Venice Meeting Point<\/strong> in Google or Google Maps. Please let us know if you have any questions at all.\r\n<h2>CANCELLATIONS, WEATHER, and\u00a0NO SHOWS<\/h2>\r\n<h3>Weather<\/h3>\r\n<ul>\r\n \t<li>We cannot row when the wind is over 20km per hour; traditional boats have no keel and no rudder and they become unnavigable in strong winds, even in canals.<\/li>\r\n \t<li>We do not row in the rain, it is dangerous for us and for the guests, and requires bailing out the boat after the lesson has ended. Lessons may proceed in light drizzle, but this will be at the discretion of the instructor.<\/li>\r\n \t<li>In the event we must cancel a lesson due to weather, we will try to reschedule according to availability. If we are unable to do so, we will refund your payment minus a \u20ac5 administrative fee.<\/li>\r\n \t<li>Once your clients are in the boat and the lesson has begun, we cannot offer a refund.<\/li>\r\n<\/ul>\r\n<h3>Cancellations and No Shows<\/h3>\r\n<ul>\r\n \t<li>For <strong>cancellations up to 48-hours<\/strong> in advance of lesson\u00a0time,\u00a0we will refund your payment minus a \u20ac25 administrative fee.<\/li>\r\n \t<li>We cannot offer a refund for cancellations within 48 hours of the reservation; if possible we will reschedule the lesson.<\/li>\r\n \t<li>There are<b> no\u00a0refunds for no shows<\/b>; as we will still need to compensate the instructor for their time. Please make sure your client has a way to get in touch with us (email, SMS, iMessage or Whatsapp) in case they need any help on their way to the lesson. If they miss the lesson, we have availability we can try to reschedule at additional cost.<\/li>\r\n \t<li><strong>LARGE GROUPS<\/strong>:\u00a0For groups of more than two boats, changes and cancellations must be made TWO WEEKS in advance of your reservation; within <b>two weeks<\/b>\u00a0the refund is 50% for cancellations. There is no refund or adjustment for any\u00a0change made within 48 hours\u00a0prior to your reservation date.<\/li>\r\n<\/ul>\r\n<h2>IMAGES<\/h2>\r\n<a title=\"Row Venice image download\" href=\"http:\/\/tiny.cc\/rvpics\" target=\"_blank\" rel=\"noopener\">Download images<\/a> for your web site here. Please contact us with the email address\u00a0you'd like to have access.\u00a0<a title=\"Download Row Venice images\" href=\"http:\/\/tiny.cc\/rvpics\" target=\"_blank\" rel=\"noopener\">tiny.cc\/rvpics<\/a>. Enter the password\u00a0<strong>werowvenice!,<\/strong> including the explanation point.\r\n<h2>IMPORTANT!<\/h2>\r\n<ul>\r\n \t<li>Row Venice takes place in a quiet part of the city where we can help travelers learn to row the Venetian way in typical, tranquil surroundings. This means it may take some preparation on your clients part to understand how to best arrive (in a city that is confusing by nature, even for locals).<\/li>\r\n \t<li><b>Book early in their stay <\/b>so that if we have to reschedule for weather, there\u2019ll be time.<\/li>\r\n \t<li><strong>Please make sure we have a way to communicate en route with either you or your clients<\/strong>\u00a0(and vice versa)<strong>\u00a0on lesson day should they be delayed or need our help to arrive.<\/strong><\/li>\r\n \t<li>Encourage clients to review maps carefully and plan how to arrive a few minutes before their appointment. We will likely have another lesson following yours, and want to make sure they get the benefit of your whole lesson time.<\/li>\r\n<\/ul>\r\n<h4 style=\"text-align: center;\">\u00a0*** ONE LAST REQUEST ***<\/h4>\r\nWhenever possible, choose public transportation for your clients arrival. Private water taxi is not always necessary or even the most convenient, and\u00a0are\u00a0destructive to small canals.\u00a0Before you book a taxi, we'll be happy to suggest alternative arrival arrangements to see if they might be acceptable to you and your clients.\r\n\r\nWe thank you for your consideration, and look forward to hosting your clients in Venice, <em>vogando<\/em><i>!<\/i>\r\n\r\nJane Caporal, Nan McElroy\r\nCoordinators\r\nRow Venice Srl S.D.","_et_gb_content_width":"","footnotes":""},"class_list":["post-2367","page","type-page","status-publish","hentry"],"_links":{"self":[{"href":"https:\/\/rowvenice.org\/es\/wp-json\/wp\/v2\/pages\/2367","targetHints":{"allow":["GET"]}}],"collection":[{"href":"https:\/\/rowvenice.org\/es\/wp-json\/wp\/v2\/pages"}],"about":[{"href":"https:\/\/rowvenice.org\/es\/wp-json\/wp\/v2\/types\/page"}],"author":[{"embeddable":true,"href":"https:\/\/rowvenice.org\/es\/wp-json\/wp\/v2\/users\/2"}],"replies":[{"embeddable":true,"href":"https:\/\/rowvenice.org\/es\/wp-json\/wp\/v2\/comments?post=2367"}],"version-history":[{"count":15,"href":"https:\/\/rowvenice.org\/es\/wp-json\/wp\/v2\/pages\/2367\/revisions"}],"predecessor-version":[{"id":212041,"href":"https:\/\/rowvenice.org\/es\/wp-json\/wp\/v2\/pages\/2367\/revisions\/212041"}],"wp:attachment":[{"href":"https:\/\/rowvenice.org\/es\/wp-json\/wp\/v2\/media?parent=2367"}],"curies":[{"name":"wp","href":"https:\/\/api.w.org\/{rel}","templated":true}]}}