{"id":1737,"date":"2013-05-24T12:47:57","date_gmt":"2013-05-24T11:47:57","guid":{"rendered":"http:\/\/rowvenice.net\/?page_id=1737"},"modified":"2021-12-13T12:23:55","modified_gmt":"2021-12-13T11:23:55","slug":"rv-evening-voga-lesson","status":"publish","type":"page","link":"https:\/\/rowvenice.org\/es\/rv-evening-voga-lesson\/","title":{"rendered":"Rema el Gran Canal"},"content":{"rendered":"<p>[et_pb_section fb_built=\u00bb1&#8243; _builder_version=\u00bb3.22.3&#8243; global_colors_info=\u00bb\u00bb][et_pb_row _builder_version=\u00bb3.25&#8243; background_size=\u00bbinitial\u00bb background_position=\u00bbtop_left\u00bb background_repeat=\u00bbrepeat\u00bb global_colors_info=\u00bb\u00bb][et_pb_column type=\u00bb4_4&#8243; _builder_version=\u00bb3.25&#8243; custom_padding=\u00bb|||\u00bb global_colors_info=\u00bb\u00bb custom_padding__hover=\u00bb|||\u00bb][et_pb_post_title meta=\u00bboff\u00bb featured_placement=\u00bbbackground\u00bb text_color=\u00bblight\u00bb admin_label=\u00bbRV Post Title\u00bb _builder_version=\u00bb3.0.92&#8243; title_font=\u00bb|700|||||||\u00bb title_text_align=\u00bbcenter\u00bb title_font_size=\u00bb38px\u00bb background_position=\u00bbcenter_left\u00bb background_blend=\u00bbdarken\u00bb custom_margin=\u00bb|||\u00bb custom_padding=\u00bb|||\u00bb custom_padding_tablet=\u00bb\u00bb custom_padding_phone=\u00bb\u00bb custom_padding_last_edited=\u00bbon|\u00bb title_text_shadow_style=\u00bbpreset5&#8243; title_text_shadow_color=\u00bbrgba(0,0,0,0.73)\u00bb saved_tabs=\u00bball\u00bb global_colors_info=\u00bb\u00bb][\/et_pb_post_title][et_pb_text admin_label=\u00bbST w borders\u00bb _builder_version=\u00bb3.27.4&#8243; max_width=\u00bb85%\u00bb module_alignment=\u00bbcenter\u00bb border_width_top=\u00bb0.5&#8243; border_color_top=\u00bb#aaaaaa\u00bb border_width_bottom=\u00bb0.5&#8243; border_color_bottom=\u00bb#aaaaaa\u00bb saved_tabs=\u00bball\u00bb global_colors_info=\u00bb\u00bb]<\/p>\n<h4 style=\"text-align: center;\">Venencia muestra su verdadero encanto y hermosura solo a quienes saben esperar hasta el momento en que los turistas de masas se van, y la ciudad se queda medio vac\u00eda para quienes quieren descubrir su esencia profunda y aut\u00e9ntica remando en sus r\u00edos tranquilos y pl\u00e1cidos al atardecer.<\/h4>\n<p>[\/et_pb_text][et_pb_text _builder_version=\u00bb3.27.4&#8243; global_colors_info=\u00bb\u00bb]<\/p>\n<p>Si bien Venecia representa uno de los \u201csitios imperdibles que hay que visitar\u201d para miles de personas, la mayor\u00eda de ellos se limita a disfrutar de la ciudad de manera convencional. Pero solo a los viajeros que se dejen llevar por las experiencias y emociones m\u00e1s genuinas y aut\u00f3ctonas que la ciudad puede ofrecer, Venecia revelar\u00e1 su esplendor y su belleza secreta. Basta con bogar en el <em>Canal Grande<\/em> durante la puesta del sol para vivir una emoci\u00f3n que dejar\u00eda sin aliento a cualquiera.<\/p>\n<p>La <em>Evening Row Canal Grande<\/em> es una experiencia que da la oportunidad de vivir y saborear las emociones que solo los remadores venecianos conocen. Tras el tr\u00e1fico del d\u00eda, la tranquilidad del laberinto intrincado de canales secundarios guarda uno de los encantos secretos m\u00e1s exclusivos de Venecia, con los magn\u00edficos reflejos dorados de sus palacios en el agua pl\u00e1cida. Se trata de la Venecia que ha enamorado a Ruskin, Casanova, Browning y Byron, un lado de la ciudad oculto durante el d\u00eda que se deja descubrir solo a quien la busca.<\/p>\n<p><span style=\"font-size: 17px;\">.<\/span><\/p>\n<p>[\/et_pb_text][et_pb_text admin_label=\u00bbHeader Text\u00bb _builder_version=\u00bb3.27.4&#8243; header_4_text_align=\u00bbcenter\u00bb max_width=\u00bb70%\u00bb module_alignment=\u00bbcenter\u00bb border_radii=\u00bbon|5px|5px|5px|5px\u00bb border_width_all=\u00bb2px\u00bb border_color_all=\u00bbrgba(24,119,149,0.66)\u00bb saved_tabs=\u00bball\u00bb global_colors_info=\u00bb\u00bb]<\/p>\n<h4>La <strong>Evening Row Canal Grande<\/strong> empieza a la puesta del sol (despu\u00e9s del atardecer a finales de septiembre y octubre), y se lleva a cabo en el Canal Grande y sus canales secundarios, con la posibilidad de terminar la clase en Cannaregio.<\/h4>\n<p>[\/et_pb_text][\/et_pb_column][\/et_pb_row][et_pb_row use_custom_gutter=\u00bbon\u00bb gutter_width=\u00bb2&#8243; module_class=\u00bb et_pb_row_fullwidth\u00bb _builder_version=\u00bb3.25&#8243; background_size=\u00bbinitial\u00bb background_position=\u00bbtop_left\u00bb background_repeat=\u00bbrepeat\u00bb width=\u00bb94%\u00bb width_tablet=\u00bb80%\u00bb width_phone=\u00bb\u00bb width_last_edited=\u00bbon|desktop\u00bb max_width=\u00bb94%\u00bb max_width_tablet=\u00bb80%\u00bb max_width_phone=\u00bb\u00bb max_width_last_edited=\u00bbon|desktop\u00bb module_alignment=\u00bbcenter\u00bb custom_css_main_element=\u00bbmin-width: 98%;\u00bb make_fullwidth=\u00bbon\u00bb global_colors_info=\u00bb\u00bb column_structure=\u00bb1_3,1_3,1_3&#8243;][et_pb_column type=\u00bb1_3&#8243; _builder_version=\u00bb3.25&#8243; custom_padding=\u00bb|||\u00bb global_colors_info=\u00bb\u00bb custom_padding__hover=\u00bb|||\u00bb][et_pb_image src=\u00bbhttps:\/\/rowvenice.org\/wp-content\/uploads\/2017\/12\/Evening-Row-in-the-Grand-Canal-4.jpg\u00bb show_in_lightbox=\u00bbon\u00bb align_tablet=\u00bbcenter\u00bb align_phone=\u00bb\u00bb align_last_edited=\u00bbon|desktop\u00bb _builder_version=\u00bb3.23&#8243; global_colors_info=\u00bb\u00bb][\/et_pb_image][\/et_pb_column][et_pb_column type=\u00bb1_3&#8243; _builder_version=\u00bb3.25&#8243; custom_padding=\u00bb|||\u00bb global_colors_info=\u00bb\u00bb custom_padding__hover=\u00bb|||\u00bb][et_pb_image src=\u00bbhttps:\/\/rowvenice.org\/wp-content\/uploads\/2017\/12\/Evening-Row-cropped-1.jpg\u00bb show_in_lightbox=\u00bbon\u00bb align_tablet=\u00bbcenter\u00bb align_phone=\u00bb\u00bb align_last_edited=\u00bbon|desktop\u00bb _builder_version=\u00bb3.23&#8243; global_colors_info=\u00bb\u00bb][\/et_pb_image][\/et_pb_column][et_pb_column type=\u00bb1_3&#8243; _builder_version=\u00bb3.25&#8243; custom_padding=\u00bb|||\u00bb global_colors_info=\u00bb\u00bb custom_padding__hover=\u00bb|||\u00bb][et_pb_image src=\u00bbhttps:\/\/rowvenice.org\/wp-content\/uploads\/2017\/12\/Evening-Row-in-the-Grand-Canal-5.jpg\u00bb show_in_lightbox=\u00bbon\u00bb align_tablet=\u00bbcenter\u00bb align_phone=\u00bb\u00bb align_last_edited=\u00bbon|desktop\u00bb _builder_version=\u00bb3.23&#8243; global_colors_info=\u00bb\u00bb][\/et_pb_image][\/et_pb_column][\/et_pb_row][et_pb_row _builder_version=\u00bb3.25&#8243; background_size=\u00bbinitial\u00bb background_position=\u00bbtop_left\u00bb background_repeat=\u00bbrepeat\u00bb global_colors_info=\u00bb\u00bb][et_pb_column type=\u00bb4_4&#8243; _builder_version=\u00bb3.25&#8243; custom_padding=\u00bb|||\u00bb global_colors_info=\u00bb\u00bb custom_padding__hover=\u00bb|||\u00bb][et_pb_text _builder_version=\u00bb3.27.4&#8243; global_colors_info=\u00bb\u00bb]<\/p>\n<h3>M\u00e1s informaciones sobre la <em>Evening Row Canal Grande<\/em><\/h3>\n<p>[\/et_pb_text][et_pb_blurb title=\u00bbLa Evening Row Canal Grande empieza a las 20h de mayo a octubre, y a las 17.30h de noviembre a marzo. Las clases tienen una duraci\u00f3n de 90 minutos.\u00bb use_icon=\u00bbon\u00bb font_icon=\u00bb&#xe0e1;||divi||400&#8243; icon_color=\u00bb#799975&#8243; image_icon_background_color=\u00bb#ffffff\u00bb icon_placement=\u00bbleft\u00bb image_icon_width=\u00bb18px\u00bb _builder_version=\u00bb4.13.0&#8243; header_font=\u00bb||||||||\u00bb header_text_color=\u00bb#444444&#8243; header_font_size=\u00bb20px\u00bb image_icon_custom_padding=\u00bb8px|8px|8px|8px|false|false\u00bb custom_padding=\u00bb|||\u00bb border_radii_image=\u00bbon|100%|100%|100%|100%\u00bb border_width_all_image=\u00bb2px\u00bb border_color_all_image=\u00bb#799975&#8243; icon_font_size=\u00bb18px\u00bb use_circle=\u00bbon\u00bb use_circle_border=\u00bbon\u00bb circle_border_color=\u00bb#799975&#8243; circle_color=\u00bb#ffffff\u00bb global_colors_info=\u00bb\u00bb image_icon_background_color__sticky_enabled=\u00bb#ffff99&#8243; image_icon_background_color__sticky=\u00bb#ffff99&#8243;][\/et_pb_blurb][et_pb_blurb title=\u00bbEl precio es de 180\u20ac para una batelina (para un m\u00e1ximo de 4 participantes). Para los grupos de 5 personas, se recomienda reservar el barco m\u00e1s grande por 320\u20ac.\u00bb use_icon=\u00bbon\u00bb font_icon=\u00bb&#xe0dd;||divi||400&#8243; icon_color=\u00bb#799975&#8243; image_icon_background_color=\u00bb#ffffff\u00bb icon_placement=\u00bbleft\u00bb image_icon_width=\u00bb18px\u00bb _builder_version=\u00bb4.13.0&#8243; header_font=\u00bb||||||||\u00bb header_text_color=\u00bb#444444&#8243; header_font_size=\u00bb20px\u00bb image_icon_custom_padding=\u00bb8px|8px|8px|8px|false|false\u00bb custom_padding=\u00bb|||\u00bb border_radii_image=\u00bbon|100%|100%|100%|100%\u00bb border_width_all_image=\u00bb2px\u00bb border_color_all_image=\u00bb#799975&#8243; icon_font_size=\u00bb18px\u00bb use_circle=\u00bbon\u00bb use_circle_border=\u00bbon\u00bb circle_border_color=\u00bb#799975&#8243; circle_color=\u00bb#ffffff\u00bb global_colors_info=\u00bb\u00bb image_icon_background_color__sticky_enabled=\u00bb#ffff99&#8243; image_icon_background_color__sticky=\u00bb#ffff99&#8243;][\/et_pb_blurb][et_pb_blurb title=\u00bbEn el caso de una bajada en un restaurante en Cannaregio, si reduce la duraci\u00f3n de la clase.\u00bb use_icon=\u00bbon\u00bb font_icon=\u00bb&#xe082;||divi||400&#8243; icon_color=\u00bb#799975&#8243; image_icon_background_color=\u00bb#ffffff\u00bb icon_placement=\u00bbleft\u00bb image_icon_width=\u00bb18px\u00bb _builder_version=\u00bb4.13.0&#8243; header_font=\u00bb||||||||\u00bb header_text_color=\u00bb#444444&#8243; header_font_size=\u00bb20px\u00bb image_icon_custom_padding=\u00bb8px|8px|8px|8px|false|false\u00bb custom_padding=\u00bb|||\u00bb border_radii_image=\u00bbon|100%|100%|100%|100%\u00bb border_width_all_image=\u00bb2px\u00bb border_color_all_image=\u00bb#799975&#8243; icon_font_size=\u00bb18px\u00bb use_circle=\u00bbon\u00bb use_circle_border=\u00bbon\u00bb circle_border_color=\u00bb#799975&#8243; circle_color=\u00bb#ffffff\u00bb global_colors_info=\u00bb\u00bb image_icon_background_color__sticky_enabled=\u00bb#ffff99&#8243; image_icon_background_color__sticky=\u00bb#ffff99&#8243;][\/et_pb_blurb][et_pb_text admin_label=\u00bbHeader Text\u00bb _builder_version=\u00bb3.27.4&#8243; text_font=\u00bb||||||||\u00bb header_font=\u00bb||||||||\u00bb header_4_font=\u00bb||||||||\u00bb header_4_text_align=\u00bbcenter\u00bb max_width=\u00bb70%\u00bb module_alignment=\u00bbcenter\u00bb custom_padding=\u00bb|||\u00bb custom_padding_tablet=\u00bb\u00bb custom_padding_phone=\u00bb\u00bb custom_padding_last_edited=\u00bbon|phone\u00bb border_radii=\u00bbon|5px|5px|5px|5px\u00bb border_width_all=\u00bb2px\u00bb border_color_all=\u00bbrgba(24,119,149,0.62)\u00bb saved_tabs=\u00bball\u00bb global_colors_info=\u00bb\u00bb]<\/p>\n<h4><a title=\"Have more questions?\" href=\"..\/..\/faq\/\">\u00bfM\u00e1s preguntas? Lee las FAQs.<\/a><\/h4>\n<p>[\/et_pb_text][\/et_pb_column][\/et_pb_row][et_pb_row _builder_version=\u00bb3.25&#8243; background_size=\u00bbinitial\u00bb background_position=\u00bbtop_left\u00bb background_repeat=\u00bbrepeat\u00bb global_colors_info=\u00bb\u00bb][et_pb_column type=\u00bb4_4&#8243; _builder_version=\u00bb3.25&#8243; custom_padding=\u00bb|||\u00bb global_colors_info=\u00bb\u00bb custom_padding__hover=\u00bb|||\u00bb][et_pb_cta button_url=\u00bbhttps:\/\/rowvenice.org\/es\/book-your-lesson\/\u00bb button_text=\u00bb\u00a1Reservar ahora!\u00bb disabled_on=\u00bboff||\u00bb admin_label=\u00bbBook Your Lesson\u00bb _builder_version=\u00bb3.24.1&#8243; header_level=\u00bbh4&#8243; header_font_size=\u00bb16px\u00bb use_background_color=\u00bboff\u00bb custom_button=\u00bbon\u00bb button_bg_color=\u00bb#75124f\u00bb button_border_width=\u00bb2px\u00bb button_font=\u00bb|700|||||||\u00bb button_use_icon=\u00bboff\u00bb button_alignment=\u00bbcenter\u00bb custom_margin=\u00bb-30px||20px|\u00bb custom_margin_last_edited=\u00bboff|desktop\u00bb box_shadow_style_button=\u00bbpreset1&#8243; button_text_color_hover=\u00bb#57124f\u00bb button_border_color_hover=\u00bb#75124f\u00bb global_module=\u00bb4522&#8243; saved_tabs=\u00bball\u00bb global_colors_info=\u00bb\u00bb button_text_size__hover_enabled=\u00bboff\u00bb button_text_size__hover=\u00bbnull\u00bb button_one_text_size__hover_enabled=\u00bboff\u00bb button_one_text_size__hover=\u00bbnull\u00bb button_two_text_size__hover_enabled=\u00bboff\u00bb button_two_text_size__hover=\u00bbnull\u00bb button_text_color__hover_enabled=\u00bbon\u00bb button_text_color__hover=\u00bb#57124f\u00bb button_one_text_color__hover_enabled=\u00bboff\u00bb button_one_text_color__hover=\u00bbnull\u00bb button_two_text_color__hover_enabled=\u00bboff\u00bb button_two_text_color__hover=\u00bbnull\u00bb button_border_width__hover_enabled=\u00bboff\u00bb button_border_width__hover=\u00bbnull\u00bb button_one_border_width__hover_enabled=\u00bboff\u00bb button_one_border_width__hover=\u00bbnull\u00bb button_two_border_width__hover_enabled=\u00bboff\u00bb button_two_border_width__hover=\u00bbnull\u00bb button_border_color__hover_enabled=\u00bbon\u00bb button_border_color__hover=\u00bb#75124f\u00bb button_one_border_color__hover_enabled=\u00bboff\u00bb button_one_border_color__hover=\u00bbnull\u00bb button_two_border_color__hover_enabled=\u00bboff\u00bb button_two_border_color__hover=\u00bbnull\u00bb button_border_radius__hover_enabled=\u00bboff\u00bb button_border_radius__hover=\u00bbnull\u00bb button_one_border_radius__hover_enabled=\u00bboff\u00bb button_one_border_radius__hover=\u00bbnull\u00bb button_two_border_radius__hover_enabled=\u00bboff\u00bb button_two_border_radius__hover=\u00bbnull\u00bb button_letter_spacing__hover_enabled=\u00bboff\u00bb button_letter_spacing__hover=\u00bbnull\u00bb button_one_letter_spacing__hover_enabled=\u00bboff\u00bb button_one_letter_spacing__hover=\u00bbnull\u00bb button_two_letter_spacing__hover_enabled=\u00bboff\u00bb button_two_letter_spacing__hover=\u00bbnull\u00bb button_bg_color__hover_enabled=\u00bboff\u00bb button_bg_color__hover=\u00bbnull\u00bb button_one_bg_color__hover_enabled=\u00bboff\u00bb button_one_bg_color__hover=\u00bbnull\u00bb button_two_bg_color__hover_enabled=\u00bboff\u00bb][\/et_pb_cta][\/et_pb_column][\/et_pb_row][\/et_pb_section]<\/p>\n","protected":false},"excerpt":{"rendered":"<p>Venencia muestra su verdadero encanto y hermosura solo a quienes saben esperar hasta el momento en que los turistas de masas se van, y la ciudad se queda medio vac\u00eda para quienes quieren descubrir su esencia profunda y aut\u00e9ntica remando en sus r\u00edos tranquilos y pl\u00e1cidos al atardecer.Si bien Venecia representa uno de los \u201csitios [&hellip;]<\/p>\n","protected":false},"author":1,"featured_media":211305,"parent":0,"menu_order":0,"comment_status":"closed","ping_status":"closed","template":"","meta":{"_et_pb_use_builder":"on","_et_pb_old_content":"<h4>Only when the masses of day-trippers have abandoned the city does Venice reveal her true charms. And only to the few who choose to experience it rowing\u00a0her <em>canali silenziosi<\/em>, does she express her gratitude.<\/h4>\r\n<a href=\"https:\/\/rowvenice.org\/wp-content\/uploads\/RV-Vogata-di-Sera-1.jpg\"><img class=\"alignnone size-large wp-image-3831\" src=\"https:\/\/rowvenice.org\/wp-content\/uploads\/RV-Vogata-di-Sera-1-1024x682.jpg\" alt=\"RV Vogata di Sera - 1\" width=\"660\" height=\"440\" \/><\/a>\r\n\r\nMost the millions who travel to Venice each year are in the most fretful hurry, anxious to check off one of their European \"must-sees.\" Only for those who slow down just a bit will Venice reveal her endless secrets, including the spectacle of rowing the Grand Canal as the sun sets.<em>Vogata di Sera<\/em> evening row Canal Grande allows you to experience what only a local <em>vogatore<\/em> knows. The intricate silence of the maze of side canals that, no longer agitated by the day's traffic, mirror before you the gleaming palace lights and more humble garrets above them. This is the Venice that ensnared Ruskin, Casanova, Browning and Byron, the Venice obliterated by daylight activity and available only to those who seek it out.\r\n\r\n<a href=\"https:\/\/rowvenice.org\/wp-content\/uploads\/Kids-Row-Venice_Grand-Canal.png\" rel=\"attachment wp-att-3741\"><img class=\"alignright wp-image-3741\" src=\"https:\/\/rowvenice.org\/wp-content\/uploads\/Kids-Row-Venice_Grand-Canal-696x1024.png\" alt=\"Kids Row Venice_Grand Canal\" width=\"259\" height=\"376\" \/><\/a>The\u00a0<strong>Vogata di Sera Evening Row<\/strong>\u00a0starts\u00a0at\u00a0sunset (after sunset in late September and October). The lesson takes place in\u00a0the Grand Canal with passages down smaller side canals. And, if you're dining in the Cannaregio area, we may be able to arrange to drop off after your row. <em>Nota bene:<\/em>\r\n<ul>\r\n \t<li><span style=\"font-weight: 600;\">Vogata di Sera\u00a0Evening Row Canal Grande\u00a0<\/span>takes place from 8pm on from May through October, and at 17.30\u00a0from November through March.<\/li>\r\n \t<li>The outing cost is \u20ac180 for 90 minutes for each <em>batelina<\/em> (for 1-4\u00a0participants).<\/li>\r\n \t<li>Note that a restaurant drop off may\u00a0shorten lesson time<\/li>\r\n \t<li>For complete information, availability and booking<\/li>\r\n<\/ul>\r\n<h4 style=\"text-align: center;\"><a title=\"Book Your Lesson\" href=\"https:\/\/rowvenice.org\/book-your-lesson\/\">~ Book Now ~<\/a><\/h4>\r\n<a href=\"https:\/\/rowvenice.org\/wp-content\/uploads\/RV-VdS-evening-row.png\"><img class=\"aligncenter size-large wp-image-3841\" src=\"https:\/\/rowvenice.org\/wp-content\/uploads\/RV-VdS-evening-row-1024x576.png\" alt=\"RV Vogata di Sera Evening Row Grand Canal\" width=\"660\" height=\"371\" \/><\/a>","_et_gb_content_width":"","footnotes":""},"class_list":["post-1737","page","type-page","status-publish","has-post-thumbnail","hentry"],"_links":{"self":[{"href":"https:\/\/rowvenice.org\/es\/wp-json\/wp\/v2\/pages\/1737","targetHints":{"allow":["GET"]}}],"collection":[{"href":"https:\/\/rowvenice.org\/es\/wp-json\/wp\/v2\/pages"}],"about":[{"href":"https:\/\/rowvenice.org\/es\/wp-json\/wp\/v2\/types\/page"}],"author":[{"embeddable":true,"href":"https:\/\/rowvenice.org\/es\/wp-json\/wp\/v2\/users\/1"}],"replies":[{"embeddable":true,"href":"https:\/\/rowvenice.org\/es\/wp-json\/wp\/v2\/comments?post=1737"}],"version-history":[{"count":8,"href":"https:\/\/rowvenice.org\/es\/wp-json\/wp\/v2\/pages\/1737\/revisions"}],"predecessor-version":[{"id":212011,"href":"https:\/\/rowvenice.org\/es\/wp-json\/wp\/v2\/pages\/1737\/revisions\/212011"}],"wp:featuredmedia":[{"embeddable":true,"href":"https:\/\/rowvenice.org\/es\/wp-json\/wp\/v2\/media\/211305"}],"wp:attachment":[{"href":"https:\/\/rowvenice.org\/es\/wp-json\/wp\/v2\/media?parent=1737"}],"curies":[{"name":"wp","href":"https:\/\/api.w.org\/{rel}","templated":true}]}}