{"id":1115,"date":"2013-01-18T14:20:44","date_gmt":"2013-01-18T13:20:44","guid":{"rendered":"http:\/\/rowvenice.net\/?page_id=1115"},"modified":"2018-01-15T18:50:53","modified_gmt":"2018-01-15T17:50:53","slug":"terms-and-conditions","status":"publish","type":"page","link":"https:\/\/rowvenice.org\/es\/terms-and-conditions\/","title":{"rendered":"T\u00e8rminos &#038; Condiciones"},"content":{"rendered":"<p>[et_pb_section fb_built=\u00bb1&#8243; _builder_version=\u00bb3.0.47&#8243;][et_pb_row _builder_version=\u00bb3.0.95&#8243; background_size=\u00bbinitial\u00bb background_position=\u00bbtop_left\u00bb background_repeat=\u00bbrepeat\u00bb use_custom_width=\u00bbon\u00bb width_unit=\u00bboff\u00bb][et_pb_column type=\u00bb4_4&#8243; _builder_version=\u00bb3.0.47&#8243; parallax=\u00bboff\u00bb parallax_method=\u00bbon\u00bb][et_pb_post_title meta=\u00bboff\u00bb featured_image=\u00bboff\u00bb _builder_version=\u00bb3.0.95&#8243;][\/et_pb_post_title][et_pb_text _builder_version=\u00bb3.0.95&#8243;]<\/p>\n<h3>Pol\u00edticas de reservas y cancelaciones<\/h3>\n<h4>CONFIRMACI\u00d3N &amp; PAGO<\/h4>\n<ul>\n<li>Para reservas de menos de 8 personas con las que se pueden reservar a ti mismo en l\u00ednea y paga en el momento de la reserva. Tenga en cuenta que a pesar de que utiliza PayPal para procesar los pagos utilizando la tarjeta de cr\u00e9dito de su elecci\u00f3n, usted no est\u00e1 obligado a crear una cuenta de Paypal.<\/li>\n<li>Para grupos m\u00e1s grandes o personalizadas de m\u00e1s de 8 personas, el costo es de 40 \u20ac por persona. Por favor, primero\u00a0<a href=\"http:\/\/tiny.cc\/rv_signup\">crea una cuenta<\/a>; vamos a crear su reserva para el n\u00famero acordado de personas y se puede entonces pagar a trav\u00e9s de la p\u00e1gina web.<\/li>\n<\/ul>\n<h4>CANCELACI\u00d3N o no se presenta<\/h4>\n<ul>\n<li>Es posible cancelar la lecci\u00f3n\u00a0<strong>hasta dos d\u00edas<\/strong>\u00a0(48 horas) antes de la hora de reserva para un reembolso menos una cuota de administraci\u00f3n \u20ac 25.<\/li>\n<li>Si cancela su lecci\u00f3n\u00a0<strong>dentro 48 horas<\/strong>\u00a0de la fecha de inicio de la lecci\u00f3n, o no se presenten para su lecci\u00f3n, no hay reembolso.<\/li>\n<li>Si tenemos que\u00a0<strong>cancelar la lecci\u00f3n debido al clima<\/strong>, vamos a tratar de volver a programar durante su estancia. Si no somos capaces de coordinar una hora diferente, le devolveremos todo su pago menos una cuota de administraci\u00f3n \u20ac 5.<\/li>\n<li>Usted puede reprogramar su lecci\u00f3n dentro de 48 horas de tiempo de clase sin cargo; dentro 48 horas y hasta la hora de inicio lecci\u00f3n debe ponerse en contacto con nosotros para reprogramar. Usted puede solicitar que reprogramar\u00a0<strong>dentro 4 horas<\/strong>\u00a0de la lecci\u00f3n hora de inicio de 60 \u20ac.<\/li>\n<li>Su instructor esperar\u00e1 en su lugar de reuni\u00f3n designado para\u00a0<strong>30 minutos.<\/strong>\u00a0Si usted no se presenta o si no tenemos noticias de usted dentro de ese tiempo, Se considerar\u00e1 que su lecci\u00f3n cancelada y no es elegible para el reembolso.\u00a0<em><strong>Si usted va a llegar tarde,<\/strong>\u00a0contacte con nosotros en info@rowvenice.org, o texto, iMessage o Whatsapp a los n\u00fameros en la parte inferior de nuestra p\u00e1gina Web.<\/em><\/li>\n<li>Tenga en cuenta que si usted llega tarde a la lecci\u00f3n, puede ser interrumpida cuando lecciones llevadas a la espalda y es probable que haya otra despu\u00e9s de la suya.<\/li>\n<\/ul>\n<p>[\/et_pb_text][\/et_pb_column][\/et_pb_row][\/et_pb_section]<\/p>\n","protected":false},"excerpt":{"rendered":"<p>Pol\u00edticas de reservas y cancelaciones CONFIRMACI\u00d3N &amp; PAGO Para reservas de menos de 8 personas con las que se pueden reservar a ti mismo en l\u00ednea y paga en el momento de la reserva. Tenga en cuenta que a pesar de que utiliza PayPal para procesar los pagos utilizando la tarjeta de cr\u00e9dito de su [&hellip;]<\/p>\n","protected":false},"author":1,"featured_media":0,"parent":0,"menu_order":0,"comment_status":"closed","ping_status":"closed","template":"","meta":{"_et_pb_use_builder":"on","_et_pb_old_content":"","_et_gb_content_width":"","footnotes":""},"class_list":["post-1115","page","type-page","status-publish","hentry"],"_links":{"self":[{"href":"https:\/\/rowvenice.org\/es\/wp-json\/wp\/v2\/pages\/1115","targetHints":{"allow":["GET"]}}],"collection":[{"href":"https:\/\/rowvenice.org\/es\/wp-json\/wp\/v2\/pages"}],"about":[{"href":"https:\/\/rowvenice.org\/es\/wp-json\/wp\/v2\/types\/page"}],"author":[{"embeddable":true,"href":"https:\/\/rowvenice.org\/es\/wp-json\/wp\/v2\/users\/1"}],"replies":[{"embeddable":true,"href":"https:\/\/rowvenice.org\/es\/wp-json\/wp\/v2\/comments?post=1115"}],"version-history":[{"count":4,"href":"https:\/\/rowvenice.org\/es\/wp-json\/wp\/v2\/pages\/1115\/revisions"}],"predecessor-version":[{"id":211328,"href":"https:\/\/rowvenice.org\/es\/wp-json\/wp\/v2\/pages\/1115\/revisions\/211328"}],"wp:attachment":[{"href":"https:\/\/rowvenice.org\/es\/wp-json\/wp\/v2\/media?parent=1115"}],"curies":[{"name":"wp","href":"https:\/\/api.w.org\/{rel}","templated":true}]}}